{"id":13222,"date":"2022-02-02T18:31:04","date_gmt":"2022-02-02T18:31:04","guid":{"rendered":"https:\/\/face.unt.edu.ar\/web\/?page_id=13222"},"modified":"2025-11-13T15:44:00","modified_gmt":"2025-11-13T15:44:00","slug":"instituto-de-tributacion","status":"publish","type":"page","link":"https:\/\/face.unt.edu.ar\/web\/institutos\/instituto-de-tributacion\/","title":{"rendered":"Instituto de Tributaci\u00f3n"},"content":{"rendered":"<h2>Autoridades<\/h2>\n<h3 style=\"text-align: left\">Director<\/h3>\n<p style=\"text-align: left\"><strong>Esp. Gustavo Alejandro Benito<\/strong><\/p>\n<h3 style=\"text-align: left\">Consejo Consultivo<\/h3>\n<p style=\"text-align: left\">Profesores Titulares, Asociados y Adjuntos<br \/>\n<strong>Esp. Luis Augusto Forns<br \/>\nEsp. Ra\u00fal Alfredo Navarro<br \/>\n<\/strong><strong>Esp. Germ\u00e1n Enrique Romano<\/strong><\/p>\n<p style=\"text-align: left\" align=\"center\">Jefes de Trabajos Pr\u00e1cticos<br \/>\n<strong>\u00a0Esp. Mariana P\u00e9rez<br \/>\nEsp. Edmundo Oscar Saieg<\/strong><\/p>\n<h3 style=\"text-align: left\">Suplentes<\/h3>\n<p style=\"text-align: left\">Profesores Titulares, Asociados y Adjuntos<br \/>\n<strong>Esp. Luis Alberto Comba<\/strong><br \/>\n<strong>Esp. Jos\u00e9 Emilio S\u00e1nchez<\/strong><\/p>\n<p style=\"text-align: left\">Jefes de Trabajos Pr\u00e1cticos<br \/>\n<strong>Esp. Mariano Dagum<\/strong><br \/>\n<strong>Esp. Silvia Viviana Mes\u00f3n<\/strong><\/p>\n<h2><\/h2>\n<h2>C\u00e1tedras<\/h2>\n<ul>\n<li>Impuestos Directos<\/li>\n<li>Impuestos al Consumo<\/li>\n<li>Taller<\/li>\n<li>Impuesto, Derecho Constitucional y Tributaci\u00f3n<\/li>\n<\/ul>\n","protected":false},"excerpt":{"rendered":"<p>Autoridades Director Esp. Gustavo Alejandro Benito Consejo Consultivo Profesores Titulares, Asociados y Adjuntos Esp. Luis Augusto Forns Esp. Ra\u00fal Alfredo Navarro Esp. Germ\u00e1n Enrique Romano Jefes de Trabajos Pr\u00e1cticos \u00a0Esp. Mariana P\u00e9rez Esp. Edmundo Oscar Saieg Suplentes Profesores Titulares, Asociados y Adjuntos Esp. Luis Alberto Comba Esp. Jos\u00e9 Emilio S\u00e1nchez Jefes de Trabajos Pr\u00e1cticos Esp. [&hellip;]<\/p>\n","protected":false},"author":1,"featured_media":0,"parent":425,"menu_order":0,"comment_status":"closed","ping_status":"closed","template":"","meta":{"_et_pb_use_builder":"","_et_pb_old_content":"","_et_gb_content_width":"","footnotes":""},"_links":{"self":[{"href":"https:\/\/face.unt.edu.ar\/web\/wp-json\/wp\/v2\/pages\/13222"}],"collection":[{"href":"https:\/\/face.unt.edu.ar\/web\/wp-json\/wp\/v2\/pages"}],"about":[{"href":"https:\/\/face.unt.edu.ar\/web\/wp-json\/wp\/v2\/types\/page"}],"author":[{"embeddable":true,"href":"https:\/\/face.unt.edu.ar\/web\/wp-json\/wp\/v2\/users\/1"}],"replies":[{"embeddable":true,"href":"https:\/\/face.unt.edu.ar\/web\/wp-json\/wp\/v2\/comments?post=13222"}],"version-history":[{"count":9,"href":"https:\/\/face.unt.edu.ar\/web\/wp-json\/wp\/v2\/pages\/13222\/revisions"}],"predecessor-version":[{"id":22499,"href":"https:\/\/face.unt.edu.ar\/web\/wp-json\/wp\/v2\/pages\/13222\/revisions\/22499"}],"up":[{"embeddable":true,"href":"https:\/\/face.unt.edu.ar\/web\/wp-json\/wp\/v2\/pages\/425"}],"wp:attachment":[{"href":"https:\/\/face.unt.edu.ar\/web\/wp-json\/wp\/v2\/media?parent=13222"}],"curies":[{"name":"wp","href":"https:\/\/api.w.org\/{rel}","templated":true}]}}