{"id":133,"date":"2014-08-12T21:54:55","date_gmt":"2014-08-12T21:54:55","guid":{"rendered":"http:\/\/face.unt.edu.ar\/web\/?page_id=133"},"modified":"2026-02-25T19:32:34","modified_gmt":"2026-02-25T19:32:34","slug":"ingresantes","status":"publish","type":"page","link":"https:\/\/face.unt.edu.ar\/web\/ingresantes\/","title":{"rendered":"Ingresantes 2026"},"content":{"rendered":"<p>Bienvenidos a la Facultad de Ciencias Econ\u00f3micas. Esperamos brindarte en esta p\u00e1gina la informaci\u00f3n \u00fatil que requiere el aspirante a ingresar a cualquiera de las carreras de esta Instituci\u00f3n.<\/p>\n<h2><span style=\"font-family: verdana, sans-serif\"><b>Instancia marzo de 2026 &#8211; <strong>Prueba de Suficiencia<\/strong><\/b><\/span><\/h2>\n<div><strong>Inscripci\u00f3n<\/strong>:\u00a0<strong>desde el 25 de febrero hasta el 04 de marzo de 2026 <\/strong>inclusive (\u00fanicamente por medios digitales).<\/div>\n<div><strong>Realizaci\u00f3n de la Prueba de Suficiencia: 06 de Marzo de 2026<\/strong><\/div>\n<div>Horario y espacio f\u00edsico a confirmar.<\/div>\n<div>Av. Independencia 1.900 &#8211; San Miguel de Tucum\u00e1n.<\/div>\n<div>Link de Inscripci\u00f3n:\u00a0<span style=\"color: #ff0000\"><strong><a style=\"color: #ff0000\" href=\"https:\/\/asociacioncooperadoraface.mitiendanube.com\/productos\/prueba-de-suficiencia3\/\" target=\"_blank\" rel=\"noopener\" data-saferedirecturl=\"https:\/\/www.google.com\/url?q=https:\/\/asociacioncooperadoraface.mitiendanube.com\/productos\/prueba-de-suficiencia3\/&amp;source=gmail&amp;ust=1772134079542000&amp;usg=AOvVaw27vLs98CdWwNLpWgVLVwNY\">https:\/\/asociacioncooperadoraface.mitiendanube.com\/productos\/prueba-de-suficiencia3\/<\/a><\/strong><\/span><\/div>\n<p>&nbsp;<\/p>\n<p><b>Extensi\u00f3n \u00c1ulica de Aguilares<\/b><span style=\"font-family: verdana, sans-serif\">\u00a0<\/span><\/p>\n<div class=\"gmail_default\"><span style=\"color: #ff0000\"><a style=\"color: #ff0000\" href=\"https:\/\/drive.google.com\/file\/d\/1JSDAekWycmhigiQ6VG5Jo76_8s7IItf7\/view?usp=sharing\" target=\"_blank\" rel=\"noopener\"><strong>Cronograma del Curso de Nivelaci\u00f3n 2026 Aguilares &#8211; Ver haciendo clic aqu\u00ed<\/strong><\/a><\/span><\/div>\n<p>&nbsp;<\/p>\n<p><strong>Una vez finalizada la Nivelaci\u00f3n, debes completar la Ficha de Preinscripci\u00f3n de Ingresantes en el SIU ingresando en el siguiente bot\u00f3n:\u00a0<\/strong><\/p>\n<p><a href=\"https:\/\/guarani.unt.edu.ar\/preinscripciones\/face\/?__o=\" target=\"_blank\" rel=\"noopener\"><img decoding=\"async\" loading=\"lazy\" class=\"aligncenter size-full wp-image-22318\" src=\"https:\/\/face.unt.edu.ar\/web\/wp-content\/uploads\/2025\/11\/boton-preinscripcion-ingresantes.jpg\" alt=\"\" width=\"330\" height=\"114\" \/><\/a><\/p>\n<h2><\/h2>\n<hr \/>\n<h2><\/h2>\n<h2 style=\"text-align: left\"><strong>Curso de Nivelaci\u00f3n<\/strong><\/h2>\n<h4>OBJETIVO GENERAL<\/h4>\n<p>El Curso de Nivelaci\u00f3n pretende que los aspirantes refuercen o adquieran conocimientos necesarios para facilitar el cursado del primer a\u00f1o de las carreras de grado de la FACE, desarrollen habilidades y criterios para estudiar, adquieran informaci\u00f3n necesaria para incorporarse a la vida universitaria, seleccionen los procedimientos que mejor se adecuen a las situaciones planteadas y que se conduzcan con seguridad.<\/p>\n<h4>INSTANCIAS<\/h4>\n<p>El dictado anual del \u201cCurso de Nivelaci\u00f3n FACE\u201d se estructura en tres instancias, pudiendo el aspirante realizar cualquiera de ellas.<\/p>\n<ol>\n<li>Instancia junio: junio del a\u00f1o que aspira a ingresar a la Facultad para cursar el segundo cuatrimestre del mismo.<\/li>\n<li>Instancia septiembre a noviembre: segundo cuatrimestre anterior al a\u00f1o de ingreso a la Facultad.<\/li>\n<li>Instancia febrero: febrero del a\u00f1o de ingreso a la Facultad.<\/li>\n<\/ol>\n<h4>CONTENIDOS MODULARES<\/h4>\n<p><strong>MODULO DE NIVELACI\u00d3N EN MATEM\u00c1TICA<\/strong><\/p>\n<p>UNIDAD 1:\u00a0Elementos de teor\u00eda de conjuntos. Conjunto de n\u00fameros reales y sus subconjuntos.<\/p>\n<p>UNIDAD 2:\u00a0Operaciones con n\u00fameros reales. Suma, resta, multiplicaci\u00f3n, divisi\u00f3n, potencia y radicaci\u00f3n (Definici\u00f3n y propiedades). Problemas de aplicaci\u00f3n.<\/p>\n<p>UNIDAD 3:\u00a0Expresiones algebraicas. Polinomios. Suma, resta, multiplicaci\u00f3n y divisi\u00f3n de polinomios. Cuadrado y cubo de un binomio. Problemas de aplicaci\u00f3n. Razones y porcentajes.<\/p>\n<p>UNIDAD 4:\u00a0Factoreo de expresiones algebraicas. Operaciones. Racionalizaci\u00f3n. Problemas de aplicaci\u00f3n.<\/p>\n<p>UNIDAD 5:\u00a0Funci\u00f3n lineal. Definici\u00f3n. Grafica. Ecuaciones lineales. Definici\u00f3n. M\u00e9todos de resoluci\u00f3n. Problemas de aplicaci\u00f3n.<\/p>\n<p><strong>MODULO DE NIVELACI\u00d3N EN INTRODUCCI\u00d3N A LAS CIENCIAS ECON\u00d3MICAS<\/strong><\/p>\n<p><strong>UNIDADES DE CONTENIDOS CONTABLES<\/strong><\/p>\n<p>UNIDAD 1:\u00a0El Sujeto: Persona individual: el hombre econ\u00f3mico. Persona Jur\u00eddica: las organizaciones. Caracter\u00edsticas y tipo de organizaciones.<\/p>\n<p>UNIDAD 2:\u00a0Actividad Econ\u00f3mica. Operaciones. Comprobantes b\u00e1sicos.<\/p>\n<p>UNIDAD 3:\u00a0La Informaci\u00f3n Contable: Definici\u00f3n caracter\u00edsticas. Importancia. Vocabulario contable. Actos o hechos econ\u00f3micos.<\/p>\n<p>UNIDAD 4:\u00a0Bienes Econ\u00f3micos: Igualdad Recursos-Fuentes: Nociones generales y ejemplos. Definici\u00f3n de recursos, caracter\u00edsticas, clasificaci\u00f3n y ejemplos.<\/p>\n<p>UNIDAD 5:\u00a0Financiaci\u00f3n de Bienes Econ\u00f3micos: Igualdad Recursos- Fuentes: Definici\u00f3n de Fuentes, caracter\u00edsticas, clasificaci\u00f3n y ejemplos.<\/p>\n<p>UNIDAD 6:\u00a0Bancos. Operaciones b\u00e1sicas. Ejemplos.<\/p>\n<p>UNIDAD 7:\u00a0Igualdad Contable. Relaci\u00f3n con la igualdad Recursos- Fuentes. Definici\u00f3n del Activo, caracter\u00edsticas. Definici\u00f3n del Pasivo, caracter\u00edsticas. Definici\u00f3n del Patrimonio Neto. Caracter\u00edsticas. Ejercicios y ejemplos.<\/p>\n<p><strong>UNIDADES DE CONTENIDOS DE ADMINISTRACI\u00d3N<\/strong><\/p>\n<p>UNIDAD 1:\u00a0Conceptos y terminolog\u00eda b\u00e1sica de la disciplina administraci\u00f3n: administraci\u00f3n organizaci\u00f3n, sistema.<\/p>\n<p>UNIDAD 2:\u00a0Enfoques de la administraci\u00f3n. Empresas, tipos, vocabulario t\u00e9cnico.<\/p>\n<p><strong>UNIDADES DE CONTENIDOS DE ECONOM\u00cdA<\/strong><\/p>\n<p>UNIDAD 1: Conceptos y terminolog\u00eda b\u00e1sica de la disciplina econom\u00eda: la econom\u00eda y el problema econ\u00f3mico, modelos econ\u00f3micos, enfoques de la econom\u00eda.<\/p>\n<p>UNIDAD 2:\u00a0Oferta y Demanda \u2013 Sistema de Precios \u2013 Indicadores Macroecon\u00f3micos (PBI, Inflaci\u00f3n, tipo de cambio, etc.).<\/p>\n<p><strong>MODULO DE M\u00c9TODOS Y T\u00c9CNICAS DE COMPRENSI\u00d3N Y ESTUDIO<\/strong><\/p>\n<p>En el m\u00f3dulo de \u201cM\u00e9todos y T\u00e9cnicas de Comprensi\u00f3n y Estudio\u201d se podr\u00e1n desarrollar diferentes actividades como ser jornadas de orientaci\u00f3n vocacional sobre las carreras de la facultad, de conocimiento de la Facultad de Ciencias Econ\u00f3micas y la UNT, talleres de comprensi\u00f3n de texto y t\u00e9cnicas de estudio entre otras actividades con el objetivo de brindar a los asistentes al curso herramientas que le ser\u00e1n de gran utilidad en su vida universitaria.<\/p>\n","protected":false},"excerpt":{"rendered":"<p>Bienvenidos a la Facultad de Ciencias Econ\u00f3micas. Esperamos brindarte en esta p\u00e1gina la informaci\u00f3n \u00fatil que requiere el aspirante a ingresar a cualquiera de las carreras de esta Instituci\u00f3n. Instancia marzo de 2026 &#8211; Prueba de Suficiencia Inscripci\u00f3n:\u00a0desde el 25 de febrero hasta el 04 de marzo de 2026 inclusive (\u00fanicamente por medios digitales). Realizaci\u00f3n [&hellip;]<\/p>\n","protected":false},"author":1,"featured_media":0,"parent":0,"menu_order":0,"comment_status":"open","ping_status":"open","template":"","meta":{"_et_pb_use_builder":"","_et_pb_old_content":"","_et_gb_content_width":"","footnotes":""},"_links":{"self":[{"href":"https:\/\/face.unt.edu.ar\/web\/wp-json\/wp\/v2\/pages\/133"}],"collection":[{"href":"https:\/\/face.unt.edu.ar\/web\/wp-json\/wp\/v2\/pages"}],"about":[{"href":"https:\/\/face.unt.edu.ar\/web\/wp-json\/wp\/v2\/types\/page"}],"author":[{"embeddable":true,"href":"https:\/\/face.unt.edu.ar\/web\/wp-json\/wp\/v2\/users\/1"}],"replies":[{"embeddable":true,"href":"https:\/\/face.unt.edu.ar\/web\/wp-json\/wp\/v2\/comments?post=133"}],"version-history":[{"count":221,"href":"https:\/\/face.unt.edu.ar\/web\/wp-json\/wp\/v2\/pages\/133\/revisions"}],"predecessor-version":[{"id":22870,"href":"https:\/\/face.unt.edu.ar\/web\/wp-json\/wp\/v2\/pages\/133\/revisions\/22870"}],"wp:attachment":[{"href":"https:\/\/face.unt.edu.ar\/web\/wp-json\/wp\/v2\/media?parent=133"}],"curies":[{"name":"wp","href":"https:\/\/api.w.org\/{rel}","templated":true}]}}