{"id":1378,"date":"2015-03-02T17:10:51","date_gmt":"2015-03-02T17:10:51","guid":{"rendered":"http:\/\/face.unt.edu.ar\/web\/?page_id=1378"},"modified":"2026-02-20T13:52:59","modified_gmt":"2026-02-20T13:52:59","slug":"nuestros-abanderados","status":"publish","type":"page","link":"https:\/\/face.unt.edu.ar\/web\/institucional\/nuestros-abanderados\/","title":{"rendered":"Nuestros Abanderados"},"content":{"rendered":"<p>Desde la Facultad de Ciencias Econ\u00f3micas de la UNT damos a conocer a nuestra nueva abanderada y escoltas de la Bandera Argentina para el per\u00edodo lectivo 2025. Los mismos fueron designados a trav\u00e9s de \u00a0<strong>Resoluci\u00f3n 6505\/2025<\/strong>, firmada por el decano de esta unidad acad\u00e9mica, Mg. Jorge Rospide; y la secretaria Acad\u00e9mica, Mg. Liliana Pacheco.<\/p>\n<p>Ellos son:<\/p>\n<ul>\n<li>Abanderada: <b>Mar\u00eda del Rosario G\u00e1lvez<\/b><\/li>\n<li>Primer Escolta: <b>Juan Ignacio Dom\u00ednguez<\/b><\/li>\n<li>Segundo Escolta: <b>D\u00e1maso S\u00e1nchez D\u00edaz<\/b><\/li>\n<\/ul>\n<p style=\"text-align: center\"><strong><a href=\"https:\/\/face.unt.edu.ar\/web\/wp-content\/uploads\/2025\/06\/505576515_1295349522595459_3793104538333427796_n.jpg\"><img decoding=\"async\" loading=\"lazy\" class=\" wp-image-20670 aligncenter\" src=\"https:\/\/face.unt.edu.ar\/web\/wp-content\/uploads\/2025\/06\/505576515_1295349522595459_3793104538333427796_n-300x225.jpg\" alt=\"\" width=\"517\" height=\"388\" srcset=\"https:\/\/face.unt.edu.ar\/web\/wp-content\/uploads\/2025\/06\/505576515_1295349522595459_3793104538333427796_n-300x225.jpg 300w, https:\/\/face.unt.edu.ar\/web\/wp-content\/uploads\/2025\/06\/505576515_1295349522595459_3793104538333427796_n-1024x768.jpg 1024w, https:\/\/face.unt.edu.ar\/web\/wp-content\/uploads\/2025\/06\/505576515_1295349522595459_3793104538333427796_n-768x576.jpg 768w, https:\/\/face.unt.edu.ar\/web\/wp-content\/uploads\/2025\/06\/505576515_1295349522595459_3793104538333427796_n-1536x1152.jpg 1536w, https:\/\/face.unt.edu.ar\/web\/wp-content\/uploads\/2025\/06\/505576515_1295349522595459_3793104538333427796_n-80x60.jpg 80w, https:\/\/face.unt.edu.ar\/web\/wp-content\/uploads\/2025\/06\/505576515_1295349522595459_3793104538333427796_n-160x120.jpg 160w, https:\/\/face.unt.edu.ar\/web\/wp-content\/uploads\/2025\/06\/505576515_1295349522595459_3793104538333427796_n-265x198.jpg 265w, https:\/\/face.unt.edu.ar\/web\/wp-content\/uploads\/2025\/06\/505576515_1295349522595459_3793104538333427796_n-696x522.jpg 696w, https:\/\/face.unt.edu.ar\/web\/wp-content\/uploads\/2025\/06\/505576515_1295349522595459_3793104538333427796_n-1392x1044.jpg 1392w, https:\/\/face.unt.edu.ar\/web\/wp-content\/uploads\/2025\/06\/505576515_1295349522595459_3793104538333427796_n-1068x801.jpg 1068w, https:\/\/face.unt.edu.ar\/web\/wp-content\/uploads\/2025\/06\/505576515_1295349522595459_3793104538333427796_n-560x420.jpg 560w, https:\/\/face.unt.edu.ar\/web\/wp-content\/uploads\/2025\/06\/505576515_1295349522595459_3793104538333427796_n-1120x840.jpg 1120w, https:\/\/face.unt.edu.ar\/web\/wp-content\/uploads\/2025\/06\/505576515_1295349522595459_3793104538333427796_n-1920x1440.jpg 1920w, https:\/\/face.unt.edu.ar\/web\/wp-content\/uploads\/2025\/06\/505576515_1295349522595459_3793104538333427796_n.jpg 2048w\" sizes=\"(max-width: 517px) 100vw, 517px\" \/><\/a>Abanderada y escoltas del Per\u00edodo Lectivo 2025.<\/strong><\/p>\n<p>&nbsp;<\/p>\n<h3><strong>Cuadro de Honor 2025<\/strong><\/h3>\n<p>Distinci\u00f3n a los 5 estudiantes con mejores promedios de las 3 carreras de grado de esta Casa de Estudios: Contador P\u00fablico, Licenciatura en Administraci\u00f3n y Licenciatura en Econom\u00eda, correspondiente al per\u00edodo lectivo del a\u00f1o 2021 al 31 de marzo de 2025.<\/p>\n<p>Licenciatura en Administraci\u00f3n<\/p>\n<p><strong>Rosario Assis<\/strong><br \/>\n<strong>Zoe Mar\u00eda Prado Leggio<\/strong><br \/>\n<strong>Ana Paula Arag\u00f3n<\/strong><br \/>\n<strong>Mar\u00eda Torino<\/strong><br \/>\n<strong>Lautaro Nicol\u00e1s Ch\u00e1vez<\/strong><\/p>\n<p>Licenciatura en Econom\u00eda<\/p>\n<p><strong>Mar\u00eda del Rosario G\u00e1lvez<\/strong><br \/>\n<strong>Juan Ignacio Dom\u00ednguez<\/strong><br \/>\n<strong>D\u00e1maso S\u00e1nchez D\u00edaz<\/strong><br \/>\n<strong>Adela Ju\u00e9z P\u00e9rez<\/strong><br \/>\n<strong>Santiago Nazca<\/strong><\/p>\n<p>Contador P\u00fablico<\/p>\n<p><strong>Ernesto Nicol\u00e1s Marengo<\/strong><br \/>\n<strong>Andr\u00e9s Erimbaue Petray<\/strong><br \/>\n<strong>Lucas Facundo Cabeza<\/strong><br \/>\n<strong>Franco Jes\u00fas Medina Gonz\u00e1lez<\/strong><br \/>\n<strong>Eugenia Pilar Machaca<\/strong><\/p>\n<p><a href=\"https:\/\/face.unt.edu.ar\/web\/wp-content\/uploads\/2026\/02\/540942597_1367889288674815_4691533908667303641_n.jpg\"><img decoding=\"async\" loading=\"lazy\" class=\" wp-image-22838 aligncenter\" src=\"https:\/\/face.unt.edu.ar\/web\/wp-content\/uploads\/2026\/02\/540942597_1367889288674815_4691533908667303641_n-300x225.jpg\" alt=\"\" width=\"454\" height=\"340\" \/><\/a><\/p>\n<p>&nbsp;<\/p>\n<p>&nbsp;<\/p>\n<p>&nbsp;<\/p>\n<p>&nbsp;<\/p>\n<p>&nbsp;<\/p>\n<p>&nbsp;<\/p>\n","protected":false},"excerpt":{"rendered":"<p>Desde la Facultad de Ciencias Econ\u00f3micas de la UNT damos a conocer a nuestra nueva abanderada y escoltas de la Bandera Argentina para el per\u00edodo lectivo 2025. Los mismos fueron designados a trav\u00e9s de \u00a0Resoluci\u00f3n 6505\/2025, firmada por el decano de esta unidad acad\u00e9mica, Mg. Jorge Rospide; y la secretaria Acad\u00e9mica, Mg. Liliana Pacheco. Ellos [&hellip;]<\/p>\n","protected":false},"author":1,"featured_media":0,"parent":99,"menu_order":0,"comment_status":"open","ping_status":"open","template":"","meta":{"_et_pb_use_builder":"","_et_pb_old_content":"","_et_gb_content_width":"","footnotes":""},"_links":{"self":[{"href":"https:\/\/face.unt.edu.ar\/web\/wp-json\/wp\/v2\/pages\/1378"}],"collection":[{"href":"https:\/\/face.unt.edu.ar\/web\/wp-json\/wp\/v2\/pages"}],"about":[{"href":"https:\/\/face.unt.edu.ar\/web\/wp-json\/wp\/v2\/types\/page"}],"author":[{"embeddable":true,"href":"https:\/\/face.unt.edu.ar\/web\/wp-json\/wp\/v2\/users\/1"}],"replies":[{"embeddable":true,"href":"https:\/\/face.unt.edu.ar\/web\/wp-json\/wp\/v2\/comments?post=1378"}],"version-history":[{"count":40,"href":"https:\/\/face.unt.edu.ar\/web\/wp-json\/wp\/v2\/pages\/1378\/revisions"}],"predecessor-version":[{"id":22841,"href":"https:\/\/face.unt.edu.ar\/web\/wp-json\/wp\/v2\/pages\/1378\/revisions\/22841"}],"up":[{"embeddable":true,"href":"https:\/\/face.unt.edu.ar\/web\/wp-json\/wp\/v2\/pages\/99"}],"wp:attachment":[{"href":"https:\/\/face.unt.edu.ar\/web\/wp-json\/wp\/v2\/media?parent=1378"}],"curies":[{"name":"wp","href":"https:\/\/api.w.org\/{rel}","templated":true}]}}