{"id":20011,"date":"2024-12-26T20:59:15","date_gmt":"2024-12-26T20:59:15","guid":{"rendered":"https:\/\/face.unt.edu.ar\/web\/?page_id=20011"},"modified":"2025-02-04T13:24:31","modified_gmt":"2025-02-04T13:24:31","slug":"lacdi","status":"publish","type":"page","link":"https:\/\/face.unt.edu.ar\/web\/lacdi\/","title":{"rendered":"Laboratorio de Anal\u00edtica, Ciencia de Datos e Innovaci\u00f3n"},"content":{"rendered":"<p style=\"font-weight: 400\"><strong><a href=\"https:\/\/face.unt.edu.ar\/web\/wp-content\/uploads\/2025\/02\/LOGO-LACDI.jpg\"><img decoding=\"async\" loading=\"lazy\" class=\" wp-image-20023 aligncenter\" src=\"https:\/\/face.unt.edu.ar\/web\/wp-content\/uploads\/2025\/02\/LOGO-LACDI-300x138.jpg\" alt=\"\" width=\"510\" height=\"235\" srcset=\"https:\/\/face.unt.edu.ar\/web\/wp-content\/uploads\/2025\/02\/LOGO-LACDI-300x138.jpg 300w, https:\/\/face.unt.edu.ar\/web\/wp-content\/uploads\/2025\/02\/LOGO-LACDI-768x353.jpg 768w, https:\/\/face.unt.edu.ar\/web\/wp-content\/uploads\/2025\/02\/LOGO-LACDI-696x320.jpg 696w, https:\/\/face.unt.edu.ar\/web\/wp-content\/uploads\/2025\/02\/LOGO-LACDI.jpg 890w\" sizes=\"(max-width: 510px) 100vw, 510px\" \/><\/a>Prop\u00f3sito<\/strong><\/p>\n<p style=\"font-weight: 400\">El\u00a0<strong>Laboratorio de Ciencia de Datos, Anal\u00edtica e Innovaci\u00f3n (LACDI)\u00a0<\/strong>se centra en la investigaci\u00f3n aplicada, la colaboraci\u00f3n interdisciplinaria y ofrece un espacio para la experimentaci\u00f3n en el \u00e1mbito espec\u00edfico de las empresas productivas y de servicios tendientes al desarrollo de soluciones tanto para sectores del \u00e1mbito privado como p\u00fablico.<\/p>\n<p style=\"font-weight: 400\"><strong>Objetivos<\/strong><\/p>\n<ul>\n<li style=\"font-weight: 400\">Facilitar la investigaci\u00f3n en el an\u00e1lisis de datos y gesti\u00f3n de la innovaci\u00f3n.<\/li>\n<li style=\"font-weight: 400\">Proporcionar un espacio equipado con el desarrollo tecnol\u00f3gico adecuado que permita la experimentaci\u00f3n, la propuesta de soluciones innovadoras y el aprendizaje pr\u00e1ctico.<\/li>\n<li style=\"font-weight: 400\">Vincular la investigaci\u00f3n en estad\u00edstica y ciencia de datos con el sector privado y organismos p\u00fablicos para mejorar la toma de decisiones basada en datos.<\/li>\n<li style=\"font-weight: 400\">Fomentar la colaboraci\u00f3n entre acad\u00e9micos, empresarios y la industria para enriquecer con casos de an\u00e1lisis surgidos de la colaboraci\u00f3n con empresas de nuestro medio que fortalezcan la formaci\u00f3n de nuestros estudiantes de grado y posgrado.<strong>\u00a0<\/strong><\/li>\n<\/ul>\n<p style=\"font-weight: 400\"><strong>Calendario Acad\u00e9mico 2025<\/strong><\/p>\n<ul>\n<li style=\"font-weight: 400\"><strong>D<\/strong><strong>iplomatura en Ciencia de Datos.<\/strong><\/li>\n<\/ul>\n<p style=\"font-weight: 400\">Este programa provee elementos fundamentales de la disciplina, orientado a resolver problemas concretos, desde la generaci\u00f3n de una base de datos operativa, limpieza, an\u00e1lisis, aplicaci\u00f3n de pruebas para su interpretaci\u00f3n, interpretaci\u00f3n de los resultados y la comunicaci\u00f3n de los resultados.<\/p>\n<p style=\"font-weight: 400\">Los diferentes m\u00f3dulos proporcionan informaci\u00f3n y formaci\u00f3n en las tareas que corresponden a las diferentes etapas de un proyecto de Ciencia de Datos. Provee revisi\u00f3n de conceptos de estad\u00edsticas aplicados al an\u00e1lisis inteligente de datos; herramientas de gesti\u00f3n de datos en las empresas, software para visualizaci\u00f3n de datos y un espacio para aplicar los contenidos.<\/p>\n<p style=\"font-weight: 400\">Inicio Mayo 2025.<\/p>\n<p>&nbsp;<\/p>\n","protected":false},"excerpt":{"rendered":"<p>Prop\u00f3sito El\u00a0Laboratorio de Ciencia de Datos, Anal\u00edtica e Innovaci\u00f3n (LACDI)\u00a0se centra en la investigaci\u00f3n aplicada, la colaboraci\u00f3n interdisciplinaria y ofrece un espacio para la experimentaci\u00f3n en el \u00e1mbito espec\u00edfico de las empresas productivas y de servicios tendientes al desarrollo de soluciones tanto para sectores del \u00e1mbito privado como p\u00fablico. Objetivos Facilitar la investigaci\u00f3n en el [&hellip;]<\/p>\n","protected":false},"author":1,"featured_media":0,"parent":0,"menu_order":0,"comment_status":"closed","ping_status":"closed","template":"","meta":{"_et_pb_use_builder":"","_et_pb_old_content":"","_et_gb_content_width":"","footnotes":""},"_links":{"self":[{"href":"https:\/\/face.unt.edu.ar\/web\/wp-json\/wp\/v2\/pages\/20011"}],"collection":[{"href":"https:\/\/face.unt.edu.ar\/web\/wp-json\/wp\/v2\/pages"}],"about":[{"href":"https:\/\/face.unt.edu.ar\/web\/wp-json\/wp\/v2\/types\/page"}],"author":[{"embeddable":true,"href":"https:\/\/face.unt.edu.ar\/web\/wp-json\/wp\/v2\/users\/1"}],"replies":[{"embeddable":true,"href":"https:\/\/face.unt.edu.ar\/web\/wp-json\/wp\/v2\/comments?post=20011"}],"version-history":[{"count":5,"href":"https:\/\/face.unt.edu.ar\/web\/wp-json\/wp\/v2\/pages\/20011\/revisions"}],"predecessor-version":[{"id":20027,"href":"https:\/\/face.unt.edu.ar\/web\/wp-json\/wp\/v2\/pages\/20011\/revisions\/20027"}],"wp:attachment":[{"href":"https:\/\/face.unt.edu.ar\/web\/wp-json\/wp\/v2\/media?parent=20011"}],"curies":[{"name":"wp","href":"https:\/\/api.w.org\/{rel}","templated":true}]}}