{"id":21427,"date":"2025-10-02T14:34:34","date_gmt":"2025-10-02T14:34:34","guid":{"rendered":"https:\/\/face.unt.edu.ar\/web\/?page_id=21427"},"modified":"2025-11-10T12:04:29","modified_gmt":"2025-11-10T12:04:29","slug":"secretaria-de-ciencia-tecnica-y-posgrado","status":"publish","type":"page","link":"https:\/\/face.unt.edu.ar\/web\/institucional\/secretarias\/secretaria-de-ciencia-tecnica-y-posgrado\/","title":{"rendered":"Secretar\u00eda de Ciencia, T\u00e9cnica y Posgrado"},"content":{"rendered":"<p><a href=\"https:\/\/face.unt.edu.ar\/web\/wp-content\/uploads\/2025\/11\/GABRIELA-SANCHEZ.jpg\"><img decoding=\"async\" loading=\"lazy\" class=\"aligncenter size-full wp-image-22228\" src=\"https:\/\/face.unt.edu.ar\/web\/wp-content\/uploads\/2025\/11\/GABRIELA-SANCHEZ.jpg\" alt=\"Gabriela Sanchez\" width=\"200\" height=\"200\" srcset=\"https:\/\/face.unt.edu.ar\/web\/wp-content\/uploads\/2025\/11\/GABRIELA-SANCHEZ.jpg 200w, https:\/\/face.unt.edu.ar\/web\/wp-content\/uploads\/2025\/11\/GABRIELA-SANCHEZ-150x150.jpg 150w\" sizes=\"(max-width: 200px) 100vw, 200px\" \/><\/a><\/p>\n<p style=\"text-align: center\"><strong>MG. GABRIELA ALEJANDRA S\u00c1NCHEZ<br \/>\nSecretaria de Ciencia, T\u00e9cnica y Posgrado<\/strong><\/p>\n<p style=\"text-align: center\"><strong>Horarios de Atenci\u00f3n:<\/strong><br \/>\nLunes a Viernes de 8:30 a 12:30 horas<br \/>\nContacto:<br \/>\nOficina 86 \u2013 Cel: (381) 4954428<br \/>\nposgrado@face.unt.edu.ar<\/p>\n<hr \/>\n<p>La\u00a0<strong>Facultad de Ciencias Econ\u00f3micas de la Universidad Nacional de Tucum\u00e1n<\/strong>\u00a0posee el\u00a0<strong>\u00e1rea de posgrado m\u00e1s amplia y reconocida del norte argentino<\/strong>, con una trayectoria que la distingue por su\u00a0<strong>excelencia acad\u00e9mica y prestigio institucional<\/strong>.<\/p>\n<p>Te invitamos a conocer nuestros programas dise\u00f1ados para potenciar tu desarrollo profesional y abrir nuevas oportunidades.<br \/>\n<strong>Descubr\u00ed por qu\u00e9 somos un referente en formaci\u00f3n de posgrado.<\/strong><\/p>\n<ul>\n<li><a href=\"https:\/\/face.unt.edu.ar\/web\/carreras-de-posgrado\/\">Carreras de Posgrado<\/a><\/li>\n<li><a href=\"https:\/\/face.unt.edu.ar\/web\/institucional\/secretarias\/secretaria-de-ciencia-tecnica-y-posgrado\/investigacion-facultad-de-ciencias-economicas-unt\/\">Investigaci\u00f3n Facultad de Ciencias Econ\u00f3micas UNT<\/a><\/li>\n<\/ul>\n<h2><\/h2>\n<h2><\/h2>\n<h2>Misi\u00f3n<\/h2>\n<p>Contribuir al desarrollo de la investigaci\u00f3n en nuestra Facultad a trav\u00e9s de la ejecuci\u00f3n de planes, programas y proyectos tendientes al fortalecimiento de la producci\u00f3n y transferencia del conocimiento cient\u00edfico.<br \/>\nGenerar las condiciones adecuadas para el fortalecimiento y desarrollo de nuestra oferta acad\u00e9mica de Posgrado, respondiendo a la creciente demanda de nuestra sociedad por m\u00e1s y mejor conocimiento.<\/p>\n<p>&nbsp;<\/p>\n<h2>Funciones<\/h2>\n<ol>\n<li>Representar a la Facultad en el Consejo de Posgrado de la UNT, transmitiendo en el mismo las propuestas de las autoridades y de los Directores y estructura acad\u00e9mica de las carreras de Posgrado de la Facultad.<\/li>\n<li>Apoyar y asistir a las estructuras acad\u00e9mico-administrativas de las carreras de Posgrado para el adecuado desarrollo de sus actividades en el marco de las normas y reglamentos de la UNT.<\/li>\n<li>Proponer y coordinar la formulaci\u00f3n e implementaci\u00f3n de creaci\u00f3n de nuevas carreras de posgrado.<\/li>\n<li>Asistir y apoyar a los Directores y a las estructuras acad\u00e9micas de las carreras de Posgrado en los procesos de acreditaci\u00f3n ante la CONEAU y la correspondiente obtenci\u00f3n de la Resoluci\u00f3n Ministerial de validez nacional del t\u00edtulo.<\/li>\n<li>Promover y articular junto a la Secretar\u00eda Acad\u00e9mica la participaci\u00f3n de los docentes en las distintas carreras de Posgrado que se dictan en la Facultad.<\/li>\n<li>Promover y gestionar el acceso a becas y otros mecanismos que faciliten la formaci\u00f3n de posgrado a docentes de la Facultad.<\/li>\n<li>Promover la difusi\u00f3n de las actividades vinculadas a las carreras de posgrado.<\/li>\n<li>Promover la vinculaci\u00f3n con Universidades extranjeras a trav\u00e9s de convenios para la realizaci\u00f3n conjunta de diversas actividades.<\/li>\n<li>Representar a la Facultad en el Consejo de Investigaciones de la UNT , transmitiendo en el mismo las propuestas de las autoridades y de los docentes-investigadores de la Facultad.<\/li>\n<li>Promover la participaci\u00f3n de los docentes-investigadores en las convocatorias para la presentaci\u00f3n de Proyectos de Investigaci\u00f3n de los distintos organismos nacionales e internacionales.<\/li>\n<li>Difundir las convocatorias para la presentaci\u00f3n de Proyectos de Investigaci\u00f3n de los distintos organismos nacionales e internacionales.<\/li>\n<li>Comunicar a los docentes-investigadores las resoluciones que se adoptan en el seno del Consejo de Investigaciones de la UNT.<\/li>\n<li>Promover el an\u00e1lisis y la definici\u00f3n de \u00e1reas prioritarias y estrat\u00e9gicas para el desarrollo de la investigaci\u00f3n.<\/li>\n<li>Coordinar y dise\u00f1ar la difusi\u00f3n de los resultados alcanzados por los grupos de investigaci\u00f3n.<\/li>\n<li>Promover la categorizaci\u00f3n de los docentes-investigadores en el Sistema Nacional.<\/li>\n<li>Apoyar y facilitar los medios para que los docentes-investigadores incrementen su nivel de categorizaci\u00f3n.<\/li>\n<li>Coordinar la formulaci\u00f3n de proyectos de desarrollo de infraestructura y\/o compra de equipamiento de uso compartido con fines prioritarios para la investigaci\u00f3n.<\/li>\n<li>Promover en forma coordinada con la Secretar\u00eda de Extensi\u00f3n y Relaciones Institucionales la vinculaci\u00f3n entre las actividades de investigaci\u00f3n y sus aplicaciones en el medio productivo y social.<\/li>\n<\/ol>\n<h2>Pol\u00edticas<\/h2>\n<ol>\n<li>Procurar la formaci\u00f3n de graduados universitarios de manera sistem\u00e1tica y permanente, al m\u00e1s alto nivel acad\u00e9mico, mediante la instrumentaci\u00f3n de carreras, programas, cursos y actividades de estudios disciplinarios y\/o interdisciplinarios que tiendan a:\n<ol>\n<li>La formaci\u00f3n de recursos humanos para la docencia universitaria y la investigaci\u00f3n cient\u00edfica.<\/li>\n<li>La especializaci\u00f3n y el mejoramiento de la pr\u00e1ctica profesional.<\/li>\n<li>La actualizaci\u00f3n de conocimientos en los distintos campos disciplinares.<\/li>\n<\/ol>\n<\/li>\n<li>Promover las relaciones acad\u00e9micas y cient\u00edficas entre las dependencias acad\u00e9micas de la Facultad, y de \u00e9sta con otros centros con actividad de posgrado de universidades argentinas y extranjeras.<\/li>\n<li>Promocionar y jerarquizar la investigaci\u00f3n cient\u00edfica y tecnol\u00f3gica de la Facultad a trav\u00e9s de programas y proyectos de investigaci\u00f3n.<\/li>\n<li>Desarrollar programas de acciones para la formaci\u00f3n de recursos humanos en investigaci\u00f3n.<\/li>\n<li>Gestionar l\u00edneas de financiamiento de diversas instituciones de \u00e1mbitos nacionales e internacionales para las actividades y proyectos de investigaci\u00f3n.<\/li>\n<li>Articular mecanismos para una mayor relaci\u00f3n entre las tareas de investigaci\u00f3n y docencia.<\/li>\n<li>Dise\u00f1ar y coordinar mecanismos para facilitar la difusi\u00f3n de los resultados alcanzados por los grupos de investigaci\u00f3n.<\/li>\n<li>Promover las publicaciones de los resultados de investigaci\u00f3n en revistas nacionales e internacionales.<\/li>\n<li>Promover la definici\u00f3n de \u00e1reas estrat\u00e9gicas a desarrollar a nivel de investigaci\u00f3n en la Facultad.<\/li>\n<li>Promover y gestionar el acceso a becas y otros mecanismos que faciliten la formaci\u00f3n de docentes e investigadores de la Facultad.<\/li>\n<\/ol>\n<h2>Objetivos de Posgrado<\/h2>\n<ul>\n<li>Procurar la formaci\u00f3n de graduados universitarios de manera sistem\u00e1tica y permanente, al m\u00e1s alto nivel acad\u00e9mico, mediante la instrumentaci\u00f3n de carreras, programas, cursos y actividades de estudios disciplinarios y\/o interdisciplinarios que tiendan a:\n<ul>\n<li>La formaci\u00f3n de recursos humanos para la docencia universitaria y la investigaci\u00f3n cient\u00edfica.<\/li>\n<li>La especializaci\u00f3n y el mejoramiento de la pr\u00e1ctica profesional.<\/li>\n<li>La actualizaci\u00f3n de conocimientos en los distintos campos disciplinares.<\/li>\n<\/ul>\n<\/li>\n<\/ul>\n<ul>\n<li>Promover las relaciones acad\u00e9micas y cient\u00edficas entre las dependencias acad\u00e9micas de la Facultad, y de \u00e9sta con otros centros con actividad de posgrado de universidades argentinas y extranjeras.<\/li>\n<\/ul>\n<h2>Objetivos de Investigaci\u00f3n<\/h2>\n<ul>\n<li>Promocionar y jerarquizar la investigaci\u00f3n cient\u00edfica y tecnol\u00f3gica de la Facultad a trav\u00e9s de programas y proyectos de investigaci\u00f3n.<\/li>\n<li>Desarrollar programas de acciones para la formaci\u00f3n de recursos humanos en investigaci\u00f3n.<\/li>\n<li>Dise\u00f1ar y coordinar mecanismos para facilitar la difusi\u00f3n de los resultados alcanzados por los grupos de investigaci\u00f3n.<\/li>\n<li>Promover la definici\u00f3n de \u00e1reas estrat\u00e9gicas a desarrollar a nivel de investigaci\u00f3n en la Facultad.<\/li>\n<li>Promover y gestionar el acceso a becas y otros mecanismos que faciliten la formaci\u00f3n de docentes e investigadores de la Facultad.<\/li>\n<\/ul>\n","protected":false},"excerpt":{"rendered":"<p>MG. GABRIELA ALEJANDRA S\u00c1NCHEZ Secretaria de Ciencia, T\u00e9cnica y Posgrado Horarios de Atenci\u00f3n: Lunes a Viernes de 8:30 a 12:30 horas Contacto: Oficina 86 \u2013 Cel: (381) 4954428 posgrado@face.unt.edu.ar La\u00a0Facultad de Ciencias Econ\u00f3micas de la Universidad Nacional de Tucum\u00e1n\u00a0posee el\u00a0\u00e1rea de posgrado m\u00e1s amplia y reconocida del norte argentino, con una trayectoria que la distingue [&hellip;]<\/p>\n","protected":false},"author":1,"featured_media":0,"parent":7,"menu_order":0,"comment_status":"closed","ping_status":"closed","template":"","meta":{"_et_pb_use_builder":"","_et_pb_old_content":"","_et_gb_content_width":"","footnotes":""},"_links":{"self":[{"href":"https:\/\/face.unt.edu.ar\/web\/wp-json\/wp\/v2\/pages\/21427"}],"collection":[{"href":"https:\/\/face.unt.edu.ar\/web\/wp-json\/wp\/v2\/pages"}],"about":[{"href":"https:\/\/face.unt.edu.ar\/web\/wp-json\/wp\/v2\/types\/page"}],"author":[{"embeddable":true,"href":"https:\/\/face.unt.edu.ar\/web\/wp-json\/wp\/v2\/users\/1"}],"replies":[{"embeddable":true,"href":"https:\/\/face.unt.edu.ar\/web\/wp-json\/wp\/v2\/comments?post=21427"}],"version-history":[{"count":23,"href":"https:\/\/face.unt.edu.ar\/web\/wp-json\/wp\/v2\/pages\/21427\/revisions"}],"predecessor-version":[{"id":22433,"href":"https:\/\/face.unt.edu.ar\/web\/wp-json\/wp\/v2\/pages\/21427\/revisions\/22433"}],"up":[{"embeddable":true,"href":"https:\/\/face.unt.edu.ar\/web\/wp-json\/wp\/v2\/pages\/7"}],"wp:attachment":[{"href":"https:\/\/face.unt.edu.ar\/web\/wp-json\/wp\/v2\/media?parent=21427"}],"curies":[{"name":"wp","href":"https:\/\/api.w.org\/{rel}","templated":true}]}}