{"id":21435,"date":"2025-10-02T14:52:07","date_gmt":"2025-10-02T14:52:07","guid":{"rendered":"https:\/\/face.unt.edu.ar\/web\/?page_id=21435"},"modified":"2025-10-08T18:50:33","modified_gmt":"2025-10-08T18:50:33","slug":"investigacion-facultad-de-ciencias-economicas-unt","status":"publish","type":"page","link":"https:\/\/face.unt.edu.ar\/web\/institucional\/secretarias\/secretaria-de-ciencia-tecnica-y-posgrado\/investigacion-facultad-de-ciencias-economicas-unt\/","title":{"rendered":"Investigaci\u00f3n Facultad de Ciencias Econ\u00f3micas UNT"},"content":{"rendered":"<p>La investigaci\u00f3n es una funci\u00f3n central de la vida universitaria, sus aportes contribuyen a la generaci\u00f3n de conocimiento, a la renovaci\u00f3n de la docencia y a la vinculaci\u00f3n con la sociedad.<\/p>\n<p>Los proyectos <strong>PIUNT-CIUNT<\/strong> son proyectos aprobados por la Secretar\u00eda de Ciencia, Arte e Innovaci\u00f3n Tecnol\u00f3gica (SCAIT &#8211; UNT) en sus convocatorias, cuyo paradigma es vincular el conocimiento cient\u00edfico generado en las universidades con el sector productivo, promoviendo la innovaci\u00f3n capaz de crear riqueza de base tecnol\u00f3gica.<\/p>\n<p>Los proyectos <strong>Econ\u00f3micas Investiga<\/strong> son una pol\u00edtica de gesti\u00f3n de las autoridades de nuestra Facultad de Ciencias Econ\u00f3micas de la UNT, y tiene como objetivo principal fortalecer la funci\u00f3n de investigaci\u00f3n en la carrera de Contador P\u00fablico de la Facultad de Ciencias Econ\u00f3micas de la UNT, consolidar las capacidades de los grupos y proyectos de investigaci\u00f3n vigente, identificar \u00e1reas tem\u00e1ticas de vacancia, promover la participaci\u00f3n de alumnos y docentes en proyectos de investigaci\u00f3n, sostener la efectividad de las acciones para el fortalecimiento de la funci\u00f3n de investigaci\u00f3n y la formaci\u00f3n de investigadores en las Ciencias Econ\u00f3micas.<\/p>\n<h2><span style=\"color: #003366;\">Proyectos de Investigaci\u00f3n de la Facultad de Ciencias Econ\u00f3micas<\/span><\/h2>\n<h3>Econ\u00f3micas Investiga<\/h3>\n<ul>\n<li><a href=\"https:\/\/face.unt.edu.ar\/web\/institucional\/secretarias\/secretaria-de-ciencia-tecnica-y-posgrado\/economica-investiga-2023\/\">Proyectos PICE 2023<\/a><\/li>\n<li><a href=\"https:\/\/drive.google.com\/file\/d\/1Rbyst9zRCRBMDpSE6h2aUMl4FKTHDNSW\/view?usp=sharing\" target=\"_blank\" rel=\"noopener\">Proyectos PICE 2024<\/a><\/li>\n<\/ul>\n<p><a href=\"https:\/\/face.unt.edu.ar\/web\/posgrados\/proyectos-ciunt-y-face-2013-a-2021\/\">Proyectos CIUNT y FACE 2018-2022<\/a><\/p>\n<p><strong>Proyectos PIUNT 2023<\/strong><\/p>\n<p><a href=\"https:\/\/drive.google.com\/file\/d\/1lugQEZrcbdkSJflCELuPUI3Z4LS9daWL\/view?usp=drive_link\" target=\"_blank\" rel=\"noopener\">Proyectos PIUNT 2023\u00a0<\/a><\/p>\n<p>&nbsp;<\/p>\n<p>&nbsp;<\/p>\n<p>&nbsp;<\/p>\n<p><iframe loading=\"lazy\" title=\"2da Jornada de J\u00f3venes Investigadores - Econ\u00f3micas Investiga - FACE UNT\" width=\"1080\" height=\"608\" src=\"https:\/\/www.youtube.com\/embed\/h0z-_JDjuMM?feature=oembed\"  allow=\"accelerometer; autoplay; clipboard-write; encrypted-media; gyroscope; picture-in-picture; web-share\" referrerpolicy=\"strict-origin-when-cross-origin\" allowfullscreen><\/iframe><\/p>\n<p><iframe loading=\"lazy\" title=\"Econ\u00f3micas Investiga -  La voz de nuestros j\u00f3venes investigadores- FACE UNT\" width=\"1080\" height=\"608\" src=\"https:\/\/www.youtube.com\/embed\/BVUReufUA2E?feature=oembed\"  allow=\"accelerometer; autoplay; clipboard-write; encrypted-media; gyroscope; picture-in-picture; web-share\" referrerpolicy=\"strict-origin-when-cross-origin\" allowfullscreen><\/iframe><\/p>\n","protected":false},"excerpt":{"rendered":"<p>La investigaci\u00f3n es una funci\u00f3n central de la vida universitaria, sus aportes contribuyen a la generaci\u00f3n de conocimiento, a la renovaci\u00f3n de la docencia y a la vinculaci\u00f3n con la sociedad. Los proyectos PIUNT-CIUNT son proyectos aprobados por la Secretar\u00eda de Ciencia, Arte e Innovaci\u00f3n Tecnol\u00f3gica (SCAIT &#8211; UNT) en sus convocatorias, cuyo paradigma es [&hellip;]<\/p>\n","protected":false},"author":1,"featured_media":0,"parent":21427,"menu_order":0,"comment_status":"closed","ping_status":"closed","template":"","meta":{"_et_pb_use_builder":"","_et_pb_old_content":"","_et_gb_content_width":"","footnotes":""},"_links":{"self":[{"href":"https:\/\/face.unt.edu.ar\/web\/wp-json\/wp\/v2\/pages\/21435"}],"collection":[{"href":"https:\/\/face.unt.edu.ar\/web\/wp-json\/wp\/v2\/pages"}],"about":[{"href":"https:\/\/face.unt.edu.ar\/web\/wp-json\/wp\/v2\/types\/page"}],"author":[{"embeddable":true,"href":"https:\/\/face.unt.edu.ar\/web\/wp-json\/wp\/v2\/users\/1"}],"replies":[{"embeddable":true,"href":"https:\/\/face.unt.edu.ar\/web\/wp-json\/wp\/v2\/comments?post=21435"}],"version-history":[{"count":7,"href":"https:\/\/face.unt.edu.ar\/web\/wp-json\/wp\/v2\/pages\/21435\/revisions"}],"predecessor-version":[{"id":21750,"href":"https:\/\/face.unt.edu.ar\/web\/wp-json\/wp\/v2\/pages\/21435\/revisions\/21750"}],"up":[{"embeddable":true,"href":"https:\/\/face.unt.edu.ar\/web\/wp-json\/wp\/v2\/pages\/21427"}],"wp:attachment":[{"href":"https:\/\/face.unt.edu.ar\/web\/wp-json\/wp\/v2\/media?parent=21435"}],"curies":[{"name":"wp","href":"https:\/\/api.w.org\/{rel}","templated":true}]}}