{"id":21463,"date":"2025-10-02T15:15:38","date_gmt":"2025-10-02T15:15:38","guid":{"rendered":"https:\/\/face.unt.edu.ar\/web\/?page_id=21463"},"modified":"2026-02-03T15:36:55","modified_gmt":"2026-02-03T15:36:55","slug":"carreras-de-posgrado","status":"publish","type":"page","link":"https:\/\/face.unt.edu.ar\/web\/carreras-de-posgrado\/","title":{"rendered":"Carreras de posgrado"},"content":{"rendered":"<p>[et_pb_section fb_built=\u00bb1&#8243; _builder_version=\u00bb4.23.1&#8243; _module_preset=\u00bbdefault\u00bb global_colors_info=\u00bb{}\u00bb][et_pb_row _builder_version=\u00bb4.23.1&#8243; _module_preset=\u00bbdefault\u00bb global_colors_info=\u00bb{}\u00bb][et_pb_column type=\u00bb4_4&#8243; _builder_version=\u00bb4.23.1&#8243; _module_preset=\u00bbdefault\u00bb global_colors_info=\u00bb{}\u00bb][et_pb_text _builder_version=\u00bb4.23.1&#8243; _module_preset=\u00bb776cffd4-7164-47bf-a909-61c821d4831b\u00bb header_font=\u00bbPoppins|700|||||||\u00bb header_font_size=\u00bb38px\u00bb hover_enabled=\u00bb0&#8243; global_colors_info=\u00bb{}\u00bb admin_label=\u00bbTexto\u00bb sticky_enabled=\u00bb0&#8243;]<\/p>\n<h1>Carreras de Posgrado<\/h1>\n<p>La\u00a0<strong>Facultad de Ciencias Econ\u00f3micas de la Universidad Nacional de Tucum\u00e1n<\/strong> cuenta con el <strong>\u00e1rea de posgrado m\u00e1s amplia y reconocida del norte argentino<\/strong>, destac\u00e1ndose por su <strong>trayectoria<\/strong>, <strong>excelencia acad\u00e9mica<\/strong> y <strong>prestigio institucional.<\/strong><\/p>\n<p>Te invitamos a conocer nuestros programas dise\u00f1ados para potenciar tu desarrollo profesional y abrir nuevas oportunidades.<br \/><strong>Descubr\u00ed por qu\u00e9 somos un referente en la formaci\u00f3n de posgrado.<\/strong><\/p>\n<p>[\/et_pb_text][\/et_pb_column][\/et_pb_row][\/et_pb_section][et_pb_section fb_built=\u00bb1&#8243; _builder_version=\u00bb4.23.1&#8243; _module_preset=\u00bbdefault\u00bb background_color=\u00bb#f9f9f9&#8243; global_colors_info=\u00bb{}\u00bb][et_pb_row column_structure=\u00bb1_2,1_2&#8243; _builder_version=\u00bb4.23.1&#8243; _module_preset=\u00bbdefault\u00bb global_colors_info=\u00bb{}\u00bb][et_pb_column type=\u00bb1_2&#8243; _builder_version=\u00bb4.23.1&#8243; _module_preset=\u00bbdefault\u00bb global_colors_info=\u00bb{}\u00bb][et_pb_cta title=\u00bbDoctorados\u00bb button_url=\u00bbhttps:\/\/face.unt.edu.ar\/web\/carreras-de-posgrado\/doctorados\/\u00bb button_text=\u00bbIngresar\u00bb _builder_version=\u00bb4.23.1&#8243; _module_preset=\u00bbe60aa11e-f4e8-408d-adbd-ffbc3ad685e0&#8243; global_colors_info=\u00bb{}\u00bb][\/et_pb_cta][et_pb_cta title=\u00bbEspecializaciones \u00bb button_url=\u00bbhttps:\/\/face.unt.edu.ar\/web\/carreras-de-posgrado\/especializaciones\/\u00bb button_text=\u00bbIngresar\u00bb _builder_version=\u00bb4.23.1&#8243; _module_preset=\u00bbe60aa11e-f4e8-408d-adbd-ffbc3ad685e0&#8243; global_colors_info=\u00bb{}\u00bb][\/et_pb_cta][et_pb_cta title=\u00bbCursos\u00bb button_url=\u00bbhttps:\/\/face.unt.edu.ar\/web\/blog\/category\/cursos\/\u00bb button_text=\u00bbIngresar\u00bb _builder_version=\u00bb4.23.1&#8243; _module_preset=\u00bbe60aa11e-f4e8-408d-adbd-ffbc3ad685e0&#8243; global_colors_info=\u00bb{}\u00bb][\/et_pb_cta][\/et_pb_column][et_pb_column type=\u00bb1_2&#8243; _builder_version=\u00bb4.23.1&#8243; _module_preset=\u00bbdefault\u00bb global_colors_info=\u00bb{}\u00bb][et_pb_cta title=\u00bbMaestr\u00edas\u00bb button_url=\u00bbhttps:\/\/face.unt.edu.ar\/web\/carreras-de-posgrado\/maestrias\/\u00bb button_text=\u00bbIngresar\u00bb _builder_version=\u00bb4.23.1&#8243; _module_preset=\u00bbe60aa11e-f4e8-408d-adbd-ffbc3ad685e0&#8243; global_colors_info=\u00bb{}\u00bb][\/et_pb_cta][et_pb_cta title=\u00bbDiplomatura\u00bb button_url=\u00bbhttps:\/\/face.unt.edu.ar\/web\/carreras-de-posgrado\/diplomaturas\/\u00bb button_text=\u00bbIngresar\u00bb _builder_version=\u00bb4.23.1&#8243; _module_preset=\u00bbe60aa11e-f4e8-408d-adbd-ffbc3ad685e0&#8243; global_colors_info=\u00bb{}\u00bb][\/et_pb_cta][\/et_pb_column][\/et_pb_row][\/et_pb_section]<\/p>\n","protected":false},"excerpt":{"rendered":"<p>Carreras de Posgrado La\u00a0Facultad de Ciencias Econ\u00f3micas de la Universidad Nacional de Tucum\u00e1n cuenta con el \u00e1rea de posgrado m\u00e1s amplia y reconocida del norte argentino, destac\u00e1ndose por su trayectoria, excelencia acad\u00e9mica y prestigio institucional. Te invitamos a conocer nuestros programas dise\u00f1ados para potenciar tu desarrollo profesional y abrir nuevas oportunidades.Descubr\u00ed por qu\u00e9 somos un [&hellip;]<\/p>\n","protected":false},"author":1,"featured_media":0,"parent":0,"menu_order":0,"comment_status":"closed","ping_status":"closed","template":"","meta":{"_et_pb_use_builder":"on","_et_pb_old_content":"<ul>\r\n \t\r\n \t\r\n \t\r\n \t<li><a href=\"https:\/\/face.unt.edu.ar\/web\/carreras-de-posgrado\/doctorados\/\">Doctorados<\/a><\/li>\r\n<li><a href=\"https:\/\/face.unt.edu.ar\/web\/carreras-de-posgrado\/maestrias\/\">Maestr\u00edas<\/a><\/li>\r\n<li><a href=\"https:\/\/face.unt.edu.ar\/web\/carreras-de-posgrado\/especializaciones\/\">Especializaciones<\/a><\/li>\r\n<li><a href=\"https:\/\/face.unt.edu.ar\/web\/carreras-de-posgrado\/diplomaturas\/\">Diplomaturas<\/a><\/li>\r\n\r\n<\/ul>","_et_gb_content_width":"","footnotes":""},"_links":{"self":[{"href":"https:\/\/face.unt.edu.ar\/web\/wp-json\/wp\/v2\/pages\/21463"}],"collection":[{"href":"https:\/\/face.unt.edu.ar\/web\/wp-json\/wp\/v2\/pages"}],"about":[{"href":"https:\/\/face.unt.edu.ar\/web\/wp-json\/wp\/v2\/types\/page"}],"author":[{"embeddable":true,"href":"https:\/\/face.unt.edu.ar\/web\/wp-json\/wp\/v2\/users\/1"}],"replies":[{"embeddable":true,"href":"https:\/\/face.unt.edu.ar\/web\/wp-json\/wp\/v2\/comments?post=21463"}],"version-history":[{"count":18,"href":"https:\/\/face.unt.edu.ar\/web\/wp-json\/wp\/v2\/pages\/21463\/revisions"}],"predecessor-version":[{"id":22788,"href":"https:\/\/face.unt.edu.ar\/web\/wp-json\/wp\/v2\/pages\/21463\/revisions\/22788"}],"wp:attachment":[{"href":"https:\/\/face.unt.edu.ar\/web\/wp-json\/wp\/v2\/media?parent=21463"}],"curies":[{"name":"wp","href":"https:\/\/api.w.org\/{rel}","templated":true}]}}