{"id":21690,"date":"2025-10-07T22:42:03","date_gmt":"2025-10-07T22:42:03","guid":{"rendered":"https:\/\/face.unt.edu.ar\/web\/?page_id=21690"},"modified":"2025-11-11T15:37:10","modified_gmt":"2025-11-11T15:37:10","slug":"maestrias","status":"publish","type":"page","link":"https:\/\/face.unt.edu.ar\/web\/carreras-de-posgrado\/maestrias\/","title":{"rendered":"Maestr\u00edas"},"content":{"rendered":"<p>[et_pb_section fb_built=\u00bb1&#8243; _builder_version=\u00bb4.23.1&#8243; _module_preset=\u00bbdefault\u00bb custom_padding=\u00bb37px||25px|||\u00bb locked=\u00bboff\u00bb global_colors_info=\u00bb{}\u00bb][et_pb_row _builder_version=\u00bb4.23.1&#8243; _module_preset=\u00bbdefault\u00bb custom_padding=\u00bb||13px|||\u00bb global_colors_info=\u00bb{}\u00bb][et_pb_column type=\u00bb4_4&#8243; _builder_version=\u00bb4.23.1&#8243; _module_preset=\u00bbdefault\u00bb global_colors_info=\u00bb{}\u00bb][et_pb_text _builder_version=\u00bb4.23.1&#8243; _module_preset=\u00bbdefault\u00bb header_font=\u00bbPoppins|700|||||||\u00bb hover_enabled=\u00bb0&#8243; global_colors_info=\u00bb{}\u00bb sticky_enabled=\u00bb0&#8243;]<\/p>\n<h1>Maestr\u00edas<\/h1>\n<p>[\/et_pb_text][\/et_pb_column][\/et_pb_row][\/et_pb_section][et_pb_section fb_built=\u00bb1&#8243; _builder_version=\u00bb4.23.1&#8243; _module_preset=\u00bbdefault\u00bb custom_padding=\u00bb17px|||||\u00bb global_colors_info=\u00bb{}\u00bb][et_pb_row _builder_version=\u00bb4.23.1&#8243; _module_preset=\u00bbdefault\u00bb global_colors_info=\u00bb{}\u00bb][et_pb_column type=\u00bb4_4&#8243; _builder_version=\u00bb4.23.1&#8243; _module_preset=\u00bbdefault\u00bb global_colors_info=\u00bb{}\u00bb][et_pb_text _builder_version=\u00bb4.23.1&#8243; _module_preset=\u00bbdefault\u00bb global_colors_info=\u00bb{}\u00bb]<\/p>\n<h2>MAESTR\u00cdA EN ADMINISTRACI\u00d3N<\/h2>\n<p><strong><a href=\"https:\/\/face.unt.edu.ar\/web\/wp-content\/uploads\/2025\/10\/maestria-en-administracion.jpg\"><img decoding=\"async\" loading=\"lazy\" class=\"alignleft size-full wp-image-22054\" src=\"https:\/\/face.unt.edu.ar\/web\/wp-content\/uploads\/2025\/10\/maestria-en-administracion.jpg\" alt=\"\" width=\"300\" height=\"169\" \/><\/a>Informes e inscripciones:<\/strong><br \/>Facultad de Ciencias Econ\u00f3micas UNT. Avenida Independencia 1900 \u2013 Oficina 86<br \/><strong>Horarios:<\/strong> Lunes a viernes de 9:00 a 13:00 horas<br \/><strong>Tel\u00e9fono:<\/strong> 0381-154954428<br \/><strong>E-mail:<\/strong> posgrado@face.unt.edu.ar<br \/><a href=\"https:\/\/docs.google.com\/forms\/d\/e\/1FAIpQLSdwqF7hT13A1PJxP2ZwczCH9XeIcqOOEFzZccBX3BJrCj55dQ\/viewform\" target=\"_blank\" rel=\"noopener\"><b>Link de Preinscripci\u00f3n<\/b><\/a><br \/><a href=\"https:\/\/face.unt.edu.ar\/web\/blog\/maestria-en-administracion\/\">M\u00e1s informaci\u00f3n<\/a><\/p>\n<p>[\/et_pb_text][\/et_pb_column][\/et_pb_row][et_pb_row _builder_version=\u00bb4.23.1&#8243; _module_preset=\u00bbdefault\u00bb global_colors_info=\u00bb{}\u00bb][et_pb_column type=\u00bb4_4&#8243; _builder_version=\u00bb4.23.1&#8243; _module_preset=\u00bbdefault\u00bb global_colors_info=\u00bb{}\u00bb][et_pb_text _builder_version=\u00bb4.23.1&#8243; _module_preset=\u00bbdefault\u00bb global_colors_info=\u00bb{}\u00bb]<\/p>\n<h2>MAESTR\u00cdA EN ECONOM\u00cdA. \u00c1REA: POL\u00cdTICAS ECON\u00d3MICAS Y SOCIALES<\/h2>\n<p><strong><a href=\"https:\/\/face.unt.edu.ar\/web\/wp-content\/uploads\/2025\/10\/maestria-en-economia.jpg\"><img decoding=\"async\" loading=\"lazy\" class=\"alignleft size-full wp-image-22056\" src=\"https:\/\/face.unt.edu.ar\/web\/wp-content\/uploads\/2025\/10\/maestria-en-economia.jpg\" alt=\"Maestr\u00eda en econom\u00eda\" width=\"300\" height=\"169\" \/><\/a>Informes e inscripciones:<\/strong><br \/>Facultad de Ciencias Econ\u00f3micas UNT. Avenida Independencia 1900 \u2013 Oficina 69<br \/><strong>Horarios:<\/strong> Lunes a viernes de 9:00 a 12:30 horas<br \/><strong>Tel\u00e9fono:<\/strong> 0381-154954428<br \/><strong>E-mail:<\/strong>\u00a0<a href=\"mailto:posgrado.mba.rrhh@face.unt.edu.ar\">posgrado@face.unt.edu.ar<\/a><br \/><a href=\"https:\/\/docs.google.com\/forms\/d\/e\/1FAIpQLSdwqF7hT13A1PJxP2ZwczCH9XeIcqOOEFzZccBX3BJrCj55dQ\/viewform\" target=\"_blank\" rel=\"noopener\"><b>Link de Preinscripci\u00f3n<\/b><\/a><br \/><a href=\"https:\/\/face.unt.edu.ar\/web\/blog\/maestria-en-economia-area-politicas-economicas-y-sociales\/\">M\u00e1s informaci\u00f3n<\/a><\/p>\n<p>[\/et_pb_text][\/et_pb_column][\/et_pb_row][et_pb_row _builder_version=\u00bb4.23.1&#8243; _module_preset=\u00bbdefault\u00bb global_colors_info=\u00bb{}\u00bb][et_pb_column type=\u00bb4_4&#8243; _builder_version=\u00bb4.23.1&#8243; _module_preset=\u00bbdefault\u00bb global_colors_info=\u00bb{}\u00bb][et_pb_text _builder_version=\u00bb4.23.1&#8243; _module_preset=\u00bbdefault\u00bb global_colors_info=\u00bb{}\u00bb]<\/p>\n<h2>MAESTR\u00cdA EN ESTAD\u00cdSTICA APLICADA<\/h2>\n<p><strong><a href=\"https:\/\/face.unt.edu.ar\/web\/wp-content\/uploads\/2025\/10\/maestria-en-estadistica.jpg\"><img decoding=\"async\" loading=\"lazy\" class=\"alignleft size-full wp-image-22058\" src=\"https:\/\/face.unt.edu.ar\/web\/wp-content\/uploads\/2025\/10\/maestria-en-estadistica.jpg\" alt=\"Maestr\u00eda en economia\" width=\"300\" height=\"169\" \/><\/a>Informes e inscripciones:<\/strong><br \/>Facultad de Ciencias Econ\u00f3micas UNT. Avenida Independencia 1900 \u2013\u00a0 Oficina 52<br \/><strong>Horarios:<\/strong> Lunes a viernes de 9:30 a 12:30 horas<br \/>Lunes, mi\u00e9rcoles y viernes de 17:00 a 18:30 horas<br \/><strong>Tel\u00e9fono:<\/strong> 0381-154954428<br \/><strong>E-mail:<\/strong> posgrado@face.unt.edu.ar<br \/><a href=\"https:\/\/face.unt.edu.ar\/web\/blog\/maestria-en-estadistica-aplicada\/\">M\u00e1s informaci\u00f3n<\/a><\/p>\n<p>[\/et_pb_text][\/et_pb_column][\/et_pb_row][\/et_pb_section]<\/p>\n","protected":false},"excerpt":{"rendered":"<p>Maestr\u00edasMAESTR\u00cdA EN ADMINISTRACI\u00d3N Informes e inscripciones:Facultad de Ciencias Econ\u00f3micas UNT. Avenida Independencia 1900 \u2013 Oficina 86Horarios: Lunes a viernes de 9:00 a 13:00 horasTel\u00e9fono: 0381-154954428E-mail: posgrado@face.unt.edu.arLink de Preinscripci\u00f3nM\u00e1s informaci\u00f3nMAESTR\u00cdA EN ECONOM\u00cdA. \u00c1REA: POL\u00cdTICAS ECON\u00d3MICAS Y SOCIALES Informes e inscripciones:Facultad de Ciencias Econ\u00f3micas UNT. Avenida Independencia 1900 \u2013 Oficina 69Horarios: Lunes a viernes de 9:00 a [&hellip;]<\/p>\n","protected":false},"author":1,"featured_media":0,"parent":21463,"menu_order":0,"comment_status":"closed","ping_status":"closed","template":"","meta":{"_et_pb_use_builder":"on","_et_pb_old_content":"<h2>MAESTR\u00cdA EN ADMINISTRACI\u00d3N<\/h2>\r\n<strong><a href=\"https:\/\/face.unt.edu.ar\/web\/wp-content\/uploads\/2025\/10\/maestria-en-administracion.jpg\"><img class=\"alignleft size-full wp-image-22054\" src=\"https:\/\/face.unt.edu.ar\/web\/wp-content\/uploads\/2025\/10\/maestria-en-administracion.jpg\" alt=\"\" width=\"300\" height=\"169\" \/><\/a>Informes e inscripciones:<\/strong>\r\nFacultad de Ciencias Econ\u00f3micas UNT. Avenida Independencia 1900 \u2013 Oficina 86\r\n<strong>Horarios:<\/strong> Lunes a viernes de 9:00 a 13:00 horas\r\n<strong>Tel\u00e9fono:<\/strong> 0381-154954428\r\n<strong>E-mail:<\/strong> posgrado@face.unt.edu.ar\r\n<a href=\"https:\/\/docs.google.com\/forms\/d\/e\/1FAIpQLSdwqF7hT13A1PJxP2ZwczCH9XeIcqOOEFzZccBX3BJrCj55dQ\/viewform\" target=\"_blank\" rel=\"noopener\"><b>Link de Preinscripci\u00f3n<\/b><\/a>\r\n<a href=\"https:\/\/face.unt.edu.ar\/web\/blog\/maestria-en-administracion\/\">M\u00e1s informaci\u00f3n<\/a>\r\n<h2>MAESTR\u00cdA EN ECONOM\u00cdA. \u00c1REA: POL\u00cdTICAS ECON\u00d3MICAS Y SOCIALES<\/h2>\r\n<strong><a href=\"https:\/\/face.unt.edu.ar\/web\/wp-content\/uploads\/2025\/10\/maestria-en-economia.jpg\"><img class=\"alignleft size-full wp-image-22056\" src=\"https:\/\/face.unt.edu.ar\/web\/wp-content\/uploads\/2025\/10\/maestria-en-economia.jpg\" alt=\"Maestr\u00eda en econom\u00eda\" width=\"300\" height=\"169\" \/><\/a>Informes e inscripciones:<\/strong>\r\nFacultad de Ciencias Econ\u00f3micas UNT. Avenida Independencia 1900 \u2013 Oficina 69\r\n<strong>Horarios:<\/strong> Lunes a viernes de 9:00 a 12:30 horas\r\n<strong>Tel\u00e9fono:<\/strong> 0381-154954428\r\n<strong>E-mail:<\/strong>\u00a0<a href=\"mailto:posgrado.mba.rrhh@face.unt.edu.ar\">posgrado@face.unt.edu.ar<\/a>\r\n<a href=\"https:\/\/docs.google.com\/forms\/d\/e\/1FAIpQLSdwqF7hT13A1PJxP2ZwczCH9XeIcqOOEFzZccBX3BJrCj55dQ\/viewform\" target=\"_blank\" rel=\"noopener\"><b>Link de Preinscripci\u00f3n<\/b><\/a>\r\n<a href=\"https:\/\/face.unt.edu.ar\/web\/blog\/maestria-en-economia-area-politicas-economicas-y-sociales\/\">M\u00e1s informaci\u00f3n<\/a>\r\n<h2>MAESTR\u00cdA EN ESTAD\u00cdSTICA APLICADA<\/h2>\r\n<strong><a href=\"https:\/\/face.unt.edu.ar\/web\/wp-content\/uploads\/2025\/10\/maestria-en-estadistica.jpg\"><img class=\"alignleft size-full wp-image-22058\" src=\"https:\/\/face.unt.edu.ar\/web\/wp-content\/uploads\/2025\/10\/maestria-en-estadistica.jpg\" alt=\"Maestr\u00eda en economia\" width=\"300\" height=\"169\" \/><\/a>Informes e inscripciones:<\/strong>\r\nFacultad de Ciencias Econ\u00f3micas UNT. Avenida Independencia 1900 \u2013\u00a0 Oficina 52\r\n<strong>Horarios:<\/strong> Lunes a viernes de 9:30 a 12:30 horas\r\nLunes, mi\u00e9rcoles y viernes de 17:00 a 18:30 horas\r\n<strong>Tel\u00e9fono:<\/strong> 0381-154954428\r\n<strong>E-mail:<\/strong> posgrado@face.unt.edu.ar\r\n<a href=\"https:\/\/face.unt.edu.ar\/web\/blog\/maestria-en-estadistica-aplicada\/\">M\u00e1s informaci\u00f3n<\/a>","_et_gb_content_width":"","footnotes":""},"_links":{"self":[{"href":"https:\/\/face.unt.edu.ar\/web\/wp-json\/wp\/v2\/pages\/21690"}],"collection":[{"href":"https:\/\/face.unt.edu.ar\/web\/wp-json\/wp\/v2\/pages"}],"about":[{"href":"https:\/\/face.unt.edu.ar\/web\/wp-json\/wp\/v2\/types\/page"}],"author":[{"embeddable":true,"href":"https:\/\/face.unt.edu.ar\/web\/wp-json\/wp\/v2\/users\/1"}],"replies":[{"embeddable":true,"href":"https:\/\/face.unt.edu.ar\/web\/wp-json\/wp\/v2\/comments?post=21690"}],"version-history":[{"count":18,"href":"https:\/\/face.unt.edu.ar\/web\/wp-json\/wp\/v2\/pages\/21690\/revisions"}],"predecessor-version":[{"id":22437,"href":"https:\/\/face.unt.edu.ar\/web\/wp-json\/wp\/v2\/pages\/21690\/revisions\/22437"}],"up":[{"embeddable":true,"href":"https:\/\/face.unt.edu.ar\/web\/wp-json\/wp\/v2\/pages\/21463"}],"wp:attachment":[{"href":"https:\/\/face.unt.edu.ar\/web\/wp-json\/wp\/v2\/media?parent=21690"}],"curies":[{"name":"wp","href":"https:\/\/api.w.org\/{rel}","templated":true}]}}