{"id":21692,"date":"2025-10-07T22:42:34","date_gmt":"2025-10-07T22:42:34","guid":{"rendered":"https:\/\/face.unt.edu.ar\/web\/?page_id=21692"},"modified":"2025-11-03T14:01:32","modified_gmt":"2025-11-03T14:01:32","slug":"doctorados","status":"publish","type":"page","link":"https:\/\/face.unt.edu.ar\/web\/carreras-de-posgrado\/doctorados\/","title":{"rendered":"Doctorados"},"content":{"rendered":"<p>[et_pb_section fb_built=\u00bb1&#8243; _builder_version=\u00bb4.23.1&#8243; _module_preset=\u00bbdefault\u00bb custom_padding=\u00bb37px||25px|||\u00bb locked=\u00bboff\u00bb global_colors_info=\u00bb{}\u00bb][et_pb_row _builder_version=\u00bb4.23.1&#8243; _module_preset=\u00bbdefault\u00bb custom_padding=\u00bb||13px|||\u00bb global_colors_info=\u00bb{}\u00bb][et_pb_column type=\u00bb4_4&#8243; _builder_version=\u00bb4.23.1&#8243; _module_preset=\u00bbdefault\u00bb global_colors_info=\u00bb{}\u00bb][et_pb_text _builder_version=\u00bb4.23.1&#8243; _module_preset=\u00bbdefault\u00bb header_font=\u00bbPoppins|700|||||||\u00bb global_colors_info=\u00bb{}\u00bb]<\/p>\n<h1>Doctorados<\/h1>\n<p>[\/et_pb_text][\/et_pb_column][\/et_pb_row][\/et_pb_section][et_pb_section fb_built=\u00bb1&#8243; _builder_version=\u00bb4.23.1&#8243; _module_preset=\u00bbdefault\u00bb custom_padding=\u00bb19px|||||\u00bb global_colors_info=\u00bb{}\u00bb][et_pb_row _builder_version=\u00bb4.23.1&#8243; _module_preset=\u00bbdefault\u00bb global_colors_info=\u00bb{}\u00bb][et_pb_column type=\u00bb4_4&#8243; _builder_version=\u00bb4.23.1&#8243; _module_preset=\u00bbdefault\u00bb global_colors_info=\u00bb{}\u00bb][et_pb_text _builder_version=\u00bb4.23.1&#8243; _module_preset=\u00bbdefault\u00bb global_colors_info=\u00bb{}\u00bb]<\/p>\n<h2>DOCTORADO REGIONAL EN CIENCIAS ECON\u00d3MICAS. Orientaci\u00f3n en Contabilidad &#8211; Orientaci\u00f3n en Gesti\u00f3n P\u00fablica.<\/h2>\n<p><strong>Informes e inscripciones:<\/strong><br \/>Facultad de Ciencias Econ\u00f3micas UNT. Avenida Independencia 1900<br \/><strong>E-mail:<\/strong>\u00a0<a href=\"mailto:doctorado.economicas@face.unt.edu.ar\">doctorado.economicas@face.unt.edu.ar<\/a><br \/><a href=\"https:\/\/docs.google.com\/forms\/d\/e\/1FAIpQLSdwqF7hT13A1PJxP2ZwczCH9XeIcqOOEFzZccBX3BJrCj55dQ\/viewform\" target=\"_blank\" rel=\"noopener\"><b>Link de Preinscripci\u00f3n<\/b><\/a><\/p>\n<p><strong><a href=\"https:\/\/face.unt.edu.ar\/web\/blog\/doctorado-regional-en-ciencias-economicas-con-orientacion-en-contabilidad-y-con-orientacion-en-gestion-publica\/\" rel=\"noopener\">M\u00e1s informaci\u00f3n\u00a0<\/a><\/strong><\/p>\n<p>[\/et_pb_text][\/et_pb_column][\/et_pb_row][et_pb_row _builder_version=\u00bb4.23.1&#8243; _module_preset=\u00bbdefault\u00bb global_colors_info=\u00bb{}\u00bb][et_pb_column type=\u00bb4_4&#8243; _builder_version=\u00bb4.23.1&#8243; _module_preset=\u00bbdefault\u00bb global_colors_info=\u00bb{}\u00bb][et_pb_text _builder_version=\u00bb4.23.1&#8243; _module_preset=\u00bbdefault\u00bb hover_enabled=\u00bb0&#8243; global_colors_info=\u00bb{}\u00bb sticky_enabled=\u00bb0&#8243;]<\/p>\n<h2>DOCTORADO EN CIENCIAS ECON\u00d3MICAS. Menciones: Econom\u00eda Pol\u00edtica \u2013 Administraci\u00f3n \u2013 Estad\u00edstica<\/h2>\n<p><strong>Informes e inscripciones:<\/strong><br \/>Facultad de Ciencias Econ\u00f3micas UNT. Avenida Independencia 1900<br \/><strong>E-mail:<\/strong> doctorado.economicas@face.unt.edu.ar<br \/><a href=\"https:\/\/docs.google.com\/forms\/d\/e\/1FAIpQLSdwqF7hT13A1PJxP2ZwczCH9XeIcqOOEFzZccBX3BJrCj55dQ\/viewform\" target=\"_blank\" rel=\"noopener\"><b>Link de Preinscripci\u00f3n<\/b><\/a><\/p>\n<p><strong><a href=\"https:\/\/face.unt.edu.ar\/web\/blog\/doctorado-en-ciencias-economicas-menciones-economia-politica-administracion-estadistica\/\" rel=\"noopener\">M\u00e1s informaci\u00f3n<\/a><\/strong><\/p>\n<p>[\/et_pb_text][\/et_pb_column][\/et_pb_row][\/et_pb_section]<\/p>\n","protected":false},"excerpt":{"rendered":"<p>DoctoradosDOCTORADO REGIONAL EN CIENCIAS ECON\u00d3MICAS. Orientaci\u00f3n en Contabilidad &#8211; Orientaci\u00f3n en Gesti\u00f3n P\u00fablica. Informes e inscripciones:Facultad de Ciencias Econ\u00f3micas UNT. Avenida Independencia 1900E-mail:\u00a0doctorado.economicas@face.unt.edu.arLink de Preinscripci\u00f3n M\u00e1s informaci\u00f3n\u00a0DOCTORADO EN CIENCIAS ECON\u00d3MICAS. Menciones: Econom\u00eda Pol\u00edtica \u2013 Administraci\u00f3n \u2013 Estad\u00edstica Informes e inscripciones:Facultad de Ciencias Econ\u00f3micas UNT. Avenida Independencia 1900E-mail: doctorado.economicas@face.unt.edu.arLink de Preinscripci\u00f3n M\u00e1s informaci\u00f3n<\/p>\n","protected":false},"author":1,"featured_media":0,"parent":21463,"menu_order":0,"comment_status":"closed","ping_status":"closed","template":"","meta":{"_et_pb_use_builder":"on","_et_pb_old_content":"<h2>DOCTORADO REGIONAL EN CIENCIAS ECON\u00d3MICAS. Orientaci\u00f3n en Contabilidad - Orientaci\u00f3n en Gesti\u00f3n P\u00fablica.<\/h2>\r\n<strong>Informes e inscripciones:<\/strong>\r\nFacultad de Ciencias Econ\u00f3micas UNT. Avenida Independencia 1900\r\n<strong>E-mail:<\/strong>\u00a0<a href=\"mailto:doctorado.economicas@face.unt.edu.ar\">doctorado.economicas@face.unt.edu.ar<\/a>\r\n<a href=\"https:\/\/docs.google.com\/forms\/d\/e\/1FAIpQLSdwqF7hT13A1PJxP2ZwczCH9XeIcqOOEFzZccBX3BJrCj55dQ\/viewform\" target=\"_blank\" rel=\"noopener\"><b>Link de Preinscripci\u00f3n<\/b><\/a>\r\n\r\n<strong><a href=\"https:\/\/face.unt.edu.ar\/web\/blog\/doctorado-regional-en-ciencias-economicas-con-orientacion-en-contabilidad-y-con-orientacion-en-gestion-publica\/\" target=\"_blank\" rel=\"noopener\">M\u00e1s informaci\u00f3n\u00a0<\/a><\/strong>\r\n<h2>DOCTORADO EN CIENCIAS ECON\u00d3MICAS. Menciones: Econom\u00eda Pol\u00edtica \u2013 Administraci\u00f3n \u2013 Estad\u00edstica<\/h2>\r\n<strong>Informes e inscripciones:<\/strong>\r\nFacultad de Ciencias Econ\u00f3micas UNT. Avenida Independencia 1900\r\n<strong>E-mail:<\/strong> doctorado.economicas@face.unt.edu.ar\r\n<a href=\"https:\/\/docs.google.com\/forms\/d\/e\/1FAIpQLSdwqF7hT13A1PJxP2ZwczCH9XeIcqOOEFzZccBX3BJrCj55dQ\/viewform\" target=\"_blank\" rel=\"noopener\"><b>Link de Preinscripci\u00f3n<\/b><\/a>\r\n\r\n<strong><a href=\"https:\/\/face.unt.edu.ar\/web\/blog\/doctorado-en-ciencias-economicas-menciones-economia-politica-administracion-estadistica\/\" target=\"_blank\" rel=\"noopener\">M\u00e1s informaci\u00f3n<\/a><\/strong>","_et_gb_content_width":"","footnotes":""},"_links":{"self":[{"href":"https:\/\/face.unt.edu.ar\/web\/wp-json\/wp\/v2\/pages\/21692"}],"collection":[{"href":"https:\/\/face.unt.edu.ar\/web\/wp-json\/wp\/v2\/pages"}],"about":[{"href":"https:\/\/face.unt.edu.ar\/web\/wp-json\/wp\/v2\/types\/page"}],"author":[{"embeddable":true,"href":"https:\/\/face.unt.edu.ar\/web\/wp-json\/wp\/v2\/users\/1"}],"replies":[{"embeddable":true,"href":"https:\/\/face.unt.edu.ar\/web\/wp-json\/wp\/v2\/comments?post=21692"}],"version-history":[{"count":13,"href":"https:\/\/face.unt.edu.ar\/web\/wp-json\/wp\/v2\/pages\/21692\/revisions"}],"predecessor-version":[{"id":22364,"href":"https:\/\/face.unt.edu.ar\/web\/wp-json\/wp\/v2\/pages\/21692\/revisions\/22364"}],"up":[{"embeddable":true,"href":"https:\/\/face.unt.edu.ar\/web\/wp-json\/wp\/v2\/pages\/21463"}],"wp:attachment":[{"href":"https:\/\/face.unt.edu.ar\/web\/wp-json\/wp\/v2\/media?parent=21692"}],"curies":[{"name":"wp","href":"https:\/\/api.w.org\/{rel}","templated":true}]}}