{"id":21751,"date":"2025-10-08T19:07:39","date_gmt":"2025-10-08T19:07:39","guid":{"rendered":"https:\/\/face.unt.edu.ar\/web\/?page_id=21751"},"modified":"2025-10-08T19:09:48","modified_gmt":"2025-10-08T19:09:48","slug":"procedimiento-para-solicitar-el-titulo-universitario-documentacion-por-tramite-de-titulo","status":"publish","type":"page","link":"https:\/\/face.unt.edu.ar\/web\/procedimiento-para-solicitar-el-titulo-universitario-documentacion-por-tramite-de-titulo\/","title":{"rendered":"Procedimiento para solicitar el T\u00edtulo Universitario: documentaci\u00f3n por tr\u00e1mite de t\u00edtulo"},"content":{"rendered":"<p>La\u00a0<strong>Direcci\u00f3n de\u00a0T\u00edtulos\u00a0<\/strong>de la\u00a0<strong>Facultad de Ciencias Econ\u00f3micas de la UNT<\/strong>\u00a0informa que la\u00a0<strong>atenci\u00f3n al egresado<\/strong> se realiza de <strong>lunes a viernes\u00a0de 08:30 a 13:00 horas<\/strong>.<\/p>\n<p>&nbsp;<\/p>\n<p>Una vez que aprobaste la totalidad de las materias del plan de estudios de la carrera que cursaste en la Facultad de Ciencias Econ\u00f3micas debes proceder de la siguiente manera:<\/p>\n<ol>\n<li>Actualizar tu informaci\u00f3n en SIU Guaran\u00ed y completar todos los campos requeridos.<\/li>\n<li>Solicitar el libre deudas de Bibliotecas\u00a0 <strong><a href=\"http:\/\/w4.unt.edu.ar\/ldbib\/\" target=\"_blank\" rel=\"noopener\" data-saferedirecturl=\"https:\/\/www.google.com\/url?q=http:\/\/w4.unt.edu.ar\/ldbib\/&amp;source=gmail&amp;ust=1717247005279000&amp;usg=AOvVaw3h1doRXLFb7XgRuWdKDvK_\">http:\/\/w4.unt.edu.ar\/ldbib\/<\/a><\/strong><\/li>\n<li>Enviar un correo electr\u00f3nico a\u00a0<strong><a href=\"mailto:solicitudtitulo@face.unt.edu.ar\" target=\"_blank\" rel=\"noopener\">solicitudtitulo@face.unt.edu.ar<\/a><\/strong> informando que completaste el 100% de carrera.<br \/>\nEn el asunto debes indicar: T\u00edtulo en tr\u00e1mite.<br \/>\nEn el cuerpo del mensaje debes consignar: Apellido, nombre completo, D.N.I., carrera, plan de estudios, e-mail y tel\u00e9fono y adjuntar en archivo\u00a0PDF la documentaci\u00f3n necesaria\u00a0para el tr\u00e1mite.<\/li>\n<\/ol>\n<p>Desde la Direcci\u00f3n de T\u00edtulos, una vez controlada tu actuaci\u00f3n acad\u00e9mica y documentaci\u00f3n, te responder\u00e1n mediante correo electr\u00f3nico los pasos a seguir.<\/p>\n<p><strong>Documentaci\u00f3n necesaria:<\/strong><\/p>\n<ul>\n<li>Fotocopia de DNI Frente y Dorso a color, ampliada al 150%<\/li>\n<li>Fotocopia de T\u00edtulo Secundario.<\/li>\n<li>Acta de Nacimiento original Legalizada y Actualizada (m\u00e1ximo 6 meses de antig\u00fcedad).<\/li>\n<li>2 Fotos 4&#215;4 (tipo carnet) actual y a color.<\/li>\n<\/ul>\n<p>&nbsp;<\/p>\n<h4><strong>Procedimiento para solicitar el Anal\u00edtico, para egresados entre los a\u00f1os 2014 al 2019<\/strong><\/h4>\n<div>\n<div>-Dirigirse a la p\u00e1gina de la <strong>UNT<\/strong> y corroborar la existencia del tr\u00e1mite de su anal\u00edtico.<\/div>\n<div>Web: <strong><a href=\"https:\/\/w3.unt.edu.ar\/consultatitulos\/\" target=\"_blank\" rel=\"noopener\" data-saferedirecturl=\"https:\/\/www.google.com\/url?q=https:\/\/w3.unt.edu.ar\/consultatitulos\/&amp;source=gmail&amp;ust=1759497009120000&amp;usg=AOvVaw1h7uXqKjap6Icd7T3GMNev\">https:\/\/w3.unt.edu.ar\/consultatitulos\/<\/a><\/strong><\/div>\n<div><\/div>\n<div>\n<p>\u00a0* Si figura el tr\u00e1mite \u00abCertificaciones y legalizaciones\u00bb terminado, comun\u00edquese al mail de la Direcci\u00f3n\u00a0<span class=\"il\">Titulos<\/span> y le indicaremos los pasos a seguir.<\/p>\n<div>Correo de la <strong>Direcci\u00f3n <span class=\"il\">T\u00edtulos<\/span><\/strong>:\u00a0<strong><a href=\"mailto:dirtitulos@face.unt.edu.ar\" target=\"_blank\" rel=\"noopener\">dirtitulos@face.unt.edu.ar<\/a>\u00a0<\/strong><\/div>\n<p>&nbsp;<\/p>\n<p>* En el caso de no tener un tr\u00e1mite en proceso o terminado, los pasos a seguir son los siguientes.<\/p>\n<\/div>\n<div>\n<div>Para iniciar el tr\u00e1mite, deber\u00e1 enviar un mail a la Direcci\u00f3n <span class=\"il\">Titulos<\/span>\u00a0adjuntando:<\/div>\n<\/div>\n<div>\u00a0-Nota firmada.<\/div>\n<div>\u00a0-Fotocopia de diploma.<\/div>\n<div>\u00a0-Fotocopia de su t\u00edtulo secundario.<\/div>\n<\/div>\n<div><\/div>\n<h4><strong>Procedimiento para solicitar legalizaci\u00f3n de programas de materias para egresados<\/strong><\/h4>\n<p>1)- Para iniciar el tr\u00e1mite debe enviar una nota al e-mail <a href=\"mailto:mesa_entrada@face.unt.edu.ar\" target=\"_blank\" rel=\"noopener\">mesa_entrada@face.unt.edu.ar<\/a><\/p>\n<div>\n<div>2)- Descargar nota desde el siguiente link, modificar lo que corresponde y firmar.<\/div>\n<div><strong><a href=\"https:\/\/docs.google.com\/document\/d\/1dgizVSZFopM5WEIEljCSrw5JAupw2cNj\/edit?usp=sharing&amp;ouid=111400135753990143719&amp;rtpof=true&amp;sd=true\" target=\"_blank\" rel=\"noopener\">Descargar nota haciendo clic aqu\u00ed.<\/a><\/strong><\/div>\n<\/div>\n<div><\/div>\n<div><\/div>\n<div>\n<div>Una vez que llega el expediente a la Direcci\u00f3n de T\u00edtulos, se env\u00eda al e-mail del egresado los programas correspondientes y se informa los d\u00edas en los que podr\u00e1 presentar la documentaci\u00f3n en la Direcci\u00f3n de <span class=\"il\">T\u00edtulos<\/span>.<\/div>\n<div><\/div>\n<\/div>\n<div>Para tener en cuenta, debe solicitar las materias espec\u00edficas seg\u00fan su necesidad o indicar si son todas (la duraci\u00f3n del tr\u00e1mite depender\u00e1 de esto).<\/div>\n<div><\/div>\n<div><\/div>\n<div><strong>Documentaci\u00f3n:<\/strong><\/div>\n<div>-Nota enviada a mesa de entrada-<\/div>\n<div>-Programa de cada materia.<\/div>\n<div>-Fotocopia de Diploma y\/o anal\u00edtico.<\/div>\n<div>-Comprobante de pago de Legalizaci\u00f3n de Materias, el cual se abona en Tesorer\u00eda de nuestra facultad.<\/div>\n<div><\/div>\n<div><\/div>\n<div>Una vez concluido el tr\u00e1mite, Direcci\u00f3n de T\u00edtulos se comunicar\u00e1 por correo electr\u00f3nico para que el egresado pase por la oficina retirarlo.<\/div>\n<div><\/div>\n<div><\/div>\n","protected":false},"excerpt":{"rendered":"<p>La\u00a0Direcci\u00f3n de\u00a0T\u00edtulos\u00a0de la\u00a0Facultad de Ciencias Econ\u00f3micas de la UNT\u00a0informa que la\u00a0atenci\u00f3n al egresado se realiza de lunes a viernes\u00a0de 08:30 a 13:00 horas. &nbsp; Una vez que aprobaste la totalidad de las materias del plan de estudios de la carrera que cursaste en la Facultad de Ciencias Econ\u00f3micas debes proceder de la siguiente manera: Actualizar [&hellip;]<\/p>\n","protected":false},"author":1,"featured_media":0,"parent":0,"menu_order":0,"comment_status":"closed","ping_status":"closed","template":"","meta":{"_et_pb_use_builder":"","_et_pb_old_content":"","_et_gb_content_width":"","footnotes":""},"_links":{"self":[{"href":"https:\/\/face.unt.edu.ar\/web\/wp-json\/wp\/v2\/pages\/21751"}],"collection":[{"href":"https:\/\/face.unt.edu.ar\/web\/wp-json\/wp\/v2\/pages"}],"about":[{"href":"https:\/\/face.unt.edu.ar\/web\/wp-json\/wp\/v2\/types\/page"}],"author":[{"embeddable":true,"href":"https:\/\/face.unt.edu.ar\/web\/wp-json\/wp\/v2\/users\/1"}],"replies":[{"embeddable":true,"href":"https:\/\/face.unt.edu.ar\/web\/wp-json\/wp\/v2\/comments?post=21751"}],"version-history":[{"count":3,"href":"https:\/\/face.unt.edu.ar\/web\/wp-json\/wp\/v2\/pages\/21751\/revisions"}],"predecessor-version":[{"id":21754,"href":"https:\/\/face.unt.edu.ar\/web\/wp-json\/wp\/v2\/pages\/21751\/revisions\/21754"}],"wp:attachment":[{"href":"https:\/\/face.unt.edu.ar\/web\/wp-json\/wp\/v2\/media?parent=21751"}],"curies":[{"name":"wp","href":"https:\/\/api.w.org\/{rel}","templated":true}]}}