{"id":21756,"date":"2025-10-08T19:15:58","date_gmt":"2025-10-08T19:15:58","guid":{"rendered":"https:\/\/face.unt.edu.ar\/web\/?page_id=21756"},"modified":"2025-11-01T03:06:23","modified_gmt":"2025-11-01T03:06:23","slug":"contacto-posgrados","status":"publish","type":"page","link":"https:\/\/face.unt.edu.ar\/web\/contacto-posgrados\/","title":{"rendered":"Contacto | Estudiantes de Posgrado"},"content":{"rendered":"<p><a href=\"https:\/\/face.unt.edu.ar\/web\/wp-content\/uploads\/2025\/11\/horario-de-atencion.jpg\"><img decoding=\"async\" loading=\"lazy\" class=\"aligncenter  wp-image-22272\" src=\"https:\/\/face.unt.edu.ar\/web\/wp-content\/uploads\/2025\/11\/horario-de-atencion.jpg\" alt=\"horarios posgrados\" width=\"438\" height=\"438\" \/><\/a><\/p>\n<p>Se comunica a los alumnos que ingresan\u00a0 a cursar carreras de posgrado, los horarios de atenci\u00f3n al p\u00fablico de la oficina Alumnos y T\u00edtulos de Posgrado para dejar la documentaci\u00f3n del legajo.<\/p>\n<p><strong>Documentaci\u00f3n del Legajo:<\/strong><\/p>\n<ul>\n<li><i>Fotocopia DNI Frente y Dorso a color, ampliada al 150%<\/i><\/li>\n<li><i>Acta de Nacimiento Legalizada y Actualizada<\/i><\/li>\n<li><i>Fotocopia del T\u00edtulo de Grado con su correspondiente legalizaci\u00f3n<\/i><\/li>\n<li><i>Foto 4\u00d74 (tipo carnet) actual y a color.<\/i><\/li>\n<li><i>Comprobante de pago de matricula (emitido por Secretaria Administrativa de la FACE)<\/i><\/li>\n<li><i>Solicitud de Admisi\u00f3n y cartas de recomendaci\u00f3n<\/i><\/li>\n<\/ul>\n","protected":false},"excerpt":{"rendered":"<p>Se comunica a los alumnos que ingresan\u00a0 a cursar carreras de posgrado, los horarios de atenci\u00f3n al p\u00fablico de la oficina Alumnos y T\u00edtulos de Posgrado para dejar la documentaci\u00f3n del legajo. Documentaci\u00f3n del Legajo: Fotocopia DNI Frente y Dorso a color, ampliada al 150% Acta de Nacimiento Legalizada y Actualizada Fotocopia del T\u00edtulo de [&hellip;]<\/p>\n","protected":false},"author":1,"featured_media":0,"parent":0,"menu_order":0,"comment_status":"closed","ping_status":"closed","template":"","meta":{"_et_pb_use_builder":"","_et_pb_old_content":"","_et_gb_content_width":"","footnotes":""},"_links":{"self":[{"href":"https:\/\/face.unt.edu.ar\/web\/wp-json\/wp\/v2\/pages\/21756"}],"collection":[{"href":"https:\/\/face.unt.edu.ar\/web\/wp-json\/wp\/v2\/pages"}],"about":[{"href":"https:\/\/face.unt.edu.ar\/web\/wp-json\/wp\/v2\/types\/page"}],"author":[{"embeddable":true,"href":"https:\/\/face.unt.edu.ar\/web\/wp-json\/wp\/v2\/users\/1"}],"replies":[{"embeddable":true,"href":"https:\/\/face.unt.edu.ar\/web\/wp-json\/wp\/v2\/comments?post=21756"}],"version-history":[{"count":4,"href":"https:\/\/face.unt.edu.ar\/web\/wp-json\/wp\/v2\/pages\/21756\/revisions"}],"predecessor-version":[{"id":22273,"href":"https:\/\/face.unt.edu.ar\/web\/wp-json\/wp\/v2\/pages\/21756\/revisions\/22273"}],"wp:attachment":[{"href":"https:\/\/face.unt.edu.ar\/web\/wp-json\/wp\/v2\/media?parent=21756"}],"curies":[{"name":"wp","href":"https:\/\/api.w.org\/{rel}","templated":true}]}}