{"id":21762,"date":"2025-10-08T19:20:02","date_gmt":"2025-10-08T19:20:02","guid":{"rendered":"https:\/\/face.unt.edu.ar\/web\/?page_id=21762"},"modified":"2026-03-20T14:12:22","modified_gmt":"2026-03-20T14:12:22","slug":"tramite-de-titulo","status":"publish","type":"page","link":"https:\/\/face.unt.edu.ar\/web\/institucional\/secretarias\/secretaria-de-ciencia-tecnica-y-posgrado\/tramite-de-titulo\/","title":{"rendered":"Tr\u00e1mite de T\u00edtulo"},"content":{"rendered":"<p><a href=\"https:\/\/face.unt.edu.ar\/web\/posgrados\/wp-content\/uploads\/sites\/3\/2022\/06\/titulos-324x160-1.jpg\"><img decoding=\"async\" loading=\"lazy\" class=\"wp-image-1578 aligncenter\" src=\"https:\/\/face.unt.edu.ar\/web\/posgrados\/wp-content\/uploads\/sites\/3\/2022\/06\/titulos-324x160-1-300x148.jpg\" alt=\"\" width=\"496\" height=\"245\" \/><\/a><\/p>\n<p>Una vez que aprobaste la totalidad de las materias del Plan de Estudios de la carrera que cursaste en la Facultad de Ciencias Econ\u00f3micas debes proceder de la siguiente manera:<\/p>\n<p>1.- Enviar un correo electr\u00f3nico a posgrado.alumnos@face.unt.edu.ar\u00a0\u00a0\u00a0informando que completaste el 1OO % de carrera. En asunto, indicar \u00abT\u00edtulo en tr\u00e1mite\u00bb; y en el cuerpo del mensaje debes consignar: apellido,\u00a0 nombre completo, D.N.I., carrera, cohorte, e-mail y tel\u00e9fono.<\/p>\n<p>2.- Desde la Secretar\u00eda de Ciencia, T\u00e9cnica y Posgrado, una vez controlada tu actuaci\u00f3n acad\u00e9mica, te responder\u00e1n mediante correo electr\u00f3nico asign\u00e1ndote una fecha y hora para presentar la documentaci\u00f3n completa en esta Secretar\u00eda.<\/p>\n<p>Documentaci\u00f3n necesaria:<\/p>\n<ul>\n<li>Fotocopia DNI. (Frente y dorso a color, ampliada al 150%)<\/li>\n<li>Acta de nacimiento legalizada y actualizada. (M\u00e1ximo 6 meses de antig\u00fcedad)<\/li>\n<li>Fotocopia del t\u00edtulo de grado con su correspondiente legalizaci\u00f3n. (Emitida por la unidad acad\u00e9mica que lo expidi\u00f3)<\/li>\n<li>Constancia o copia autenticada del certificado del curso lecto-comprensi\u00f3n idioma Ingl\u00e9s para graduados expedida por universidades nacionales.<\/li>\n<li>Dos (2) fotos 4X4\u00a0 actual y a color. (Tipo carnet)<\/li>\n<li>Libre deuda de bibliotecas con c\u00f3digo de barras\u00a0<strong>(Impreso)<\/strong>. Se genera el certificado en el link habilitado para su tramitaci\u00f3n\u00a0\u00a0<a href=\"http:\/\/w4.unt.edu.ar\/ldBib\/\">http:\/\/w4.unt.edu.ar\/ldBib\/<\/a> usted recibir\u00e1 un mail con el libre deuda dentro de las 48 horas.<\/li>\n<li>Constancia de env\u00edo de Tesis\/Tesina y\/o Trabajo final para ser incorporado en el Repositorio FACE \u2013\u00a0<a href=\"https:\/\/face.unt.edu.ar\/web\/posgrados\/procedimiento-para-solicitar-constancia-de-envio-de-tesis-tesina-y-o-trabajo-final-al-repositorio-ridface\/\">Procedimiento para obtener la constancia<\/a><\/li>\n<\/ul>\n<p>El solicitante del T\u00edtulo debe presentar la documentaci\u00f3n indicada y completar los formularios de SOLICITUD DE DIPLOMA Y SOLICITUD DE INSCRIPCION que le proporcionar\u00e1 esta Secretar\u00eda (Oficina 88). <strong>Previo acuerdo de d\u00eda y hora.<\/strong><\/p>\n","protected":false},"excerpt":{"rendered":"<p>Una vez que aprobaste la totalidad de las materias del Plan de Estudios de la carrera que cursaste en la Facultad de Ciencias Econ\u00f3micas debes proceder de la siguiente manera: 1.- Enviar un correo electr\u00f3nico a posgrado.alumnos@face.unt.edu.ar\u00a0\u00a0\u00a0informando que completaste el 1OO % de carrera. En asunto, indicar \u00abT\u00edtulo en tr\u00e1mite\u00bb; y en el cuerpo del [&hellip;]<\/p>\n","protected":false},"author":1,"featured_media":0,"parent":21427,"menu_order":0,"comment_status":"closed","ping_status":"closed","template":"","meta":{"_et_pb_use_builder":"","_et_pb_old_content":"","_et_gb_content_width":"","footnotes":""},"_links":{"self":[{"href":"https:\/\/face.unt.edu.ar\/web\/wp-json\/wp\/v2\/pages\/21762"}],"collection":[{"href":"https:\/\/face.unt.edu.ar\/web\/wp-json\/wp\/v2\/pages"}],"about":[{"href":"https:\/\/face.unt.edu.ar\/web\/wp-json\/wp\/v2\/types\/page"}],"author":[{"embeddable":true,"href":"https:\/\/face.unt.edu.ar\/web\/wp-json\/wp\/v2\/users\/1"}],"replies":[{"embeddable":true,"href":"https:\/\/face.unt.edu.ar\/web\/wp-json\/wp\/v2\/comments?post=21762"}],"version-history":[{"count":4,"href":"https:\/\/face.unt.edu.ar\/web\/wp-json\/wp\/v2\/pages\/21762\/revisions"}],"predecessor-version":[{"id":22981,"href":"https:\/\/face.unt.edu.ar\/web\/wp-json\/wp\/v2\/pages\/21762\/revisions\/22981"}],"up":[{"embeddable":true,"href":"https:\/\/face.unt.edu.ar\/web\/wp-json\/wp\/v2\/pages\/21427"}],"wp:attachment":[{"href":"https:\/\/face.unt.edu.ar\/web\/wp-json\/wp\/v2\/media?parent=21762"}],"curies":[{"name":"wp","href":"https:\/\/api.w.org\/{rel}","templated":true}]}}