{"id":21783,"date":"2025-10-10T19:40:50","date_gmt":"2025-10-10T19:40:50","guid":{"rendered":"https:\/\/face.unt.edu.ar\/web\/?page_id=21783"},"modified":"2025-11-20T12:29:30","modified_gmt":"2025-11-20T12:29:30","slug":"instituto-de-estudios-socioeconomicos","status":"publish","type":"page","link":"https:\/\/face.unt.edu.ar\/web\/institutos\/instituto-de-estudios-socioeconomicos\/","title":{"rendered":"Instituto de estudios socioecon\u00f3micos"},"content":{"rendered":"<h2>Autoridades<\/h2>\n<h3>Director<\/h3>\n<p>Alcaide, Alejandro Jos\u00e9<\/p>\n<h3>Consejo Consultivo<\/h3>\n<p><strong>Profesores Titulares, Asociados y Adjuntos:<br \/>\n<\/strong>Risco, Juan Pablo<br \/>\nHuerta Mendoza de Labastida, M\u00f3nica I.<br \/>\nRoll\u00e1n, Pedro<\/p>\n<p><strong> Jefes de Trabajos Pr\u00e1cticos:<br \/>\n<\/strong>Augier, Rolando Mat\u00edas<br \/>\nPeralta, Beatriz del Valle<\/p>\n<h2><\/h2>\n<h2>C\u00e1tedras<\/h2>\n<ul>\n<li>Epistemolog\u00eda y L\u00f3gica<\/li>\n<li>Estad\u00edstica<\/li>\n<li>Historia Econ\u00f3mica y Social<\/li>\n<li>Metodolog\u00eda de la Investigaci\u00f3n en Ciencias Econ\u00f3micas<\/li>\n<\/ul>\n","protected":false},"excerpt":{"rendered":"<p>Autoridades Director Alcaide, Alejandro Jos\u00e9 Consejo Consultivo Profesores Titulares, Asociados y Adjuntos: Risco, Juan Pablo Huerta Mendoza de Labastida, M\u00f3nica I. Roll\u00e1n, Pedro Jefes de Trabajos Pr\u00e1cticos: Augier, Rolando Mat\u00edas Peralta, Beatriz del Valle C\u00e1tedras Epistemolog\u00eda y L\u00f3gica Estad\u00edstica Historia Econ\u00f3mica y Social Metodolog\u00eda de la Investigaci\u00f3n en Ciencias Econ\u00f3micas<\/p>\n","protected":false},"author":1,"featured_media":0,"parent":425,"menu_order":0,"comment_status":"closed","ping_status":"closed","template":"","meta":{"_et_pb_use_builder":"","_et_pb_old_content":"","_et_gb_content_width":"","footnotes":""},"_links":{"self":[{"href":"https:\/\/face.unt.edu.ar\/web\/wp-json\/wp\/v2\/pages\/21783"}],"collection":[{"href":"https:\/\/face.unt.edu.ar\/web\/wp-json\/wp\/v2\/pages"}],"about":[{"href":"https:\/\/face.unt.edu.ar\/web\/wp-json\/wp\/v2\/types\/page"}],"author":[{"embeddable":true,"href":"https:\/\/face.unt.edu.ar\/web\/wp-json\/wp\/v2\/users\/1"}],"replies":[{"embeddable":true,"href":"https:\/\/face.unt.edu.ar\/web\/wp-json\/wp\/v2\/comments?post=21783"}],"version-history":[{"count":10,"href":"https:\/\/face.unt.edu.ar\/web\/wp-json\/wp\/v2\/pages\/21783\/revisions"}],"predecessor-version":[{"id":22533,"href":"https:\/\/face.unt.edu.ar\/web\/wp-json\/wp\/v2\/pages\/21783\/revisions\/22533"}],"up":[{"embeddable":true,"href":"https:\/\/face.unt.edu.ar\/web\/wp-json\/wp\/v2\/pages\/425"}],"wp:attachment":[{"href":"https:\/\/face.unt.edu.ar\/web\/wp-json\/wp\/v2\/media?parent=21783"}],"curies":[{"name":"wp","href":"https:\/\/api.w.org\/{rel}","templated":true}]}}