{"id":21789,"date":"2025-10-10T20:52:43","date_gmt":"2025-10-10T20:52:43","guid":{"rendered":"https:\/\/face.unt.edu.ar\/web\/?page_id=21789"},"modified":"2025-11-13T15:49:01","modified_gmt":"2025-11-13T15:49:01","slug":"instituto-de-derecho","status":"publish","type":"page","link":"https:\/\/face.unt.edu.ar\/web\/institutos\/instituto-de-derecho\/","title":{"rendered":"Instituto de Derecho"},"content":{"rendered":"<h2>Autoridades<\/h2>\n<h3>Director:<\/h3>\n<ul>\n<li>Abog. Eduardo Ruben Torrego<\/li>\n<\/ul>\n<h3>Consejo Consultivo:<\/h3>\n<h3>Profesores Titulares<\/h3>\n<ul>\n<li>Abog. Holgado, Sergio Eusebio.<\/li>\n<li>Abog. Salazar, Mar\u00eda Roxana.<\/li>\n<li>Esp. Ventura, Rosa.<\/li>\n<\/ul>\n<h3>Jefes de Trabajos Pr\u00e1cticos<\/h3>\n<ul>\n<li>Abog. Crespo, Caty Yamile.<\/li>\n<li>Abog. Jim\u00e9nez Pastor, Juan Carlos Hugo<\/li>\n<\/ul>\n<p>&nbsp;<\/p>\n<h2>C\u00e1tedras<\/h2>\n<ul>\n<li><a href=\"https:\/\/drive.google.com\/open?id=0BxYpBAgmq7hSLUs5RW16dXZDUXM\" target=\"_blank\" rel=\"noopener\"><span class=\"il\">Derecho<\/span> Empresario I.<\/a><\/li>\n<li><span class=\"il\">Derecho<\/span> Empresario II.<\/li>\n<li><a href=\"https:\/\/drive.google.com\/open?id=0BxYpBAgmq7hSY3BUdE80TU9FYXc\" target=\"_blank\" rel=\"noopener\"><span class=\"il\">Derecho<\/span> Societario.<\/a><\/li>\n<li><a href=\"https:\/\/drive.google.com\/open?id=1pq4PBIwUC1OL5RCp-uBafN_Ycxwj_hwT\" target=\"_blank\" rel=\"noopener\"><span class=\"il\">Derecho<\/span> del Trabajo y la Seguridad Social.<\/a><\/li>\n<li><a href=\"https:\/\/drive.google.com\/open?id=0BxYpBAgmq7hSdUF5Q1F5amdaVTQ\" target=\"_blank\" rel=\"noopener\">Concursos y Pr\u00e1ctica Judicial.<\/a><\/li>\n<li><a href=\"https:\/\/drive.google.com\/open?id=1YYyPxxPUjOW52TWM5nWxcb-s2n0vgWHt\" target=\"_blank\" rel=\"noopener\">Taller de Derecho del Trabajo y la Seguridad Social<\/a><\/li>\n<\/ul>\n","protected":false},"excerpt":{"rendered":"<p>Autoridades Director: Abog. Eduardo Ruben Torrego Consejo Consultivo: Profesores Titulares Abog. Holgado, Sergio Eusebio. Abog. Salazar, Mar\u00eda Roxana. Esp. Ventura, Rosa. Jefes de Trabajos Pr\u00e1cticos Abog. Crespo, Caty Yamile. Abog. Jim\u00e9nez Pastor, Juan Carlos Hugo &nbsp; C\u00e1tedras Derecho Empresario I. Derecho Empresario II. Derecho Societario. Derecho del Trabajo y la Seguridad Social. Concursos y Pr\u00e1ctica [&hellip;]<\/p>\n","protected":false},"author":1,"featured_media":0,"parent":425,"menu_order":0,"comment_status":"closed","ping_status":"closed","template":"","meta":{"_et_pb_use_builder":"","_et_pb_old_content":"","_et_gb_content_width":"","footnotes":""},"_links":{"self":[{"href":"https:\/\/face.unt.edu.ar\/web\/wp-json\/wp\/v2\/pages\/21789"}],"collection":[{"href":"https:\/\/face.unt.edu.ar\/web\/wp-json\/wp\/v2\/pages"}],"about":[{"href":"https:\/\/face.unt.edu.ar\/web\/wp-json\/wp\/v2\/types\/page"}],"author":[{"embeddable":true,"href":"https:\/\/face.unt.edu.ar\/web\/wp-json\/wp\/v2\/users\/1"}],"replies":[{"embeddable":true,"href":"https:\/\/face.unt.edu.ar\/web\/wp-json\/wp\/v2\/comments?post=21789"}],"version-history":[{"count":6,"href":"https:\/\/face.unt.edu.ar\/web\/wp-json\/wp\/v2\/pages\/21789\/revisions"}],"predecessor-version":[{"id":22504,"href":"https:\/\/face.unt.edu.ar\/web\/wp-json\/wp\/v2\/pages\/21789\/revisions\/22504"}],"up":[{"embeddable":true,"href":"https:\/\/face.unt.edu.ar\/web\/wp-json\/wp\/v2\/pages\/425"}],"wp:attachment":[{"href":"https:\/\/face.unt.edu.ar\/web\/wp-json\/wp\/v2\/media?parent=21789"}],"curies":[{"name":"wp","href":"https:\/\/api.w.org\/{rel}","templated":true}]}}