{"id":22029,"date":"2025-10-29T12:23:12","date_gmt":"2025-10-29T12:23:12","guid":{"rendered":"https:\/\/face.unt.edu.ar\/web\/?page_id=22029"},"modified":"2025-10-29T12:24:43","modified_gmt":"2025-10-29T12:24:43","slug":"instructivo-siu-guarani-posgrado","status":"publish","type":"page","link":"https:\/\/face.unt.edu.ar\/web\/institucional\/secretarias\/secretaria-de-ciencia-tecnica-y-posgrado\/instructivo-siu-guarani-posgrado\/","title":{"rendered":"Instructivo para ingresar al SIU GUARANI para alumnos inscriptos en carreras de Posgrado de la FACE"},"content":{"rendered":"<p><strong><a href=\"https:\/\/face.unt.edu.ar\/web\/wp-content\/uploads\/2025\/10\/instructivo-siu.jpg\"><img decoding=\"async\" loading=\"lazy\" class=\"aligncenter size-full wp-image-22031\" src=\"https:\/\/face.unt.edu.ar\/web\/wp-content\/uploads\/2025\/10\/instructivo-siu.jpg\" alt=\"Instructivo para ingresar al SIU GUARANI para alumnos inscriptos en carreras de Posgrado de la FACE\" width=\"696\" height=\"586\" srcset=\"https:\/\/face.unt.edu.ar\/web\/wp-content\/uploads\/2025\/10\/instructivo-siu.jpg 696w, https:\/\/face.unt.edu.ar\/web\/wp-content\/uploads\/2025\/10\/instructivo-siu-300x253.jpg 300w, https:\/\/face.unt.edu.ar\/web\/wp-content\/uploads\/2025\/10\/instructivo-siu-499x420.jpg 499w\" sizes=\"(max-width: 696px) 100vw, 696px\" \/><\/a>Pasos para acceder al Sistema SIU GUARANI 3 de POSGRADO<\/strong><\/p>\n<ol>\n<li>Copie el siguiente link en su navegador:<\/li>\n<\/ol>\n<p><em><strong>\u00a0\u00a0\u00a0\u00a0\u00a0\u00a0\u00a0\u00a0\u00a0<a href=\"https:\/\/guarani.unt.edu.ar\/autogestion\" target=\"_blank\" rel=\"noopener\"> https:\/\/guarani.unt.edu.ar\/autogestion<\/a><\/strong><\/em><\/p>\n<p>(Esta direcci\u00f3n es diferente del SIU GUARANI 2 DE GRADO).<\/p>\n<ol>\n<li>Para poder acceder al sistema por primera vez debe ingresar<\/li>\n<\/ol>\n<p><strong>USUARIO<\/strong>: N\u00famero de documento<\/p>\n<p><strong>CONTRASE\u00d1A<\/strong>: para obtenerla hacer clic en la leyenda:<\/p>\n<p><em>\u00bfOlvidaste tu contrase\u00f1a o sos un usuario nuevo?<\/em><\/p>\n<p>-El sistema le pedir\u00e1 que complete los siguientes datos<\/p>\n<p><strong>Pa\u00eds<\/strong><\/p>\n<p><strong>Tipo de Documento<\/strong><\/p>\n<p><strong>N\u00b0 de DNI<\/strong><\/p>\n<p>-El sistema le enviar\u00e1 un email (al correo que inform\u00f3 en su carrera) con el link que le permitir\u00e1 restablecer la contrase\u00f1a.<\/p>\n<p>-Haga clic en ese link o copie el mismo en el buscador para generar su contrase\u00f1a. -Le pedir\u00e1 que ingrese la nueva contrase\u00f1a en dos campos. <em>Presionar acceder.<\/em><\/p>\n<p>-Regresara a la primera pantalla donde debe ingresar su usuario (n\u00famero de DNI) y contrase\u00f1a (contrase\u00f1a nueva generada)<\/p>\n<p>. Al Ingresar al sistema haga clic en <strong>mis<\/strong> <strong>datos personales<\/strong> para controlar la informaci\u00f3n cargada por la carrera y si es necesario actualice la misma.<\/p>\n<p><a href=\"https:\/\/face.unt.edu.ar\/web\/wp-content\/uploads\/2025\/10\/siu.jpg\"><img decoding=\"async\" loading=\"lazy\" class=\"size-full wp-image-22030 aligncenter\" src=\"https:\/\/face.unt.edu.ar\/web\/wp-content\/uploads\/2025\/10\/siu.jpg\" alt=\"Instructivo para ingresar al SIU GUARANI para alumnos inscriptos en carreras de Posgrado de la FACE\" width=\"628\" height=\"333\" srcset=\"https:\/\/face.unt.edu.ar\/web\/wp-content\/uploads\/2025\/10\/siu.jpg 628w, https:\/\/face.unt.edu.ar\/web\/wp-content\/uploads\/2025\/10\/siu-300x159.jpg 300w\" sizes=\"(max-width: 628px) 100vw, 628px\" \/><\/a><\/p>\n<p>Controlados sus datos personales presione confirmar para guardar los mismos.<\/p>\n<ol>\n<li>Recordar que el <strong>Usuario es siempre el N\u00ba de DNI.<\/strong><\/li>\n<li>Si el sistema le dice que no tiene registrado su email, comunicarse al secretario\/a de la carrera para que incorpore su email en el sistema.<\/li>\n<\/ol>\n","protected":false},"excerpt":{"rendered":"<p>Pasos para acceder al Sistema SIU GUARANI 3 de POSGRADO Copie el siguiente link en su navegador: \u00a0\u00a0\u00a0\u00a0\u00a0\u00a0\u00a0\u00a0\u00a0 https:\/\/guarani.unt.edu.ar\/autogestion (Esta direcci\u00f3n es diferente del SIU GUARANI 2 DE GRADO). Para poder acceder al sistema por primera vez debe ingresar USUARIO: N\u00famero de documento CONTRASE\u00d1A: para obtenerla hacer clic en la leyenda: \u00bfOlvidaste tu contrase\u00f1a o [&hellip;]<\/p>\n","protected":false},"author":1,"featured_media":0,"parent":21427,"menu_order":0,"comment_status":"closed","ping_status":"closed","template":"","meta":{"_et_pb_use_builder":"","_et_pb_old_content":"","_et_gb_content_width":"","footnotes":""},"_links":{"self":[{"href":"https:\/\/face.unt.edu.ar\/web\/wp-json\/wp\/v2\/pages\/22029"}],"collection":[{"href":"https:\/\/face.unt.edu.ar\/web\/wp-json\/wp\/v2\/pages"}],"about":[{"href":"https:\/\/face.unt.edu.ar\/web\/wp-json\/wp\/v2\/types\/page"}],"author":[{"embeddable":true,"href":"https:\/\/face.unt.edu.ar\/web\/wp-json\/wp\/v2\/users\/1"}],"replies":[{"embeddable":true,"href":"https:\/\/face.unt.edu.ar\/web\/wp-json\/wp\/v2\/comments?post=22029"}],"version-history":[{"count":2,"href":"https:\/\/face.unt.edu.ar\/web\/wp-json\/wp\/v2\/pages\/22029\/revisions"}],"predecessor-version":[{"id":22033,"href":"https:\/\/face.unt.edu.ar\/web\/wp-json\/wp\/v2\/pages\/22029\/revisions\/22033"}],"up":[{"embeddable":true,"href":"https:\/\/face.unt.edu.ar\/web\/wp-json\/wp\/v2\/pages\/21427"}],"wp:attachment":[{"href":"https:\/\/face.unt.edu.ar\/web\/wp-json\/wp\/v2\/media?parent=22029"}],"curies":[{"name":"wp","href":"https:\/\/api.w.org\/{rel}","templated":true}]}}