{"id":22086,"date":"2025-10-31T01:23:53","date_gmt":"2025-10-31T01:23:53","guid":{"rendered":"https:\/\/face.unt.edu.ar\/web\/?page_id=22086"},"modified":"2025-11-01T20:08:00","modified_gmt":"2025-11-01T20:08:00","slug":"carreras-de-grado","status":"publish","type":"page","link":"https:\/\/face.unt.edu.ar\/web\/carreras-de-grado\/","title":{"rendered":"Carreras de grado"},"content":{"rendered":"<p>[et_pb_section fb_built=\u00bb1&#8243; _builder_version=\u00bb4.23.1&#8243; _module_preset=\u00bbdefault\u00bb global_colors_info=\u00bb{}\u00bb][et_pb_row _builder_version=\u00bb4.23.1&#8243; _module_preset=\u00bbdefault\u00bb global_colors_info=\u00bb{}\u00bb][et_pb_column type=\u00bb4_4&#8243; _builder_version=\u00bb4.23.1&#8243; _module_preset=\u00bbdefault\u00bb global_colors_info=\u00bb{}\u00bb][et_pb_heading title=\u00bbCarreras de grado\u00bb _builder_version=\u00bb4.23.1&#8243; _module_preset=\u00bbdefault\u00bb title_font=\u00bbPoppins|700|||||||\u00bb title_font_size=\u00bb38px\u00bb global_colors_info=\u00bb{}\u00bb][\/et_pb_heading][\/et_pb_column][\/et_pb_row][et_pb_row _builder_version=\u00bb4.23.1&#8243; _module_preset=\u00bbdefault\u00bb global_colors_info=\u00bb{}\u00bb][et_pb_column type=\u00bb4_4&#8243; _builder_version=\u00bb4.23.1&#8243; _module_preset=\u00bbdefault\u00bb global_colors_info=\u00bb{}\u00bb][et_pb_cta title=\u00bbIngresantes\u00bb button_url=\u00bbhttps:\/\/face.unt.edu.ar\/web\/ingresantes\/\u00bb button_text=\u00bbIngresar\u00bb _builder_version=\u00bb4.23.1&#8243; _module_preset=\u00bbe295b71d-6d0e-4a19-a2e7-35a267ea5b3d\u00bb link_option_url_new_window=\u00bbon\u00bb global_colors_info=\u00bb{}\u00bb]<\/p>\n<p>Ingreso a 1er a\u00f1o<\/p>\n<p>[\/et_pb_cta][\/et_pb_column][\/et_pb_row][et_pb_row column_structure=\u00bb1_3,1_3,1_3&#8243; _builder_version=\u00bb4.23.1&#8243; _module_preset=\u00bbdefault\u00bb global_colors_info=\u00bb{}\u00bb][et_pb_column type=\u00bb1_3&#8243; _builder_version=\u00bb4.23.1&#8243; _module_preset=\u00bbdefault\u00bb global_colors_info=\u00bb{}\u00bb][et_pb_cta button_url=\u00bbhttps:\/\/face.unt.edu.ar\/web\/carreras\/contador-publico-nacional\/\u00bb button_text=\u00bbIngresar\u00bb _builder_version=\u00bb4.23.1&#8243; _module_preset=\u00bbe295b71d-6d0e-4a19-a2e7-35a267ea5b3d\u00bb body_font=\u00bbPoppins|800|||||||\u00bb body_font_size=\u00bb24px\u00bb body_line_height=\u00bb1.3em\u00bb button_alignment=\u00bbcenter\u00bb button_custom_margin=\u00bb||||false|false\u00bb button_custom_padding=\u00bb||||false|false\u00bb min_height=\u00bb239px\u00bb custom_margin=\u00bb||||false|false\u00bb custom_padding=\u00bb||||false|false\u00bb link_option_url_new_window=\u00bbon\u00bb global_colors_info=\u00bb{}\u00bb]Contador<br \/>\nP\u00fablico[\/et_pb_cta][\/et_pb_column][et_pb_column type=\u00bb1_3&#8243; _builder_version=\u00bb4.23.1&#8243; _module_preset=\u00bbdefault\u00bb global_colors_info=\u00bb{}\u00bb][et_pb_cta button_url=\u00bbhttps:\/\/face.unt.edu.ar\/web\/carreras\/licenciatura-en-administracion\/\u00bb button_text=\u00bbIngresar\u00bb _builder_version=\u00bb4.23.1&#8243; _module_preset=\u00bbe295b71d-6d0e-4a19-a2e7-35a267ea5b3d\u00bb body_font=\u00bbPoppins|800|||||||\u00bb body_font_size=\u00bb24px\u00bb body_line_height=\u00bb1.3em\u00bb button_alignment=\u00bbcenter\u00bb button_custom_margin=\u00bb||||false|false\u00bb button_custom_padding=\u00bb||||false|false\u00bb min_height=\u00bb239px\u00bb custom_margin=\u00bb||||false|false\u00bb custom_padding=\u00bb||||false|false\u00bb link_option_url_new_window=\u00bbon\u00bb global_colors_info=\u00bb{}\u00bb]Licenciatura<br \/>\nen Administraci\u00f3n[\/et_pb_cta][\/et_pb_column][et_pb_column type=\u00bb1_3&#8243; _builder_version=\u00bb4.23.1&#8243; _module_preset=\u00bbdefault\u00bb global_colors_info=\u00bb{}\u00bb][et_pb_cta button_url=\u00bbhttps:\/\/face.unt.edu.ar\/web\/carreras\/licenciatura-en-economia\/\u00bb button_text=\u00bbIngresar\u00bb _builder_version=\u00bb4.23.1&#8243; _module_preset=\u00bbe295b71d-6d0e-4a19-a2e7-35a267ea5b3d\u00bb body_font=\u00bbPoppins|800|||||||\u00bb body_font_size=\u00bb26px\u00bb body_line_height=\u00bb1.3em\u00bb button_alignment=\u00bbcenter\u00bb button_custom_margin=\u00bb||||false|false\u00bb button_custom_padding=\u00bb||||false|false\u00bb min_height=\u00bb239px\u00bb custom_margin=\u00bb||||false|false\u00bb custom_padding=\u00bb||||false|false\u00bb link_option_url_new_window=\u00bbon\u00bb global_colors_info=\u00bb{}\u00bb]Licenciatura<br \/>\nen Econom\u00eda[\/et_pb_cta][\/et_pb_column][\/et_pb_row][\/et_pb_section]<\/p>\n","protected":false},"excerpt":{"rendered":"<p>Ingreso a 1er a\u00f1oContador P\u00fablicoLicenciatura en Administraci\u00f3nLicenciatura en Econom\u00eda<\/p>\n","protected":false},"author":1,"featured_media":0,"parent":0,"menu_order":0,"comment_status":"closed","ping_status":"closed","template":"","meta":{"_et_pb_use_builder":"on","_et_pb_old_content":"","_et_gb_content_width":"","footnotes":""},"_links":{"self":[{"href":"https:\/\/face.unt.edu.ar\/web\/wp-json\/wp\/v2\/pages\/22086"}],"collection":[{"href":"https:\/\/face.unt.edu.ar\/web\/wp-json\/wp\/v2\/pages"}],"about":[{"href":"https:\/\/face.unt.edu.ar\/web\/wp-json\/wp\/v2\/types\/page"}],"author":[{"embeddable":true,"href":"https:\/\/face.unt.edu.ar\/web\/wp-json\/wp\/v2\/users\/1"}],"replies":[{"embeddable":true,"href":"https:\/\/face.unt.edu.ar\/web\/wp-json\/wp\/v2\/comments?post=22086"}],"version-history":[{"count":4,"href":"https:\/\/face.unt.edu.ar\/web\/wp-json\/wp\/v2\/pages\/22086\/revisions"}],"predecessor-version":[{"id":22314,"href":"https:\/\/face.unt.edu.ar\/web\/wp-json\/wp\/v2\/pages\/22086\/revisions\/22314"}],"wp:attachment":[{"href":"https:\/\/face.unt.edu.ar\/web\/wp-json\/wp\/v2\/media?parent=22086"}],"curies":[{"name":"wp","href":"https:\/\/api.w.org\/{rel}","templated":true}]}}