{"id":22457,"date":"2025-11-12T23:07:03","date_gmt":"2025-11-12T23:07:03","guid":{"rendered":"https:\/\/face.unt.edu.ar\/web\/?page_id=22457"},"modified":"2026-02-12T12:41:38","modified_gmt":"2026-02-12T12:41:38","slug":"cancelacion-de-matriculas","status":"publish","type":"page","link":"https:\/\/face.unt.edu.ar\/web\/cancelacion-de-matriculas\/","title":{"rendered":"Documentaci\u00f3n para cancelaci\u00f3n de matr\u00edcula"},"content":{"rendered":"<p>Para iniciar el tr\u00e1mite de\u00a0<strong>cancelaci\u00f3n de matr\u00edcula debes:<\/strong><\/p>\n<ul>\n<li><strong>Descargar<\/strong><strong>\u00a0la nota, modificar\u00a0<\/strong>donde corresponda y<strong>\u00a0firmar<\/strong>.\u00a0<span style=\"color: #ff0000\"><strong><a style=\"color: #ff0000\" href=\"https:\/\/docs.google.com\/document\/d\/1ABV2jlMQPNNhWDYE435tEy3ix16iq9W2\/edit?usp=sharing&amp;ouid=111400135753990143719&amp;rtpof=true&amp;sd=true\" target=\"_blank\" rel=\"noopener\">Descarg\u00e1 la nota haciendo clic aqu\u00ed.<\/a><\/strong><\/span><\/li>\n<li>Presentar la nota en Mesa de Entrada de la Facultad v\u00eda e-mail a: <strong>mesa_entrada@face.unt.edu.ar<\/strong><\/li>\n<li>Una vez que recibamos <strong>tu expediente,<\/strong> te enviaremos a tu correo electr\u00f3nico los programas de las materias aprobadas en la Facultad para que los<strong>\u00a0imprimas\u00a0<\/strong>y adjuntes la siguiente documentaci\u00f3n:<\/li>\n<\/ul>\n<ul>\n<li><strong>Libre deuda<\/strong>. Puedes obtenerlo en el siguiente link: <span style=\"color: #ff0000\"><strong><a style=\"color: #ff0000\" href=\"http:\/\/w4.unt.edu.ar\/ldBib\/\" target=\"_blank\" rel=\"noopener\">http:\/\/w4.unt.edu.ar\/ldBib\/<\/a><\/strong><\/span>.<\/li>\n<li>Fotocopia de <strong>acta de nacimiento.<\/strong><\/li>\n<li>Fotocopia de<strong> t\u00edtulo secundario.<\/strong><\/li>\n<li>Comprobante de\u00a0<strong>pago de cancelaci\u00f3n de matr\u00edcula de $47.000<\/strong>\u00a0el cual se abona en Tesorer\u00eda de nuestra Facultad.<\/li>\n<\/ul>\n<ul>\n<li>Al completar esta documentaci\u00f3n debes presentarla en la Facultad en un <strong>sobre cerrado\u00a0<\/strong>con tus datos:<\/li>\n<li><strong>Apellido y nombre<\/strong><\/li>\n<li><strong>DNI<\/strong><\/li>\n<li><strong>Correo electr\u00f3nico<\/strong><\/li>\n<li><strong>Celular<\/strong><\/li>\n<\/ul>\n<ul>\n<li>Una vez\u00a0<strong>concluido\u00a0<\/strong>el tr\u00e1mite nos comunicaremos por\u00a0<strong>correo electr\u00f3nico\u00a0<\/strong>para que pases por la Facultad para retirar la documentaci\u00f3n.<\/li>\n<\/ul>\n<p><strong>Cualquier consulta comun\u00edcate con nosotros a nuestro a correo<\/strong>\u00a0cmylm@face.unt.edu.ar<\/p>\n","protected":false},"excerpt":{"rendered":"<p>Para iniciar el tr\u00e1mite de\u00a0cancelaci\u00f3n de matr\u00edcula debes: Descargar\u00a0la nota, modificar\u00a0donde corresponda y\u00a0firmar.\u00a0Descarg\u00e1 la nota haciendo clic aqu\u00ed. Presentar la nota en Mesa de Entrada de la Facultad v\u00eda e-mail a: mesa_entrada@face.unt.edu.ar Una vez que recibamos tu expediente, te enviaremos a tu correo electr\u00f3nico los programas de las materias aprobadas en la Facultad para que [&hellip;]<\/p>\n","protected":false},"author":1,"featured_media":0,"parent":0,"menu_order":0,"comment_status":"closed","ping_status":"closed","template":"","meta":{"_et_pb_use_builder":"","_et_pb_old_content":"","_et_gb_content_width":"","footnotes":""},"_links":{"self":[{"href":"https:\/\/face.unt.edu.ar\/web\/wp-json\/wp\/v2\/pages\/22457"}],"collection":[{"href":"https:\/\/face.unt.edu.ar\/web\/wp-json\/wp\/v2\/pages"}],"about":[{"href":"https:\/\/face.unt.edu.ar\/web\/wp-json\/wp\/v2\/types\/page"}],"author":[{"embeddable":true,"href":"https:\/\/face.unt.edu.ar\/web\/wp-json\/wp\/v2\/users\/1"}],"replies":[{"embeddable":true,"href":"https:\/\/face.unt.edu.ar\/web\/wp-json\/wp\/v2\/comments?post=22457"}],"version-history":[{"count":12,"href":"https:\/\/face.unt.edu.ar\/web\/wp-json\/wp\/v2\/pages\/22457\/revisions"}],"predecessor-version":[{"id":22823,"href":"https:\/\/face.unt.edu.ar\/web\/wp-json\/wp\/v2\/pages\/22457\/revisions\/22823"}],"wp:attachment":[{"href":"https:\/\/face.unt.edu.ar\/web\/wp-json\/wp\/v2\/media?parent=22457"}],"curies":[{"name":"wp","href":"https:\/\/api.w.org\/{rel}","templated":true}]}}