{"id":229,"date":"2014-08-14T01:49:33","date_gmt":"2014-08-14T01:49:33","guid":{"rendered":"http:\/\/face.unt.edu.ar\/web\/?page_id=229"},"modified":"2025-11-01T21:59:34","modified_gmt":"2025-11-01T21:59:34","slug":"licenciatura-en-economia","status":"publish","type":"page","link":"https:\/\/face.unt.edu.ar\/web\/carreras\/licenciatura-en-economia\/","title":{"rendered":"Licenciatura en Econom\u00eda"},"content":{"rendered":"<p><strong>Materias:<\/strong> 29<\/p>\n<p><strong>Duraci\u00f3n:<\/strong> 5 a\u00f1os<\/p>\n<p><strong>Perfil profesional y campo laboral:<\/strong><br \/>\nEl licenciado en econom\u00eda que forma la UNT cuenta con herramientas te\u00f3ricas y cuantitativas para analizar los fen\u00f3menos micro y macroecon\u00f3micos, lo que le posibilita actuar en los \u00e1mbitos p\u00fablico, privado, de organizaciones no gubernamentales y de organismos internacionales.<\/p>\n<p>Puede desenvolverse como emprendedor en proyectos privados o pol\u00edticos; asesorar a empresas y ONGs sobre la marcha de la econom\u00eda y sobre los efectos de determinadas pol\u00edticas econ\u00f3micas en los mercados de productos de factores e idear estrategias competitivas a seguir. Tambi\u00e9n dise\u00f1ar y evaluar pol\u00edticas econ\u00f3micas en el sector p\u00fablico.<\/p>\n<p>Los economistas egresados de la UNT trabajan actualmente en financieras, bancos, consultoras, oficinas de gobierno, empresas de servicios p\u00fablicos, medios de comunicaci\u00f3n, ONG, universidades, centros de investigaci\u00f3n y organismos internacionales.<br \/>\nLos distintos campos de especializaci\u00f3n que incluye la carrera permiten a los alumnos ampliar los conocimientos b\u00e1sicos a \u00e1reas espec\u00edficas tales como comercio internacional, finanzas p\u00fablicas, mercado laboral, agricultura, organizaci\u00f3n industrial, mercado financiero y monetario.-<\/p>\n<p><iframe loading=\"lazy\" src=\"https:\/\/face.unt.edu.ar\/web\/programas\/app\/licenciatura-en-economia.html\" name=\"frame1\" width=\"100%\" height=\"1100px\" frameborder=\"no\" scrolling=\"auto\" align=\"center\"><br \/>\n<\/iframe><\/p>\n<p>Debe hacer click en cada Asignatura para acceder al Programa correspondiente.<\/p>\n","protected":false},"excerpt":{"rendered":"<p>Materias: 29 Duraci\u00f3n: 5 a\u00f1os Perfil profesional y campo laboral: El licenciado en econom\u00eda que forma la UNT cuenta con herramientas te\u00f3ricas y cuantitativas para analizar los fen\u00f3menos micro y macroecon\u00f3micos, lo que le posibilita actuar en los \u00e1mbitos p\u00fablico, privado, de organizaciones no gubernamentales y de organismos internacionales. Puede desenvolverse como emprendedor en proyectos [&hellip;]<\/p>\n","protected":false},"author":1,"featured_media":0,"parent":227,"menu_order":0,"comment_status":"open","ping_status":"open","template":"","meta":{"_et_pb_use_builder":"","_et_pb_old_content":"","_et_gb_content_width":"","footnotes":""},"_links":{"self":[{"href":"https:\/\/face.unt.edu.ar\/web\/wp-json\/wp\/v2\/pages\/229"}],"collection":[{"href":"https:\/\/face.unt.edu.ar\/web\/wp-json\/wp\/v2\/pages"}],"about":[{"href":"https:\/\/face.unt.edu.ar\/web\/wp-json\/wp\/v2\/types\/page"}],"author":[{"embeddable":true,"href":"https:\/\/face.unt.edu.ar\/web\/wp-json\/wp\/v2\/users\/1"}],"replies":[{"embeddable":true,"href":"https:\/\/face.unt.edu.ar\/web\/wp-json\/wp\/v2\/comments?post=229"}],"version-history":[{"count":39,"href":"https:\/\/face.unt.edu.ar\/web\/wp-json\/wp\/v2\/pages\/229\/revisions"}],"predecessor-version":[{"id":22333,"href":"https:\/\/face.unt.edu.ar\/web\/wp-json\/wp\/v2\/pages\/229\/revisions\/22333"}],"up":[{"embeddable":true,"href":"https:\/\/face.unt.edu.ar\/web\/wp-json\/wp\/v2\/pages\/227"}],"wp:attachment":[{"href":"https:\/\/face.unt.edu.ar\/web\/wp-json\/wp\/v2\/media?parent=229"}],"curies":[{"name":"wp","href":"https:\/\/api.w.org\/{rel}","templated":true}]}}