{"id":235,"date":"2014-08-14T02:01:04","date_gmt":"2014-08-14T02:01:04","guid":{"rendered":"http:\/\/face.unt.edu.ar\/web\/?page_id=235"},"modified":"2025-11-12T20:35:27","modified_gmt":"2025-11-12T20:35:27","slug":"licenciatura-en-administracion","status":"publish","type":"page","link":"https:\/\/face.unt.edu.ar\/web\/carreras\/licenciatura-en-administracion\/","title":{"rendered":"Licenciatura en Administraci\u00f3n"},"content":{"rendered":"<p><strong>Materias:<\/strong> 34 (incluye 4 talleres)<\/p>\n<p><strong>Duraci\u00f3n:<\/strong> 5 a\u00f1os<\/p>\n<p><strong>Perfil profesional y campo laboral:<\/strong><br \/>\nEl licenciado en administraci\u00f3n de la UNT tiene una orientaci\u00f3n generalista, con competencias para un desempe\u00f1o en funciones gerenciales, en roles t\u00e9cnico-funcionales, tareas de consultor\u00eda o impulsor de emprendimientos.<\/p>\n<p>Puede desempe\u00f1arse en relaci\u00f3n de dependencia, ocupando cargos jer\u00e1rquicos y de asesoramiento en la alta direcci\u00f3n y a nivel gerencial en todo tipo de organizaciones, ya sean privadas, p\u00fablicas, estatales, con o sin fines de lucro.<\/p>\n<p>Tambi\u00e9n, como profesional independiente, puede realizar an\u00e1lisis y elaboraci\u00f3n de estrategias de comercializaci\u00f3n, asesoramiento financiero, elaboraci\u00f3n de planes de producci\u00f3n, formulaci\u00f3n y evaluaci\u00f3n de proyectos de inversi\u00f3n, asesoramiento e impulso de emprendimientos, dise\u00f1o e implementaci\u00f3n de sistemas de procesamiento de datos e informaci\u00f3n y gesti\u00f3n de recursos humanos.-<\/p>\n<p style=\"text-align: center;\"><iframe loading=\"lazy\" src=\"https:\/\/face.unt.edu.ar\/web\/programas\/app\/licenciatura-en-administracion.html\" name=\"frame1\" width=\"100%\" height=\"1150px\" frameborder=\"no\" scrolling=\"auto\" align=\"center\"><br \/>\n<\/iframe><\/p>\n","protected":false},"excerpt":{"rendered":"<p>Materias: 34 (incluye 4 talleres) Duraci\u00f3n: 5 a\u00f1os Perfil profesional y campo laboral: El licenciado en administraci\u00f3n de la UNT tiene una orientaci\u00f3n generalista, con competencias para un desempe\u00f1o en funciones gerenciales, en roles t\u00e9cnico-funcionales, tareas de consultor\u00eda o impulsor de emprendimientos. Puede desempe\u00f1arse en relaci\u00f3n de dependencia, ocupando cargos jer\u00e1rquicos y de asesoramiento en [&hellip;]<\/p>\n","protected":false},"author":1,"featured_media":0,"parent":227,"menu_order":0,"comment_status":"open","ping_status":"open","template":"","meta":{"_et_pb_use_builder":"","_et_pb_old_content":"","_et_gb_content_width":"","footnotes":""},"_links":{"self":[{"href":"https:\/\/face.unt.edu.ar\/web\/wp-json\/wp\/v2\/pages\/235"}],"collection":[{"href":"https:\/\/face.unt.edu.ar\/web\/wp-json\/wp\/v2\/pages"}],"about":[{"href":"https:\/\/face.unt.edu.ar\/web\/wp-json\/wp\/v2\/types\/page"}],"author":[{"embeddable":true,"href":"https:\/\/face.unt.edu.ar\/web\/wp-json\/wp\/v2\/users\/1"}],"replies":[{"embeddable":true,"href":"https:\/\/face.unt.edu.ar\/web\/wp-json\/wp\/v2\/comments?post=235"}],"version-history":[{"count":31,"href":"https:\/\/face.unt.edu.ar\/web\/wp-json\/wp\/v2\/pages\/235\/revisions"}],"predecessor-version":[{"id":22454,"href":"https:\/\/face.unt.edu.ar\/web\/wp-json\/wp\/v2\/pages\/235\/revisions\/22454"}],"up":[{"embeddable":true,"href":"https:\/\/face.unt.edu.ar\/web\/wp-json\/wp\/v2\/pages\/227"}],"wp:attachment":[{"href":"https:\/\/face.unt.edu.ar\/web\/wp-json\/wp\/v2\/media?parent=235"}],"curies":[{"name":"wp","href":"https:\/\/api.w.org\/{rel}","templated":true}]}}