{"id":28,"date":"2014-06-19T14:23:01","date_gmt":"2014-06-19T14:23:01","guid":{"rendered":"http:\/\/unafacultadlider.com\/webdemo\/?page_id=28"},"modified":"2025-11-13T12:44:13","modified_gmt":"2025-11-13T12:44:13","slug":"contacto","status":"publish","type":"page","link":"https:\/\/face.unt.edu.ar\/web\/contacto\/","title":{"rendered":"Contacto"},"content":{"rendered":"<p><strong>Facultad de Ciencias Econ\u00f3micas<\/strong> &#8211; Av. Independencia 1900 &#8211; S.M de Tucum\u00e1n &#8211; Tucum\u00e1n &#8211; Argentina<\/p>\n<p><strong>Mesa de Entrada: mesa_entrada@face.unt.edu.ar<\/strong><\/p>\n<p><strong>Guardia: 3816036315<\/strong><br \/>\nHorario de atenci\u00f3n de 07:00 a 22:00 hs.\u00a0&#8211; Llamadas y WhatsApp.<\/p>\n<p><strong>Posgrado: 3814954428<\/strong><br \/>\nHorario de atenci\u00f3n: de 08:30 a 13:00 hs. &#8211; Llamadas y WhatsApp.<\/p>\n<p><strong>Centro de Capacitaci\u00f3n Continua: 3816139819<\/strong><br \/>\nHorario de atenci\u00f3n de 08:30 a 13:30 hs. &#8211; Llamadas y WhatsApp.<\/p>\n<p>&nbsp;<\/p>\n","protected":false},"excerpt":{"rendered":"<p>Facultad de Ciencias Econ\u00f3micas &#8211; Av. Independencia 1900 &#8211; S.M de Tucum\u00e1n &#8211; Tucum\u00e1n &#8211; Argentina Mesa de Entrada: mesa_entrada@face.unt.edu.ar Guardia: 3816036315 Horario de atenci\u00f3n de 07:00 a 22:00 hs.\u00a0&#8211; Llamadas y WhatsApp. Posgrado: 3814954428 Horario de atenci\u00f3n: de 08:30 a 13:00 hs. &#8211; Llamadas y WhatsApp. Centro de Capacitaci\u00f3n Continua: 3816139819 Horario de atenci\u00f3n [&hellip;]<\/p>\n","protected":false},"author":1,"featured_media":0,"parent":0,"menu_order":0,"comment_status":"open","ping_status":"open","template":"","meta":{"_et_pb_use_builder":"","_et_pb_old_content":"","_et_gb_content_width":"","footnotes":""},"_links":{"self":[{"href":"https:\/\/face.unt.edu.ar\/web\/wp-json\/wp\/v2\/pages\/28"}],"collection":[{"href":"https:\/\/face.unt.edu.ar\/web\/wp-json\/wp\/v2\/pages"}],"about":[{"href":"https:\/\/face.unt.edu.ar\/web\/wp-json\/wp\/v2\/types\/page"}],"author":[{"embeddable":true,"href":"https:\/\/face.unt.edu.ar\/web\/wp-json\/wp\/v2\/users\/1"}],"replies":[{"embeddable":true,"href":"https:\/\/face.unt.edu.ar\/web\/wp-json\/wp\/v2\/comments?post=28"}],"version-history":[{"count":13,"href":"https:\/\/face.unt.edu.ar\/web\/wp-json\/wp\/v2\/pages\/28\/revisions"}],"predecessor-version":[{"id":22484,"href":"https:\/\/face.unt.edu.ar\/web\/wp-json\/wp\/v2\/pages\/28\/revisions\/22484"}],"wp:attachment":[{"href":"https:\/\/face.unt.edu.ar\/web\/wp-json\/wp\/v2\/media?parent=28"}],"curies":[{"name":"wp","href":"https:\/\/api.w.org\/{rel}","templated":true}]}}