{"id":3840,"date":"2016-08-02T13:36:36","date_gmt":"2016-08-02T13:36:36","guid":{"rendered":"http:\/\/face.unt.edu.ar\/web\/?page_id=3840"},"modified":"2019-11-05T12:45:56","modified_gmt":"2019-11-05T12:45:56","slug":"olimpiadas-academicas-de-ciencias-economicas","status":"publish","type":"page","link":"https:\/\/face.unt.edu.ar\/web\/olimpiadas-academicas-de-ciencias-economicas\/","title":{"rendered":"Olimp\u00edadas Acad\u00e9micas de Ciencias Econ\u00f3micas 2018"},"content":{"rendered":"<p>[vc_row][vc_column][vc_single_image image=\u00bb3839&#8243; img_size=\u00bbfull\u00bb alignment=\u00bbcenter\u00bb][vc_column_text]<strong><em>Sede<\/em><\/strong><\/p>\n<p>Queda fijada como sede de las 4tas Olimp\u00edadas Acad\u00e9micas de Ciencias Econ\u00f3micas, la Facultad de Ciencias Econ\u00f3micas de la Universidad Nacional de Tucum\u00e1n sita en Av. Independencia 1800, San Miguel de Tucum\u00e1n.<\/p>\n<p><strong><em>Fecha de las Olimp\u00edadas<\/em><\/strong><\/p>\n<p>Se llevar\u00e1n a cabo el d\u00eda 15 de Noviembre de 2019, de 09:30 a 13:30 hs.<\/p>\n<p>Para mayor informaci\u00f3n, ponemos a disposici\u00f3n el siguiente medio de contacto de la Secretar\u00eda de Extensi\u00f3n: articulacionsecundarios@face.unt.edu.ar<\/p>\n<p style=\"text-align: justify\"><strong>Prop\u00f3sito<\/strong><\/p>\n<p>Se persigue el acercamiento de la Universidad a los docentes y estudiantes de las Instituciones Secundarias, a trav\u00e9s del acompa\u00f1amiento en la preparaci\u00f3n y participaci\u00f3n en este evento, que si bien premia los resultados, tambi\u00e9n es muy importante la preparaci\u00f3n con el involucramiento de todos los actores y la experiencia que se podr\u00e1 adquirir en la participaci\u00f3n.<\/p>\n<p>Se pretende desestructurar la mirada sobre la Universidad, facilitando la vinculaci\u00f3n entre ambos niveles educativos y generando una renovada consciencia sobre la importancia de los conocimientos previos y su aplicaci\u00f3n inteligente.<\/p>\n<p>Para ello, el nivel de exigencia de las Olimp\u00edadas supone la puesta en juego no s\u00f3lo de conocimientos, sino tambi\u00e9n del aprendizaje en colaboraci\u00f3n (docentes y estudiantes) para la resoluci\u00f3n de los planteos en los diferentes n\u00facleos de conocimientos. Tanto para la orientaci\u00f3n af\u00edn a las Ciencias Econ\u00f3micas en una categor\u00eda, como en las restantes orientaciones en otra categor\u00eda.<\/p>\n<p>A su vez, se construye un puente de acercamiento del sector de ense\u00f1anza de nivel medio con el universitario.<\/p>\n<p><strong>Participantes<\/strong><br \/>\n<a href=\"http:\/\/face.unt.edu.ar\/web\/wp-content\/uploads\/2016\/08\/participantes-olimpiadas.jpg\"><img decoding=\"async\" loading=\"lazy\" class=\"alignleft size-full wp-image-4107\" src=\"http:\/\/face.unt.edu.ar\/web\/wp-content\/uploads\/2016\/08\/participantes-olimpiadas.jpg\" alt=\"participantes-olimpiadas\" width=\"372\" height=\"185\" srcset=\"https:\/\/face.unt.edu.ar\/web\/wp-content\/uploads\/2016\/08\/participantes-olimpiadas.jpg 372w, https:\/\/face.unt.edu.ar\/web\/wp-content\/uploads\/2016\/08\/participantes-olimpiadas-300x149.jpg 300w\" sizes=\"(max-width: 372px) 100vw, 372px\" \/><\/a><\/p>\n<p>Pueden participar los estudiantes de los <strong><em>dos \u00faltimos a\u00f1os<\/em><\/strong> pertenecientes a la educaci\u00f3n del Nivel Medio.<\/p>\n<p>Est\u00e1n invitados a participar estudiantes de escuelas de gesti\u00f3n p\u00fablica y de gesti\u00f3n privada.<\/p>\n<p>La instituci\u00f3n del nivel medio, podr\u00e1 inscribir hasta <strong>dos equipos<\/strong>: uno con estudiantes con orientaci\u00f3n contable, y otro con orientaciones no contables.<\/p>\n<p>Cada establecimiento educativo presentar\u00e1 sus equipos (conformado por hasta cuatro integrantes) por categor\u00eda, seg\u00fan las ya indicadas. Es responsabilidad de cada establecimiento inscribir a sus alumnos en la categor\u00eda que le corresponde.<\/p>\n<p>La selecci\u00f3n de los participantes se llevar\u00e1 adelante aplicando los criterios que cada establecimiento educativo considere m\u00e1s adecuado.<\/p>\n<p>El d\u00eda de la competencia, el contingente estudiantil deber\u00e1 ser acompa\u00f1ado por lo menos de un docente responsable nombrado por las autoridades de la instituci\u00f3n que representan.<\/p>\n<p><a href=\"https:\/\/drive.google.com\/file\/d\/0BwZE7DzLP04YS3Q5OTdVa2IwRFA2eHJsWmdvR0JnY1h4YVBN\/view?usp=sharing\" target=\"_blank\" rel=\"noopener noreferrer\"><strong>Descargar aqu\u00ed la Ficha de Inscripci\u00f3n\u00a0<\/strong><\/a><\/p>\n<p style=\"text-align: justify\"><strong>Taller para docentes<\/strong><br \/>\n<a href=\"http:\/\/face.unt.edu.ar\/web\/wp-content\/uploads\/2016\/08\/taller-olimpiadas.jpg\"><img decoding=\"async\" loading=\"lazy\" class=\"alignright wp-image-4109\" src=\"http:\/\/face.unt.edu.ar\/web\/wp-content\/uploads\/2016\/08\/taller-olimpiadas.jpg\" alt=\"taller-olimpiadas\" width=\"182\" height=\"127\" srcset=\"https:\/\/face.unt.edu.ar\/web\/wp-content\/uploads\/2016\/08\/taller-olimpiadas.jpg 332w, https:\/\/face.unt.edu.ar\/web\/wp-content\/uploads\/2016\/08\/taller-olimpiadas-300x210.jpg 300w\" sizes=\"(max-width: 182px) 100vw, 182px\" \/><\/a><\/p>\n<p>Durante el transcurso de la prueba, se realizar\u00e1 un taller de actualizaci\u00f3n en temas de inter\u00e9s para aquellos profesores que acompa\u00f1en a los diferentes equipos o los docentes que deseen participar del mismo.<\/p>\n<p>Se otorgar\u00e1n certificados de asistencia a los participantes a dicho taller.<\/p>\n<p><strong>Caracter\u00edsticas de la prueba<\/strong><\/p>\n<p>La evaluaci\u00f3n escrita se realizar\u00e1 en una sola jornada, y su contenido constar\u00e1 de dos aspectos:<\/p>\n<p>I &#8211; Te\u00f3rico<\/p>\n<p>II \u2013 Pr\u00e1ctico<\/p>\n<p>El examen es grupal y presencial, en donde los participantes est\u00e1n autorizados a la consulta de libros o apuntes en papel, <strong>no as\u00ed al uso de tecnolog\u00eda<\/strong> (celulares, tablet, notebook, etc.). Admiti\u00e9ndose calculadoras que no formen parte de otros dispositivos tecnol\u00f3gicos.<\/p>\n<p>El tiempo que se les asignara a los participantes para la resoluci\u00f3n de la prueba ser\u00e1 propuesto por el Jurado correspondiente, no pudiendo superar las<strong> 3 horas reloj.<\/strong><\/p>\n<p>Las asignaturas incluidas en la prueba de cada categor\u00eda ser\u00e1n:<\/p>\n<p><a href=\"http:\/\/face.unt.edu.ar\/web\/wp-content\/uploads\/2016\/08\/grafico-olimpiadas.jpg\"><img decoding=\"async\" loading=\"lazy\" class=\"size-full wp-image-4105 aligncenter\" src=\"http:\/\/face.unt.edu.ar\/web\/wp-content\/uploads\/2016\/08\/grafico-olimpiadas.jpg\" alt=\"grafico-olimpiadas\" width=\"648\" height=\"358\" srcset=\"https:\/\/face.unt.edu.ar\/web\/wp-content\/uploads\/2016\/08\/grafico-olimpiadas.jpg 648w, https:\/\/face.unt.edu.ar\/web\/wp-content\/uploads\/2016\/08\/grafico-olimpiadas-300x166.jpg 300w\" sizes=\"(max-width: 648px) 100vw, 648px\" \/><\/a><\/p>\n<p><strong>Nota<\/strong>: los contenidos a evaluar son los correspondientes a los programas de dichas materias del nivel secundario.<\/p>\n<p style=\"text-align: justify\"><strong>Premios<\/strong><br \/>\n<a href=\"http:\/\/face.unt.edu.ar\/web\/wp-content\/uploads\/2016\/08\/premios.jpg\"><img decoding=\"async\" loading=\"lazy\" class=\"alignleft wp-image-4110\" src=\"http:\/\/face.unt.edu.ar\/web\/wp-content\/uploads\/2016\/08\/premios.jpg\" alt=\"premios\" width=\"161\" height=\"159\" \/><\/a>En cada categor\u00eda, los equipos que resulten calificados entre los tres mejores de la evaluaci\u00f3n, se les otorgar\u00e1 un premio que ser\u00e1 definido por la Comisi\u00f3n Organizadora.<\/p>\n<p>En caso de igualdad en puntaje, la ubicaci\u00f3n en el orden de m\u00e9rito ser\u00e1 decidida en base a un sorteo p\u00fablico.<\/p>\n<p>Tanto la Instituci\u00f3n de nivel medio como los docentes responsables de los equipos ganadores, recibir\u00e1n Certificados.<\/p>\n<p>Se otorgar\u00e1n certificados de participaci\u00f3n a todos los estudiantes que sean parte de estas Olimp\u00edadas.<\/p>\n<p style=\"text-align: justify\"><strong>Jurado<\/strong><\/p>\n<p>El Jurado Examinador estar\u00e1 conformado por docentes de distintas c\u00e1tedras de la Facultad de Ciencias Econ\u00f3micas, para garantizar la heterogeneidad del mismo.<\/p>\n<p>Tendr\u00e1n las siguientes funciones:<\/p>\n<p>Crear, dise\u00f1ar y seleccionar los problemas que ser\u00e1n presentados en la prueba.<\/p>\n<p>Analizar y evaluar las pruebas presentadas por los equipos.<\/p>\n<p>Determinar el Orden de M\u00e9rito en cada categor\u00eda.<\/p>\n<p>Comunicar los resultados que ser\u00e1n exhibidos en la p\u00e1gina de la Facultad de Ciencias Econ\u00f3micas.<\/p>\n<p>El fallo de los Jurados ser\u00e1 \u201cInapelable\u201d.<\/p>\n<p>&nbsp;<\/p>\n<p><strong><em>Inscripci\u00f3n<\/em><\/strong><\/p>\n<p>Los establecimientos educativos que deseen participar deber\u00e1n completar el formulario\u00a0 de inscripci\u00f3n hasta el d\u00eda 8 de Noviembre del corriente a\u00f1o.<\/p>\n<p>Una vez completado los datos, el formulario deber\u00e1 ser enviado por mail al correo electr\u00f3nico: <a href=\"mailto:articulaci\u00f3nsecundarios@face.unt.edu.ar\">articulaci\u00f3nsecundarios@face.unt.edu.ar<\/a><\/p>\n<p><u>Importante<\/u>: 1) Confirmar la recepci\u00f3n del mismo. 2) La Ficha firmada por las autoridades de la Instituci\u00f3n Secundaria se presentar\u00e1 al momento de acreditaci\u00f3n de los equipos el d\u00eda de la prueba 15 de Noviembre de 2019.<\/p>\n<p>Les recordamos que la participaci\u00f3n es totalmente gratuita.[\/vc_column_text][vc_raw_html]JTNDYSUyMG5hbWUlM0QlMjJ0ZW1hcyUyMiUzRSUzQyUyRmElM0UlMjA=[\/vc_raw_html][vc_column_text]<strong><em>TEMAS ORIENTATIVOS PARA LAS OLIMP\u00cdADAS<\/em><\/strong><\/p>\n<p><strong><u>Matem\u00e1tica (Ambas Orientaciones)<\/u><\/strong><u><br \/>\n<\/u>Expresiones Algebraicas. Factoreo de Polinomios.<br \/>\nSistemas de Dos Ecuaciones Lineales con dos (2) Inc\u00f3gnitas.<br \/>\nEcuaciones Lineales y Cuadr\u00e1ticas<\/p>\n<p><strong><u>Historia<br \/>\n<\/u><\/strong>Divisi\u00f3n de los Tiempos Hist\u00f3ricos Generales (Edad Antigua, Media, Moderna y Contempor\u00e1nea).<br \/>\nMarco Temporal Pol\u00edtico y Econ\u00f3mico de la Historia Argentina del siglo XX. Se\u00f1alar las distintas etapas o procesos pol\u00edticos y econ\u00f3micos. Relaci\u00f3n con el marco Internacional.<\/p>\n<p><strong><u>Derecho<br \/>\n<\/u><\/strong>Concepto de Contratos y Tipos de Contratos. Vicios de los Contratos.<br \/>\nPersonas Humanas y Personas Jur\u00eddicas. Atributos de las Personas. Derechos Civiles y Pol\u00edticos de las Personas F\u00edsicas.<\/p>\n<p><strong><u>Ingl\u00e9s<br \/>\n<\/u><\/strong>Traducci\u00f3n t\u00e9cnica de un texto en Ingl\u00e9s.<br \/>\nCuestionario de comprensi\u00f3n sobre el texto trabajado.<\/p>\n<p><strong><u>Contabilidad<br \/>\n<\/u><\/strong>Importancia de los Comprobantes y Registros.<br \/>\nConcepto de Cuentas, Plan de Cuentas y Manuales de Cuentas.<br \/>\nAsientos de Ajustes. Estado de Situaci\u00f3n Patrimonial y Estado de Resultado.<\/p>\n<p><strong><u>Administraci\u00f3n<br \/>\n<\/u><\/strong>Concepto de Organizaci\u00f3n y Tipos de Organizaciones.<br \/>\nElementos de una Organizaci\u00f3n. Responsabilidad Social Empresaria.<br \/>\nFunci\u00f3n de los Administradores. Tipos de Decisiones.<br \/>\nEstructura de una Organizaci\u00f3n.<\/p>\n<p><strong><u>Econom\u00eda<br \/>\n<\/u><\/strong>Concepto de Econom\u00eda. Macroeconom\u00eda y Microeconom\u00eda. Econom\u00eda Positiva y Econom\u00eda Normativa. Bienes y Servicios Econ\u00f3micos. Factores de Producci\u00f3n.<br \/>\nCircuito Econ\u00f3mico. Intercambio y Dinero. Oferta y Demanda.<br \/>\nEquilibrio de mercado. Sistemas Econ\u00f3micos. Contabilidad Nacional. Medici\u00f3n del valor de la actividad econ\u00f3mica: el PBI. PBI nominal y PBI real. Tasa de crecimiento econ\u00f3mico.<\/p>\n<p>Para mayor informaci\u00f3n, ponemos a disposici\u00f3n el siguiente medio de contacto de la Secretar\u00eda de Extensi\u00f3n: <a href=\"mailto:articulacionsecundarios@face.unt.edu.ar\"><strong>articulacionsecundarios@face.unt.edu.ar<\/strong><\/a><\/p>\n<p><em>Comit\u00e9 Organizador<\/em><\/p>\n<p>&nbsp;<\/p>\n<p>&#8212;&#8212;&#8212;&#8212;&#8212;&#8212;&#8212;&#8212;&#8212;&#8212;&#8212;&#8212;&#8212;&#8212;&#8212;&#8212;&#8212;&#8212;&#8212;&#8212;&#8212;&#8212;&#8212;&#8212;&#8212;&#8212;&#8212;&#8212;&#8212;&#8212;&#8212;&#8212;&#8212;&#8212;<\/p>\n<h2 id=\":pb\" class=\"hP\">Resultados Olimpiadas Acad\u00e9micas 2018<\/h2>\n<div id=\":lo\" class=\"pG\" role=\"img\"><\/div>\n<p style=\"font-weight: 400\"><span id=\":lc\" class=\"J-J5-Ji\"><\/span>La Facultad de Ciencias Econ\u00f3micas da a conocer las\u00a0<strong><u>Instituciones ternadas<\/u><\/strong>\u00a0como\u00a0los tres mejores en cada categor\u00eda, cuyo\u00a0<strong>orden de m\u00e9rito se<\/strong>\u00a0<strong>develar\u00e1<\/strong>\u00a0el d\u00eda de la premiaci\u00f3n en el Acto de Entrega de Premios que se llevar\u00e1 el mi\u00e9rcoles 5 de Diciembre a las 10.30 horas en el Aula Magna de la Face.<\/p>\n<p style=\"font-weight: 400\">Las Instituciones Ternadas son:<br \/>\n<strong><u>Categor\u00eda con Orientaci\u00f3n Contable:<\/u><\/strong><br \/>\n<strong>Instituto San Javier \u2013 Colegio Tulio Garc\u00eda Fern\u00e1ndez \u2013 Colegio Santa Catalina<\/strong><\/p>\n<p style=\"font-weight: 400\"><u><strong>Categor\u00eda Otras\u00a0<\/strong><\/u><u><strong>Orientaciones:<\/strong><\/u><em>\u00a0<strong>Escuela de Comercio N\u00b01 (Turno Tarde) \u2013 Instituto San Javier \u2013 Escuela Normal de Lenguas Vivas \u201cJuan B. Alberdi\u201d<\/strong><\/em><\/p>\n<p style=\"font-weight: 400\">Asimismo el Comit\u00e9 Organizador en esta edici\u00f3n, decidi\u00f3 otorgar\u00a0<strong>Menciones<\/strong>\u00a0a los equipos que se destacaron en cada\u00a0<strong>Disciplina<\/strong>\u00a0en juego, invit\u00e1ndolos a participar del Acto de Premiaci\u00f3n.<br \/>\nLas menciones correspondientes son:<\/p>\n<p style=\"font-weight: 400\"><strong><u>Menciones<\/u><\/strong><u>\u00a0&#8211;\u00a0<\/u><strong><u>Categor\u00eda con Orientaci\u00f3n Contable<\/u><\/strong><u>:<br \/>\n<\/u><strong>Administraci\u00f3n:<\/strong><em>\u00a0<strong>Colegio El Salvador<br \/>\n<\/strong><\/em><strong>Contabilidad:<\/strong>\u00a0<em><strong>Escuela Sarmiento<br \/>\n<\/strong><\/em><strong>Econom\u00eda:<\/strong><em>\u00a0<strong>Escuela Sarmiento<br \/>\n<\/strong><\/em><strong>Matem\u00e1tica:<\/strong><em>\u00a0<strong>Escuela de Cio N\u00b0 1 \u201cGral. Manuel Belgrano\u201d-Turno Tarde<\/strong><\/em><\/p>\n<p style=\"font-weight: 400\"><strong><u>Menciones<\/u><\/strong><u>\u00a0&#8211;\u00a0<\/u><strong><u>Categor\u00eda<\/u><\/strong><u>\u00a0<strong>Otras<\/strong><\/u><strong><u>\u00a0<\/u><\/strong><strong><u>Orientaciones<\/u><\/strong><strong><u>:<br \/>\n<\/u><\/strong><strong>Derecho:<\/strong>\u00a0<em><strong>Instituto San Miguel<br \/>\n<\/strong><\/em><strong>Historia:<\/strong>\u00a0<em><strong>Escuela Sarmiento<br \/>\n<\/strong><\/em><strong>Ingl\u00e9s:<\/strong>\u00a0<em><strong>Colegio Santa Catalina<\/strong>\u00a0y\u00a0<strong>Colegio Monserrat<br \/>\n<\/strong><\/em><strong>Matem\u00e1tica:<\/strong>\u00a0<em><strong>Colegio El Salvador<\/strong><\/em><\/p>\n<p style=\"font-weight: 400\">Invitamos a estudiantes, directivos y familiares de los participantes al mencionado acto.<\/p>\n<p>[\/vc_column_text][\/vc_column][\/vc_row]<\/p>\n","protected":false},"excerpt":{"rendered":"<p>[vc_row][vc_column][vc_single_image image=\u00bb3839&#8243; img_size=\u00bbfull\u00bb alignment=\u00bbcenter\u00bb][vc_column_text]Sede Queda fijada como sede de las 4tas Olimp\u00edadas Acad\u00e9micas de Ciencias Econ\u00f3micas, la Facultad de Ciencias Econ\u00f3micas de la Universidad Nacional de Tucum\u00e1n sita en Av. Independencia 1800, San Miguel de Tucum\u00e1n. Fecha de las Olimp\u00edadas Se llevar\u00e1n a cabo el d\u00eda 15 de Noviembre de 2019, de 09:30 a 13:30 [&hellip;]<\/p>\n","protected":false},"author":1,"featured_media":0,"parent":0,"menu_order":0,"comment_status":"closed","ping_status":"closed","template":"","meta":{"_et_pb_use_builder":"","_et_pb_old_content":"","_et_gb_content_width":"","footnotes":""},"_links":{"self":[{"href":"https:\/\/face.unt.edu.ar\/web\/wp-json\/wp\/v2\/pages\/3840"}],"collection":[{"href":"https:\/\/face.unt.edu.ar\/web\/wp-json\/wp\/v2\/pages"}],"about":[{"href":"https:\/\/face.unt.edu.ar\/web\/wp-json\/wp\/v2\/types\/page"}],"author":[{"embeddable":true,"href":"https:\/\/face.unt.edu.ar\/web\/wp-json\/wp\/v2\/users\/1"}],"replies":[{"embeddable":true,"href":"https:\/\/face.unt.edu.ar\/web\/wp-json\/wp\/v2\/comments?post=3840"}],"version-history":[{"count":49,"href":"https:\/\/face.unt.edu.ar\/web\/wp-json\/wp\/v2\/pages\/3840\/revisions"}],"predecessor-version":[{"id":9730,"href":"https:\/\/face.unt.edu.ar\/web\/wp-json\/wp\/v2\/pages\/3840\/revisions\/9730"}],"wp:attachment":[{"href":"https:\/\/face.unt.edu.ar\/web\/wp-json\/wp\/v2\/media?parent=3840"}],"curies":[{"name":"wp","href":"https:\/\/api.w.org\/{rel}","templated":true}]}}