{"id":431,"date":"2014-08-29T18:58:52","date_gmt":"2014-08-29T18:58:52","guid":{"rendered":"http:\/\/face.unt.edu.ar\/web\/?page_id=431"},"modified":"2025-10-10T21:27:06","modified_gmt":"2025-10-10T21:27:06","slug":"instituto-de-investigaciones-estadisticas","status":"publish","type":"page","link":"https:\/\/face.unt.edu.ar\/web\/institutos\/instituto-de-investigaciones-estadisticas\/","title":{"rendered":"Instituto de Investigaciones Estad\u00edsticas"},"content":{"rendered":"<h2>Autoridades<\/h2>\n<p><strong>Consejo Consultivo del Instituto de Investigaciones Estad\u00edsticas (INIE)<\/strong><\/p>\n<h3>Directora:<\/h3>\n<ul>\n<li>Lic. Mena, Jorgelina<\/li>\n<\/ul>\n<h3>Por los profesores Titulares, Asociados y Adjuntos:<\/h3>\n<ul>\n<li>Isgro, Christine Adriane<\/li>\n<li>Medina Galv\u00e1n, Marcelo Enrique<\/li>\n<li>Lencina, Viviana Beatriz<\/li>\n<\/ul>\n<h3>Por los Auxiliares Regulares de la Docencia (Jefes de Trabajos Pr\u00e1cticos y Auxiliares de la Docencia Graduados)<\/h3>\n<ul>\n<li>P\u00e9rez Zamora, Luciana In\u00e9s<\/li>\n<li>Ter\u00e1n Pe\u00f1aloza, Josefina Br\u00edgida Mar\u00eda<\/li>\n<\/ul>\n<h2>Haciendo Historia<\/h2>\n<p><a href=\"https:\/\/face.unt.edu.ar\/web\/wp-content\/uploads\/2025\/10\/Jose-Sortheix.jpg\"><img decoding=\"async\" loading=\"lazy\" class=\"wp-image-21799 alignleft\" src=\"https:\/\/face.unt.edu.ar\/web\/wp-content\/uploads\/2025\/10\/Jose-Sortheix.jpg\" alt=\"Jos\u00e9 Sortheix\" width=\"266\" height=\"379\" srcset=\"https:\/\/face.unt.edu.ar\/web\/wp-content\/uploads\/2025\/10\/Jose-Sortheix.jpg 718w, https:\/\/face.unt.edu.ar\/web\/wp-content\/uploads\/2025\/10\/Jose-Sortheix-211x300.jpg 211w, https:\/\/face.unt.edu.ar\/web\/wp-content\/uploads\/2025\/10\/Jose-Sortheix-696x991.jpg 696w, https:\/\/face.unt.edu.ar\/web\/wp-content\/uploads\/2025\/10\/Jose-Sortheix-295x420.jpg 295w, https:\/\/face.unt.edu.ar\/web\/wp-content\/uploads\/2025\/10\/Jose-Sortheix-590x840.jpg 590w\" sizes=\"(max-width: 266px) 100vw, 266px\" \/><\/a>El primer director del INIE fue el Ing. Jos\u00e9 Sortheix, una distinguida personalidad tucumana que vivi\u00f3 entre los a\u00f1os 1873-1954. Educado en Francia, sum\u00f3 a su actividad acad\u00e9mica un intenso trabajo en el medio empresario y pol\u00edtico, llegando a ejercer la Gobernaci\u00f3n de la Provincia entre los a\u00f1os 1928-1929. Se lo reconoce como uno de los precursores de la ense\u00f1anza de Estad\u00edstica, asignatura que tom\u00f3 a su cargo en los cursos nocturnos de Contadores P\u00fablicos en la Escuela Nacional de Comercio, desde 1938 hasta 1949. Por este a\u00f1o esos cursos se trasladaron a la reci\u00e9n creada Facultad de Ciencias Econ\u00f3micas, dependiente de la Universidad Nacional de Tucum\u00e1n.<\/p>\n<p>La direcci\u00f3n del Ing. Sortheix se prolong\u00f3 desde 1946 hasta 1952; como se menciona en la cita anterior, dictaba \u201c\u2026en dos semestres el curso de ESTADISTICA que deb\u00edan tomar los alumnos que cursaban entonces la carrera de Contador P\u00fablico-Licenciado en Ciencias Econ\u00f3micas\u00bb.<\/p>\n<p>Esta tarea fue continuada por el Dr. Jos\u00e9 Antonio Olmos, hasta que en 1959 se inici\u00f3 el dictado de un curso de \u00abInferencia Estad\u00edstica\u00bb. Este curso fue tomado por varios de los docentes de la Facultad que a corto plazo iniciar\u00edan sus estudios de master o doctorados en exterior, especialmente en Econom\u00eda. Fue repetido en varias oportunidades y fue el antecedente inmediato de los cursos estructurados de postgrado en estad\u00edstica que luego se dictar\u00edan en la Facultad. Se trataba de un curso que enfatizaba los aspectos claves de la inferencia probabil\u00edstica, en la l\u00ednea que actualmente sigue el INIE.<\/p>\n<p>Por el a\u00f1o 1965, el Prof. Ra\u00fal Pedro Mentz regresaba a la Facultad luego de haber completado sus estudios de Master en Estad\u00edstica en la Universidad de Stanford, Estados Unidos. Exist\u00eda ya un grupo de docentes, en general al nivel de Jefe de Trabajos Pr\u00e1cticos, que por inclinaci\u00f3n personal y por inquietudes que se orientaban al \u00e1rea cuantitativa, adicionales a las que se ofrec\u00edan en la carrera de Contador P\u00fablico, hab\u00edan tomado aquel curso de Inferencia y trabajaban en \u00e1rea.<\/p>\n<p>Las actividades docentes y de investigaci\u00f3n se ampliaron y comenz\u00f3 un proceso de formaci\u00f3n superior en el exterior. A partir de 1970 comienzan a regresar los profesores que se hab\u00edan involucrado en ese proceso; as\u00ed, dos obtienen su Master en el Centro Interamericano de Ense\u00f1anza de Estad\u00edstica (CIENES) en Chile y uno en la Universidad de California (Berkeley), Estados Unidos.<\/p>\n<h2>El camino recorrido<\/h2>\n<p>A partir de 1978 el INIE form\u00f3 parte del Sistema de Institutos del Consejo Nacional de Investigaciones Cient\u00edficas y T\u00e9cnicas (CONICET), del cual recibi\u00f3 apoyo regular, en el marco del convenio con la Universidad.<\/p>\n<p>Los cursos del EPEA se reiteraron en el a\u00f1o 1975; por distintas razones se abre un par\u00e9ntesis hasta el a\u00f1o 1983, cuando se reinician hasta la actualidad. Los ciclos EPEA se dictaron en los a\u00f1os 1973, 1975, 1983, 1985, y desde all\u00ed todos los impares hasta el a\u00f1o 2011. A partir del a\u00f1o 2013, el EPEA cambi\u00f3 de nombre, denomin\u00e1ndose en la actualidad \u201cCapacitaci\u00f3n de Postgrado en Estad\u00edstica Aplicada\u201d (CPEA).<\/p>\n<p>A su vez, los ciclos CSEA se desarrollaron en los a\u00f1os 1974, 1976, 1978, 1986 y desde all\u00ed en los a\u00f1os pares hasta el de 2012; diecisiete reiteraciones, que sumadas a las dieciocho mencionadas anteriormente totalizan treinta y cinco experiencias, todas nuevas, cada una diferente a la otra, fueron llevadas adelante con mucha entrega y dedicaci\u00f3n por parte de todos los involucrados.<\/p>\n<p>Como se mencion\u00f3 anteriormente, varios de estos ciclos se realizaron con el apoyo (no solo econ\u00f3mico) de otras instituciones, adem\u00e1s de la Facultad y la Universidad. Un listado no exhaustivo incluye a la Organizaci\u00f3n de Estados Americanos (OEA), Banco Central de la Rep\u00fablica Argentina, INTA, Estaci\u00f3n Experimental Agroindustrial Obispo Colombres de Tucum\u00e1n, Universidad de Sao Paulo (Brasil), Universidad de Valencia (Espa\u00f1a), Ministerio de Econom\u00eda de la Provincia de Tucum\u00e1n.<\/p>\n<h2>Los primeros cursos de posgrados<\/h2>\n<p style=\"text-align: justify;\">En 1972 ese peque\u00f1o y entusiasta grupo comienza a pensar en ofrecer un programa organizado de materias del \u00e1rea estad\u00edstica. Se contaba adem\u00e1s con el apoyo de profesores en matem\u00e1ticas, econometr\u00eda y econom\u00eda que conformaba una capacidad docente muy importante.<\/p>\n<p style=\"text-align: justify;\">Ese programa se lanza por primera vez en 1973 con el nombre de <strong>Especializaci\u00f3n de Postgrado en Estad\u00edstica Aplicada (EPEA)<\/strong>, de un a\u00f1o acad\u00e9mico de duraci\u00f3n, el que cont\u00f3 con una inscripci\u00f3n de 43 interesados. Aquella idea del programa organizado se completaba con un segundo grupo de materias y seminarios, el <strong>Ciclo Superior en Estad\u00edstica Aplicada (CSEA)<\/strong>, tambi\u00e9n de un a\u00f1o de extensi\u00f3n, dictado por primera vez en 1974 y al que se inscriben 10 personas.<\/p>\n<p style=\"text-align: justify;\">El primer EPEA se desarroll\u00f3 en tres per\u00edodos lectivos:<\/p>\n<table>\n<tbody>\n<tr>\n<td width=\"156\"><strong>1\u00ba per\u00edodo <\/strong>(19 de febrero al 10 de abril)<\/td>\n<td width=\"198\"><strong>2\u00ba per\u00edodo <\/strong>(16 de Abril al 24 de Julio)<\/td>\n<td width=\"184\"><strong>3\u00ba per\u00edodo <\/strong>(13 de Agosto al 23 de noviembre)<\/td>\n<\/tr>\n<tr>\n<td width=\"156\">\n<ul>\n<li><em>Algebra<\/em><\/li>\n<li><em>C\u00e1lculo<\/em><\/li>\n<li><em>Estad\u00edstica Descriptiva<\/em><\/li>\n<li><em>Programaci\u00f3n<\/em><\/li>\n<li><em>Geometr\u00eda Anal\u00edtica y C\u00e1lculo<\/em><\/li>\n<li><em>C\u00e1lculo Avanzado y Elementos de Albebra Matricia.<\/em><\/li>\n<li><em>Inferencia Estad\u00edstica I<\/em><\/li>\n<li><em>Probabilidades y Procesos Estoc\u00e1sticos<\/em><\/li>\n<li><em>Investigaci\u00f3n de Operaciones<\/em><\/li>\n<li><em>Dese\u00f1os Muestrales<\/em><\/li>\n<li><em>Inferencia Estad\u00edstica I<\/em><\/li>\n<li><em>An\u00e1lisis de la Varianza y Dise\u00f1o de Experimentos<\/em><\/li>\n<li><em>Series Cronol\u00f3gicas<\/em><\/li>\n<li><em>Econometr\u00eda I<\/em><\/li>\n<\/ul>\n<\/td>\n<td width=\"198\"><\/td>\n<td width=\"184\"><em>\u00a0<\/em><\/td>\n<\/tr>\n<\/tbody>\n<\/table>\n<p style=\"text-align: justify;\">Los docentes a cargo de los distintos cursos fueron Luis R. Acosta, Clelia E. B. de Viollaz, Jorge L. Cortigiani (fallecido), Santiago M. Di Lullo, Ra\u00fal Pedro Mentz y Aldo J. Viollaz.<\/p>\n<p style=\"text-align: justify;\">Un listado de los primeros participantes que obtuvieron Certificados Finales del primer Ciclo EPEA, son los siguientes:<\/p>\n<ul>\n<li>Abril, Juan Carlos<\/li>\n<li>Arredondo, Mar\u00eda Emilia<\/li>\n<li>Auvieux, Alberto Jos\u00e9<\/li>\n<li>Bockl de Mart\u00edn, Ana Mar\u00eda<\/li>\n<li>Bru de Labanda, Elena M.<\/li>\n<li>Cabrera, Miguel Mario<\/li>\n<li>Cadario de Piscitelli, Mar\u00eda C.<\/li>\n<li>Caldelari, H\u00e9ctor Horacio<\/li>\n<li>Cerisola, Juan Alberto<\/li>\n<li>De Angeli de Pando, Mar\u00eda A.<\/li>\n<li>Dezalot, Olga<\/li>\n<li>Dip, Ra\u00fal Alberto<\/li>\n<li>Dragh, Fani<\/li>\n<li>Fern\u00e1ndez, Mar\u00eda Emilia<\/li>\n<li>Fern\u00e1ndez, V\u00edctoria del C.<\/li>\n<li>Grinblat, Luis Alberto<\/li>\n<li>Guerrero de Puppio, Marta I.<\/li>\n<li>Jim\u00e9nez, Dora<\/li>\n<li>Jorrat, Jorge Ra\u00fal<\/li>\n<li>Katz, MarcosLevi, Carlos ErnestoLiberti, Salvador F.<\/li>\n<li>Mansilla, Julio Edgardo<\/li>\n<li>Manzur, Blanca Elena<\/li>\n<li>Marquez Ruarte, Luis David<\/li>\n<li>Mart\u00ednez, Rafael Enrique<\/li>\n<li>Mart\u00edniez, Roberto Mario<\/li>\n<li>Mitre, Rosa Stella<\/li>\n<li>Olmos, Jorge Eduardo<\/li>\n<li>Piscitelli, Francisco R.<\/li>\n<li>Puparelli de Iba\u00f1ez, Silvia<\/li>\n<li>Risso, Amalia Rosa<\/li>\n<li>Rivadeneira, Cristina del V.<\/li>\n<li>Scandaliaris, Jorge<\/li>\n<li>Solbes de Hern\u00e1ndez, Dolores<\/li>\n<li>Soria de Chavez, Angela M.<\/li>\n<li>Ternavasio de Lamadrid, A\u00edda J.<\/li>\n<li>Turk, Sonia<\/li>\n<li>Yazlle, Lucio L.<\/li>\n<\/ul>\n<p style=\"text-align: justify;\">El Dr. Juan Carlos Abril obtuvo el mejor promedio, actualmente es Profesor Titular de <em>\u00abEstad\u00edstica\u00bb<\/em> en la Facultad de Ciencias Econ\u00f3micas de la Universidad Nacional de Tucum\u00e1n (U.N.T.) y alcanz\u00f3 el t\u00edtulo de Master en Estad\u00edstica (1977) y Doctor en Estad\u00edstica (Ph.D) (1985), ambos en la London School of Economics, Londres, Inglatera. Tambi\u00e9n alcanz\u00f3 Marca de distinci\u00f3n (mejor promedio) en los estudios en Inglaterra.<\/p>\n<h2>Magister en Estad\u00edstica Aplicada<\/h2>\n<p>El a\u00f1o 1987 marca un hito importante en la vida del INIE; por Resoluci\u00f3n N\u00ba 553\/987 del Honorable Consejo Superior de la Universidad Nacional de Tucum\u00e1n se dispone la realizaci\u00f3n de la Carrera de Postgrado en Estad\u00edstica Aplicada conducente a obtener el grado de Magister en Estad\u00edstica Aplicada.<\/p>\n<p>Los cursos ofrecidos totalizan 900 horas de clase, entre materias espec\u00edficas, complementarias y electivas. El grado se alcanza completando requisitos tales como residencia con dedicaci\u00f3n exclusiva al programa por no menos de un a\u00f1o acad\u00e9mico completo, aprobaci\u00f3n de materias del plan de estudios por un total de 575 horas de clases y realizaci\u00f3n de un trabajo de tesis referido a temas estad\u00edsticos modernos, vinculados al contenido de los cursos, seminarios y otras actividades del INIE.<\/p>\n<p>Los dos a\u00f1os acad\u00e9micos que comprende el programa estaban, hasta el a\u00f1o 1994, divididos en 3 per\u00edodos el primero y 2 el segundo. A partir de 1995, se modifican la fecha de inicio y duraci\u00f3n de los per\u00edodos del segundo a\u00f1o, para facilitar el trabajo de los alumnos en la tesis, salvando algunos problemas que se fueron detectando. Con este nuevo esquema, un alumno regular puede completar los cursos requeridos para el grado dentro del primer cuatrimestre del segundo a\u00f1o de su actividad en el Magister.<\/p>\n<p>Este programa se encuentra acreditado por la Comisi\u00f3n de Acreditaci\u00f3n de Postgrado del Ministerio de Cultura y Educaci\u00f3n de la Naci\u00f3n.<\/p>\n<p>En este momento, un importante n\u00famero de postulantes ya defendieron su Tesis de Magister y alcanzaron el t\u00edtulo correspondiente.<\/p>\n<h2>Doctorado en Estad\u00edstica<\/h2>\n<p>En 1995 en INIE, inici\u00f3 una nueva oferta acad\u00e9mica, la del Doctorado en Estad\u00edstica.<\/p>\n<p>Por Resoluci\u00f3n n\u00ba 1339-995 del Honorable Consejo Superior de la Universidad Nacional de Tucum\u00e1n se cre\u00f3 la Carrera de Postgrado \u00abDoctorado en Estad\u00edstica\u00bb, conducente a la obtenci\u00f3n del t\u00edtulo \u00abDoctor en Estad\u00edstica\u00bb y se design\u00f3 Director de la Carrera al Dr. Ra\u00fal Pedro Mentz, y Director alterno al Dr. Aldo Jos\u00e9 Viollaz. Actualmente, la direcci\u00f3n se encuentra a cargo del Dr. Juan Carlos Abril.<\/p>\n<h2>Sitios de inter\u00e9s<\/h2>\n<p>&nbsp;<\/p>\n<p><strong>Direcci\u00f3n de Estad\u00edstica de la Provincia de Tucum\u00e1n<\/strong><\/p>\n<p><a href=\"https:\/\/estadistica.tucuman.gov.ar\" target=\"_blank\" rel=\"noopener\">https:\/\/estadistica.tucuman.gov.ar<\/a><\/p>\n<p><strong>Instituto Nacional de Estad\u00edsticas y Censos (INDEC):<\/strong><\/p>\n<p><a href=\"https:\/\/www.indec.gob.ar\/\" target=\"_blank\" rel=\"noopener\">https:\/\/www.indec.gob.ar\/<\/a><\/p>\n<p><strong>Sociedad Argentina de Estad\u00edstica (SAE):<\/strong><\/p>\n<p><a href=\"https:\/\/www.s-a-e.org.ar\/\" target=\"_blank\" rel=\"noopener\">www.s-a-e.org.ar<\/a><\/p>\n<p><strong>Ministerio de Salud de la Naci\u00f3n:<\/strong><\/p>\n<p>http:\/\/www.msal.gov.ar\/<\/p>\n<p><strong>Ministerio de Educaci\u00f3n de la Naci\u00f3n:<\/strong><\/p>\n<p>http:\/\/www.me.gov.ar\/<\/p>\n<p><strong>Banco Central de la Rep\u00fablica Argentina:<\/strong><\/p>\n<p>Presidente: Juan Carlos F\u00e1brega<\/p>\n<p>Reconquista 266<\/p>\n<p>C1003ABF- Ciudad Aut\u00f3noma de Buenos Aires<\/p>\n<p>Tel. (011) 4348-3500<\/p>\n<p><strong>Organizaci\u00f3n Panamericana de la Salud:<\/strong><\/p>\n<p>www.paho\/arg\/<\/p>\n<p><strong>American Statistical Association (ASA):<\/strong><\/p>\n<p><a href=\"http:\/\/www.amstat.org\/\">http:\/\/www.amstat.org\/<\/a><\/p>\n<p><strong>Instituto Interamericano de Estad\u00edstica (IASI):<\/strong><\/p>\n<p><a href=\"http:\/\/www.indec.gov.ar\/iasi\/\">http:\/\/www.indec.gov.ar\/iasi\/<\/a><\/p>\n<p><strong>Sociedad Chilena de Estad\u00edstica (SOCHE):<\/strong><\/p>\n<p><a href=\"http:\/\/www.soche.cl\/\">http:\/\/www.soche.cl\/<\/a><\/p>\n<p><strong>Sociedad Uruguaya de Matem\u00e1tica y Estad\u00edstica (SUME):<\/strong> \u00a0<a href=\"http:\/\/www.cmat.edu.uy\/sume\">http:\/\/www.cmat.edu.uy\/sume<\/a><\/p>\n<p><strong>Grupo Argentino de Biometr\u00eda (GAB):<\/strong><\/p>\n<p><a href=\"http:\/\/www.gab.unlu.edu.ar\/\">http:\/\/www.gab.unlu.edu.ar\/<\/a><\/p>\n<p><strong>Associa\u00e7\u00e3o Brasileira de Estat\u00edstica (ABE):<\/strong><\/p>\n<p><a href=\"http:\/\/www.redeabe.org.br\/\">http:\/\/www.redeabe.org.br\/<\/a><\/p>\n","protected":false},"excerpt":{"rendered":"<p>Autoridades Consejo Consultivo del Instituto de Investigaciones Estad\u00edsticas (INIE) Directora: Lic. Mena, Jorgelina Por los profesores Titulares, Asociados y Adjuntos: Isgro, Christine Adriane Medina Galv\u00e1n, Marcelo Enrique Lencina, Viviana Beatriz Por los Auxiliares Regulares de la Docencia (Jefes de Trabajos Pr\u00e1cticos y Auxiliares de la Docencia Graduados) P\u00e9rez Zamora, Luciana In\u00e9s Ter\u00e1n Pe\u00f1aloza, Josefina Br\u00edgida [&hellip;]<\/p>\n","protected":false},"author":1,"featured_media":0,"parent":425,"menu_order":0,"comment_status":"open","ping_status":"open","template":"","meta":{"_et_pb_use_builder":"","_et_pb_old_content":"","_et_gb_content_width":"","footnotes":""},"_links":{"self":[{"href":"https:\/\/face.unt.edu.ar\/web\/wp-json\/wp\/v2\/pages\/431"}],"collection":[{"href":"https:\/\/face.unt.edu.ar\/web\/wp-json\/wp\/v2\/pages"}],"about":[{"href":"https:\/\/face.unt.edu.ar\/web\/wp-json\/wp\/v2\/types\/page"}],"author":[{"embeddable":true,"href":"https:\/\/face.unt.edu.ar\/web\/wp-json\/wp\/v2\/users\/1"}],"replies":[{"embeddable":true,"href":"https:\/\/face.unt.edu.ar\/web\/wp-json\/wp\/v2\/comments?post=431"}],"version-history":[{"count":7,"href":"https:\/\/face.unt.edu.ar\/web\/wp-json\/wp\/v2\/pages\/431\/revisions"}],"predecessor-version":[{"id":21801,"href":"https:\/\/face.unt.edu.ar\/web\/wp-json\/wp\/v2\/pages\/431\/revisions\/21801"}],"up":[{"embeddable":true,"href":"https:\/\/face.unt.edu.ar\/web\/wp-json\/wp\/v2\/pages\/425"}],"wp:attachment":[{"href":"https:\/\/face.unt.edu.ar\/web\/wp-json\/wp\/v2\/media?parent=431"}],"curies":[{"name":"wp","href":"https:\/\/api.w.org\/{rel}","templated":true}]}}