{"id":5,"date":"2014-05-27T20:36:16","date_gmt":"2014-05-27T20:36:16","guid":{"rendered":"http:\/\/unafacultadlider.com\/webdemo\/?page_id=5"},"modified":"2025-11-17T12:37:33","modified_gmt":"2025-11-17T12:37:33","slug":"autoridades","status":"publish","type":"page","link":"https:\/\/face.unt.edu.ar\/web\/institucional\/autoridades\/","title":{"rendered":"Autoridades"},"content":{"rendered":"<p>[et_pb_section fb_built=\u00bb1&#8243; admin_label=\u00bbsection\u00bb _builder_version=\u00bb4.16&#8243; custom_padding=\u00bb35px||22px|||\u00bb global_colors_info=\u00bb{}\u00bb][et_pb_row _builder_version=\u00bb4.23.1&#8243; _module_preset=\u00bbdefault\u00bb global_colors_info=\u00bb{}\u00bb][et_pb_column type=\u00bb4_4&#8243; _builder_version=\u00bb4.23.1&#8243; _module_preset=\u00bbdefault\u00bb global_colors_info=\u00bb{}\u00bb][et_pb_text _builder_version=\u00bb4.23.1&#8243; _module_preset=\u00bbdefault\u00bb header_font=\u00bbPoppins|700|||||||\u00bb global_colors_info=\u00bb{}\u00bb]<\/p>\n<h1>Autoridades<\/h1>\n<p>[\/et_pb_text][\/et_pb_column][\/et_pb_row][\/et_pb_section][et_pb_section fb_built=\u00bb1&#8243; admin_label=\u00bbsection\u00bb _builder_version=\u00bb4.16&#8243; custom_padding=\u00bb24px|||||\u00bb global_colors_info=\u00bb{}\u00bb][et_pb_row _builder_version=\u00bb4.23.1&#8243; _module_preset=\u00bbdefault\u00bb global_colors_info=\u00bb{}\u00bb][et_pb_column type=\u00bb4_4&#8243; _builder_version=\u00bb4.23.1&#8243; _module_preset=\u00bbdefault\u00bb global_colors_info=\u00bb{}\u00bb][et_pb_image src=\u00bbhttps:\/\/face.unt.edu.ar\/web\/wp-content\/uploads\/2025\/11\/JORGE-ROSPIDE.jpg\u00bb alt=\u00bbJorge Rospide\u00bb title_text=\u00bbJORGE-ROSPIDE\u00bb align=\u00bbcenter\u00bb _builder_version=\u00bb4.23.1&#8243; _module_preset=\u00bbdefault\u00bb global_colors_info=\u00bb{}\u00bb][\/et_pb_image][et_pb_text _builder_version=\u00bb4.23.1&#8243; _module_preset=\u00bbdefault\u00bb header_2_font=\u00bbPoppins||||||||\u00bb header_3_font=\u00bbPoppins||||||||\u00bb global_colors_info=\u00bb{}\u00bb]<\/p>\n<h3 style=\"text-align: center\">Decano<\/h3>\n<h2 style=\"text-align: center\">Mg. Adolfo Jorge Rospide<\/h2>\n<p style=\"text-align: center\"><strong>jrospide@face.unt.edu.ar<\/strong><\/p>\n<p>[\/et_pb_text][\/et_pb_column][\/et_pb_row][et_pb_row _builder_version=\u00bb4.23.1&#8243; _module_preset=\u00bbdefault\u00bb global_colors_info=\u00bb{}\u00bb][et_pb_column type=\u00bb4_4&#8243; _builder_version=\u00bb4.23.1&#8243; _module_preset=\u00bbdefault\u00bb global_colors_info=\u00bb{}\u00bb][et_pb_image src=\u00bbhttps:\/\/face.unt.edu.ar\/web\/wp-content\/uploads\/2025\/11\/GUSTAVO-SOTA.jpg\u00bb alt=\u00bbGustavo Sota\u00bb title_text=\u00bbGUSTAVO-SOTA\u00bb align=\u00bbcenter\u00bb _builder_version=\u00bb4.23.1&#8243; _module_preset=\u00bbdefault\u00bb global_colors_info=\u00bb{}\u00bb][\/et_pb_image][et_pb_text _builder_version=\u00bb4.23.1&#8243; _module_preset=\u00bbdefault\u00bb header_2_font=\u00bbPoppins||||||||\u00bb header_3_font=\u00bbPoppins||||||||\u00bb global_colors_info=\u00bb{}\u00bb]<\/p>\n<h3 style=\"text-align: center\">Vicedecano<\/h3>\n<h2 style=\"text-align: center\">Esp. Gustavo Ariel Sota<\/h2>\n<p style=\"text-align: center\"><strong>gsota@face.unt.edu.ar<\/strong><\/p>\n<p>[\/et_pb_text][\/et_pb_column][\/et_pb_row][et_pb_row column_structure=\u00bb1_2,1_2&#8243; _builder_version=\u00bb4.23.1&#8243; _module_preset=\u00bbdefault\u00bb custom_padding=\u00bb||67px|||\u00bb global_colors_info=\u00bb{}\u00bb][et_pb_column type=\u00bb1_2&#8243; _builder_version=\u00bb4.23.1&#8243; _module_preset=\u00bbdefault\u00bb global_colors_info=\u00bb{}\u00bb][et_pb_text _builder_version=\u00bb4.23.1&#8243; _module_preset=\u00bbdefault\u00bb header_2_font=\u00bbPoppins||||||||\u00bb header_3_font=\u00bbPoppins|300|||||||\u00bb global_colors_info=\u00bb{}\u00bb]<\/p>\n<h3 style=\"text-align: center\">Secretar\u00eda Acad\u00e9mica<\/h3>\n<p>[\/et_pb_text][et_pb_image src=\u00bbhttps:\/\/face.unt.edu.ar\/web\/wp-content\/uploads\/2025\/11\/LILIANA-PACHECO.jpg\u00bb alt=\u00bbLiliana Pacheco\u00bb title_text=\u00bbLILIANA-PACHECO\u00bb align=\u00bbcenter\u00bb _builder_version=\u00bb4.23.1&#8243; _module_preset=\u00bbdefault\u00bb global_colors_info=\u00bb{}\u00bb][\/et_pb_image][et_pb_text _builder_version=\u00bb4.23.1&#8243; _module_preset=\u00bbdefault\u00bb header_2_font=\u00bbPoppins||||||||\u00bb header_3_font=\u00bbPoppins|300|||||||\u00bb global_colors_info=\u00bb{}\u00bb]<\/p>\n<h3 style=\"text-align: center\"><strong>Secretaria Acad\u00e9mica<\/strong><\/h3>\n<h2 style=\"text-align: center\"><strong>Mg. Mar\u00eda Liliana Pacheco<\/strong><\/h2>\n<p style=\"text-align: center\"><strong>mlpacheco@face.unt.edu.ar<\/strong><\/p>\n<p>[\/et_pb_text][\/et_pb_column][et_pb_column type=\u00bb1_2&#8243; _builder_version=\u00bb4.23.1&#8243; _module_preset=\u00bbdefault\u00bb global_colors_info=\u00bb{}\u00bb][et_pb_text _builder_version=\u00bb4.23.1&#8243; _module_preset=\u00bbdefault\u00bb header_2_font=\u00bbPoppins||||||||\u00bb header_3_font=\u00bbPoppins|300|||||||\u00bb global_colors_info=\u00bb{}\u00bb]<\/p>\n<h3 style=\"text-align: center\">Secretar\u00eda Administrativa<\/h3>\n<p>[\/et_pb_text][et_pb_image src=\u00bbhttps:\/\/face.unt.edu.ar\/web\/wp-content\/uploads\/2025\/11\/LUIS-PEREZ-VIDES.jpg\u00bb alt=\u00bbLuis Perez Vides\u00bb title_text=\u00bbLUIS-PEREZ-VIDES\u00bb align=\u00bbcenter\u00bb _builder_version=\u00bb4.23.1&#8243; _module_preset=\u00bbdefault\u00bb global_colors_info=\u00bb{}\u00bb][\/et_pb_image][et_pb_text _builder_version=\u00bb4.23.1&#8243; _module_preset=\u00bbdefault\u00bb header_2_font=\u00bbPoppins||||||||\u00bb header_3_font=\u00bbPoppins|300|||||||\u00bb global_colors_info=\u00bb{}\u00bb]<\/p>\n<h3 style=\"text-align: center\"><strong>Secretario Administrativo<\/strong><\/h3>\n<h2 style=\"text-align: center\">Lic. Luis Fernando P\u00e9rez Vides<\/h2>\n<p style=\"text-align: center\"><strong>lfperezvides@face.unt.edu.ar<\/strong><\/p>\n<p>[\/et_pb_text][\/et_pb_column][\/et_pb_row][et_pb_row column_structure=\u00bb1_2,1_2&#8243; _builder_version=\u00bb4.23.1&#8243; _module_preset=\u00bbdefault\u00bb global_colors_info=\u00bb{}\u00bb][et_pb_column type=\u00bb1_2&#8243; _builder_version=\u00bb4.23.1&#8243; _module_preset=\u00bbdefault\u00bb global_colors_info=\u00bb{}\u00bb][et_pb_text _builder_version=\u00bb4.23.1&#8243; _module_preset=\u00bbdefault\u00bb header_2_font=\u00bbPoppins||||||||\u00bb header_3_font=\u00bbPoppins|300|||||||\u00bb global_colors_info=\u00bb{}\u00bb]<\/p>\n<h3 style=\"text-align: center\">Secretar\u00eda de Ciencia, T\u00e9cnica<br \/>y Posgrado<\/h3>\n<p>[\/et_pb_text][et_pb_image src=\u00bbhttps:\/\/face.unt.edu.ar\/web\/wp-content\/uploads\/2025\/11\/GABRIELA-SANCHEZ.jpg\u00bb alt=\u00bbGabriela Sanchez\u00bb title_text=\u00bbGABRIELA-SANCHEZ\u00bb align=\u00bbcenter\u00bb _builder_version=\u00bb4.23.1&#8243; _module_preset=\u00bbdefault\u00bb global_colors_info=\u00bb{}\u00bb][\/et_pb_image][et_pb_text _builder_version=\u00bb4.23.1&#8243; _module_preset=\u00bbdefault\u00bb header_2_font=\u00bbPoppins||||||||\u00bb header_3_font=\u00bbPoppins|300|||||||\u00bb global_colors_info=\u00bb{}\u00bb]<\/p>\n<h3 style=\"text-align: center\"><strong>Secretaria de Ciencia, T\u00e9cnica<\/strong><br \/><strong> y Posgrado<\/strong><\/h3>\n<h2 style=\"text-align: center\">Mg. Gabriela S\u00e1nchez<\/h2>\n<p style=\"text-align: center\"><strong>gsanchez@face.unt.edu.ar<\/strong><\/p>\n<p>[\/et_pb_text][\/et_pb_column][et_pb_column type=\u00bb1_2&#8243; _builder_version=\u00bb4.23.1&#8243; _module_preset=\u00bbdefault\u00bb global_colors_info=\u00bb{}\u00bb][et_pb_text _builder_version=\u00bb4.23.1&#8243; _module_preset=\u00bbdefault\u00bb header_2_font=\u00bbPoppins||||||||\u00bb header_3_font=\u00bbPoppins|300|||||||\u00bb global_colors_info=\u00bb{}\u00bb]<\/p>\n<h3 style=\"text-align: center\">Secretar\u00eda de Extensi\u00f3n y Desarrollo Institucional<\/h3>\n<p>[\/et_pb_text][et_pb_image src=\u00bbhttps:\/\/face.unt.edu.ar\/web\/wp-content\/uploads\/2025\/11\/ENRIQUE-GARCIA-KALAT.jpg\u00bb alt=\u00bbEnrique Garcia Kalat\u00bb title_text=\u00bbENRIQUE-GARCIA-KALAT\u00bb align=\u00bbcenter\u00bb _builder_version=\u00bb4.23.1&#8243; _module_preset=\u00bbdefault\u00bb global_colors_info=\u00bb{}\u00bb][\/et_pb_image][et_pb_text _builder_version=\u00bb4.23.1&#8243; _module_preset=\u00bbdefault\u00bb header_2_font=\u00bbPoppins||||||||\u00bb header_3_font=\u00bbPoppins|300|||||||\u00bb global_colors_info=\u00bb{}\u00bb]<\/p>\n<h3 style=\"text-align: center\"><strong>Secretario de Extensi\u00f3n y Desarrollo Institucional<\/strong><\/h3>\n<h2 style=\"text-align: center\">Esp. Enrique Garc\u00eda Kalat<\/h2>\n<p style=\"text-align: center\"><strong>egarciakalat@face.unt.edu.ar<\/strong><\/p>\n<p>[\/et_pb_text][\/et_pb_column][\/et_pb_row][et_pb_row column_structure=\u00bb1_3,1_3,1_3&#8243; _builder_version=\u00bb4.23.1&#8243; _module_preset=\u00bbdefault\u00bb custom_margin=\u00bb74px|auto|51px|auto||\u00bb global_colors_info=\u00bb{}\u00bb][et_pb_column type=\u00bb1_3&#8243; _builder_version=\u00bb4.23.1&#8243; _module_preset=\u00bbdefault\u00bb global_colors_info=\u00bb{}\u00bb][et_pb_image src=\u00bbhttps:\/\/face.unt.edu.ar\/web\/wp-content\/uploads\/2025\/11\/PATRICIO-COSSIO.jpg\u00bb alt=\u00bbPatricio Cossio\u00bb title_text=\u00bbPATRICIO-COSSIO\u00bb align=\u00bbcenter\u00bb _builder_version=\u00bb4.23.1&#8243; _module_preset=\u00bbdefault\u00bb global_colors_info=\u00bb{}\u00bb][\/et_pb_image][et_pb_text _builder_version=\u00bb4.23.1&#8243; _module_preset=\u00bbdefault\u00bb header_2_font=\u00bbPoppins||||||||\u00bb header_3_font=\u00bbPoppins|300|||||||\u00bb hover_enabled=\u00bb0&#8243; global_colors_info=\u00bb{}\u00bb sticky_enabled=\u00bb0&#8243;]<\/p>\n<h3 style=\"text-align: center\"><strong>Subsecretario Acad\u00e9mico<\/strong><\/h3>\n<h2 style=\"text-align: center\">Mg. Patricio Cossio<\/h2>\n<p style=\"text-align: center\"><strong>pcossio@face.unt.edu.ar<\/strong><\/p>\n<p>[\/et_pb_text][\/et_pb_column][et_pb_column type=\u00bb1_3&#8243; _builder_version=\u00bb4.23.1&#8243; _module_preset=\u00bbdefault\u00bb global_colors_info=\u00bb{}\u00bb][et_pb_image src=\u00bbhttps:\/\/face.unt.edu.ar\/web\/wp-content\/uploads\/2025\/11\/JUAN-ELIAS-HERRERA.jpg\u00bb alt=\u00bbJuan Elias Herrera\u00bb title_text=\u00bbJUAN-ELIAS-HERRERA\u00bb align=\u00bbcenter\u00bb _builder_version=\u00bb4.23.1&#8243; _module_preset=\u00bbdefault\u00bb global_colors_info=\u00bb{}\u00bb][\/et_pb_image][et_pb_text _builder_version=\u00bb4.23.1&#8243; _module_preset=\u00bbdefault\u00bb header_2_font=\u00bbPoppins||||||||\u00bb header_3_font=\u00bbPoppins|300|||||||\u00bb hover_enabled=\u00bb0&#8243; global_colors_info=\u00bb{}\u00bb sticky_enabled=\u00bb0&#8243;]<\/p>\n<h3 style=\"text-align: center\"><strong>Subsecretario de Bienestar Estudiantil<\/strong><\/h3>\n<h2 style=\"text-align: center\">Cr. Juan El\u00edas Herrera<\/h2>\n<p style=\"text-align: center\"><strong>jherrera@face.unt.edu.ar<\/strong><\/p>\n<h3 style=\"text-align: center\">\u00a0<\/h3>\n<p>[\/et_pb_text][\/et_pb_column][et_pb_column type=\u00bb1_3&#8243; _builder_version=\u00bb4.23.1&#8243; _module_preset=\u00bbdefault\u00bb global_colors_info=\u00bb{}\u00bb][et_pb_image src=\u00bbhttps:\/\/face.unt.edu.ar\/web\/wp-content\/uploads\/2025\/11\/ELSA-RODRIGUEZ-AREAL.jpg\u00bb alt=\u00bbElsa Rodriguez Areal\u00bb title_text=\u00bbELSA-RODRIGUEZ-AREAL\u00bb align=\u00bbcenter\u00bb _builder_version=\u00bb4.23.1&#8243; _module_preset=\u00bbdefault\u00bb global_colors_info=\u00bb{}\u00bb][\/et_pb_image][et_pb_text _builder_version=\u00bb4.23.1&#8243; _module_preset=\u00bbdefault\u00bb header_2_font=\u00bbPoppins||||||||\u00bb header_3_font=\u00bbPoppins|300|||||||\u00bb hover_enabled=\u00bb0&#8243; global_colors_info=\u00bb{}\u00bb sticky_enabled=\u00bb0&#8243;]<\/p>\n<h3 style=\"text-align: center\"><strong>Subsecretaria de Investigaci\u00f3n<\/strong><\/h3>\n<h2 style=\"text-align: center\">Mg. Elsa Rodr\u00edguez Areal<\/h2>\n<p style=\"text-align: center\"><strong>eareal@face.unt.edu.ar<\/strong><\/p>\n<h3 style=\"text-align: center\">\u00a0<\/h3>\n<p>[\/et_pb_text][\/et_pb_column][\/et_pb_row][\/et_pb_section]<\/p>\n","protected":false},"excerpt":{"rendered":"<p>AutoridadesDecano Mg. Adolfo Jorge Rospide jrospide@face.unt.edu.arVicedecano Esp. Gustavo Ariel Sota gsota@face.unt.edu.arSecretar\u00eda Acad\u00e9micaSecretaria Acad\u00e9mica Mg. Mar\u00eda Liliana Pacheco mlpacheco@face.unt.edu.arSecretar\u00eda AdministrativaSecretario Administrativo Lic. Luis Fernando P\u00e9rez Vides lfperezvides@face.unt.edu.arSecretar\u00eda de Ciencia, T\u00e9cnicay PosgradoSecretaria de Ciencia, T\u00e9cnica y Posgrado Mg. Gabriela S\u00e1nchez gsanchez@face.unt.edu.arSecretar\u00eda de Extensi\u00f3n y Desarrollo InstitucionalSecretario de Extensi\u00f3n y Desarrollo Institucional Esp. Enrique Garc\u00eda Kalat egarciakalat@face.unt.edu.arSubsecretario Acad\u00e9mico [&hellip;]<\/p>\n","protected":false},"author":1,"featured_media":0,"parent":99,"menu_order":0,"comment_status":"open","ping_status":"open","template":"","meta":{"_et_pb_use_builder":"on","_et_pb_old_content":"\u00a0\r\n<p style=\"text-align: center;\"><strong>DECANO\r\nMg. Adolfo Jorge Rospide\r\n<a href=\"https:\/\/face.unt.edu.ar\/web\/wp-content\/uploads\/2025\/10\/Adolfo-Jorge-Rospide.jpg\"><img class=\"size-full wp-image-21706 aligncenter\" src=\"https:\/\/face.unt.edu.ar\/web\/wp-content\/uploads\/2025\/10\/Adolfo-Jorge-Rospide.jpg\" alt=\"Adolfo Jorge Rospide\" width=\"300\" height=\"300\" \/><\/a><\/strong><\/p>\r\n<p style=\"text-align: center;\"><strong>VICEDECANO\r\nEsp. Gustavo Ariel Sota\r\n<\/strong><a href=\"https:\/\/face.unt.edu.ar\/web\/wp-content\/uploads\/2025\/10\/Gustavo-Ariel-Sota.jpg\"><img class=\"size-full wp-image-21704 aligncenter\" src=\"https:\/\/face.unt.edu.ar\/web\/wp-content\/uploads\/2025\/10\/Gustavo-Ariel-Sota.jpg\" alt=\"Gustavo Ariel Sota\" width=\"300\" height=\"300\" \/><\/a><\/p>\r\n<p style=\"text-align: center;\"><strong>Secretar\u00eda Acad\u00e9mica<\/strong><\/p>\r\n<p style=\"text-align: center;\"><a href=\"https:\/\/face.unt.edu.ar\/web\/institucional\/secretarias\/secretaria-de-asuntos-academicos\/\"><img class=\"size-full wp-image-21695 aligncenter\" src=\"https:\/\/face.unt.edu.ar\/web\/wp-content\/uploads\/2025\/10\/liliana-pacheco.jpg\" alt=\"Liliana Pacheco\" width=\"300\" height=\"300\" \/><\/a><strong>Secretaria Acad\u00e9mica\r\nMg. Mar\u00eda Liliana Pacheco<\/strong><\/p>\r\n\u00a0\r\n<p style=\"text-align: center;\"><strong>Secretario Administrativo\r\nLic. Luis P\u00e9rez Videz<\/strong><a href=\"https:\/\/face.unt.edu.ar\/web\/institucional\/secretarias\/secretaria-de-gestion-administrativa\/\"><img class=\"size-full wp-image-21696 aligncenter\" src=\"https:\/\/face.unt.edu.ar\/web\/wp-content\/uploads\/2025\/10\/luis-perez-videz.jpg\" alt=\"Luis P\u00e9rez Videx\" width=\"300\" height=\"300\" \/><\/a><\/p>\r\n<p style=\"text-align: center;\"><strong>Secretario de Extensi\u00f3n y Desarrollo Institucional\r\nEsp. Enrique Garc\u00eda Kalat <\/strong><a href=\"https:\/\/face.unt.edu.ar\/web\/institucional\/secretarias\/secretaria-de-extension-y-desarrollo-institucional\/\"><img class=\"size-full wp-image-21697 aligncenter\" src=\"https:\/\/face.unt.edu.ar\/web\/wp-content\/uploads\/2025\/10\/enrique-garcia-kalat.jpg\" alt=\"Enrique Garcia Kalat\" width=\"300\" height=\"300\" \/><\/a><\/p>\r\n<p style=\"text-align: center;\"><strong>Secretaria de Ciencia. T\u00e9cnica y Posgrado\r\nEsp. Gabriela S\u00e1nchez <\/strong><a href=\"https:\/\/face.unt.edu.ar\/web\/institucional\/secretarias\/secretaria-de-ciencia-tecnica-y-posgrado\/\"><img class=\"size-full wp-image-21698 aligncenter\" src=\"https:\/\/face.unt.edu.ar\/web\/wp-content\/uploads\/2025\/10\/Gabriela-Sanchez.jpg\" alt=\"Gabriela S\u00e1nchez\" width=\"300\" height=\"300\" \/><\/a><\/p>","_et_gb_content_width":"","footnotes":""},"_links":{"self":[{"href":"https:\/\/face.unt.edu.ar\/web\/wp-json\/wp\/v2\/pages\/5"}],"collection":[{"href":"https:\/\/face.unt.edu.ar\/web\/wp-json\/wp\/v2\/pages"}],"about":[{"href":"https:\/\/face.unt.edu.ar\/web\/wp-json\/wp\/v2\/types\/page"}],"author":[{"embeddable":true,"href":"https:\/\/face.unt.edu.ar\/web\/wp-json\/wp\/v2\/users\/1"}],"replies":[{"embeddable":true,"href":"https:\/\/face.unt.edu.ar\/web\/wp-json\/wp\/v2\/comments?post=5"}],"version-history":[{"count":42,"href":"https:\/\/face.unt.edu.ar\/web\/wp-json\/wp\/v2\/pages\/5\/revisions"}],"predecessor-version":[{"id":22529,"href":"https:\/\/face.unt.edu.ar\/web\/wp-json\/wp\/v2\/pages\/5\/revisions\/22529"}],"up":[{"embeddable":true,"href":"https:\/\/face.unt.edu.ar\/web\/wp-json\/wp\/v2\/pages\/99"}],"wp:attachment":[{"href":"https:\/\/face.unt.edu.ar\/web\/wp-json\/wp\/v2\/media?parent=5"}],"curies":[{"name":"wp","href":"https:\/\/api.w.org\/{rel}","templated":true}]}}