{"id":545,"date":"2014-09-04T02:48:29","date_gmt":"2014-09-04T02:48:29","guid":{"rendered":"http:\/\/face.unt.edu.ar\/web\/?page_id=545"},"modified":"2025-11-01T14:10:43","modified_gmt":"2025-11-01T14:10:43","slug":"secretaria-de-asuntos-academicos","status":"publish","type":"page","link":"https:\/\/face.unt.edu.ar\/web\/institucional\/secretarias\/secretaria-de-asuntos-academicos\/","title":{"rendered":"Secretar\u00eda Acad\u00e9mica"},"content":{"rendered":"<p style=\"text-align: center\"><a href=\"https:\/\/face.unt.edu.ar\/web\/wp-content\/uploads\/2025\/11\/LILIANA-PACHECO.jpg\"><img decoding=\"async\" loading=\"lazy\" class=\"aligncenter size-full wp-image-22220\" src=\"https:\/\/face.unt.edu.ar\/web\/wp-content\/uploads\/2025\/11\/LILIANA-PACHECO.jpg\" alt=\"Liliana Pacheco\" width=\"200\" height=\"200\" srcset=\"https:\/\/face.unt.edu.ar\/web\/wp-content\/uploads\/2025\/11\/LILIANA-PACHECO.jpg 200w, https:\/\/face.unt.edu.ar\/web\/wp-content\/uploads\/2025\/11\/LILIANA-PACHECO-150x150.jpg 150w\" sizes=\"(max-width: 200px) 100vw, 200px\" \/><\/a><\/p>\n<p style=\"text-align: center\"><strong>MG. MAR\u00cdA LILIANA PACHECO<br \/>\n<\/strong><strong>Secretaria\u00a0 Acad\u00e9mica<\/strong><\/p>\n<h2>Misi\u00f3n<\/h2>\n<p>La Misi\u00f3n de la Secretar\u00eda\u00a0 Acad\u00e9mica se enmarca en el concepto de Responsabilidad Social Universitaria, desde donde coordina acciones y temas acad\u00e9micos a trav\u00e9s de la promoci\u00f3n, el desarrollo y la divulgaci\u00f3n de sus proyectos, procurando que se constituyan en procesos transformadores de la realidad social y productiva de la regi\u00f3n en la cual la Facultad de Ciencias Econ\u00f3micas de la Universidad Nacional de Tucum\u00e1n se inserta.<\/p>\n<p>De esta manera, busca formar profesionales cumpliendo est\u00e1ndares de calidad, a fin de que puedan insertarse en el medio con valores de compromiso \u00e9tico para el desarrollo de organizaciones y empresas p\u00fablicas y privadas.<\/p>\n<p>Para ello, la Secretar\u00eda Acad\u00e9mica asume la responsabilidad de coordinar y supervisar sus dependencias, as\u00ed como los Institutos y las C\u00e1tedras de la Facultad en relaci\u00f3n a sus integrantes, las pr\u00e1cticas y las necesidades en docencia e investigaci\u00f3n para asegurar la excelencia del proceso de ense\u00f1anza-aprendizaje de la Facultad.<\/p>\n<p>&nbsp;<\/p>\n<h2>Funciones<\/h2>\n<ol>\n<li>Planificar, coordinar y supervisar las distintas tareas de los sectores de su dependencia: Despacho, Direcci\u00f3n de Alumnos, Direcci\u00f3n de T\u00edtulos, Direcci\u00f3n de Concurso, Secretar\u00eda del Consejo, Biblioteca y Laboratorio.<\/li>\n<li>Mantener actualizadas, gestionar y firmar las resoluciones necesarias para el adecuado funcionamiento de todos los sectores del \u00e1rea acad\u00e9mica.<\/li>\n<li>Atender, gestionar y controlar los requerimientos de Auditor\u00edas a las dependencias de la Secretaria.<\/li>\n<li>Gestionar la incorporaci\u00f3n de las bibliotecas de Institutos y C\u00e1tedras a la red de bibliotecas de la Facultad.<\/li>\n<li>Utilizar los medios m\u00e1s convenientes para difundir, incentivar y promover el uso de las instalaciones y del material bibliogr\u00e1fico que pertenece a la Biblioteca de la Facultad.<\/li>\n<li>Controlar la presentaci\u00f3n en tiempo y forma de las Memorias y Programas de materias de las distintas C\u00e1tedras de la Facultad.<\/li>\n<li>Analizar las Encuestas Docentes y Memorias de Institutos y de C\u00e1tedras para resolver las debilidades y problemas que puedan presentarse.<\/li>\n<li>Conformar y acordar formas de trabajo de las comisiones de Seguimiento de las tres carreras que se dictan en la Facultad.<\/li>\n<li>Organizar cursos de capacitaci\u00f3n y perfeccionamiento para el personal docente y no docente de la Facultad.<\/li>\n<li>Coordinar con otras Unidades Acad\u00e9micas, cuestiones vinculadas con materias de sus planes de estudio que se dictan en nuestra facultad.<\/li>\n<li>Asistir a reuniones, gestionar y preparar toda la documentaci\u00f3n requerida con informaci\u00f3n que corresponde a la Secretaria de Asuntos Acad\u00e9mica, por parte de Comisiones que participen de la Acreditaci\u00f3n de carreras, Evaluaci\u00f3n y Autoevaluaci\u00f3n Institucional de la FACE y Comisiones de Ense\u00f1anza y de Reglamento del HCD de la Facultad.<\/li>\n<\/ol>\n<h2>Pol\u00edticas<\/h2>\n<ol>\n<li>Promover una cultura de \u201cmejora continua\u201d en los procesos de ense\u00f1anza-aprendizaje y de evaluaci\u00f3n, mediante la actualizaci\u00f3n pedag\u00f3gica docente, el uso de tecnolog\u00edas y los cambios necesarios que se requieran en el marco normativo.<\/li>\n<li>Implementar con la mayor efectividad posible los Planes de Estudios de las distintas Carreras de Grado, para lograr un nivel de excelencia profesional y acad\u00e9mica de los egresados de la Facultad.<\/li>\n<li>Profundizar los procesos de autoevaluaci\u00f3n y acreditaci\u00f3n a fin de obtener los m\u00e1ximos est\u00e1ndares de calificaci\u00f3n posibles en los procesos que se presentan en el futuro inmediato.<\/li>\n<li>Articular y promover la coordinaci\u00f3n del funcionamiento de los Institutos y fortalecer las estructuras de C\u00e1tedras.<\/li>\n<li>Desarrollar y promover el uso del Aula Virtual como herramienta docente complementaria del proceso educativo.<\/li>\n<li>Promocionar y jerarquizar el uso de la Biblioteca a trav\u00e9s de la actualizaci\u00f3n de la bibliograf\u00eda, ordenamiento y uso adecuado de los espacios f\u00edsicos, incorporaci\u00f3n de nuevas herramientas inform\u00e1ticas para el uso de la misma e incorporaci\u00f3n de las Bibliotecas de Institutos y C\u00e1tedras a la red de bibliotecas de la Facultad.<\/li>\n<li>Promover y fomentar un Sistema integrado de Gesti\u00f3n Acad\u00e9mica con bases de datos de docentes y su historial acad\u00e9mico.<\/li>\n<li>Coordinar y gestionar la presentaci\u00f3n de las Planificaciones y Memorias anuales, programas de las materias, desarrollo y procesamiento de encuestas cuatrimestrales, como herramientas de monitoreo y evaluaci\u00f3n del desempe\u00f1o docente.<\/li>\n<li>Fortalecer el Sistema de Gesti\u00f3n Alumnos SIU, que permita disponer de informaci\u00f3n para programas de becas, subsidios, y otros financiamientos universitarios, provinciales y nacionales.<\/li>\n<li>Implementar y gestionar de manera eficiente el proceso de obtenci\u00f3n del t\u00edtulo por parte de alumnos que aprobaron toda la curricula que corresponde a las carreras que se dictan en la Facultad.<\/li>\n<li>Conformar y articular las Comisiones de Seguimiento de las carreras que se dictan en la Facultad.<\/li>\n<li>Coordinar con otras unidades acad\u00e9micas el desarrollo de actividades acad\u00e9micas y firmas de convenios para fomentar el desarrollo conjunto de mejora institucional.<\/li>\n<li>Fomentar espacios de comunicaci\u00f3n entre los actores de la realidad acad\u00e9mica.<\/li>\n<li>Velar por el programa de ingreso \u201cCamino a la Universidad\u201d y el funcionamiento del Sistema de Tutor\u00edas de la Facultad.<\/li>\n<\/ol>\n","protected":false},"excerpt":{"rendered":"<p>MG. MAR\u00cdA LILIANA PACHECO Secretaria\u00a0 Acad\u00e9mica Misi\u00f3n La Misi\u00f3n de la Secretar\u00eda\u00a0 Acad\u00e9mica se enmarca en el concepto de Responsabilidad Social Universitaria, desde donde coordina acciones y temas acad\u00e9micos a trav\u00e9s de la promoci\u00f3n, el desarrollo y la divulgaci\u00f3n de sus proyectos, procurando que se constituyan en procesos transformadores de la realidad social y productiva [&hellip;]<\/p>\n","protected":false},"author":1,"featured_media":0,"parent":7,"menu_order":0,"comment_status":"open","ping_status":"open","template":"","meta":{"_et_pb_use_builder":"","_et_pb_old_content":"","_et_gb_content_width":"","footnotes":""},"_links":{"self":[{"href":"https:\/\/face.unt.edu.ar\/web\/wp-json\/wp\/v2\/pages\/545"}],"collection":[{"href":"https:\/\/face.unt.edu.ar\/web\/wp-json\/wp\/v2\/pages"}],"about":[{"href":"https:\/\/face.unt.edu.ar\/web\/wp-json\/wp\/v2\/types\/page"}],"author":[{"embeddable":true,"href":"https:\/\/face.unt.edu.ar\/web\/wp-json\/wp\/v2\/users\/1"}],"replies":[{"embeddable":true,"href":"https:\/\/face.unt.edu.ar\/web\/wp-json\/wp\/v2\/comments?post=545"}],"version-history":[{"count":28,"href":"https:\/\/face.unt.edu.ar\/web\/wp-json\/wp\/v2\/pages\/545\/revisions"}],"predecessor-version":[{"id":22297,"href":"https:\/\/face.unt.edu.ar\/web\/wp-json\/wp\/v2\/pages\/545\/revisions\/22297"}],"up":[{"embeddable":true,"href":"https:\/\/face.unt.edu.ar\/web\/wp-json\/wp\/v2\/pages\/7"}],"wp:attachment":[{"href":"https:\/\/face.unt.edu.ar\/web\/wp-json\/wp\/v2\/media?parent=545"}],"curies":[{"name":"wp","href":"https:\/\/api.w.org\/{rel}","templated":true}]}}