{"id":547,"date":"2014-09-04T02:48:46","date_gmt":"2014-09-04T02:48:46","guid":{"rendered":"http:\/\/face.unt.edu.ar\/web\/?page_id=547"},"modified":"2025-11-01T14:12:32","modified_gmt":"2025-11-01T14:12:32","slug":"secretaria-de-gestion-administrativa","status":"publish","type":"page","link":"https:\/\/face.unt.edu.ar\/web\/institucional\/secretarias\/secretaria-de-gestion-administrativa\/","title":{"rendered":"Secretar\u00eda Administrativa"},"content":{"rendered":"<p><img decoding=\"async\" loading=\"lazy\" class=\"aligncenter size-full wp-image-22225\" src=\"https:\/\/face.unt.edu.ar\/web\/wp-content\/uploads\/2025\/11\/LUIS-PEREZ-VIDES.jpg\" alt=\"\" width=\"200\" height=\"200\" srcset=\"https:\/\/face.unt.edu.ar\/web\/wp-content\/uploads\/2025\/11\/LUIS-PEREZ-VIDES.jpg 200w, https:\/\/face.unt.edu.ar\/web\/wp-content\/uploads\/2025\/11\/LUIS-PEREZ-VIDES-150x150.jpg 150w\" sizes=\"(max-width: 200px) 100vw, 200px\" \/><\/p>\n<p style=\"text-align: center\"><strong>LIC. LUIS FERNANDO P\u00c9REZ VIDES<\/strong><br style=\"color: #262626\" \/><strong style=\"color: #262626\">Secretario Administrativo<\/strong><\/p>\n<h2>Misi\u00f3n<\/h2>\n<p>La Secretar\u00eda Administrativa tiene la misi\u00f3n fundamental de apoyar la consecuci\u00f3n de los objetivos institucionales de la Facultad y el desarrollo de las funciones y procesos sustantivos de la misma.<\/p>\n<p>Lleva a cabo la gesti\u00f3n administrativa y de soporte necesaria para el logro de las metas de la Facultad, en las \u00c1reas Acad\u00e9mica, de Investigaci\u00f3n, de Posgrado, de Extensi\u00f3n y de Bienestar Estudiantil, priorizando el servicio a la comunidad universitaria, y la transparencia en la informaci\u00f3n y comunicaci\u00f3n.<\/p>\n<p>&nbsp;<\/p>\n<h2>Funciones<\/h2>\n<ol>\n<li>Asistir al Decano y Vicedecano en los aspectos econ\u00f3mico-financieros, en la administraci\u00f3n de personal y en la gesti\u00f3n de infraestructura y mantenimiento edilicio.<\/li>\n<li>Dirigir la ejecuci\u00f3n de las pol\u00edticas referidas a la planificaci\u00f3n, administraci\u00f3n, seguimiento y evaluaci\u00f3n de la gesti\u00f3n de los recursos econ\u00f3micos y financieros de la Facultad.<\/li>\n<li>Formular y proponer el presupuesto de la Facultad, al Decano, y al Consejo de la misma Realizar la planificaci\u00f3n, administraci\u00f3n, seguimiento y control de todos los conceptos de ingresos y gastos de la Facultad.<\/li>\n<li>Controlar la ejecuci\u00f3n del presupuesto de la Facultad y tomar las medidas necesarias para la reasignaci\u00f3n de recursos econ\u00f3micos financieros necesarios, de acuerdo a los intereses de la Facultad.<\/li>\n<li>Entender y participar en la elaboraci\u00f3n de los proyectos de reglamentaciones y resoluciones de la Secretar\u00eda.<\/li>\n<li>Dirigir la ejecuci\u00f3n de pol\u00edticas referidas a la administraci\u00f3n de personal administrativo y de apoyo (no-docente) de la Facultad y evaluar el cumplimiento de las mismas en los diferentes \u00e1mbitos de la misma.<\/li>\n<li>Dirigir la ejecuci\u00f3n de la pol\u00edtica de compras y contrataciones de la Facultad, atendiendo las necesidades de los diferentes \u00e1mbitos de la misma e intervenir en dichos procesos, seg\u00fan las normas vigentes.<\/li>\n<li>Dirigir la ejecuci\u00f3n de pol\u00edticas referidas a la obtenci\u00f3n de recursos econ\u00f3micos y financieros de la Facultad, a la disposici\u00f3n de las disponibilidades financieras y a la aplicaci\u00f3n de dichos recursos, e intervenir en las rendiciones de cuenta a la administraci\u00f3n central del Rectorado de la UNT.<\/li>\n<li>Supervisar los estados de ejecuci\u00f3n presupuestaria de la Facultad, desde el sistema presupuestario, econ\u00f3mico, financiero y contable.<\/li>\n<li>Supervisar las tareas de cierres de ejercicios, per\u00edodos presupuestarios y la confecci\u00f3n de los estados contables.<\/li>\n<li>Supervisar en forma permanente, el sistema de control interno de la Facultad, en el \u00e1mbito normativo, financiero, econ\u00f3mico, patrimonial y de gesti\u00f3n.<\/li>\n<li>Dirigir la ejecuci\u00f3n de pol\u00edticas referidas a la infraestructura de la Facultad, obras y mantenimiento edilicio, detectando necesidades actuales y futuras en este \u00e1mbito.<\/li>\n<li>Mantener actualizados los sistemas de informaci\u00f3n de la Secretar\u00eda, y asegurar la disponibilidad de informaci\u00f3n actualizada para la toma de decisiones.<\/li>\n<li>Atender a las necesidades de la Facultad en cuanto al abastecimiento de bienes de capital y bienes de consumo, ejecutando acciones de planificaci\u00f3n, compra y administraci\u00f3n de dichos bienes.<\/li>\n<li>Coordinar y controlar las acciones de prevenci\u00f3n, y control, en lo relativo a la higiene y seguridad en el trabajo.<\/li>\n<li>Asistir y asesorar a las distintas Secretar\u00edas, acerca de los actos administrativos.<\/li>\n<li>Brindar informaci\u00f3n peri\u00f3dica sobre el desempe\u00f1o de la Secretar\u00eda, a los fines de facilitar el seguimiento y control que permita evaluar el desarrollo de las distintas funciones, procesos, proyectos y programas.<\/li>\n<li>Representar a la Facultad en las estructuras espec\u00edficas, en el \u00e1mbito de la UNT o en otros \u00e1mbitos, seg\u00fan sea lo necesario.<\/li>\n<\/ol>\n<p>&nbsp;<\/p>\n<h2>Pol\u00edticas<\/h2>\n<ol>\n<li>Fortalecer los procesos administrativos, econ\u00f3micos, presupuestarios y financieros, procurando la eficiencia y efectividad de los mismos y el desarrollo de un adecuado sistema de control interno.<\/li>\n<li>Priorizar el proceso de planificaci\u00f3n y presupuestaci\u00f3n econ\u00f3mica financiera.<\/li>\n<li>Optimizar la administraci\u00f3n eficiente de los recursos presupuestarios cualquiera fuera su origen y la ejecuci\u00f3n financiera de los mismos<\/li>\n<li>Afianzar transparencia y oportunidad en el proceso de rendiciones de cuenta.<\/li>\n<li>Fortalecer los procesos de informaci\u00f3n y comunicaci\u00f3n de la gesti\u00f3n administrativa, a la comunidad de la Facultad, y a la sociedad toda<\/li>\n<li>Promover la participaci\u00f3n activa y comprometida del personal administrativo y de apoyo, en la gesti\u00f3n de la Facultad.<\/li>\n<li>Propiciar y desarrollar una cultura de servicio hacia todos los miembros de la comunidad de la Facultad.<\/li>\n<li>Promover el compromiso del personal en la determinaci\u00f3n, an\u00e1lisis y resoluci\u00f3n de las distintas necesidades, problem\u00e1ticas o inquietudes que se presenten.<\/li>\n<li>Fomentar el desarrollo de competencias y habilidades del personal administrativo y de apoyo, contribuyendo a su jerarquizaci\u00f3n y crecimiento personal e integral<\/li>\n<li>Desarrollar procesos de capacitaci\u00f3n y perfeccionamiento permanente, en funci\u00f3n de intereses, necesidades y expectativas personales e institucionales<\/li>\n<li>Incentivar la participaci\u00f3n activa en diversos procesos y \u00e1mbitos de formaci\u00f3n y capacitaci\u00f3n<\/li>\n<li>Fortalecer y mejorar la infraestructura edilicia, las instalaciones, la infraestructura de bienes y dem\u00e1s \u00e1mbitos f\u00edsicos de la Facultad, procurando un ambiente adecuado y seguro para el desarrollo de las actividades acad\u00e9micas, de grado, de posgrado, de investigaci\u00f3n, y de extensi\u00f3n de la Facultad<\/li>\n<li>Facilitar una adecuada asignaci\u00f3n de recursos para el mejoramiento y desarrollo de los \u00e1mbitos f\u00edsicos de la Facultad y toda su infraestructura<\/li>\n<li>Concientizar sobre la importancia del cuidado y adecuada utilizaci\u00f3n de los bienes de la Facultad, para optimizar su rendimiento y disposici\u00f3n y facilitar un adecuado mantenimiento.<\/li>\n<li>Mejorar la eficiencia y efectividad de los sistemas de informaci\u00f3n de la Facultad, para disponer de informaci\u00f3n \u00edntegra, oportuna y pertinente, permitiendo el desarrollo de las funciones propias de la misma, y el proceso de toma de decisiones<\/li>\n<li>Procurar y promover la implementaci\u00f3n de nuevos sistemas de gesti\u00f3n, en los procesos administrativos, acad\u00e9micos, biblioteca, c\u00e1tedras, e institutos.<\/li>\n<li>Procurar una adecuada disponibilidad de equipamientos, tecnolog\u00eda y condiciones f\u00edsicas para el desarrollo de las actividades propias de la Facultad<\/li>\n<li>Generar espacios de sociabilizaci\u00f3n en la comunidad de la Facultad, fortaleciendo el sentido de pertenencia y el compromiso con la misma.<\/li>\n<\/ol>\n<p>La Secretar\u00eda Administrativa tiene a su cargo la <a href=\"http:\/\/face.unt.edu.ar\/web\/asociacion-cooperadora-de-la-facultad-de-ciencias-economicas-unt\/\">Asociaci\u00f3n Cooperadora de esta Facultad<\/a><\/p>\n","protected":false},"excerpt":{"rendered":"<p>LIC. LUIS FERNANDO P\u00c9REZ VIDESSecretario Administrativo Misi\u00f3n La Secretar\u00eda Administrativa tiene la misi\u00f3n fundamental de apoyar la consecuci\u00f3n de los objetivos institucionales de la Facultad y el desarrollo de las funciones y procesos sustantivos de la misma. Lleva a cabo la gesti\u00f3n administrativa y de soporte necesaria para el logro de las metas de la [&hellip;]<\/p>\n","protected":false},"author":1,"featured_media":0,"parent":7,"menu_order":0,"comment_status":"open","ping_status":"open","template":"","meta":{"_et_pb_use_builder":"","_et_pb_old_content":"","_et_gb_content_width":"","footnotes":""},"_links":{"self":[{"href":"https:\/\/face.unt.edu.ar\/web\/wp-json\/wp\/v2\/pages\/547"}],"collection":[{"href":"https:\/\/face.unt.edu.ar\/web\/wp-json\/wp\/v2\/pages"}],"about":[{"href":"https:\/\/face.unt.edu.ar\/web\/wp-json\/wp\/v2\/types\/page"}],"author":[{"embeddable":true,"href":"https:\/\/face.unt.edu.ar\/web\/wp-json\/wp\/v2\/users\/1"}],"replies":[{"embeddable":true,"href":"https:\/\/face.unt.edu.ar\/web\/wp-json\/wp\/v2\/comments?post=547"}],"version-history":[{"count":28,"href":"https:\/\/face.unt.edu.ar\/web\/wp-json\/wp\/v2\/pages\/547\/revisions"}],"predecessor-version":[{"id":22300,"href":"https:\/\/face.unt.edu.ar\/web\/wp-json\/wp\/v2\/pages\/547\/revisions\/22300"}],"up":[{"embeddable":true,"href":"https:\/\/face.unt.edu.ar\/web\/wp-json\/wp\/v2\/pages\/7"}],"wp:attachment":[{"href":"https:\/\/face.unt.edu.ar\/web\/wp-json\/wp\/v2\/media?parent=547"}],"curies":[{"name":"wp","href":"https:\/\/api.w.org\/{rel}","templated":true}]}}