{"id":549,"date":"2014-09-04T02:49:07","date_gmt":"2014-09-04T02:49:07","guid":{"rendered":"http:\/\/face.unt.edu.ar\/web\/?page_id=549"},"modified":"2025-12-03T15:55:25","modified_gmt":"2025-12-03T15:55:25","slug":"secretaria-de-extension-y-desarrollo-institucional","status":"publish","type":"page","link":"https:\/\/face.unt.edu.ar\/web\/institucional\/secretarias\/secretaria-de-extension-y-desarrollo-institucional\/","title":{"rendered":"Secretar\u00eda de Extensi\u00f3n y Desarrollo Institucional"},"content":{"rendered":"<p style=\"text-align: center\"><strong><a href=\"https:\/\/face.unt.edu.ar\/web\/wp-content\/uploads\/2025\/11\/ENRIQUE-GARCIA-KALAT.jpg\"><img decoding=\"async\" loading=\"lazy\" class=\"aligncenter size-full wp-image-22229\" src=\"https:\/\/face.unt.edu.ar\/web\/wp-content\/uploads\/2025\/11\/ENRIQUE-GARCIA-KALAT.jpg\" alt=\"\" width=\"200\" height=\"200\" srcset=\"https:\/\/face.unt.edu.ar\/web\/wp-content\/uploads\/2025\/11\/ENRIQUE-GARCIA-KALAT.jpg 200w, https:\/\/face.unt.edu.ar\/web\/wp-content\/uploads\/2025\/11\/ENRIQUE-GARCIA-KALAT-150x150.jpg 150w\" sizes=\"(max-width: 200px) 100vw, 200px\" \/><\/a><\/strong><\/p>\n<p style=\"text-align: center\"><strong>ESP. ENRIQUE GARC\u00cdA KALAT<br \/>\nSecretario de Extensi\u00f3n y Desarrollo Institucional<\/strong><\/p>\n<p style=\"text-align: center\"><strong>Horarios de Atenci\u00f3n:<\/strong><br \/>\nLunes a Viernes de 8:30 a 13:00 horas<br \/>\nContacto:<br \/>\nOficina en primer piso \u2013 Cel: 3816139819<br \/>\nsedi@face.unt.edu.ar<\/p>\n<hr \/>\n<div dir=\"auto\">La Facultad de Ciencias Econ\u00f3micas de la Universidad Nacional de Tucum\u00e1n, a traves de su Secretar\u00eda de Extensi\u00f3n y Desarrollo Institucional trabaja a trav\u00e9s de diversos programas y servicios, promoviendo la formaci\u00f3n continua, la transferencia de conocimientos y la generaci\u00f3n de oportunidades para estudiantes y j\u00f3venes graduados.<\/div>\n<div dir=\"auto\">Te invitamos a conocer nuestros programas dise\u00f1ados para potenciar tu desarrollo profesional y abrir nuevas oportunidades.<\/div>\n<div dir=\"auto\"><\/div>\n<div dir=\"auto\"><strong>Centro de Capacitaci\u00f3n Continua<\/strong><\/div>\n<div dir=\"auto\">Espacio destinado a la formaci\u00f3n permanente mediante cursos, talleres y programas de actualizaci\u00f3n profesional orientados a las distintas \u00e1reas de las ciencias econ\u00f3micas y publico en general.<\/div>\n<div dir=\"auto\"><img decoding=\"async\" class=\"an1\" src=\"https:\/\/fonts.gstatic.com\/s\/e\/notoemoji\/16.0\/1f449\/32.png\" alt=\"\ud83d\udc49\" data-emoji=\"\ud83d\udc49\" aria-label=\"\ud83d\udc49\" \/> Acced\u00e9 al <a href=\"https:\/\/face.unt.edu.ar\/web\/capacitacion\/\" target=\"_blank\" rel=\"noopener\"><span style=\"color: #ff0000\">Centro de Capacitaci\u00f3n Continua haciendo clic aqu\u00ed<\/span><\/a><\/div>\n<h2><\/h2>\n<h2>Misi\u00f3n<\/h2>\n<p>Insertar a la Facultad de Ciencias Econ\u00f3micas en la sociedad y la regi\u00f3n, generando desde la responsabilidad social un v\u00ednculo bidireccional que permita transferir al medio los conocimientos generados, y recibir del mismo las necesidades y experiencias para crear nuevos conocimientos, orientados al desarrollo regional.<\/p>\n<h2>Visi\u00f3n<\/h2>\n<p>Ser motor de transformaci\u00f3n y crecimiento de la sociedad, generando pensamiento cr\u00edtico y transfiri\u00e9ndolo al medio mediante un proceso integrador.<\/p>\n<h2>Funciones<\/h2>\n<ol>\n<li>Integrar a la Facultad en la din\u00e1mica de la Sociedad.<\/li>\n<li>Coordinar las tareas de extensi\u00f3n en las que participen docentes, graduados y alumnos de la Facultad.<\/li>\n<li>Gestionar el v\u00ednculo entre la Facultad y las instituciones, empresas y organizaciones que conforman la Sociedad.<\/li>\n<li>Contribuir desde la Extensi\u00f3n Universitaria en la formaci\u00f3n integral de nuestros estudiantes y egresados, con conciencia cr\u00edtica y compromiso con la sociedad.<\/li>\n<li>Fomentar el desarrollo del esp\u00edritu emprendedor, la innovaci\u00f3n y puesta en marcha de nuevas ideas.<\/li>\n<li>Organizar tareas de articulaci\u00f3n entre la Facultad y los establecimientos de ense\u00f1anza no universitaria.<\/li>\n<li>Promover la integraci\u00f3n de las funciones Docencia-Investigaci\u00f3n-Extensi\u00f3n.<\/li>\n<li>Difundir y transferir los conocimientos desarrollados en la Facultad.<\/li>\n<li>Coordinar las actividades del Centro de Graduados de la Facultad.<\/li>\n<\/ol>\n<h2>Pol\u00edticas<\/h2>\n<ol>\n<li>Integrar a la Facultad en la din\u00e1mica de la Sociedad con un rol activo.<\/li>\n<li>Contribuir desde la Extensi\u00f3n Universitaria, en una formaci\u00f3n integral de nuestros egresados, con conciencia cr\u00edtica y compromiso con la sociedad.<\/li>\n<li>Fomentar el desarrollo del esp\u00edritu emprendedor, la innovaci\u00f3n y puesta en marcha de nuevas ideas.<\/li>\n<li>Detectar problemas de nuestra regi\u00f3n mediante el v\u00ednculo con la sociedad y aportar las posibles soluciones desde las Ciencias Econ\u00f3micas.<\/li>\n<li>Vincular a la Facultad con otros saberes t\u00e9cnicos y culturales, incentivando la generaci\u00f3n de un desarrollo interdisciplinario.<\/li>\n<li>Fomentar y desarrollar v\u00ednculos y relaciones fluidas con instituciones profesionales, cient\u00edfico-t\u00e9cnicos y sociales del medio, generando proyectos acciones conjuntas que tiendan al logro de objetivos comunes.<\/li>\n<li>Promover e incentivar expresiones socio-culturales, que enriquezcan aporten a la interdisciplinariedad y formaci\u00f3n integral de los estudiantes y graduados.<\/li>\n<li>Promover y estimular la participaci\u00f3n de los distintos estamentos de la Facultad en las actividades de extensi\u00f3n.<\/li>\n<li>Coordinar las tareas de extensi\u00f3n en las que participen docentes, graduados y alumnos de la Facultad<\/li>\n<li>Organizar tareas de articulaci\u00f3n entre la Universidad y los establecimientos de ense\u00f1anza no universitaria, a fin de lograr una mejor inserci\u00f3n de los estudiantes secundarios en la vida universitaria.<\/li>\n<li>Atender y canalizar las demandas de la sociedad, de manera de estimular un proceso de realimentaci\u00f3n de las actividades acad\u00e9micas.<\/li>\n<li>Conformar redes con instituciones del medio para identificar pol\u00edticas de desarrollo.<\/li>\n<li>Promover la integraci\u00f3n de las funciones Docencia-Investigaci\u00f3n-Extensi\u00f3n<\/li>\n<li>Difundir los conocimientos desarrollados en la Facultad.<\/li>\n<li>Gestionar l\u00edneas de financiamiento de diversas instituciones de \u00e1mbitos nacionales e internacionales para las actividades y proyectos de extensi\u00f3n.<\/li>\n<li>Promover y coordinar la firma de convenios de pasant\u00edas, a fin de fomentar la inserci\u00f3n de los estudiantes en el \u00e1mbito laboral.<\/li>\n<\/ol>\n<h2>Valores<\/h2>\n<p>Democracia, participaci\u00f3n ciudadana, creatividad, calidad, pertenencia con la comunidad, pertinencia, criticidad constructiva, responsabilidad social, solidaridad, cooperaci\u00f3n, apertura al cambio.<\/p>\n<h2>Objetivos Generales<\/h2>\n<ul style=\"text-align: justify\">\n<li style=\"text-align: justify\">Integrar a la Facultad con la sociedad.<\/li>\n<li style=\"text-align: justify\">Transferir a la sociedad los elementos t\u00e9cnicos desarrollados por la Facultad.<\/li>\n<li style=\"text-align: justify\">Incorporar a la sociedad en la din\u00e1mica de la Facultad.<\/li>\n<li style=\"text-align: justify\">Divulgar los nuevos conocimientos generados por la Facultad.<\/li>\n<li style=\"text-align: justify\">Detectar y atender los problemas de nuestra regi\u00f3n desde el aporte de las Ciencias Econ\u00f3micas.<\/li>\n<li style=\"text-align: justify\">Vincular a la Facultad con otros saberes t\u00e9cnicos y culturales, incentivando la generaci\u00f3n de un desarrollo interdisciplinario.<\/li>\n<li style=\"text-align: justify\">Promover alianzas y convenios de cooperaci\u00f3n con organismos p\u00fablicos y privados para el desarrollo de programas y proyectos de inter\u00e9s com\u00fan.<\/li>\n<li style=\"text-align: justify\">\u00a0Gestionar los recursos presupuestarios y financieros que permitan acciones pertinentes en materia de extensi\u00f3n.<\/li>\n<li style=\"text-align: justify\">Promover actividades de \u00edndole cultural, que aporten a la interdisciplinariedad y formaci\u00f3n integral del graduado.<\/li>\n<li style=\"text-align: justify\">Proveer las herramientas necesarias para la adecuada inserci\u00f3n de graduados y estudiantes en el campo profesional.<\/li>\n<\/ul>\n","protected":false},"excerpt":{"rendered":"<p>ESP. ENRIQUE GARC\u00cdA KALAT Secretario de Extensi\u00f3n y Desarrollo Institucional Horarios de Atenci\u00f3n: Lunes a Viernes de 8:30 a 13:00 horas Contacto: Oficina en primer piso \u2013 Cel: 3816139819 sedi@face.unt.edu.ar La Facultad de Ciencias Econ\u00f3micas de la Universidad Nacional de Tucum\u00e1n, a traves de su Secretar\u00eda de Extensi\u00f3n y Desarrollo Institucional trabaja a trav\u00e9s de [&hellip;]<\/p>\n","protected":false},"author":1,"featured_media":0,"parent":7,"menu_order":0,"comment_status":"open","ping_status":"open","template":"","meta":{"_et_pb_use_builder":"","_et_pb_old_content":"","_et_gb_content_width":"","footnotes":""},"_links":{"self":[{"href":"https:\/\/face.unt.edu.ar\/web\/wp-json\/wp\/v2\/pages\/549"}],"collection":[{"href":"https:\/\/face.unt.edu.ar\/web\/wp-json\/wp\/v2\/pages"}],"about":[{"href":"https:\/\/face.unt.edu.ar\/web\/wp-json\/wp\/v2\/types\/page"}],"author":[{"embeddable":true,"href":"https:\/\/face.unt.edu.ar\/web\/wp-json\/wp\/v2\/users\/1"}],"replies":[{"embeddable":true,"href":"https:\/\/face.unt.edu.ar\/web\/wp-json\/wp\/v2\/comments?post=549"}],"version-history":[{"count":14,"href":"https:\/\/face.unt.edu.ar\/web\/wp-json\/wp\/v2\/pages\/549\/revisions"}],"predecessor-version":[{"id":22576,"href":"https:\/\/face.unt.edu.ar\/web\/wp-json\/wp\/v2\/pages\/549\/revisions\/22576"}],"up":[{"embeddable":true,"href":"https:\/\/face.unt.edu.ar\/web\/wp-json\/wp\/v2\/pages\/7"}],"wp:attachment":[{"href":"https:\/\/face.unt.edu.ar\/web\/wp-json\/wp\/v2\/media?parent=549"}],"curies":[{"name":"wp","href":"https:\/\/api.w.org\/{rel}","templated":true}]}}