{"id":5677,"date":"2017-08-10T01:23:27","date_gmt":"2017-08-10T01:23:27","guid":{"rendered":"http:\/\/face.unt.edu.ar\/web\/?page_id=5677"},"modified":"2025-09-22T15:09:05","modified_gmt":"2025-09-22T15:09:05","slug":"muestra-de-microemprendimientos-para-el-nivel-secundario","status":"publish","type":"page","link":"https:\/\/face.unt.edu.ar\/web\/muestra-de-microemprendimientos-para-el-nivel-secundario\/","title":{"rendered":"Muestra de Microemprendimientos para el  Nivel Secundario"},"content":{"rendered":"<h2 style=\"text-align: center\"><span style=\"color: #ff0000\"><a href=\"http:\/\/face.unt.edu.ar\/web\/wp-content\/uploads\/2017\/08\/face-emprende.jpg\"><img decoding=\"async\" loading=\"lazy\" class=\"size-full wp-image-5682 aligncenter\" src=\"http:\/\/face.unt.edu.ar\/web\/wp-content\/uploads\/2017\/08\/face-emprende.jpg\" alt=\"face-emprende\" width=\"900\" height=\"463\" srcset=\"https:\/\/face.unt.edu.ar\/web\/wp-content\/uploads\/2017\/08\/face-emprende.jpg 900w, https:\/\/face.unt.edu.ar\/web\/wp-content\/uploads\/2017\/08\/face-emprende-300x154.jpg 300w, https:\/\/face.unt.edu.ar\/web\/wp-content\/uploads\/2017\/08\/face-emprende-768x395.jpg 768w\" sizes=\"(max-width: 900px) 100vw, 900px\" \/><\/a><br \/>\n<span style=\"color: #000000\"><strong>9na Muestra de Microemprendimientos para el Nivel Secundario &#8211; Octubre 2025<\/strong><\/span><\/span><\/h2>\n<h3><span style=\"background-color: #ffffff;color: #ff0000\"><strong><em>Fundamentaci\u00f3n<\/em><\/strong><\/span><\/h3>\n<p>Con el objetivo de acompa\u00f1ar las actividades que los estudiantes realizan en sus espacios<br \/>\ncurriculares, y que les permiten acercarse al mundo de los negocios, la <strong>Facultad de Ciencias <\/strong><strong>Econ\u00f3micas de la UNT<\/strong> organiza una muestra presencial intercolegial de los<br \/>\nmicroemprendimientos desarrollados por distintas instituciones educativas.<br \/>\nHoy existe un amplio consenso sobre la importancia de la creaci\u00f3n de nuevas empresas<br \/>\ncomo motor de crecimiento econ\u00f3mico y generaci\u00f3n de riqueza. En el caso de los j\u00f3venes,<br \/>\nfomentar el esp\u00edritu emprendedor se vuelve a\u00fan m\u00e1s relevante, ya que representa una<br \/>\nalternativa real para su desarrollo personal y profesional.<br \/>\nEl emprendedorismo se presenta as\u00ed como una herramienta clave para enfrentar<br \/>\nsituaciones econ\u00f3micas adversas y el desempleo juvenil. En este contexto, las pol\u00edticas<br \/>\neducativas y de formaci\u00f3n juegan un rol esencial: crean las condiciones necesarias para que los j\u00f3venes adquieran los conocimientos, habilidades y actitudes que les permitan<br \/>\nemprender con \u00e9xito.<\/p>\n<h3><span style=\"color: #ff0000\"><strong><em>Prop\u00f3sito<\/em><\/strong><\/span><\/h3>\n<p><a href=\"https:\/\/face.unt.edu.ar\/web\/wp-content\/uploads\/2023\/08\/1-1.jpg\"><img decoding=\"async\" loading=\"lazy\" class=\" wp-image-16769 alignright\" src=\"https:\/\/face.unt.edu.ar\/web\/wp-content\/uploads\/2023\/08\/1-1.jpg\" alt=\"\" width=\"273\" height=\"170\" \/><\/a><\/p>\n<p>Es fomentar y fortalecer el esp\u00edritu<br \/>\nemprendedor en los j\u00f3venes del nivel<br \/>\nsecundario.<\/p>\n<p>&nbsp;<\/p>\n<h3><span style=\"color: #ff0000\"><strong><em>Objetivo<\/em><\/strong><\/span><\/h3>\n<p style=\"text-align: left\"><a href=\"https:\/\/face.unt.edu.ar\/web\/wp-content\/uploads\/2023\/08\/2.jpg\"><img decoding=\"async\" loading=\"lazy\" class=\"wp-image-16770 alignleft\" src=\"https:\/\/face.unt.edu.ar\/web\/wp-content\/uploads\/2023\/08\/2.jpg\" alt=\"\" width=\"171\" height=\"137\" \/><\/a>Generar un \u00e1mbito en el cual los estudiantes emprendedores<br \/>\npuedan compartir las diferentes iniciativas con sus pares, y<br \/>\npropiciar un ambiente apto para fortalecer lazos de<br \/>\ncomunicaci\u00f3n, intercambio y colaboraci\u00f3n con sus ideas.<\/p>\n<h3><\/h3>\n<h3><span style=\"color: #ff0000\"><strong><em>Participantes <\/em><\/strong><\/span><\/h3>\n<p style=\"text-align: left\">Podr\u00e1n participar los estudiantes que se encuentren realizando<br \/>\nproyectos de microemprendimientos en instituciones educativas del<br \/>\nnivel secundario. <a href=\"https:\/\/face.unt.edu.ar\/web\/wp-content\/uploads\/2023\/08\/3.jpg\">\u00a0 \u00a0 \u00a0 \u00a0 \u00a0 \u00a0 \u00a0 \u00a0 <img decoding=\"async\" loading=\"lazy\" class=\"size-full wp-image-16771 alignright\" src=\"https:\/\/face.unt.edu.ar\/web\/wp-content\/uploads\/2023\/08\/3.jpg\" alt=\"\" width=\"154\" height=\"141\" \/><\/a><\/p>\n<p style=\"text-align: left\">Se podr\u00e1 inscribir por cada turno de funcionamiento de la instituci\u00f3n dos proyectos, previamente seleccionados por el establecimiento.<br \/>\nLos mismos ser\u00e1n oportunamente evaluados por los organizadores<br \/>\ndel evento (FACE-UNT).<\/p>\n<p>El d\u00eda de la muestra, el contingente estudiantil deber\u00e1 ser acompa\u00f1ado al menos por un<br \/>\ndocente responsable, nombrado por las autoridades de la instituci\u00f3n que representan.<\/p>\n<h3><span style=\"color: #ff0000\"><strong><em>Caracter\u00edsticas de la Muestra<\/em><\/strong><\/span><\/h3>\n<p><span lang=\"ES\" style=\"font-size: 14.0pt;line-height: 115%;font-family: 'Calibri','sans-serif'\">La muestra incluir\u00e1 la exposici\u00f3n de los proyectos <a href=\"https:\/\/face.unt.edu.ar\/web\/wp-content\/uploads\/2023\/08\/4-1.jpg\"><img decoding=\"async\" loading=\"lazy\" class=\" wp-image-16774 alignright\" src=\"https:\/\/face.unt.edu.ar\/web\/wp-content\/uploads\/2023\/08\/4-1.jpg\" alt=\"\" width=\"219\" height=\"190\" \/><\/a><br \/>\ndesarrollados durante el presente per\u00edodo lectivo, quedando a cargo de cada instituci\u00f3n representada el armado, ornamentaci\u00f3n y producci\u00f3n de su stand. La Facultad proveer\u00e1 de mesones para ser utilizados en la<br \/>\nMuestra.<br \/>\n<\/span><\/p>\n<h3><\/h3>\n<h3><span style=\"color: #ff0000\"><strong><em>Certificados<\/em><\/strong><\/span><\/h3>\n<p><span lang=\"ES\" style=\"font-size: 14.0pt;line-height: 115%;font-family: 'Calibri','sans-serif'\">Todos los proyectos aceptados, presentados y evaluados tendr\u00e1n su correspondiente<br \/>\ncertificado digitalizado emitido y enviado por la FACE-UNT.<\/span><\/p>\n<p>&nbsp;<\/p>\n<h3><span style=\"color: #ff0000\"><strong><em>Distinciones<\/em><\/strong><\/span><\/h3>\n<p><a href=\"https:\/\/face.unt.edu.ar\/web\/wp-content\/uploads\/2023\/08\/5.jpg\"><img decoding=\"async\" loading=\"lazy\" class=\"size-full wp-image-16775 alignleft\" src=\"https:\/\/face.unt.edu.ar\/web\/wp-content\/uploads\/2023\/08\/5.jpg\" alt=\"\" width=\"68\" height=\"82\" \/><\/a>A consideraci\u00f3n del jurado, se distinguir\u00e1n tres microemprendimientos de los<br \/>\nque est\u00e9n presentes el d\u00eda de la muestra.<\/p>\n<p>&nbsp;<\/p>\n<h3><span style=\"color: #ff0000\"><strong><em>Jurado<\/em><\/strong><\/span><\/h3>\n<p>El Jurado interviniente estar\u00e1 conformado por referentes del Ecosistema Emprendedor<br \/>\nTucum\u00e1n.<\/p>\n<p>Los criterios a tener en cuenta para la evaluaci\u00f3n de los proyectos son:<br \/>\n1. Presentaci\u00f3n stand y productos, etc.: \u00bfC\u00f3mo es la presentaci\u00f3n, ornamentaci\u00f3n, exhibici\u00f3n de los<br \/>\nproductos en el stand? \u00bfc\u00f3mo es la presentaci\u00f3n, packaging de los productos?<br \/>\n2. Grado de Innovaci\u00f3n: \u00bfel emprendimiento es innovador? \u00bfEn qu\u00e9 es innovador? \u00bfLa innovaci\u00f3n es local?<br \/>\n3. Mercado potencial: \u00bfAl mercado que \u00e9sta dirigido el producto es solo a su comunidad o se tiene proyectado<br \/>\ncomercializar en otros \u00e1mbitos\/territorios? \u00bfSe tienen claramente identificados diferentes segmentos? \u00bfSe<br \/>\ntiene idea del tama\u00f1o? Estrategia de comercializaci\u00f3n: \u00bfSe tiene una clara idea sobre diferentes m\u00e9todos,<br \/>\ncanales de comercializaci\u00f3n? \u00bfSe utilizan los tradicionales y\/o combinan con redes sociales?<br \/>\n4. Modelo de ingreso, costos: \u00bfse tiene claro c\u00f3mo monetiza el emprendimiento? \u00bfSe tiene noci\u00f3n de las<br \/>\nproyecciones de los ingresos? \u00bfcu\u00e1les son los costos fijos, variables, otros costos? \u00bfC\u00f3mo se fij\u00f3 el precio?<br \/>\n\u00bfCu\u00e1nto es el margen de rentabilidad? \u00bfSe consideraron los costos de la MO?<br \/>\n5. Equipo: \u00bfSe tiene claramente asignadas las distintas funciones\/responsabilidad de los integrantes del<br \/>\nequipo? \u00bfSe tiene identificado las habilidades de los distintos integrantes?<br \/>\n6. Impacto social y en el medio ambiente: \u00bfEl proyecto tiene identificado impacto en la sociedad? \u00bfSe realiza<br \/>\nalguna integraci\u00f3n\/beneficio de sectores m\u00e1s vulnerables? \u00bfEl emprendimiento colabora con el cuidado del<br \/>\nmedio ambiente?<\/p>\n<h3><span style=\"color: #ff0000\"><strong><em>Inscripci\u00f3n<\/em><\/strong><\/span><\/h3>\n<p>Los establecimientos educativos que deseen participar deber\u00e1n <strong>completar y enviar el<\/strong><br \/>\n<strong>Formulario de Solicitud de Inscripci\u00f3n hasta el d\u00eda 26 de septiembre<\/strong>, y los <strong>Formularios Descriptivos de cada proyecto, hasta el d\u00eda 6 de octubre<\/strong> del corriente a\u00f1o al e-mail <strong>articulacionsecundarios@face.unt.edu.ar.<\/strong><br \/>\nEn ambas presentaciones se les enviar\u00e1 una constancia de recepci\u00f3n.<br \/>\nLos proyectos que fueron aprobados para su participaci\u00f3n en la Muestra, ser\u00e1n notificados<br \/>\nfehacientemente por la Facultad, hasta el 8 de octubre. Solo se tomar\u00e1n en consideraci\u00f3n,<br \/>\naquellos proyectos que hayan enviado ambos formulario en tiempo y forma.<\/p>\n<p><strong><a href=\"https:\/\/docs.google.com\/document\/d\/1tg3cEFfYcfyTwLLZCdvlPiUX4JzqoU6b\/edit?usp=sharing&amp;ouid=111400135753990143719&amp;rtpof=true&amp;sd=true\" target=\"_blank\" rel=\"noopener\">Solicitud de Inscripci\u00f3n \u2013 Descargar haciendo clic aqu\u00ed<\/a><\/strong><\/p>\n<p><a href=\"https:\/\/docs.google.com\/document\/d\/1RlbBJEkqP7F-8-WhkbFKd1PIeog_FU3p\/edit?usp=sharing&amp;ouid=111400135753990143719&amp;rtpof=true&amp;sd=true\" target=\"_blank\" rel=\"noopener\"><strong>Formulario descriptivo de proyectos \u2013 Descargar haciendo clic aqu\u00ed<\/strong><\/a><\/p>\n<h3><strong><em><span style=\"color: #ff0000\">Fecha y Sede de la Muestra\u00a0\u00a0 <\/span>\u00a0 <\/em><\/strong><\/h3>\n<p><a href=\"https:\/\/face.unt.edu.ar\/web\/wp-content\/uploads\/2023\/08\/6.jpg\"><img decoding=\"async\" loading=\"lazy\" class=\"size-full wp-image-16776 alignleft\" src=\"https:\/\/face.unt.edu.ar\/web\/wp-content\/uploads\/2023\/08\/6.jpg\" alt=\"\" width=\"153\" height=\"114\" srcset=\"https:\/\/face.unt.edu.ar\/web\/wp-content\/uploads\/2023\/08\/6.jpg 153w, https:\/\/face.unt.edu.ar\/web\/wp-content\/uploads\/2023\/08\/6-80x60.jpg 80w\" sizes=\"(max-width: 153px) 100vw, 153px\" \/><\/a>Se llevar\u00e1 a cabo el d\u00eda <strong>mi\u00e9rcoles 15 de octubre de 2025<\/strong>, <strong>de<\/strong><br \/>\n<strong>9:30 a 12:00 hs.<\/strong> El espacio f\u00edsico para instalar el stand estar\u00e1<br \/>\nhabilitado desde las 8:00 hs. La sede de la <strong>\u201c9na Muestra de Microemprendimientos del Nivel Secundario\u201d<\/strong>, ser\u00e1 en la <strong>Facultad de Ciencias Econ\u00f3micas de la Universidad Nacional de Tucum\u00e1n<\/strong>, sita en <strong>Av. Independencia 1.900<\/strong>, San Miguel de Tucum\u00e1n. Publicaci\u00f3n de los proyectos distinguidos: 5 de noviembre de 2025.<\/p>\n<p>Para mayor informaci\u00f3n, ponemos a disposici\u00f3n el siguiente medio de contacto de la<br \/>\n<strong>Secretar\u00eda de Extensi\u00f3n y Desarrollo Institucional<\/strong> de la Facultad: <strong>articulacionsecundarios@face.unt.edu.ar<\/strong><\/p>\n<p style=\"text-align: right\"><em>Comit\u00e9 Organizador<\/em><\/p>\n<p>&nbsp;<\/p>\n<p>&nbsp;<\/p>\n<h4><strong><a href=\"https:\/\/face.unt.edu.ar\/web\/microemprendimientos-2021\/\" target=\"_blank\" rel=\"noopener\">Quienes quieran visitar la Muestra 2021 pueden ingresar haciendo clic aqu\u00ed.<\/a><\/strong><\/h4>\n<h4><strong><em><a href=\"https:\/\/face.unt.edu.ar\/web\/microemprendimientos-2022\/\" target=\"_blank\" rel=\"noopener\">Pueden ver los videos de la Muestra 2022 haciendo clic aqu\u00ed<\/a><\/em><\/strong><\/h4>\n<h4><strong>Pueden ver los videos y fotos de la Muestra 2023 en los siguientes links:\u00a0<\/strong><\/h4>\n<p><strong><a href=\"https:\/\/www.instagram.com\/reel\/CyldAvbOyY4\/?utm_source=ig_web_copy_link&amp;igshid=MzRlODBiNWFlZA==\" target=\"_blank\" rel=\"noopener\">Resumen 1 de microemprendimientos que participaron en la Muestra 2023 &#8211; Hacer clic aqu\u00ed para ver.<\/a><\/strong><\/p>\n<p><strong><a href=\"https:\/\/www.instagram.com\/reel\/CylnXp9OBvB\/?utm_source=ig_web_copy_link&amp;igshid=MzRlODBiNWFlZA==\" target=\"_blank\" rel=\"noopener\">Resumen 2 de microemprendimientos que participaron en la Muestra 2023 &#8211; Hacer clic aqu\u00ed para ver.<\/a><\/strong><\/p>\n<p><strong><a href=\"https:\/\/youtu.be\/_pfCEIaKBrM?si=8z3gRcubIlFHlPQc\" target=\"_blank\" rel=\"noopener\">Videos de entrevistas Muestra 2023 &#8211; Hacer clic aqu\u00ed para ver.<\/a><\/strong><\/p>\n<p><a href=\"https:\/\/m.facebook.com\/story.php?story_fbid=pfbid0RjwnjoSqueHbCeBPPy3zTahVuweaWMX7tzxvu5sQgbjqQAWpaWwSBizem1EQE5dYl&amp;id=100063612698315&amp;mibextid=Nif5oz\" target=\"_blank\" rel=\"noopener\"><strong>Fotograf\u00edas de la Muestra 2023 &#8211; Hacer clic aqu\u00ed para ver<\/strong><\/a><\/p>\n<h3><\/h3>\n","protected":false},"excerpt":{"rendered":"<p>9na Muestra de Microemprendimientos para el Nivel Secundario &#8211; Octubre 2025 Fundamentaci\u00f3n Con el objetivo de acompa\u00f1ar las actividades que los estudiantes realizan en sus espacios curriculares, y que les permiten acercarse al mundo de los negocios, la Facultad de Ciencias Econ\u00f3micas de la UNT organiza una muestra presencial intercolegial de los microemprendimientos desarrollados por [&hellip;]<\/p>\n","protected":false},"author":1,"featured_media":0,"parent":0,"menu_order":0,"comment_status":"closed","ping_status":"closed","template":"","meta":{"_et_pb_use_builder":"","_et_pb_old_content":"","_et_gb_content_width":"","footnotes":""},"_links":{"self":[{"href":"https:\/\/face.unt.edu.ar\/web\/wp-json\/wp\/v2\/pages\/5677"}],"collection":[{"href":"https:\/\/face.unt.edu.ar\/web\/wp-json\/wp\/v2\/pages"}],"about":[{"href":"https:\/\/face.unt.edu.ar\/web\/wp-json\/wp\/v2\/types\/page"}],"author":[{"embeddable":true,"href":"https:\/\/face.unt.edu.ar\/web\/wp-json\/wp\/v2\/users\/1"}],"replies":[{"embeddable":true,"href":"https:\/\/face.unt.edu.ar\/web\/wp-json\/wp\/v2\/comments?post=5677"}],"version-history":[{"count":60,"href":"https:\/\/face.unt.edu.ar\/web\/wp-json\/wp\/v2\/pages\/5677\/revisions"}],"predecessor-version":[{"id":21309,"href":"https:\/\/face.unt.edu.ar\/web\/wp-json\/wp\/v2\/pages\/5677\/revisions\/21309"}],"wp:attachment":[{"href":"https:\/\/face.unt.edu.ar\/web\/wp-json\/wp\/v2\/media?parent=5677"}],"curies":[{"name":"wp","href":"https:\/\/api.w.org\/{rel}","templated":true}]}}