{"id":573,"date":"2014-09-05T23:47:10","date_gmt":"2014-09-05T23:47:10","guid":{"rendered":"http:\/\/face.unt.edu.ar\/web\/?page_id=573"},"modified":"2021-10-07T13:48:18","modified_gmt":"2021-10-07T13:48:18","slug":"asociacion-cooperadora-de-la-facultad-de-ciencias-economicas-unt","status":"publish","type":"page","link":"https:\/\/face.unt.edu.ar\/web\/asociacion-cooperadora-de-la-facultad-de-ciencias-economicas-unt\/","title":{"rendered":"Asociaci\u00f3n Cooperadora de la FACE"},"content":{"rendered":"<p style=\"text-align: center\"><strong>\u00bfQu\u00e9 es la Cooperadora?<\/strong><\/p>\n<p style=\"text-align: justify\">La Asociaci\u00f3n Cooperadora de la Facultad de Ciencias Econ\u00f3micas es una entidad sin fines de lucro fundada en los a\u00f1os \u201970, cuyo fin principal es contribuir con el normal funcionamiento de las actividades desarrolladas en nuestra facultad.<\/p>\n<p style=\"text-align: justify\">Con los a\u00f1os, los fondos de la Cooperadora fueron financiando un porcentaje creciente de las erogaciones efectuadas por la Facultad, triplicando el presupuesto que \u00e9sta dispone para sus gastos de funcionamiento.<\/p>\n<p style=\"text-align: justify\">\u00a0<strong>Objetivos:<\/strong><\/p>\n<ul style=\"text-align: justify\">\n<li>Propender al desarrollo de la docencia e investigaci\u00f3n.<\/li>\n<li>Contribuir a ampliar el material bibliogr\u00e1fico de la Facultad.<\/li>\n<li>Contribuir al suministro del material de ense\u00f1anza e investigaci\u00f3n.<\/li>\n<li>Ayudar en los gastos de funcionamiento de Institutos y C\u00e1tedras de la Facultad.<\/li>\n<li>Colaborar con actividades culturales, art\u00edsticas y deportivas.<\/li>\n<li>Colaborar con la Facultad en toda acci\u00f3n que beneficie a los integrantes de la misma.<\/li>\n<\/ul>\n<p style=\"text-align: justify\">\u00a0<strong>\u00bfQui\u00e9nes la componen?<\/strong><\/p>\n<ul style=\"text-align: justify\">\n<li>DOCENTES y NO DOCENTES: mediante la asociaci\u00f3n voluntaria y el abono de una cuota mensual.<\/li>\n<li>ALUMNOS: mediante una Contribuci\u00f3n Anual al momento de la Inscripci\u00f3n y Reinscripci\u00f3n.<\/li>\n<\/ul>\n<p style=\"text-align: justify\">\u00a0<strong>Informaci\u00f3n:<\/strong><\/p>\n<p style=\"text-align: justify\">Todos sabemos que la comunicaci\u00f3n es imprescindible y muy importante entre los miembros de una organizaci\u00f3n.<\/p>\n<p style=\"text-align: justify\">Por eso te invitamos a que hagas tus consultas, para que vos tambi\u00e9n puedas conformar tu opini\u00f3n, basada en informaci\u00f3n objetiva y adecuada.<\/p>\n<p style=\"text-align: justify\">Envi\u00e1 tus inquietudes con tus datos a: <a href=\"mailto:cooperadora@face.unt.edu.ar\">cooperadora@face.unt.edu.ar<\/a><\/p>\n<p style=\"text-align: justify\">\u00a0<strong>Principales Ingresos:<\/strong><\/p>\n<ul style=\"text-align: justify\">\n<li>Cuota de los Asociados (Docentes y No Docentes).<\/li>\n<li>Contribuci\u00f3n Anual de Alumnos Inscriptos y Reinscriptos.<\/li>\n<li>Seminarios, cursos, capacitaciones de la Secretar\u00eda de Extensi\u00f3n y de los Institutos de Docentes de la Facultad.<\/li>\n<li>Cuotas de los Alumnos de Posgrados: Especializaciones, Maestr\u00edas y Doctorados<\/li>\n<li>Ventas de Material Bibliogr\u00e1fico, Apuntes y Cuadernillos.<\/li>\n<li>Cursos dictados en el Laboratorio de Computaci\u00f3n.<\/li>\n<li>Cursos y Convenios de capacitaci\u00f3n o asesoramiento profesional a empresas e instituciones p\u00fablicas y privadas.<\/li>\n<li>Playa de Estacionamiento de la Facultad para Docentes y No Docentes.<\/li>\n<\/ul>\n<p style=\"text-align: justify\">\u00a0<strong>Principales usos de los recursos:<\/strong><\/p>\n<ul>\n<li>Colaboraci\u00f3n en Gastos Administrativos de la Facultad.<\/li>\n<li>Compra de Bienes de Capital.<\/li>\n<li>Colaboraci\u00f3n con \u00c1rea Docencia.<\/li>\n<li>Donaciones.<\/li>\n<li>Becas de fotocopias y cursos.<\/li>\n<li>Gastos Generales de Administraci\u00f3n de la Cooperadora.<\/li>\n<li>Colaboraci\u00f3n en Gastos de Mantenimiento de edificios, instalaciones y equipamiento.<\/li>\n<\/ul>\n<p style=\"text-align: justify\">En los \u00faltimos a\u00f1os:<\/p>\n<ol>\n<li style=\"text-align: justify\">Apoyo para la participaci\u00f3n de Docentes, No Docentes, Ayudantes y alumnos en Congresos, Cursos y Jornadas.<\/li>\n<li style=\"text-align: justify\">Apoyo en la organizaci\u00f3n del Curso de nivelaci\u00f3n a Ingresantes.<\/li>\n<li style=\"text-align: justify\">Apoyo en la organizaci\u00f3n de Cursos, Congresos y Jornadas realizadas en la Facultad.<\/li>\n<li style=\"text-align: justify\">Apoyo en el mantenimiento de la estructura que administra el Sistema de Pasant\u00edas.<\/li>\n<li style=\"text-align: justify\">Donaci\u00f3n de libros a la Biblioteca.<\/li>\n<li style=\"text-align: justify\">Contrataci\u00f3n de Servicio de Seguridad Privada, las 24 hs.<\/li>\n<li style=\"text-align: justify\">Contrataci\u00f3n de Servicio de Emergencias M\u00e9dicas.<\/li>\n<li style=\"text-align: justify\">Compra de equipamiento para Aulas Inform\u00e1ticas.<\/li>\n<li style=\"text-align: justify\">Compra y mantenimiento de proyectores y equipos de audio para el dictado de clases.<\/li>\n<li style=\"text-align: justify\">Compra y mantenimiento de Aires Acondicionados de Aulas.<\/li>\n<li style=\"text-align: justify\">Compra de sillas para aulas.<\/li>\n<li style=\"text-align: justify\">Mantenimiento de la higiene de los ba\u00f1os.<\/li>\n<li style=\"text-align: justify\">Desinfecci\u00f3n de Aulas, Anfiteatros y oficinas.<\/li>\n<li style=\"text-align: justify\">Mantenimiento de espacios verdes de nuestra Facultad.<\/li>\n<li style=\"text-align: justify\">Pintura y mantenimiento de las instalaciones.<\/li>\n<li style=\"text-align: justify\">Colocaci\u00f3n de barandas en escaleras y rejas de seguridad.<\/li>\n<li style=\"text-align: justify\">Mantenimiento de la Playa de Estacionamiento Propia para Docentes y No Docentes.<\/li>\n<\/ol>\n<p style=\"text-align: center\"><strong><em>\u2026Tu colaboraci\u00f3n nos ayuda a marcar la diferencia\u2026<\/em><\/strong><\/p>\n<p><em>\u00a0<\/em><strong><em>\u201cENTENDEMOS QUE LA COOPERACI\u00d3N ES SOLIDARIDAD, RESPONSABILIDAD Y PARTICIPACI\u00d3N EN LIBERTAD CON UN OBJETIVO COM\u00daN: \u2026 BUSCAR EL BENEFICIO DE SUS MIEMBROS \u2026 ES AYUDA MUTUA ENTRE IGUALES.\u201d<\/em><\/strong><\/p>\n<p><a href=\"http:\/\/face.unt.edu.ar\/web\/wp-content\/uploads\/2014\/09\/CARTA-INVITACION-A-LOS-PROFESORES.pdf\">CARTA-INVITACION-A-LOS-PROFESORES<\/a><\/p>\n<p>[yframe url=&#8217;https:\/\/www.youtube.com\/watch?v=G8iAA9EeduQ&#8217;]<\/p>\n<p>&nbsp;<\/p>\n<ul>\n<li><a href=\"https:\/\/drive.google.com\/file\/d\/1ctoKpeNP_6Ex6bPaSqPBrUsgfAOR5QpY\/view?usp=sharing\" target=\"_blank\" rel=\"noopener\">Estados Contables al 31-03-2020\/Memoria\/Informe<\/a><\/li>\n<li><a href=\"https:\/\/drive.google.com\/file\/d\/0BwZE7DzLP04YQkpMaUptdDAwaDIwT3JkWHk3U1FoWUZERUZR\/view?usp=sharing\" target=\"_blank\" rel=\"noopener\">Informe Ejercicio Econ\u00f3mico 2017<\/a><\/li>\n<li><a href=\"https:\/\/drive.google.com\/file\/d\/0BwZE7DzLP04YOHJMUng4NFg1VkJ5UGliWG82RDEwb1loc2RN\/view\" target=\"_blank\" rel=\"noopener\">Estados Contables al 31-03-17<\/a><\/li>\n<li><a href=\"http:\/\/face.unt.edu.ar\/web\/wp-content\/uploads\/2014\/09\/Informe-EECC-2016.pdf\">Informe Ejercicio Econ\u00f3mico 2016<\/a><\/li>\n<li><a href=\"http:\/\/face.unt.edu.ar\/web\/wp-content\/uploads\/2014\/09\/EECC-MARZO-2017-web.pdf\">Estados Contables al 31-03-2016<\/a><\/li>\n<li><a href=\"http:\/\/face.unt.edu.ar\/web\/wp-content\/uploads\/2014\/09\/cooperadora-Balance-Marzo-2015.pdf\">Estados Contables al 31-03- 2015<\/a><\/li>\n<li><a href=\"http:\/\/face.unt.edu.ar\/web\/wp-content\/uploads\/2014\/09\/Comision-Revisora-de-Cuentas-2014.pdf\">Comisi\u00f3n Revisora de Cuentas 2014<\/a><\/li>\n<li><a href=\"https:\/\/www.dropbox.com\/s\/d3s6age5olqnhd5\/EECC%20Marzo%202014.pdf?dl=0\">Estados Contables al 31-03-2014<\/a><\/li>\n<\/ul>\n","protected":false},"excerpt":{"rendered":"<p>\u00bfQu\u00e9 es la Cooperadora? La Asociaci\u00f3n Cooperadora de la Facultad de Ciencias Econ\u00f3micas es una entidad sin fines de lucro fundada en los a\u00f1os \u201970, cuyo fin principal es contribuir con el normal funcionamiento de las actividades desarrolladas en nuestra facultad. Con los a\u00f1os, los fondos de la Cooperadora fueron financiando un porcentaje creciente de [&hellip;]<\/p>\n","protected":false},"author":5,"featured_media":0,"parent":0,"menu_order":0,"comment_status":"open","ping_status":"open","template":"","meta":{"_et_pb_use_builder":"","_et_pb_old_content":"","_et_gb_content_width":"","footnotes":""},"_links":{"self":[{"href":"https:\/\/face.unt.edu.ar\/web\/wp-json\/wp\/v2\/pages\/573"}],"collection":[{"href":"https:\/\/face.unt.edu.ar\/web\/wp-json\/wp\/v2\/pages"}],"about":[{"href":"https:\/\/face.unt.edu.ar\/web\/wp-json\/wp\/v2\/types\/page"}],"author":[{"embeddable":true,"href":"https:\/\/face.unt.edu.ar\/web\/wp-json\/wp\/v2\/users\/5"}],"replies":[{"embeddable":true,"href":"https:\/\/face.unt.edu.ar\/web\/wp-json\/wp\/v2\/comments?post=573"}],"version-history":[{"count":28,"href":"https:\/\/face.unt.edu.ar\/web\/wp-json\/wp\/v2\/pages\/573\/revisions"}],"predecessor-version":[{"id":12603,"href":"https:\/\/face.unt.edu.ar\/web\/wp-json\/wp\/v2\/pages\/573\/revisions\/12603"}],"wp:attachment":[{"href":"https:\/\/face.unt.edu.ar\/web\/wp-json\/wp\/v2\/media?parent=573"}],"curies":[{"name":"wp","href":"https:\/\/api.w.org\/{rel}","templated":true}]}}