{"id":6969,"date":"2018-07-25T18:17:51","date_gmt":"2018-07-25T18:17:51","guid":{"rendered":"http:\/\/face.unt.edu.ar\/web\/?page_id=6969"},"modified":"2019-05-06T18:30:08","modified_gmt":"2019-05-06T18:30:08","slug":"profesores-de-la-face","status":"publish","type":"page","link":"https:\/\/face.unt.edu.ar\/web\/profesores-de-la-face\/","title":{"rendered":"Profesores de la FACE"},"content":{"rendered":"<p>[vc_row][vc_column width=\u00bb1\/3&#8243;][vc_column_text]<\/p>\n<h2>Contador P\u00fablico Nacional<\/h2>\n<h3>Primer A\u00f1o<\/h3>\n<ul>\n<li><a href=\"http:\/\/face.unt.edu.ar\/web\/profesores-de-la-face\/profesores-de-la-face-contador-publico-nacional\/#cpn_administracion\">Administraci\u00f3n<\/a><\/li>\n<li><a href=\"http:\/\/face.unt.edu.ar\/web\/profesores-de-la-face\/profesores-de-la-face-contador-publico-nacional\/#cpn_contabilidad1\">Contabilidad I<\/a><\/li>\n<li><a href=\"http:\/\/face.unt.edu.ar\/web\/profesores-de-la-face\/profesores-de-la-face-contador-publico-nacional\/#cpn_dempresario1\">Derecho Empresario I<\/a><\/li>\n<li><a href=\"http:\/\/face.unt.edu.ar\/web\/profesores-de-la-face\/profesores-de-la-face-contador-publico-nacional\/#cpn_mat1\">Matem\u00e1tica I<\/a><\/li>\n<li><a href=\"http:\/\/face.unt.edu.ar\/web\/profesores-de-la-face\/profesores-de-la-face-contador-publico-nacional\/#cpn_mat2\">Matem\u00e1tica II<\/a><\/li>\n<li><a href=\"http:\/\/face.unt.edu.ar\/web\/profesores-de-la-face\/profesores-de-la-face-contador-publico-nacional\/#cpn_princec1\">Principios de Econom\u00eda I<\/a><\/li>\n<\/ul>\n<h3>Segundo A\u00f1o<\/h3>\n<ul>\n<li><a href=\"http:\/\/face.unt.edu.ar\/web\/profesores-de-la-face\/profesores-de-la-face-contador-publico-nacional\/#cpn_cont2\">Contabilidad II<\/a><\/li>\n<li><a href=\"http:\/\/face.unt.edu.ar\/web\/profesores-de-la-face\/profesores-de-la-face-contador-publico-nacional\/#cpn_dempr2\">Derecho Empresario II<\/a><\/li>\n<li><a href=\"http:\/\/face.unt.edu.ar\/web\/profesores-de-la-face\/profesores-de-la-face-contador-publico-nacional\/#cpn_estadistica\">Estad\u00edstica<\/a><\/li>\n<li><a href=\"http:\/\/face.unt.edu.ar\/web\/profesores-de-la-face\/profesores-de-la-face-contador-publico-nacional\/#cpn_histeconomica\">Historia Econ\u00f3mica<\/a><\/li>\n<li><a href=\"http:\/\/face.unt.edu.ar\/web\/profesores-de-la-face\/profesores-de-la-face-contador-publico-nacional\/#cpn_loginvest\">L\u00f3gica y Metodolog\u00eda de la Investigaci\u00f3n<\/a><\/li>\n<li><a href=\"http:\/\/face.unt.edu.ar\/web\/profesores-de-la-face\/profesores-de-la-face-contador-publico-nacional\/#cpn_princeconomiaii\">Principios de Econom\u00eda II<\/a><\/li>\n<li><a href=\"http:\/\/face.unt.edu.ar\/web\/profesores-de-la-face\/profesores-de-la-face-contador-publico-nacional\/#cpn_sisinfo1\">Sistemas de Informaci\u00f3n I<\/a><\/li>\n<\/ul>\n<h3>Tercer A\u00f1o<\/h3>\n<ul>\n<li><a href=\"http:\/\/face.unt.edu.ar\/web\/profesores-de-la-face\/profesores-de-la-face-contador-publico-nacional\/#cpn_contab3\">Contabilidad III<\/a><\/li>\n<li><a href=\"http:\/\/face.unt.edu.ar\/web\/profesores-de-la-face\/profesores-de-la-face-contador-publico-nacional\/#cpn_costos1\">Costos I<\/a><\/li>\n<li><a href=\"http:\/\/face.unt.edu.ar\/web\/profesores-de-la-face\/profesores-de-la-face-contador-publico-nacional\/#cpn_costos2\">Costos II<\/a><\/li>\n<li><a href=\"http:\/\/face.unt.edu.ar\/web\/profesores-de-la-face\/profesores-de-la-face-contador-publico-nacional\/#cpn_dsocietario\">Derecho Societario<\/a><\/li>\n<li><a href=\"http:\/\/face.unt.edu.ar\/web\/profesores-de-la-face\/profesores-de-la-face-contador-publico-nacional\/#cpn_matfin\">Matem\u00e1tica Financiera<\/a><\/li>\n<li><a href=\"http:\/\/face.unt.edu.ar\/web\/profesores-de-la-face\/profesores-de-la-face-contador-publico-nacional\/#cpn_ocm1\">Organizaci\u00f3n Contable de Empresas I<\/a><\/li>\n<li><a href=\"http:\/\/face.unt.edu.ar\/web\/profesores-de-la-face\/profesores-de-la-face-contador-publico-nacional\/#cpn_tea\">Teor\u00eda Econ\u00f3mica Aplicada<\/a><\/li>\n<\/ul>\n<h3>Cuarto A\u00f1o<\/h3>\n<ul>\n<li><a href=\"http:\/\/face.unt.edu.ar\/web\/profesores-de-la-face\/profesores-de-la-face-contador-publico-nacional\/#cpn_aycp1\">Administraci\u00f3n y Contabilidad P\u00fablica I<\/a><\/li>\n<li><a href=\"http:\/\/face.unt.edu.ar\/web\/profesores-de-la-face\/profesores-de-la-face-contador-publico-nacional\/#cpn_auditoria1\">Auditor\u00eda I<\/a><\/li>\n<li><a href=\"http:\/\/face.unt.edu.ar\/web\/profesores-de-la-face\/profesores-de-la-face-contador-publico-nacional\/#cpn_conta4\">Contabilidad IV<\/a><\/li>\n<li><a href=\"http:\/\/face.unt.edu.ar\/web\/profesores-de-la-face\/profesores-de-la-face-contador-publico-nacional\/#cpn_dcyt\">Derecho Constitucional y Tributario<\/a><\/li>\n<li><a href=\"http:\/\/face.unt.edu.ar\/web\/profesores-de-la-face\/profesores-de-la-face-contador-publico-nacional\/#cpn_ddtylss\">Derecho del Trabajo y la Seguridad Social<\/a><\/li>\n<li><a href=\"http:\/\/face.unt.edu.ar\/web\/profesores-de-la-face\/profesores-de-la-face-contador-publico-nacional\/#impuestoalconsumo\">Impuestos al Consumo<\/a><\/li>\n<li><a href=\"http:\/\/face.unt.edu.ar\/web\/profesores-de-la-face\/profesores-de-la-face-contador-publico-nacional\/#cpn_mateoper1\">Materia Optativa I<\/a><\/li>\n<\/ul>\n<h3>Quinto A\u00f1o<\/h3>\n<ul>\n<li><a href=\"http:\/\/face.unt.edu.ar\/web\/profesores-de-la-face\/profesores-de-la-face-contador-publico-nacional\/#auditoria2\">Auditor\u00eda II<\/a><\/li>\n<li><a href=\"http:\/\/face.unt.edu.ar\/web\/profesores-de-la-face\/profesores-de-la-face-contador-publico-nacional\/#cypj\">Concursos y Pr\u00e1ctica Judicial<\/a><\/li>\n<li><a href=\"http:\/\/face.unt.edu.ar\/web\/profesores-de-la-face\/profesores-de-la-face-contador-publico-nacional\/#idirectos\">Impuestos Directos<\/a><\/li>\n<li><a href=\"http:\/\/face.unt.edu.ar\/web\/profesores-de-la-face\/profesores-de-la-face-contador-publico-nacional\/#practicaprofesional\">Pr\u00e1ctica Profesional<\/a><\/li>\n<li><a href=\"http:\/\/face.unt.edu.ar\/web\/profesores-de-la-face\/profesores-de-la-face-contador-publico-nacional\/#cpn_matopt2\">Materia Optativa II<\/a><\/li>\n<\/ul>\n<h3>Materias Optativas<\/h3>\n<ul>\n<li><a href=\"http:\/\/face.unt.edu.ar\/web\/profesores-de-la-face\/profesores-de-la-face-contador-publico-nacional\/#admdelaprod1\">Administraci\u00f3n de la Producci\u00f3n I<\/a><\/li>\n<li><a href=\"http:\/\/face.unt.edu.ar\/web\/profesores-de-la-face\/profesores-de-la-face-contador-publico-nacional\/#admn2\">Administraci\u00f3n II<\/a><\/li>\n<li><a href=\"http:\/\/face.unt.edu.ar\/web\/profesores-de-la-face\/profesores-de-la-face-contador-publico-nacional\/#amm3\">An\u00e1lisis Matem\u00e1tico-Matem\u00e1tica III<\/a><\/li>\n<li><a href=\"http:\/\/face.unt.edu.ar\/web\/profesores-de-la-face\/profesores-de-la-face-contador-publico-nacional\/#atespec\">Aspectos Tributarios Especiales<\/a><\/li>\n<li><a href=\"http:\/\/face.unt.edu.ar\/web\/profesores-de-la-face\/profesores-de-la-face-contador-publico-nacional\/#comerc1\">Comercializaci\u00f3n I<\/a><\/li>\n<li><a href=\"http:\/\/face.unt.edu.ar\/web\/profesores-de-la-face\/profesores-de-la-face-contador-publico-nacional\/#comportamiento\">Comportamiento Organizacional<\/a><\/li>\n<li><a href=\"http:\/\/face.unt.edu.ar\/web\/profesores-de-la-face\/profesores-de-la-face-contador-publico-nacional\/#cypj2\">Concursos y Pr\u00e1ctica Judicial II<\/a><\/li>\n<li><a href=\"http:\/\/face.unt.edu.ar\/web\/profesores-de-la-face\/profesores-de-la-face-contador-publico-nacional\/#con5\">Contabilidad V. Temas Especiales de Valuaci\u00f3n<\/a><\/li>\n<li><a href=\"http:\/\/face.unt.edu.ar\/web\/profesores-de-la-face\/profesores-de-la-face-contador-publico-nacional\/#con6\">Contabilidad VI: Normas Internacionales de Informaci\u00f3n Financiera<\/a><\/li>\n<li><a href=\"http:\/\/face.unt.edu.ar\/web\/profesores-de-la-face\/profesores-de-la-face-contador-publico-nacional\/#contdegest\">Control de Gesti\u00f3n<\/a><\/li>\n<li><a href=\"http:\/\/face.unt.edu.ar\/web\/profesores-de-la-face\/profesores-de-la-face-contador-publico-nacional\/#gestdecost\">Costos III: Gesti\u00f3n de Costos<\/a><\/li>\n<li><a href=\"http:\/\/face.unt.edu.ar\/web\/profesores-de-la-face\/profesores-de-la-face-contador-publico-nacional\/#deryecon\">Derecho y Econom\u00eda<\/a><\/li>\n<li><a href=\"http:\/\/face.unt.edu.ar\/web\/profesores-de-la-face\/profesores-de-la-face-contador-publico-nacional\/#findeemp1\">Finanzas de Empresas I<\/a><\/li>\n<li><a href=\"http:\/\/face.unt.edu.ar\/web\/profesores-de-la-face\/profesores-de-la-face-contador-publico-nacional\/#fyedp\">Formulaci\u00f3n y Evaluaci\u00f3n de Proyectos<\/a><\/li>\n<li><a href=\"http:\/\/face.unt.edu.ar\/web\/profesores-de-la-face\/profesores-de-la-face-contador-publico-nacional\/#ingpneg\">Ingl\u00e9s para Negocios<\/a><\/li>\n<li><a href=\"http:\/\/face.unt.edu.ar\/web\/profesores-de-la-face\/profesores-de-la-face-contador-publico-nacional\/#macro1\">Macroeconom\u00eda I<\/a><\/li>\n<li><a href=\"http:\/\/face.unt.edu.ar\/web\/profesores-de-la-face\/profesores-de-la-face-contador-publico-nacional\/#matfinanciera2\">Matem\u00e1tica Financiera II<\/a><\/li>\n<li><a href=\"http:\/\/face.unt.edu.ar\/web\/profesores-de-la-face\/profesores-de-la-face-contador-publico-nacional\/#microec1\">Microeconom\u00eda I<\/a><\/li>\n<li><a href=\"http:\/\/face.unt.edu.ar\/web\/profesores-de-la-face\/profesores-de-la-face-contador-publico-nacional\/#ocde2\">Organizaci\u00f3n Contable de Empresas II<\/a><\/li>\n<li><a href=\"http:\/\/face.unt.edu.ar\/web\/profesores-de-la-face\/profesores-de-la-face-contador-publico-nacional\/#seminario\">Seminario<\/a><\/li>\n<li><a href=\"http:\/\/face.unt.edu.ar\/web\/profesores-de-la-face\/profesores-de-la-face-contador-publico-nacional\/#sdi2\">Sistemas de Informaci\u00f3n II<\/a><\/li>\n<\/ul>\n<p>[\/vc_column_text][\/vc_column][vc_column width=\u00bb1\/3&#8243;][vc_column_text]<\/p>\n<h2>Licenciatura en Administraci\u00f3n<\/h2>\n<h3>Primer A\u00f1o<\/h3>\n<ul>\n<li>Administraci\u00f3n<\/li>\n<li>Contabilidad Financiera<\/li>\n<li>Derecho Empresario I<\/li>\n<li>Matem\u00e1tica I<\/li>\n<li>Matem\u00e1tica II<\/li>\n<li>Principios de Econom\u00eda I<\/li>\n<\/ul>\n<h3>Segundo A\u00f1o<\/h3>\n<ul>\n<li>Costos I<\/li>\n<li>Derecho Societario<\/li>\n<li>Estad\u00edstica<\/li>\n<li>Principios de Econom\u00eda II<\/li>\n<li>Sistemas de Informaci\u00f3n I<\/li>\n<li>Taller Matem\u00e1tica Financiera<\/li>\n<\/ul>\n<h3>Tercer A\u00f1o<\/h3>\n<ul>\n<li>Administraci\u00f3n de Operaciones I<\/li>\n<li>Comercializaci\u00f3n I<\/li>\n<li>Comportamiento Organizacional<\/li>\n<li>Contabilidad Gerencial<\/li>\n<li>Estad\u00edstica Inferencial<\/li>\n<li>Organizaci\u00f3n Contable de Empresas I<\/li>\n<li>Taller Derecho del Trabajo y Seguridad Social<\/li>\n<li>Taller Legislaci\u00f3n y Pr\u00e1ctica Impositiva<\/li>\n<\/ul>\n<h3>Cuarto A\u00f1o<\/h3>\n<ul>\n<li>Administraci\u00f3n de Operaciones II<\/li>\n<li>Administraci\u00f3n de Recursos Humanos I<\/li>\n<li>Comercializaci\u00f3n II<\/li>\n<li>Finanzas de Empresas I<\/li>\n<li>Finanzas de Empresas II<\/li>\n<li>Taller Metodolog\u00eda de Investigaci\u00f3n en Administraci\u00f3n<\/li>\n<li>Materia Optativa I<\/li>\n<\/ul>\n<h3>Quinto A\u00f1o<\/h3>\n<ul>\n<li>An\u00e1lisis Cuantitativo de Negocios I<\/li>\n<li>Direcci\u00f3n Estrat\u00e9gica I<\/li>\n<li>Formulaci\u00f3n y Evaluaci\u00f3n de Proyectos<\/li>\n<li>Opciones de Pr\u00e1ctica Profesional<\/li>\n<li>Materia Optativa II<\/li>\n<li>Materia Optativa III<\/li>\n<li>Materia Optativa IV<\/li>\n<\/ul>\n<h3>Materias Optativas<\/h3>\n<ul>\n<li>An\u00e1lisis y Dise\u00f1o de Sistemas<\/li>\n<li>Control de Gesti\u00f3n<\/li>\n<li>Desarrollo de Competencias Emprendedoras<\/li>\n<li>Econom\u00eda II<\/li>\n<li>Estad\u00edstica II<\/li>\n<li>Historia Econ\u00f3mica<\/li>\n<li>Ingl\u00e9s para los Negocios<\/li>\n<li>L\u00f3gica y Metodolog\u00eda de la Investigaci\u00f3n<\/li>\n<li>Matem\u00e1tica Financiera II<\/li>\n<li>Matem\u00e1tica III<\/li>\n<li>Sistemas de Informaci\u00f3n<\/li>\n<li>Teor\u00eda Econ\u00f3mica Aplicada<\/li>\n<\/ul>\n<p>[\/vc_column_text][\/vc_column][vc_column width=\u00bb1\/3&#8243;][vc_column_text]<\/p>\n<h2>Licenciatura en Econom\u00eda<\/h2>\n<h3>Primer A\u00f1o<\/h3>\n<ul>\n<li>Administraci\u00f3n<\/li>\n<li>Contabilidad Financiera<\/li>\n<li>Matem\u00e1tica I<\/li>\n<li>Matem\u00e1tica II<\/li>\n<li>Principios de Econom\u00eda I<\/li>\n<li>Principios de Econom\u00eda II<\/li>\n<\/ul>\n<h3>Segundo A\u00f1o<\/h3>\n<ul>\n<li>Derecho y Econom\u00eda<\/li>\n<li>Econom\u00eda Matem\u00e1tica<\/li>\n<li>Estad\u00edstica<\/li>\n<li>Macroeconom\u00eda I<\/li>\n<li>Matem\u00e1tica III<\/li>\n<li>Microeconom\u00eda I<\/li>\n<\/ul>\n<h3>Tercer A\u00f1o<\/h3>\n<ul>\n<li>Comercio Internacional<\/li>\n<li>Econometr\u00eda I<\/li>\n<li>Estad\u00edstica I<\/li>\n<li>Finanzas P\u00fablicas<\/li>\n<li>Macroeconom\u00eda II<\/li>\n<li>Microeconom\u00eda II<\/li>\n<\/ul>\n<h3>Cuarto A\u00f1o<\/h3>\n<ul>\n<li>Crecimiento y Desarrollo Econ\u00f3mico<\/li>\n<li>Evaluaci\u00f3n Econ\u00f3mica y Financiera de Proyectos<\/li>\n<li>Macroeconom\u00eda III<\/li>\n<li>Microeconom\u00eda III<\/li>\n<li>Materia Optativa I<\/li>\n<li>Materia Optativa II<\/li>\n<\/ul>\n<h3>Quinto A\u00f1o<\/h3>\n<ul>\n<li>Historia del Pensamiento Econ\u00f3mico<\/li>\n<li>Historia Econ\u00f3mica y Social<\/li>\n<li>Tesina<\/li>\n<li>Materia Optativa III<\/li>\n<li>Materia Optativa IV<\/li>\n<\/ul>\n<h3>Materias Optativas<\/h3>\n<ul>\n<li>Econometr\u00eda II<\/li>\n<li>Econom\u00eda Agr\u00edcola<\/li>\n<li>Econom\u00eda Aplicada<\/li>\n<li>Econom\u00eda del Medio Ambiente<\/li>\n<li>Econom\u00eda Industrial<\/li>\n<li>Econom\u00eda Institucional<\/li>\n<li>Econom\u00eda Laboral<\/li>\n<li>Econom\u00eda Matem\u00e1tica Avanzada<\/li>\n<li>Econom\u00eda Pol\u00edtica<\/li>\n<li>Econom\u00eda y Sociedad<\/li>\n<li>Estad\u00edstica Avanzada<\/li>\n<li>Estad\u00edstica II<\/li>\n<li>Estad\u00edstica Inferencial II<\/li>\n<li>Finanzas de Empresas<\/li>\n<li>Historia Econ\u00f3mica Argentina<\/li>\n<li>Ingl\u00e9s para Negocios<\/li>\n<li>Macroeconom\u00eda Avanzada<\/li>\n<li>Microeconom\u00eda Avanzada<\/li>\n<li>Problemas Econ\u00f3micos de Am\u00e9rica Latina<\/li>\n<\/ul>\n<p>[\/vc_column_text][\/vc_column][\/vc_row]<\/p>\n","protected":false},"excerpt":{"rendered":"<p>[vc_row][vc_column width=\u00bb1\/3&#8243;][vc_column_text] Contador P\u00fablico Nacional Primer A\u00f1o Administraci\u00f3n Contabilidad I Derecho Empresario I Matem\u00e1tica I Matem\u00e1tica II Principios de Econom\u00eda I Segundo A\u00f1o Contabilidad II Derecho Empresario II Estad\u00edstica Historia Econ\u00f3mica L\u00f3gica y Metodolog\u00eda de la Investigaci\u00f3n Principios de Econom\u00eda II Sistemas de Informaci\u00f3n I Tercer A\u00f1o Contabilidad III Costos I Costos II Derecho Societario [&hellip;]<\/p>\n","protected":false},"author":1,"featured_media":0,"parent":0,"menu_order":0,"comment_status":"closed","ping_status":"closed","template":"","meta":{"_et_pb_use_builder":"","_et_pb_old_content":"","_et_gb_content_width":"","footnotes":""},"_links":{"self":[{"href":"https:\/\/face.unt.edu.ar\/web\/wp-json\/wp\/v2\/pages\/6969"}],"collection":[{"href":"https:\/\/face.unt.edu.ar\/web\/wp-json\/wp\/v2\/pages"}],"about":[{"href":"https:\/\/face.unt.edu.ar\/web\/wp-json\/wp\/v2\/types\/page"}],"author":[{"embeddable":true,"href":"https:\/\/face.unt.edu.ar\/web\/wp-json\/wp\/v2\/users\/1"}],"replies":[{"embeddable":true,"href":"https:\/\/face.unt.edu.ar\/web\/wp-json\/wp\/v2\/comments?post=6969"}],"version-history":[{"count":35,"href":"https:\/\/face.unt.edu.ar\/web\/wp-json\/wp\/v2\/pages\/6969\/revisions"}],"predecessor-version":[{"id":8636,"href":"https:\/\/face.unt.edu.ar\/web\/wp-json\/wp\/v2\/pages\/6969\/revisions\/8636"}],"wp:attachment":[{"href":"https:\/\/face.unt.edu.ar\/web\/wp-json\/wp\/v2\/media?parent=6969"}],"curies":[{"name":"wp","href":"https:\/\/api.w.org\/{rel}","templated":true}]}}