{"id":7252,"date":"2018-09-10T01:48:24","date_gmt":"2018-09-10T01:48:24","guid":{"rendered":"http:\/\/face.unt.edu.ar\/web\/?page_id=7252"},"modified":"2025-11-01T20:03:35","modified_gmt":"2025-11-01T20:03:35","slug":"consejo-directivo","status":"publish","type":"page","link":"https:\/\/face.unt.edu.ar\/web\/institucional\/consejo-directivo\/","title":{"rendered":"Honorable Consejo Directivo"},"content":{"rendered":"<p><strong>Docentes Titulares<\/strong><br \/>\n\u2013 Dr. Gabriel Feldman<br \/>\n\u2013 Cr. Miguel Barrera<\/p>\n<p><strong>Docentes Asociados y Adjuntos<\/strong><br \/>\n\u2013 Mg. Eduardo Esc\u00e1ndar<br \/>\n\u2013 Dra. Catal\u00e1n, Mar\u00eda Jos\u00e9<\/p>\n<p><strong>Docentes Jefes de Trabajos Pr\u00e1cticos<\/strong><br \/>\n\u2013 Cra. Giannini, Raquel Viviana<br \/>\n\u2013 Mg. Nicol\u00e1s Estofan<\/p>\n<p><strong>Graduados<\/strong><br \/>\n\u2013 Cr. Diego Villarreal<\/p>\n<p><strong>Estudiantes<br \/>\n<\/strong><\/p>\n<p>Sr. Lucas Gonz\u00e1lez Ruiz<br \/>\nSrta. Florencia Luciana L\u00f3pez Villagr\u00e1n<br \/>\nSrta. Micaela Llewelyn<\/p>\n<p><strong>Nodocentes<\/strong><br \/>\n\u2013 Sr. D\u00edaz, Felix Est\u00e9ban<\/p>\n","protected":false},"excerpt":{"rendered":"<p>Docentes Titulares \u2013 Dr. Gabriel Feldman \u2013 Cr. Miguel Barrera Docentes Asociados y Adjuntos \u2013 Mg. Eduardo Esc\u00e1ndar \u2013 Dra. Catal\u00e1n, Mar\u00eda Jos\u00e9 Docentes Jefes de Trabajos Pr\u00e1cticos \u2013 Cra. Giannini, Raquel Viviana \u2013 Mg. Nicol\u00e1s Estofan Graduados \u2013 Cr. Diego Villarreal Estudiantes Sr. Lucas Gonz\u00e1lez Ruiz Srta. Florencia Luciana L\u00f3pez Villagr\u00e1n Srta. Micaela Llewelyn [&hellip;]<\/p>\n","protected":false},"author":1,"featured_media":0,"parent":99,"menu_order":0,"comment_status":"closed","ping_status":"closed","template":"","meta":{"_et_pb_use_builder":"","_et_pb_old_content":"","_et_gb_content_width":"","footnotes":""},"_links":{"self":[{"href":"https:\/\/face.unt.edu.ar\/web\/wp-json\/wp\/v2\/pages\/7252"}],"collection":[{"href":"https:\/\/face.unt.edu.ar\/web\/wp-json\/wp\/v2\/pages"}],"about":[{"href":"https:\/\/face.unt.edu.ar\/web\/wp-json\/wp\/v2\/types\/page"}],"author":[{"embeddable":true,"href":"https:\/\/face.unt.edu.ar\/web\/wp-json\/wp\/v2\/users\/1"}],"replies":[{"embeddable":true,"href":"https:\/\/face.unt.edu.ar\/web\/wp-json\/wp\/v2\/comments?post=7252"}],"version-history":[{"count":17,"href":"https:\/\/face.unt.edu.ar\/web\/wp-json\/wp\/v2\/pages\/7252\/revisions"}],"predecessor-version":[{"id":22313,"href":"https:\/\/face.unt.edu.ar\/web\/wp-json\/wp\/v2\/pages\/7252\/revisions\/22313"}],"up":[{"embeddable":true,"href":"https:\/\/face.unt.edu.ar\/web\/wp-json\/wp\/v2\/pages\/99"}],"wp:attachment":[{"href":"https:\/\/face.unt.edu.ar\/web\/wp-json\/wp\/v2\/media?parent=7252"}],"curies":[{"name":"wp","href":"https:\/\/api.w.org\/{rel}","templated":true}]}}