{"id":7693,"date":"2018-11-30T14:28:40","date_gmt":"2018-11-30T14:28:40","guid":{"rendered":"http:\/\/face.unt.edu.ar\/web\/?page_id=7693"},"modified":"2018-12-01T17:22:03","modified_gmt":"2018-12-01T17:22:03","slug":"ii-encuentro-de-innovacion-en-la-ensenanza-de-las-ciencias-economicas","status":"publish","type":"page","link":"https:\/\/face.unt.edu.ar\/web\/ii-encuentro-de-innovacion-en-la-ensenanza-de-las-ciencias-economicas\/","title":{"rendered":"II Encuentro de innovaci\u00f3n en la ense\u00f1anza de las Ciencias Econ\u00f3micas"},"content":{"rendered":"<h4 style=\"text-align: center\"><strong>II Encuentro de Innovaci\u00f3n en la Ense\u00f1anza de las Ciencias Econ\u00f3micas<\/strong><\/h4>\n<p>Descargue el Libro Completo de este encuentro\u00a0<span style=\"color: #0000ff\"><a style=\"color: #0000ff\" href=\"https:\/\/drive.google.com\/file\/d\/12Sne0VBP_fdTH8jFAKEYIoe2w5syLiIF\/view\"><strong>aqu\u00ed<\/strong><\/a><\/span><\/p>\n<ul>\n<li><a href=\"http:\/\/face.unt.edu.ar\/web\/wp-content\/uploads\/2018\/11\/Nuevas_Pr\u00e1cticas_Did\u00e1cticas_y_Evaluaci\u00f3n_integral.pdf\">Nuevas_Pr\u00e1cticas_Did\u00e1cticas_y_Evaluaci\u00f3n_integral<\/a><\/li>\n<li><a href=\"http:\/\/face.unt.edu.ar\/web\/wp-content\/uploads\/2018\/11\/Analisis_en_las_practicas_evaluativas_de_la_Catedra_de_Computacion_I.pdf\">Analisis_en_las_practicas_evaluativas_de_la_Catedra_de_Computacion_I<\/a><\/li>\n<li><a href=\"http:\/\/face.unt.edu.ar\/web\/wp-content\/uploads\/2018\/11\/Personalidad_de_las_c\u00e1tedras.pdf\">Personalidad_de_las_c\u00e1tedras<\/a><\/li>\n<li><a href=\"http:\/\/face.unt.edu.ar\/web\/wp-content\/uploads\/2018\/11\/Formaci\u00f3n_continua_hacia_la_Utilizaci\u00f3n_de_Entornos_Virtuales_de_Aprendizaje.pdf\">Formaci\u00f3n_continua_hacia_la_Utilizaci\u00f3n_de_Entornos_Virtuales_de_Aprendizaje<\/a><\/li>\n<li><a href=\"http:\/\/face.unt.edu.ar\/web\/wp-content\/uploads\/2018\/11\/Inventariando_Ideas_y_Propuestas_Innovadoras.pdf\">Inventariando_Ideas_y_Propuestas_Innovadoras<\/a><\/li>\n<li><a href=\"http:\/\/face.unt.edu.ar\/web\/wp-content\/uploads\/2018\/11\/El_Empleo_del_Aula_Virtual_en_la_C\u00e1tedra_de_Matem\u00e1ticas_II.pdf\">El_Empleo_del_Aula_Virtual_en_la_C\u00e1tedra_de_Matem\u00e1ticas_II<\/a><\/li>\n<li><a href=\"http:\/\/face.unt.edu.ar\/web\/wp-content\/uploads\/2018\/11\/Costos_II_\u2013_Taller_optativo_basado_en_competencias.pdf\">Costos_II_\u2013_Taller_optativo_basado_en_competencias<\/a><\/li>\n<li><a href=\"http:\/\/face.unt.edu.ar\/web\/wp-content\/uploads\/2018\/11\/Modalidad_b-learning_Contabilidad_II.pdf\">Modalidad_blearning_Contabilidad_II<\/a><\/li>\n<li><a href=\"http:\/\/face.unt.edu.ar\/web\/wp-content\/uploads\/2018\/11\/Las_TIC\u2019s_como_herramienta_en_la_ense\u00f1anza_aprendizaje.pdf\">Las_TIC\u2019s_como_herramienta_en_la_ense\u00f1anza_aprendizaje<\/a><\/li>\n<li><a href=\"http:\/\/face.unt.edu.ar\/web\/wp-content\/uploads\/2018\/11\/El_Aula_virtual_de_Matematica_en_el_Ingreso_a_la_FACE.pdf\">El_Aula_virtual_de_Matematica_en_el_Ingreso_a_la_FACE<\/a><\/li>\n<li><a href=\"http:\/\/face.unt.edu.ar\/web\/wp-content\/uploads\/2018\/11\/Experiencia_Libro_Abierto.pdf\">Experiencia_Libro_Abierto<\/a><\/li>\n<li><a href=\"http:\/\/face.unt.edu.ar\/web\/wp-content\/uploads\/2018\/11\/Propuesta_integradora_de_las_c\u00e1tedras_de_costos_y_derecho.pdf\">Propuesta_integradora_de_las_c\u00e1tedras_de_costos_y_derecho<\/a><\/li>\n<li><a href=\"http:\/\/face.unt.edu.ar\/web\/wp-content\/uploads\/2018\/11\/Por_que_estudiar_estadistica_en_carreras_de_administracion_.pdf\">Por_que_estudiar_estadistica_en_carreras_de_administracion_<\/a><\/li>\n<li><a href=\"http:\/\/face.unt.edu.ar\/web\/wp-content\/uploads\/2018\/11\/Propuestas_Innovadoras_en_la_catedra_de_logica.pdf\">Propuestas_Innovadoras_en_la_catedra_de_logica<\/a><\/li>\n<li><a href=\"http:\/\/face.unt.edu.ar\/web\/wp-content\/uploads\/2018\/11\/Propuestas_innovadoras_en_la_c\u00e1tedra_de_comercializaci\u00f3n_II.pdf\">Propuestas_innovadoras_en_la_c\u00e1tedra_de_comercializaci\u00f3n_II<\/a><\/li>\n<li><a href=\"http:\/\/face.unt.edu.ar\/web\/wp-content\/uploads\/2018\/11\/Propuesta_Innovadora_en_la_C\u00e1tedra_de_Estadistica.pdf\">Propuesta_Innovadora_en_la_C\u00e1tedra_de_Estadistica<\/a><\/li>\n<li><a href=\"http:\/\/face.unt.edu.ar\/web\/wp-content\/uploads\/2018\/11\/La_Evaluacion_y_La_Responsabilidad_Social.pdf\">La_Evaluacion_y_La_Responsabilidad_Social<\/a><\/li>\n<li><a href=\"http:\/\/face.unt.edu.ar\/web\/wp-content\/uploads\/2018\/11\/Experiencia_en_la_c\u00e1tedra_de_Finanzas_I.pdf\">Experiencia_en_la_c\u00e1tedra_de_Finanzas_I<\/a><\/li>\n<li><a href=\"http:\/\/face.unt.edu.ar\/web\/wp-content\/uploads\/2018\/11\/La_generaci\u00f3n_del_conocimiento_a_trav\u00e9s_de_las_redes.pdf\">La_generaci\u00f3n_del_conocimiento_a_trav\u00e9s_de_las_redes<\/a><\/li>\n<li><a href=\"http:\/\/face.unt.edu.ar\/web\/wp-content\/uploads\/2018\/11\/El_arte_de_educar-_propuesta_de_innovaci\u00f3n_en_la_c\u00e1tedra_de_Concursos_y_pr\u00e1ctica_judicial.pdf\">El_arte_de_educar-_propuesta_de_innovaci\u00f3n_en_la_c\u00e1tedra_de_Concursos_y_pr\u00e1ctica_judicial<\/a><\/li>\n<li><a href=\"http:\/\/face.unt.edu.ar\/web\/wp-content\/uploads\/2018\/11\/C\u00e1tedra_Administraci\u00f3n_I_-_Propuesta_Integral_de_Implementaci\u00f3n.pdf\">C\u00e1tedra_Administraci\u00f3n_I_-_Propuesta_Integral_de_Implementaci\u00f3n<\/a><\/li>\n<li><a href=\"http:\/\/face.unt.edu.ar\/web\/wp-content\/uploads\/2018\/11\/Propuestas_para_el_abordaje_interdisciplinario_de_la_Historia_Econ\u00f3mica.pdf\">Propuestas_para_el_abordaje_interdisciplinario_de_la_Historia_Econ\u00f3mica<\/a><\/li>\n<li><a href=\"http:\/\/face.unt.edu.ar\/web\/wp-content\/uploads\/2018\/11\/Alumnos_de_la_FACE_Investigando_para_el_instituto_nacional_de_Tecnologia_Agropecuaria.pdf\">Alumnos_de_la_FACE_Investigando_para_el_instituto_nacional_de_Tecnologia_Agropecuaria<\/a><\/li>\n<li><a href=\"http:\/\/face.unt.edu.ar\/web\/wp-content\/uploads\/2018\/11\/Propuesta_Veo_Veo.pdf\">Propuesta_Veo_Veo<\/a><\/li>\n<li><a href=\"http:\/\/face.unt.edu.ar\/web\/wp-content\/uploads\/2018\/11\/Creaci\u00f3n_del_Banco_de_Ideas_Innovadoras_de_la_Facultad_de_Ciencias_Econ\u00f3micas.pdf\">Creaci\u00f3n_del_Banco_de_Ideas_Innovadoras_de_la_Facultad_de_Ciencias_Econ\u00f3micas<\/a><\/li>\n<li><a href=\"http:\/\/face.unt.edu.ar\/web\/wp-content\/uploads\/2018\/11\/Sistema_de_mentir\u00eda_en_el_ciclo_profesional_de_las_licenciaturas.pdf\">Sistema_de_mentir\u00eda_en_el_ciclo_profesional_de_las_licenciaturas<\/a><br \/>\n<hr \/>\n<\/li>\n<\/ul>\n<h4><\/h4>\n<h4 style=\"text-align: center\"><strong>1as Jornadas de Investigaci\u00f3n Bicentenario y\u00a0<\/strong><strong>3as Jornadas de Innovaci\u00f3n de la Ense\u00f1anza<\/strong><\/h4>\n<p>Las 1ar Jornadas de Investigaci\u00f3n Bicentenario y 3as Jornadas de Innovaci\u00f3n en la Ense\u00f1anza se llevaron a cabo en la Facultad de Ciencias Econ\u00f3micas de la UNT, los d\u00eda 9 y 10 de Marzo de 2016.<\/p>\n<p>Autoridades, Docentes, Investigadores y alumnos participaron en las mismas como asistentes y expositores de trabajos en los ejes tem\u00e1ticos Administraci\u00f3n, Contabilidad y Auditoria, Derecho, Econom\u00eda, Estad\u00edstica, Impuestos, Matem\u00e1ticas, Historia Econ\u00f3mica.<\/p>\n<p>En los siguientes links encontrar\u00e1 los res\u00famenes de los trabajos presentados:<\/p>\n<p><a href=\"http:\/\/face.unt.edu.ar\/web\/posgrados\/wp-content\/uploads\/sites\/3\/2018\/03\/PROLOGO-A-LA-PUBLICACI%C3%93N-y-isbn.pdf\">ISBN Libro en CD, prologo e Indice<\/a><\/p>\n<p><a href=\"http:\/\/face.unt.edu.ar\/web\/posgrados\/wp-content\/uploads\/sites\/3\/2016\/04\/resumenes-jornadas-de-innovacion-para-la-web.pdf\" target=\"_blank\" rel=\"noopener\">3as Jornadas de Innovaci\u00f3n en la Ense\u00f1anza<\/a><\/p>\n<p><a href=\"http:\/\/face.unt.edu.ar\/web\/posgrados\/wp-content\/uploads\/sites\/3\/2016\/04\/Resumen-trabajos-de-investigacion-para-la-Web.pdf\" target=\"_blank\" rel=\"noopener\">1as Jornadas de Investigaci\u00f3n Bicentenario<\/a><\/p>\n<p>&nbsp;<\/p>\n<hr \/>\n<p>&nbsp;<\/p>\n<p>&nbsp;<\/p>\n","protected":false},"excerpt":{"rendered":"<p>II Encuentro de Innovaci\u00f3n en la Ense\u00f1anza de las Ciencias Econ\u00f3micas Descargue el Libro Completo de este encuentro\u00a0aqu\u00ed Nuevas_Pr\u00e1cticas_Did\u00e1cticas_y_Evaluaci\u00f3n_integral Analisis_en_las_practicas_evaluativas_de_la_Catedra_de_Computacion_I Personalidad_de_las_c\u00e1tedras Formaci\u00f3n_continua_hacia_la_Utilizaci\u00f3n_de_Entornos_Virtuales_de_Aprendizaje Inventariando_Ideas_y_Propuestas_Innovadoras El_Empleo_del_Aula_Virtual_en_la_C\u00e1tedra_de_Matem\u00e1ticas_II Costos_II_\u2013_Taller_optativo_basado_en_competencias Modalidad_blearning_Contabilidad_II Las_TIC\u2019s_como_herramienta_en_la_ense\u00f1anza_aprendizaje El_Aula_virtual_de_Matematica_en_el_Ingreso_a_la_FACE Experiencia_Libro_Abierto Propuesta_integradora_de_las_c\u00e1tedras_de_costos_y_derecho Por_que_estudiar_estadistica_en_carreras_de_administracion_ Propuestas_Innovadoras_en_la_catedra_de_logica Propuestas_innovadoras_en_la_c\u00e1tedra_de_comercializaci\u00f3n_II Propuesta_Innovadora_en_la_C\u00e1tedra_de_Estadistica La_Evaluacion_y_La_Responsabilidad_Social Experiencia_en_la_c\u00e1tedra_de_Finanzas_I La_generaci\u00f3n_del_conocimiento_a_trav\u00e9s_de_las_redes El_arte_de_educar-_propuesta_de_innovaci\u00f3n_en_la_c\u00e1tedra_de_Concursos_y_pr\u00e1ctica_judicial C\u00e1tedra_Administraci\u00f3n_I_-_Propuesta_Integral_de_Implementaci\u00f3n Propuestas_para_el_abordaje_interdisciplinario_de_la_Historia_Econ\u00f3mica Alumnos_de_la_FACE_Investigando_para_el_instituto_nacional_de_Tecnologia_Agropecuaria Propuesta_Veo_Veo Creaci\u00f3n_del_Banco_de_Ideas_Innovadoras_de_la_Facultad_de_Ciencias_Econ\u00f3micas Sistema_de_mentir\u00eda_en_el_ciclo_profesional_de_las_licenciaturas 1as Jornadas de Investigaci\u00f3n Bicentenario y\u00a03as Jornadas de Innovaci\u00f3n de la [&hellip;]<\/p>\n","protected":false},"author":1,"featured_media":0,"parent":0,"menu_order":0,"comment_status":"closed","ping_status":"closed","template":"","meta":{"_et_pb_use_builder":"","_et_pb_old_content":"","_et_gb_content_width":"","footnotes":""},"_links":{"self":[{"href":"https:\/\/face.unt.edu.ar\/web\/wp-json\/wp\/v2\/pages\/7693"}],"collection":[{"href":"https:\/\/face.unt.edu.ar\/web\/wp-json\/wp\/v2\/pages"}],"about":[{"href":"https:\/\/face.unt.edu.ar\/web\/wp-json\/wp\/v2\/types\/page"}],"author":[{"embeddable":true,"href":"https:\/\/face.unt.edu.ar\/web\/wp-json\/wp\/v2\/users\/1"}],"replies":[{"embeddable":true,"href":"https:\/\/face.unt.edu.ar\/web\/wp-json\/wp\/v2\/comments?post=7693"}],"version-history":[{"count":4,"href":"https:\/\/face.unt.edu.ar\/web\/wp-json\/wp\/v2\/pages\/7693\/revisions"}],"predecessor-version":[{"id":7731,"href":"https:\/\/face.unt.edu.ar\/web\/wp-json\/wp\/v2\/pages\/7693\/revisions\/7731"}],"wp:attachment":[{"href":"https:\/\/face.unt.edu.ar\/web\/wp-json\/wp\/v2\/media?parent=7693"}],"curies":[{"name":"wp","href":"https:\/\/api.w.org\/{rel}","templated":true}]}}