{"id":771,"date":"2014-09-11T20:10:55","date_gmt":"2014-09-11T20:10:55","guid":{"rendered":"http:\/\/face.unt.edu.ar\/web\/?page_id=771"},"modified":"2014-11-30T19:14:44","modified_gmt":"2014-11-30T19:14:44","slug":"el-centenario-de-la-unt-y-la-face","status":"publish","type":"page","link":"https:\/\/face.unt.edu.ar\/web\/el-centenario-de-la-unt-y-la-face\/","title":{"rendered":"El Centenario de la UNT y la FACE"},"content":{"rendered":"<p><iframe loading=\"lazy\" title=\"LA UNIVERSIDAD NACIONAL DE TUCUMAN Y LA INDUSTRIA AZUCARERA, POR EL PROFESOR DANIEL MOYANO\" width=\"1080\" height=\"810\" src=\"https:\/\/www.youtube.com\/embed\/xdgrNGBRVAw?start=18&#038;feature=oembed\"  allow=\"accelerometer; autoplay; clipboard-write; encrypted-media; gyroscope; picture-in-picture; web-share\" referrerpolicy=\"strict-origin-when-cross-origin\" allowfullscreen><\/iframe><\/p>\n<p><iframe loading=\"lazy\" title=\"UNIVERSIDAD NACIONAL DE TUCUMAN 100 A\u00d1OS DE HISTORIA POR EL PROFESOR DANIEL CAMPI\" width=\"1080\" height=\"810\" src=\"https:\/\/www.youtube.com\/embed\/kCYhZcBYp4k?feature=oembed\"  allow=\"accelerometer; autoplay; clipboard-write; encrypted-media; gyroscope; picture-in-picture; web-share\" referrerpolicy=\"strict-origin-when-cross-origin\" allowfullscreen><\/iframe><\/p>\n<p><iframe loading=\"lazy\" title=\"LA CREACION DE LA FACE UNT POR LA DRA CLAUDIA ELINA HERRERA\" width=\"1080\" height=\"810\" src=\"https:\/\/www.youtube.com\/embed\/pV0xN4mxaUc?feature=oembed\"  allow=\"accelerometer; autoplay; clipboard-write; encrypted-media; gyroscope; picture-in-picture; web-share\" referrerpolicy=\"strict-origin-when-cross-origin\" allowfullscreen><\/iframe><br \/>\n<iframe loading=\"lazy\" title=\"LA PROYECCION DE LOS PRINCIPIOS REFORMISTAS EN LA UNT POR MARIELA FERNANDEZ\" width=\"1080\" height=\"810\" src=\"https:\/\/www.youtube.com\/embed\/YzkHmUQEM4Q?feature=oembed\"  allow=\"accelerometer; autoplay; clipboard-write; encrypted-media; gyroscope; picture-in-picture; web-share\" referrerpolicy=\"strict-origin-when-cross-origin\" allowfullscreen><\/iframe><\/p>\n<p><iframe loading=\"lazy\" title=\"EL PROYECTO UNIVERSITARIO DE HORACIO DESCOLE POR LA PROFESORA MARIA PAULA PAROLO FACE UNT\" width=\"1080\" height=\"810\" src=\"https:\/\/www.youtube.com\/embed\/TSad3AC37_Q?feature=oembed\"  allow=\"accelerometer; autoplay; clipboard-write; encrypted-media; gyroscope; picture-in-picture; web-share\" referrerpolicy=\"strict-origin-when-cross-origin\" allowfullscreen><\/iframe><\/p>\n<p>&nbsp;<\/p>\n<p><iframe loading=\"lazy\" title=\"JUAN B TERAN APORTES A SU SEMPLANZA POR PROFESORA CORINA PAZ TERAN FACE UNT\" width=\"1080\" height=\"810\" src=\"https:\/\/www.youtube.com\/embed\/UT2sWdE3DIE?feature=oembed\"  allow=\"accelerometer; autoplay; clipboard-write; encrypted-media; gyroscope; picture-in-picture; web-share\" referrerpolicy=\"strict-origin-when-cross-origin\" allowfullscreen><\/iframe><\/p>\n<p style=\"text-align: justify;\"><a href=\"https:\/\/www.dropbox.com\/s\/46v3h63jz3ayt7d\/CONFERENCIA%20CENTENARIO%20DE%20LA%20UNT.%20CR.%20HUMBERTO%20D%27ARTERIO.pdf?dl=0\" target=\"_blank\">Conferencia del Cr. Humberto D&#8217;Arterio<\/a> en representaci\u00f3n de la Facultad de Ciencias Econ\u00f3micas en el ciclo \u00abLa UNT por s\u00ed misma\u00bb realizado el d\u00eda\u00a019 de Noviembre en el marco del Centenario de la UNT. El mismo cont\u00f3 con la participaci\u00f3n de representantes de todas las Facultades de la Universidad Nacional de Tucum\u00e1n.-<\/p>\n","protected":false},"excerpt":{"rendered":"<p>&nbsp; Conferencia del Cr. Humberto D&#8217;Arterio en representaci\u00f3n de la Facultad de Ciencias Econ\u00f3micas en el ciclo \u00abLa UNT por s\u00ed misma\u00bb realizado el d\u00eda\u00a019 de Noviembre en el marco del Centenario de la UNT. El mismo cont\u00f3 con la participaci\u00f3n de representantes de todas las Facultades de la Universidad Nacional de Tucum\u00e1n.-<\/p>\n","protected":false},"author":1,"featured_media":0,"parent":0,"menu_order":0,"comment_status":"open","ping_status":"open","template":"","meta":{"_et_pb_use_builder":"","_et_pb_old_content":"","_et_gb_content_width":"","footnotes":""},"_links":{"self":[{"href":"https:\/\/face.unt.edu.ar\/web\/wp-json\/wp\/v2\/pages\/771"}],"collection":[{"href":"https:\/\/face.unt.edu.ar\/web\/wp-json\/wp\/v2\/pages"}],"about":[{"href":"https:\/\/face.unt.edu.ar\/web\/wp-json\/wp\/v2\/types\/page"}],"author":[{"embeddable":true,"href":"https:\/\/face.unt.edu.ar\/web\/wp-json\/wp\/v2\/users\/1"}],"replies":[{"embeddable":true,"href":"https:\/\/face.unt.edu.ar\/web\/wp-json\/wp\/v2\/comments?post=771"}],"version-history":[{"count":17,"href":"https:\/\/face.unt.edu.ar\/web\/wp-json\/wp\/v2\/pages\/771\/revisions"}],"predecessor-version":[{"id":1195,"href":"https:\/\/face.unt.edu.ar\/web\/wp-json\/wp\/v2\/pages\/771\/revisions\/1195"}],"wp:attachment":[{"href":"https:\/\/face.unt.edu.ar\/web\/wp-json\/wp\/v2\/media?parent=771"}],"curies":[{"name":"wp","href":"https:\/\/api.w.org\/{rel}","templated":true}]}}