{"id":8681,"date":"2019-05-13T18:48:02","date_gmt":"2019-05-13T18:48:02","guid":{"rendered":"http:\/\/face.unt.edu.ar\/web\/?page_id=8681"},"modified":"2024-12-02T14:47:36","modified_gmt":"2024-12-02T14:47:36","slug":"red-de-facultades-de-ciencias-economicas-del-norte-argentino","status":"publish","type":"page","link":"https:\/\/face.unt.edu.ar\/web\/red-de-facultades-de-ciencias-economicas-del-norte-argentino\/","title":{"rendered":"Red de Facultades de Ciencias Econ\u00f3micas del Norte Argentino"},"content":{"rendered":"<ul>\n<li><a href=\"https:\/\/face.unt.edu.ar\/web\/archivos-publicaciones\/innovacion-de-la-ensenanza\/Libro%20Encuentro%202017%20-%20FACE%20-%20UNT%20-%20%C3%BAlt.pdf\" target=\"_blank\" rel=\"noopener noreferrer\">1er ENCUENTRO DE \u201cINNOVACI\u00d3N EN LA ENSE\u00d1ANZA\u201d CON LA RED DE FACULTADES DE CIENCIAS ECON\u00d3MICAS DEL NORTE ARGENTINO y 4to ENCUENTRO DE \u201cINNOVACION EN LA ENSE\u00d1ANZA DE LAS CIENCIAS ECONOMICAS\u201d.<\/a><\/li>\n<\/ul>\n<p>&nbsp;<\/p>\n<ul>\n<li><a href=\"https:\/\/face.unt.edu.ar\/web\/archivos-publicaciones\/Libro%20Encuentro%202018_4.pdf\" target=\"_blank\" rel=\"noopener noreferrer\">2do. ENCUENTRO DE \u201cINNOVACI\u00d3N EN LA ENSE\u00d1ANZA\u201d CON LA RED DE FACULTADES DE CIENCIAS ECON\u00d3MICAS DEL NORTE ARGENTINO y 5to ENCUENTRO DE \u201cINNOVACION EN LA ENSE\u00d1ANZA DE LAS CIENCIAS ECONOMICAS\u201d.<\/a><\/li>\n<\/ul>\n<p>&nbsp;<\/p>\n<ul>\n<li><a href=\"https:\/\/www.economicas.unsa.edu.ar\/web\/archivos\/secAsuAcaInv\/Libro_de_Actas_3_Encuentro_Red_FACE_-_ISBN.pdf\" target=\"_blank\" rel=\"noopener noreferrer\">3er. ENCUENTRO DE \u201cINNOVACI\u00d3N EN LA ENSE\u00d1ANZA\u201d CON LA RED DE FACULTADES DE CIENCIAS ECON\u00d3MICAS DEL NORTE ARGENTINO y 6to ENCUENTRO DE \u201cINNOVACION EN LA ENSE\u00d1ANZA DE LAS CIENCIAS ECONOMICAS\u201d.<\/a><\/li>\n<\/ul>\n<p>&nbsp;<\/p>\n<ul>\n<li><a href=\"https:\/\/drive.google.com\/file\/d\/1GT0AIPXdqMJbMfqVjr5BbL_ZoV7iiaIq\/view?usp=sharing\" target=\"_blank\" rel=\"noopener\">4to. ENCUENTRO DE \u201cINNOVACI\u00d3N EN LA ENSE\u00d1ANZA\u201d CON LA RED DE FACULTADES DE CIENCIAS ECON\u00d3MICAS DEL NORTE ARGENTINO Y 7mo ENCUENTRO DE \u201cINNOVACION EN LA ENSE\u00d1ANZA DE LAS CIENCIAS ECONOMICAS\u201d.<\/a><\/li>\n<\/ul>\n<p>&nbsp;<\/p>\n<ul>\n<li><a href=\"https:\/\/drive.google.com\/file\/d\/1zfeKHGeBpiHG5Orp3S_YSP_6fRM5RisX\/view?usp=sharing\" target=\"_blank\" rel=\"noopener\">5to. ENCUENTRO DE \u201cINNOVACI\u00d3N EN LA ENSE\u00d1ANZA\u201d CON LA RED DE FACULTADES DE CIENCIAS ECON\u00d3MICAS DEL NORTE ARGENTINO Y 8vo ENCUENTRO DE \u201cINNOVACION EN LA ENSE\u00d1ANZA DE LAS CIENCIAS ECONOMICAS\u201d.<\/a><\/li>\n<\/ul>\n<p>&nbsp;<\/p>\n<ul>\n<li><a href=\"https:\/\/drive.google.com\/file\/d\/1knUZNyKOCcZieFGdCLYONq4y3a6VUw2z\/view?usp=sharing\" target=\"_blank\" rel=\"noopener\">6to ENCUENTRO DE \u00abINNOVACI\u00d3N EN LA ENSE\u00d1ANZA\u00bb CON LA RED DE FACULTADES DE CIENCIAS ECON\u00d3MICAS DEL NORTE ARGENTINO Y 9no ENCUENTRO DE \u00abINNOVACI\u00d3N DE LA ENSE\u00d1ANZA DE LAS CIENCIAS ECON\u00d3MICAS<\/a><\/li>\n<\/ul>\n<p>&nbsp;<\/p>\n<ul>\n<li><a href=\"https:\/\/drive.google.com\/file\/d\/1pUJrk-Tj5lhW8CxURvmlqTJURSNCF5uO\/view?usp=sharing\" target=\"_blank\" rel=\"noopener\">7mo ENCUENTRO DE \u00abINNOVACI\u00d3N EN LA ENSE\u00d1ANZA\u00bb CON LA RED DE FACULTADES DE CIENCIAS ECON\u00d3MICAS DEL NORTE ARGENTINO Y 10mo ENCUENTRO DE \u00abINNOVACI\u00d3N DE LA ENSE\u00d1ANZA DE LAS CIENCIAS ECON\u00d3MICAS<\/a><\/li>\n<\/ul>\n","protected":false},"excerpt":{"rendered":"<p>1er ENCUENTRO DE \u201cINNOVACI\u00d3N EN LA ENSE\u00d1ANZA\u201d CON LA RED DE FACULTADES DE CIENCIAS ECON\u00d3MICAS DEL NORTE ARGENTINO y 4to ENCUENTRO DE \u201cINNOVACION EN LA ENSE\u00d1ANZA DE LAS CIENCIAS ECONOMICAS\u201d. &nbsp; 2do. ENCUENTRO DE \u201cINNOVACI\u00d3N EN LA ENSE\u00d1ANZA\u201d CON LA RED DE FACULTADES DE CIENCIAS ECON\u00d3MICAS DEL NORTE ARGENTINO y 5to ENCUENTRO DE \u201cINNOVACION EN [&hellip;]<\/p>\n","protected":false},"author":1,"featured_media":0,"parent":0,"menu_order":0,"comment_status":"closed","ping_status":"closed","template":"","meta":{"_et_pb_use_builder":"","_et_pb_old_content":"","_et_gb_content_width":"","footnotes":""},"_links":{"self":[{"href":"https:\/\/face.unt.edu.ar\/web\/wp-json\/wp\/v2\/pages\/8681"}],"collection":[{"href":"https:\/\/face.unt.edu.ar\/web\/wp-json\/wp\/v2\/pages"}],"about":[{"href":"https:\/\/face.unt.edu.ar\/web\/wp-json\/wp\/v2\/types\/page"}],"author":[{"embeddable":true,"href":"https:\/\/face.unt.edu.ar\/web\/wp-json\/wp\/v2\/users\/1"}],"replies":[{"embeddable":true,"href":"https:\/\/face.unt.edu.ar\/web\/wp-json\/wp\/v2\/comments?post=8681"}],"version-history":[{"count":11,"href":"https:\/\/face.unt.edu.ar\/web\/wp-json\/wp\/v2\/pages\/8681\/revisions"}],"predecessor-version":[{"id":19791,"href":"https:\/\/face.unt.edu.ar\/web\/wp-json\/wp\/v2\/pages\/8681\/revisions\/19791"}],"wp:attachment":[{"href":"https:\/\/face.unt.edu.ar\/web\/wp-json\/wp\/v2\/media?parent=8681"}],"curies":[{"name":"wp","href":"https:\/\/api.w.org\/{rel}","templated":true}]}}