{"id":8909,"date":"2019-06-25T23:33:50","date_gmt":"2019-06-25T23:33:50","guid":{"rendered":"http:\/\/face.unt.edu.ar\/web\/?page_id=8909"},"modified":"2024-08-30T16:02:56","modified_gmt":"2024-08-30T16:02:56","slug":"agronegocios","status":"publish","type":"page","link":"https:\/\/face.unt.edu.ar\/web\/agronegocios\/","title":{"rendered":"Agronegocios"},"content":{"rendered":"<h3><a href=\"http:\/\/face.unt.edu.ar\/web\/wp-content\/uploads\/2019\/07\/banner-diplomatura-en-agronogocios-verde-horizontal.jpg\"><img decoding=\"async\" loading=\"lazy\" class=\" wp-image-8989 aligncenter\" src=\"http:\/\/face.unt.edu.ar\/web\/wp-content\/uploads\/2019\/07\/banner-diplomatura-en-agronogocios-verde-horizontal-300x121.jpg\" alt=\"\" width=\"721\" height=\"291\" srcset=\"https:\/\/face.unt.edu.ar\/web\/wp-content\/uploads\/2019\/07\/banner-diplomatura-en-agronogocios-verde-horizontal-300x121.jpg 300w, https:\/\/face.unt.edu.ar\/web\/wp-content\/uploads\/2019\/07\/banner-diplomatura-en-agronogocios-verde-horizontal-768x311.jpg 768w, https:\/\/face.unt.edu.ar\/web\/wp-content\/uploads\/2019\/07\/banner-diplomatura-en-agronogocios-verde-horizontal-1024x414.jpg 1024w, https:\/\/face.unt.edu.ar\/web\/wp-content\/uploads\/2019\/07\/banner-diplomatura-en-agronogocios-verde-horizontal-696x282.jpg 696w, https:\/\/face.unt.edu.ar\/web\/wp-content\/uploads\/2019\/07\/banner-diplomatura-en-agronogocios-verde-horizontal-1392x563.jpg 1392w, https:\/\/face.unt.edu.ar\/web\/wp-content\/uploads\/2019\/07\/banner-diplomatura-en-agronogocios-verde-horizontal-1068x432.jpg 1068w, https:\/\/face.unt.edu.ar\/web\/wp-content\/uploads\/2019\/07\/banner-diplomatura-en-agronogocios-verde-horizontal-1038x420.jpg 1038w, https:\/\/face.unt.edu.ar\/web\/wp-content\/uploads\/2019\/07\/banner-diplomatura-en-agronogocios-verde-horizontal.jpg 1920w\" sizes=\"(max-width: 721px) 100vw, 721px\" \/><\/a><\/h3>\n<h5><strong>Duraci\u00f3n:<\/strong> 6 meses<br \/>\n<strong>Carga horaria total:<\/strong> 180 horas.<br \/>\n<strong>Lugar de cursado<\/strong>:\u00a0Facultad de Ciencias Econ\u00f3micas y Facultad de Agronom\u00eda y Zootecnia de la Universidad Nacional de Tucum\u00e1n, Av. Independencia 1900 \u2013 San Miguel de Tucum\u00e1n \u2013 Tucum\u00e1n.<\/h5>\n<h4>Los cupos son limitados.<\/h4>\n<h3><a href=\"http:\/\/bit.ly\/DiplomaturaAgronegocios\" target=\"_blank\" rel=\"noopener noreferrer\"><img decoding=\"async\" loading=\"lazy\" class=\"alignnone wp-image-9124 size-medium\" src=\"http:\/\/face.unt.edu.ar\/web\/wp-content\/uploads\/2019\/08\/boton-pre-inscripcion1-300x90.png\" alt=\"\" width=\"300\" height=\"90\" srcset=\"https:\/\/face.unt.edu.ar\/web\/wp-content\/uploads\/2019\/08\/boton-pre-inscripcion1-300x90.png 300w, https:\/\/face.unt.edu.ar\/web\/wp-content\/uploads\/2019\/08\/boton-pre-inscripcion1.png 596w\" sizes=\"(max-width: 300px) 100vw, 300px\" \/><\/a><\/h3>\n<p>Por <strong>informes,<\/strong> los interesados pueden comunicarse v\u00eda correo electr\u00f3nico a:\u00a0 <strong><a href=\"mailto:seri@face.unt.edu.ar\">seri@face.unt.edu.ar<\/a><\/strong><\/p>\n<p>&nbsp;<\/p>\n<p><span style=\"background-color: #339966\"><strong>D\u00edas de cursado:\u00a0 \u00a0 \u00a0 \u00a0 \u00a0 \u00a0 \u00a0 \u00a0<\/strong> \u00a0 \u00a0 \u00a0\u00a0<\/span><br \/>\nViernes de 17 a 22 horas.<br \/>\nS\u00e1bados de 8 a 14 horas.<\/p>\n<p><span style=\"background-color: #339966\"><strong>Inversi\u00f3n:<\/strong> $21.000\u00a0 \u00a0 \u00a0 \u00a0 \u00a0 \u00a0 \u00a0 \u00a0 \u00a0\u00a0<\/span><br \/>\n7 cuotas de: $3.000<br \/>\nPago de Contado &#8211; 10% descuento<\/p>\n<h5><span style=\"background-color: #339966\"><strong>Medios de pago:\u00a0 \u00a0 \u00a0 \u00a0 \u00a0 \u00a0 \u00a0 \u00a0 \u00a0 \u00a0 \u00a0 \u00a0\u00a0<\/strong><\/span><\/h5>\n<h5>&#8211; En Asociaci\u00f3n Cooperadora de la Facultad de Ciencias Econ\u00f3micas de la UNT, de lunes a viernes, de 8 a 12 horas y de 16 a 19:30 horas.<\/h5>\n<p>-Transferencia Bancaria<\/p>\n<p>&#8211; Mercado Pago<\/p>\n<p>&nbsp;<\/p>\n<h5><span style=\"color: #000000;background-color: #339966\"><strong>Fundamentos\u00a0 \u00a0 \u00a0 \u00a0 \u00a0 \u00a0 \u00a0 \u00a0 \u00a0 \u00a0 \u00a0 \u00a0 \u00a0 \u00a0<\/strong><\/span><\/h5>\n<p>Uno de los desaf\u00edos de la universidad argentina es contribuir al desarrollo de la econom\u00eda local y regional mediante la capacitaci\u00f3n y formaci\u00f3n de la comunidad. En ese sentido, uno de los pilares fundamentales son las actividades de extensi\u00f3n a la comunidad. Teniendo en cuenta que la actividad agropecuaria tiene un rol central y relevante en la provincia de Tucum\u00e1n y la regi\u00f3n y que actualmente, existe un vac\u00edo en la formaci\u00f3n de extensi\u00f3n en la materia, lanzamos esta Diplomatura Universitaria.<br \/>\nLa Facultad de Ciencias Econ\u00f3micas y la Facultad de Agronom\u00eda y Zootecnia de la Universidad Nacional de Tucum\u00e1n, estamos convencidos de la importancia de trabajar mancomunadamente y colaborar mediante la formaci\u00f3n integral, donde confluyan las ciencias econ\u00f3micas y las ciencias agron\u00f3micas. Por esa raz\u00f3n, se ha dise\u00f1ado la <strong>Diplomatura en Agronegocios<\/strong>, con el firme prop\u00f3sito de presentar una propuesta de capacitaci\u00f3n para el sector que contengan los conocimientos y habilidades necesarias para su gesti\u00f3n.<\/p>\n<h5><span style=\"color: #000000;background-color: #339966\"><strong>Destinatarios\u00a0 \u00a0 \u00a0 \u00a0 \u00a0 \u00a0 \u00a0 \u00a0 \u00a0 \u00a0 \u00a0 \u00a0 \u00a0 \u00a0\u00a0<\/strong><\/span><\/h5>\n<p>La Diplomatura en Agronegocios est\u00e1 dirigida a <strong>productores, empresarios, t\u00e9cnicos, graduados universitarios o personas interesadas en el negocio agropecuario<\/strong> que deseen ampliar y consolidar la comprensi\u00f3n de diversos aspectos centrales en la administraci\u00f3n de los recursos y la gesti\u00f3n.<\/p>\n<h5><span style=\"background-color: #339966\"><strong>Modalidad\u00a0 \u00a0 \u00a0 \u00a0 \u00a0 \u00a0 \u00a0 \u00a0 \u00a0 \u00a0 \u00a0 \u00a0 \u00a0 \u00a0 \u00a0 \u00a0 \u00a0<\/strong><\/span><\/h5>\n<p>La modalidad de cursado es de car\u00e1cter presencial. Tiene un total de 180 horas, distribuidas en 9 materias, de 20 horas cada una.<br \/>\nLas clases de dictaran en forma intensiva, los d\u00edas viernes y s\u00e1bados.<br \/>\nEl total del programa est\u00e1 previsto desarrollarse en 6 meses.<\/p>\n<h5><span style=\"background-color: #339966\"><strong>Objetivos\u00a0 \u00a0 \u00a0 \u00a0 \u00a0 \u00a0 \u00a0 \u00a0 \u00a0 \u00a0 \u00a0 \u00a0 \u00a0 \u00a0 \u00a0 \u00a0 \u00a0\u00a0<\/strong><\/span><\/h5>\n<ul>\n<li>Comprender y analizar variables econ\u00f3micas relevantes para el negocio.<\/li>\n<li>Entender las principales variables de las cadenas agroindustriales.<\/li>\n<li>Estudiar y aplicar herramientas para reducir el riesgo de precios y divisas.<\/li>\n<li>Desarrollar herramientas para el monitoreo general del negocio.<\/li>\n<li>Integrar conocimientos contables e impositivos para la administraci\u00f3n de los egresos fiscales.<\/li>\n<li>Analizar la situaci\u00f3n competitiva de las empresas agropecuarias y definir una estrategia sustentable a largo plazo.<\/li>\n<\/ul>\n<table style=\"height: 598px\" width=\"507\">\n<tbody>\n<tr>\n<td width=\"254\"><strong>Materias\u00a0 \u00a0 \u00a0 \u00a0 \u00a0 \u00a0 \u00a0 \u00a0 \u00a0 \u00a0 \u00a0 \u00a0 \u00a0 \u00a0 \u00a0\u00a0<\/strong><\/td>\n<td width=\"57\"><strong>Horas<\/strong><\/td>\n<\/tr>\n<tr>\n<td width=\"254\">Conceptos de Econom\u00eda<\/td>\n<td width=\"57\">20<\/td>\n<\/tr>\n<tr>\n<td width=\"254\">Contabilidad y An\u00e1lisis Financiero<\/td>\n<td width=\"57\">20<\/td>\n<\/tr>\n<tr>\n<td width=\"254\">Mercados y Comercializaci\u00f3n<\/td>\n<td width=\"57\">20<\/td>\n<\/tr>\n<tr>\n<td width=\"254\">Log\u00edstica y Calidad<\/td>\n<td width=\"57\">20<\/td>\n<\/tr>\n<tr>\n<td width=\"254\">Costo en la actividad Agropecuaria<\/td>\n<td width=\"57\">20<\/td>\n<\/tr>\n<tr>\n<td width=\"254\">Impuestos Agr\u00edcolas<\/td>\n<td width=\"57\">20<\/td>\n<\/tr>\n<tr>\n<td width=\"254\">Futuros y Opciones Agr\u00edcola<\/td>\n<td width=\"57\">20<\/td>\n<\/tr>\n<tr>\n<td width=\"254\">Planificaci\u00f3n, Gesti\u00f3n y Control<\/td>\n<td width=\"57\">20<\/td>\n<\/tr>\n<tr>\n<td width=\"254\">Evaluaci\u00f3n de Proyectos Agropecuarios<\/td>\n<td width=\"57\">20<\/td>\n<\/tr>\n<tr>\n<td width=\"254\"><strong>Total de horas<\/strong><\/td>\n<td width=\"57\"><strong>180<\/strong><\/td>\n<\/tr>\n<\/tbody>\n<\/table>\n<p>&nbsp;<\/p>\n<div><strong><span style=\"background-color: #339966\">Profesionales y docentes que tendr\u00e1n a cargo el dictado de los M\u00f3dulos de la Diplomatura:<\/span><\/strong><\/div>\n<div><\/div>\n<div>Mg. Patricio Cossio<br \/>\nIng. Julio Bustos<br \/>\nCPN Lic. Juan Pablo Argota<br \/>\nCPN Eleonora Santocci<br \/>\nCPN Gustavo Benito<br \/>\nIng. Ra\u00fal Ag\u00fcero Gomez<br \/>\nMg. Jorge Rospide<br \/>\nCPN Lic. Marcelo Medina<\/div>\n<div><\/div>\n<div>Adem\u00e1s participar\u00e1n como invitados empresarios y profesionales del medio.<\/div>\n<div><\/div>\n<h5><span style=\"background-color: #339966\"><strong>Programa\u00a0 \u00a0 \u00a0 \u00a0 \u00a0 \u00a0 \u00a0 \u00a0 \u00a0 \u00a0 \u00a0 \u00a0 \u00a0 \u00a0 \u00a0 \u00a0 \u00a0\u00a0<\/strong><\/span><\/h5>\n<p><strong><br \/>\n1 &#8211; Introducci\u00f3n a Conceptos de Econom\u00eda<br \/>\n<\/strong>Cuentas Nacionales: Concepto, medici\u00f3n y componentes de las cuentas nacionales del producto. Matriz insumo-producto. Demanda y oferta agregadas. Principales indicadores. Sector P\u00fablico: Estructura impositiva. Gastos corrientes y gastos de capital. Coparticipaci\u00f3n Federal de Impuestos. Presupuesto nacional. Deuda p\u00fablica. \u2022 Dinero y Cr\u00e9dito. Mercado Monetario. Base Monetaria. Agregados monetarios. Evoluci\u00f3n de cr\u00e9ditos y dep\u00f3sitos. Tasa de inter\u00e9s. Relaci\u00f3n entre tasa de inter\u00e9s y crecimiento. Riesgo pa\u00eds. Inflaci\u00f3n: \u00bfC\u00f3mo se mide?. Costos de la inflaci\u00f3n. Inflaci\u00f3n prevista e imprevista. Teor\u00edas de la inflaci\u00f3n. \u2022 Mercado laboral y variables socioecon\u00f3micas. Mercado de Trabajo. C\u00f3mo se mide. Indicadores de pobreza: NBI, Poblaci\u00f3n por debajo de la l\u00ednea de pobreza e indigencia. \u2022 Sector Externo. Balanza de pagos. Balanza comercial: La cuenta capital y financiera. Mercado cambiario. Barreras al comercio. Procesos de Integraci\u00f3n Comercial. Teor\u00eda de las Uniones Aduaneras. Ventajas y Desventajas de la Integraci\u00f3n. \u2022 Econom\u00eda Internacional: Relaci\u00f3n entre monedas y tasas de inter\u00e9s. Mercados financieros internacionales. Flujos de Capitales. Crecimientos relativos y su relaci\u00f3n con los precios de las commodities.<\/p>\n<p><strong>2 &#8211; Contabilidad y An\u00e1lisis Financiero<br \/>\n<\/strong>El balance y el estado de resultados. Activos. Pasivo. Patrimonio \u2013 Rentabilidad de los activos &#8211; Rentabilidad de los negocios agropecuarios. La cadena de valor del negocio agr\u00edcola. Definici\u00f3n de la \u00abtasa objetivo\u00bb del negocio (tasa de descuento). Rentabilidad financiera de los negocios agr\u00edcolas. Fuentes y formas de financiamiento. Impactos de la financiaci\u00f3n &#8211; F\u00f3rmula de Dupont. Determinaci\u00f3n del m\u00e1ximo nivel de financiamiento del plan.<\/p>\n<p><strong>3 &#8211; Mercados y Comercializaci\u00f3n<br \/>\n<\/strong>Estructura del Mercado Internacional de Granos. Demanda y Oferta. Evoluci\u00f3n. Proyecciones de Producci\u00f3n y Consumo. La producci\u00f3n en Argentina y comparada. Estructura de las cadenas de trigo, ma\u00edz, soja y girasol en Argentina. \u2022 Caracter\u00edsticas de la Oferta Mundial. Estacionalidad, Clima, Tecnolog\u00eda. \u2022 Caracter\u00edsticas de la Demanda Mundial. Pa\u00edses productores, consumidores, importadores y exportadores. Tasa de crecimiento demogr\u00e1fico (China \u2013 India). \u2022 An\u00e1lisis de los inventarios Mundiales (Stocks, Evoluci\u00f3n de los Stocks en Principales pa\u00edses. Paises exportadores \u2022 El mercado de Subproductos. Subproductos de Oleaginosas: Harinas y Aceites. Descripci\u00f3n de la industria aceitera argentina, principales caracter\u00edsticas. \u2022 Subproductos de Cereales: Harinas de Trigo. Pa\u00edses productores, consumidores, importadores y exportadores. \u2022 Mercosur. Impacto.<\/p>\n<p><strong>4 &#8211; Log\u00edstica y Calidad<br \/>\n<\/strong>Productores agropecuarios: Distribuci\u00f3n en el pa\u00eds. Caracterizaci\u00f3n: tama\u00f1o, evoluci\u00f3n, tendencia, situaci\u00f3n financiera. Variables claves. Operatoria. \u2022 Acopios y cooperativas. Caracterizaci\u00f3n: distribuci\u00f3n geogr\u00e1fica, capacidad instalada. Servicios que ofrece y costos. Sistemas de Acopio propio y\/o embolsado. \u2022 Exportadores e Industrias. Caracterizaci\u00f3n de la industria y la exportaci\u00f3n: distribuci\u00f3n geogr\u00e1fica. \u00cdndice de concentraci\u00f3n. Integraci\u00f3n. Ventas FOB. Integraci\u00f3n de los exportadores hacia la producci\u00f3n. \u2022 Actores complementarios. Transportes. Camiones. Ferrocarril. Capacidad de transporte. Transporte Mar\u00edtimo. \u2022 Corredores. Diferentes tipos de agentes. Costos. Canjes. C\u00e1maras arbitrales. Entregadores. \u2022 Principales puertos del pa\u00eds. Caracter\u00edsticas de funcionamiento.<\/p>\n<p><strong>5 &#8211; Costos y Resultados Econ\u00f3micos en la Actividad Agropecuaria<br \/>\n<\/strong>Concepto de Costo. Acepciones del costo. El costo en la Econom\u00eda y en la Administraci\u00f3n: Enfoques funcional y estructural. Costo de Oportunidad. Sistemas de Costeo: Costeo Variable y Costeo Directo. Comportamiento del Costo. Clasificaci\u00f3n de los costos seg\u00fan sistema de costeo: Costos Fijos y Costos Variables. Un Modelo para la estimaci\u00f3n de costos. Costos Directos e Indirectos. Composici\u00f3n de los costos. Componentes: Gastos y Amortizaciones. Comportamiento y clasificaci\u00f3n de los componentes del costo. Criterios para su estimaci\u00f3n. Organizaci\u00f3n y clasificaci\u00f3n del capital. Sistema de cuentas. Centros de costos relevantes (Criterio financiero). Criterios para la valoraci\u00f3n de los recursos disponibles. El costo operativo de la maquinaria agr\u00edcola. El costo en el modelo de decisi\u00f3n. Indicadores de Resultados Econ\u00f3micos. Clasificaci\u00f3n: M\u00e1rgenes y Retornos Parciales y Totales. La Rentabilidad. Un modelo para la estimaci\u00f3n de Resultados Econ\u00f3micos. La Ecuaci\u00f3n de Du Pont.<\/p>\n<p><strong>6 &#8211; Impuestos Agr\u00edcolas<br \/>\n<\/strong>Conceptos b\u00e1sicos de impuestos nacionales y provinciales. \u2022 Planificaci\u00f3n impositiva para reducir el impacto fiscal en la actividad. \u2022 Consecuencias de la falta de cumplimientos en los reg\u00edmenes de informaci\u00f3n y retenci\u00f3n. \u2022 Distintos contratos agropecuarios, distintos efectos impositivos. Impuesto a las ganancias. Impuesto IVA. R\u00e9gimen Provincial. Cargas Sociales. Formularios de presentaci\u00f3n.<\/p>\n<p><strong>7 \u2013 Futuros y Opciones Agr\u00edcolas<br \/>\n<\/strong>Mercado Financieros. El Mercado de Derivados. Contratos de futuros. Mercado de Futuros y Mercado Disponible. Funciones de los Mercado de Futuros. Mercado de Futuros en el mundo. Estandarizaci\u00f3n de los contratos. \u2022 Diferencias entre futuros y forwards. Cobertura vendedora y compradora con futuros. \u2022 Opciones. Definiciones. Clasificaci\u00f3n de las Opciones. Call y Put. Cobertura vendedora y compradora con opciones. \u2022 Estrategia y Posiciones Sint\u00e9ticos. Base. Spreads.<\/p>\n<p><strong>8 \u2013 Planificaci\u00f3n, Gesti\u00f3n y Control<br \/>\n<\/strong>Control de Gesti\u00f3n. Formulaci\u00f3n estrat\u00e9gica. Las actividades y los procesos. Conceptos nuevos de gesti\u00f3n. Definiciones. El cuadro de situaci\u00f3n. Variables cuantitativas y cualitativas. Plan-Programa-Presupuesto-Control. Control Integrado de Gesti\u00f3n. Diagn\u00f3stico FODA de una empresa agropecuaria. Factores claves del \u00e9xito. La arquitectura del tablero de comando. Construcci\u00f3n de \u00edndices, indicadores y ratios para la empresa agropecuaria. Indicador absoluto. El Balanced business scorecard.<\/p>\n<p><strong>9 &#8211; Evaluaci\u00f3n de Proyectos Agropecuarios<br \/>\n<\/strong>Etapas en la formulaci\u00f3n y evaluaci\u00f3n de proyectos. Presentaci\u00f3n. Estudios de Mercado. Estudios T\u00e9cnicos. Estudio Econ\u00f3mico-Financiero. El presupuesto financiero. Criterios para la presupuestaci\u00f3n de actividades: Demanda temporal de recursos. Periodicidad y aperiodicidad de los desembolsos. Inversiones y gastos. El diagrama de Gannt. El tratamiento de la inflaci\u00f3n en los presupuestos financieros. Proceso Inversi\u00f3n \u2013 desinversi\u00f3n. Tipos de inversi\u00f3n: Activos fijos y Capital de trabajo. Valor del dinero en el tiempo. Actualizaci\u00f3n y Capitalizaci\u00f3n. Flujo de caja. Tipos. Elementos: Costo de oportunidad del capital, horizonte de evaluaci\u00f3n, Valor residual de los activos. Beneficios Netos y Beneficios Incrementales. Indicadores financieros de desempe\u00f1o: Valor Actual Neto, Relaci\u00f3n Beneficio \/ Costo. Tasa Interna de Retorno. Per\u00edodo de Recuperaci\u00f3n de la Inversi\u00f3n. Financiamiento. Efecto Leverage o apalancamiento financiero. Criterios para el c\u00e1lculo del reembolso del cr\u00e9dito An\u00e1lisis de sensibilidad.<\/p>\n<p>&nbsp;<\/p>\n","protected":false},"excerpt":{"rendered":"<p>Duraci\u00f3n: 6 meses Carga horaria total: 180 horas. Lugar de cursado:\u00a0Facultad de Ciencias Econ\u00f3micas y Facultad de Agronom\u00eda y Zootecnia de la Universidad Nacional de Tucum\u00e1n, Av. Independencia 1900 \u2013 San Miguel de Tucum\u00e1n \u2013 Tucum\u00e1n. Los cupos son limitados. Por informes, los interesados pueden comunicarse v\u00eda correo electr\u00f3nico a:\u00a0 seri@face.unt.edu.ar &nbsp; D\u00edas de cursado:\u00a0 [&hellip;]<\/p>\n","protected":false},"author":1,"featured_media":0,"parent":0,"menu_order":0,"comment_status":"closed","ping_status":"closed","template":"","meta":{"_et_pb_use_builder":"","_et_pb_old_content":"","_et_gb_content_width":"","footnotes":""},"_links":{"self":[{"href":"https:\/\/face.unt.edu.ar\/web\/wp-json\/wp\/v2\/pages\/8909"}],"collection":[{"href":"https:\/\/face.unt.edu.ar\/web\/wp-json\/wp\/v2\/pages"}],"about":[{"href":"https:\/\/face.unt.edu.ar\/web\/wp-json\/wp\/v2\/types\/page"}],"author":[{"embeddable":true,"href":"https:\/\/face.unt.edu.ar\/web\/wp-json\/wp\/v2\/users\/1"}],"replies":[{"embeddable":true,"href":"https:\/\/face.unt.edu.ar\/web\/wp-json\/wp\/v2\/comments?post=8909"}],"version-history":[{"count":40,"href":"https:\/\/face.unt.edu.ar\/web\/wp-json\/wp\/v2\/pages\/8909\/revisions"}],"predecessor-version":[{"id":19231,"href":"https:\/\/face.unt.edu.ar\/web\/wp-json\/wp\/v2\/pages\/8909\/revisions\/19231"}],"wp:attachment":[{"href":"https:\/\/face.unt.edu.ar\/web\/wp-json\/wp\/v2\/media?parent=8909"}],"curies":[{"name":"wp","href":"https:\/\/api.w.org\/{rel}","templated":true}]}}