{"id":909,"date":"2014-10-02T17:38:02","date_gmt":"2014-10-02T17:38:02","guid":{"rendered":"http:\/\/face.unt.edu.ar\/web\/?page_id=909"},"modified":"2014-10-03T11:41:13","modified_gmt":"2014-10-03T11:41:13","slug":"reforma-universitaria-unt-face","status":"publish","type":"page","link":"https:\/\/face.unt.edu.ar\/web\/reforma-universitaria-unt-face\/","title":{"rendered":"Reforma Universitaria &#8211; UNT"},"content":{"rendered":"<h3 style=\"text-align: center;\"><a href=\"http:\/\/face.unt.edu.ar\/web\/wp-content\/uploads\/2014\/10\/banner-reforma.gif\"><img decoding=\"async\" loading=\"lazy\" class=\"alignnone size-full wp-image-932\" src=\"http:\/\/face.unt.edu.ar\/web\/wp-content\/uploads\/2014\/10\/banner-reforma.gif\" alt=\"banner-reforma\" width=\"670\" height=\"325\" \/><\/a><\/h3>\n<h4 style=\"text-align: center;\"><strong>Comisiones:<\/strong><\/h4>\n<p style=\"text-align: center;\"><a href=\"http:\/\/face.unt.edu.ar\/web\/reforma-universitaria-unt-face\/carrera-docente-y-escuelas-preuniversitaria\/\"><strong>Carrera Docente y Escuelas Preuniversitarias<\/strong><\/a><\/p>\n<p style=\"text-align: center;\"><a href=\"http:\/\/face.unt.edu.ar\/web\/reforma-universitaria-unt-face\/sistema-electoral-y-conformacion-de-gobierno\/\"><strong>Sistema Electoral y Conformaci\u00f3n de Gobierno<\/strong><\/a><\/p>\n<p style=\"text-align: center;\"><a href=\"http:\/\/face.unt.edu.ar\/web\/reforma-universitaria-unt-face\/organos-de-control\/\"><strong>\u00d3rganos de Control<\/strong><\/a><\/p>\n<p style=\"text-align: center;\"><a href=\"http:\/\/face.unt.edu.ar\/web\/reforma-universitaria-unt-face\/ciudadania-no-docente\/\"><strong>Ciudadan\u00eda No Docente<\/strong><\/a><\/p>\n","protected":false},"excerpt":{"rendered":"<p>Comisiones: Carrera Docente y Escuelas Preuniversitarias Sistema Electoral y Conformaci\u00f3n de Gobierno \u00d3rganos de Control Ciudadan\u00eda No Docente<\/p>\n","protected":false},"author":1,"featured_media":0,"parent":0,"menu_order":0,"comment_status":"open","ping_status":"closed","template":"","meta":{"_et_pb_use_builder":"","_et_pb_old_content":"","_et_gb_content_width":"","footnotes":""},"_links":{"self":[{"href":"https:\/\/face.unt.edu.ar\/web\/wp-json\/wp\/v2\/pages\/909"}],"collection":[{"href":"https:\/\/face.unt.edu.ar\/web\/wp-json\/wp\/v2\/pages"}],"about":[{"href":"https:\/\/face.unt.edu.ar\/web\/wp-json\/wp\/v2\/types\/page"}],"author":[{"embeddable":true,"href":"https:\/\/face.unt.edu.ar\/web\/wp-json\/wp\/v2\/users\/1"}],"replies":[{"embeddable":true,"href":"https:\/\/face.unt.edu.ar\/web\/wp-json\/wp\/v2\/comments?post=909"}],"version-history":[{"count":10,"href":"https:\/\/face.unt.edu.ar\/web\/wp-json\/wp\/v2\/pages\/909\/revisions"}],"predecessor-version":[{"id":938,"href":"https:\/\/face.unt.edu.ar\/web\/wp-json\/wp\/v2\/pages\/909\/revisions\/938"}],"wp:attachment":[{"href":"https:\/\/face.unt.edu.ar\/web\/wp-json\/wp\/v2\/media?parent=909"}],"curies":[{"name":"wp","href":"https:\/\/api.w.org\/{rel}","templated":true}]}}