{"id":913,"date":"2014-10-02T17:43:31","date_gmt":"2014-10-02T17:43:31","guid":{"rendered":"http:\/\/face.unt.edu.ar\/web\/?page_id=913"},"modified":"2014-10-16T18:43:27","modified_gmt":"2014-10-16T18:43:27","slug":"carrera-docente-y-escuelas-preuniversitaria","status":"publish","type":"page","link":"https:\/\/face.unt.edu.ar\/web\/reforma-universitaria-unt-face\/carrera-docente-y-escuelas-preuniversitaria\/","title":{"rendered":"Carrera Docente y Escuelas Preuniversitarias"},"content":{"rendered":"<p><strong>Coordinadora:<\/strong> Celina Mena<br \/>\nMarcelo Medina Galv\u00e1n<br \/>\nRafael J\u00e1ndula<br \/>\nElisa De Rosa<br \/>\nMercedes Ortiz<br \/>\nMargarita Veliz<br \/>\nHumberto D\u2019Arterio<br \/>\nAriel Apichela<br \/>\nMar\u00eda Teresa Van Nieuhenhove<br \/>\nLidia Asc\u00e1rate<br \/>\nEliana Brunello<br \/>\nElsa Torino<br \/>\nMar\u00eda Cristina Leguizam\u00f3n<br \/>\nRoxana Albornoz<br \/>\nRomina Zamora<br \/>\nGabriela Sanchez<br \/>\n<strong>Correo: <\/strong>carrera _docente@face.unt.edu.ar<\/p>\n<ul>\n<li style=\"text-align: left;\">\u00a0<a href=\"https:\/\/www.dropbox.com\/s\/70mhicpg8pre00o\/CONCLUSIONES.pdf?dl=0\">CONCLUSIONES<\/a><\/li>\n<\/ul>\n<ul>\n<li style=\"text-align: left;\"><a href=\"https:\/\/www.dropbox.com\/s\/aiw5cux6kxbin68\/COMPARATIVO.%20VIGENTE%20VS.%20PROPUESTAS.pdf?dl=0\">COMPARATIVO: ESTATUTO VIGENTE &#8211; PROPUESTA ADIUNT &#8211; CONVENIO COLECTIVO &#8211; PROPUESTA FACE<\/a><\/li>\n<\/ul>\n<p>&nbsp;<\/p>\n<p><strong>Formulario de Contacto<\/strong><\/p>\n\n<div class=\"wpcf7 no-js\" id=\"wpcf7-f921-o1\" lang=\"es-ES\" dir=\"ltr\">\n<div class=\"screen-reader-response\"><p role=\"status\" aria-live=\"polite\" aria-atomic=\"true\"><\/p> <ul><\/ul><\/div>\n<form action=\"\/web\/wp-json\/wp\/v2\/pages\/913#wpcf7-f921-o1\" method=\"post\" class=\"wpcf7-form init\" aria-label=\"Formulario de contacto\" novalidate=\"novalidate\" data-status=\"init\">\n<div style=\"display: none;\">\n<input type=\"hidden\" name=\"_wpcf7\" value=\"921\" \/>\n<input type=\"hidden\" name=\"_wpcf7_version\" value=\"5.9.3\" \/>\n<input type=\"hidden\" name=\"_wpcf7_locale\" value=\"es_ES\" \/>\n<input type=\"hidden\" name=\"_wpcf7_unit_tag\" value=\"wpcf7-f921-o1\" \/>\n<input type=\"hidden\" name=\"_wpcf7_container_post\" value=\"0\" \/>\n<input type=\"hidden\" name=\"_wpcf7_posted_data_hash\" value=\"\" \/>\n<\/div>\n<p>Su nombre (requerido)\n<\/p>\n<p><span class=\"wpcf7-form-control-wrap\" data-name=\"your-name\"><input size=\"40\" class=\"wpcf7-form-control wpcf7-text wpcf7-validates-as-required\" aria-required=\"true\" aria-invalid=\"false\" value=\"\" type=\"text\" name=\"your-name\" \/><\/span>\n<\/p>\n<p>Su e-mail (requerido)\n<\/p>\n<p><span class=\"wpcf7-form-control-wrap\" data-name=\"your-email\"><input size=\"40\" class=\"wpcf7-form-control wpcf7-email wpcf7-validates-as-required wpcf7-text wpcf7-validates-as-email\" aria-required=\"true\" aria-invalid=\"false\" value=\"\" type=\"email\" name=\"your-email\" \/><\/span>\n<\/p>\n<p>Asunto\n<\/p>\n<p><span class=\"wpcf7-form-control-wrap\" data-name=\"your-subject\"><input size=\"40\" class=\"wpcf7-form-control wpcf7-text\" aria-invalid=\"false\" value=\"\" type=\"text\" name=\"your-subject\" \/><\/span>\n<\/p>\n<p>Su mensaje\n<\/p>\n<p><span class=\"wpcf7-form-control-wrap\" data-name=\"your-message\"><textarea cols=\"40\" rows=\"10\" class=\"wpcf7-form-control wpcf7-textarea\" aria-invalid=\"false\" name=\"your-message\"><\/textarea><\/span>\n<\/p>\n<p><input class=\"wpcf7-form-control wpcf7-submit has-spinner\" type=\"submit\" value=\"Enviar\" \/>\n<\/p><div class=\"wpcf7-response-output\" aria-hidden=\"true\"><\/div>\n<\/form>\n<\/div>\n\n","protected":false},"excerpt":{"rendered":"<p>Coordinadora: Celina Mena Marcelo Medina Galv\u00e1n Rafael J\u00e1ndula Elisa De Rosa Mercedes Ortiz Margarita Veliz Humberto D\u2019Arterio Ariel Apichela Mar\u00eda Teresa Van Nieuhenhove Lidia Asc\u00e1rate Eliana Brunello Elsa Torino Mar\u00eda Cristina Leguizam\u00f3n Roxana Albornoz Romina Zamora Gabriela Sanchez Correo: carrera _docente@face.unt.edu.ar \u00a0CONCLUSIONES COMPARATIVO: ESTATUTO VIGENTE &#8211; PROPUESTA ADIUNT &#8211; CONVENIO COLECTIVO &#8211; PROPUESTA FACE &nbsp; [&hellip;]<\/p>\n","protected":false},"author":1,"featured_media":0,"parent":909,"menu_order":0,"comment_status":"open","ping_status":"open","template":"","meta":{"_et_pb_use_builder":"","_et_pb_old_content":"","_et_gb_content_width":"","footnotes":""},"_links":{"self":[{"href":"https:\/\/face.unt.edu.ar\/web\/wp-json\/wp\/v2\/pages\/913"}],"collection":[{"href":"https:\/\/face.unt.edu.ar\/web\/wp-json\/wp\/v2\/pages"}],"about":[{"href":"https:\/\/face.unt.edu.ar\/web\/wp-json\/wp\/v2\/types\/page"}],"author":[{"embeddable":true,"href":"https:\/\/face.unt.edu.ar\/web\/wp-json\/wp\/v2\/users\/1"}],"replies":[{"embeddable":true,"href":"https:\/\/face.unt.edu.ar\/web\/wp-json\/wp\/v2\/comments?post=913"}],"version-history":[{"count":10,"href":"https:\/\/face.unt.edu.ar\/web\/wp-json\/wp\/v2\/pages\/913\/revisions"}],"predecessor-version":[{"id":1022,"href":"https:\/\/face.unt.edu.ar\/web\/wp-json\/wp\/v2\/pages\/913\/revisions\/1022"}],"up":[{"embeddable":true,"href":"https:\/\/face.unt.edu.ar\/web\/wp-json\/wp\/v2\/pages\/909"}],"wp:attachment":[{"href":"https:\/\/face.unt.edu.ar\/web\/wp-json\/wp\/v2\/media?parent=913"}],"curies":[{"name":"wp","href":"https:\/\/api.w.org\/{rel}","templated":true}]}}