{"id":915,"date":"2014-10-02T17:44:08","date_gmt":"2014-10-02T17:44:08","guid":{"rendered":"http:\/\/face.unt.edu.ar\/web\/?page_id=915"},"modified":"2014-10-02T17:50:11","modified_gmt":"2014-10-02T17:50:11","slug":"sistema-electoral-y-conformacion-de-gobierno","status":"publish","type":"page","link":"https:\/\/face.unt.edu.ar\/web\/reforma-universitaria-unt-face\/sistema-electoral-y-conformacion-de-gobierno\/","title":{"rendered":"Sistema Electoral y Conformaci\u00f3n de Gobierno"},"content":{"rendered":"<p><strong>Coordinador:<\/strong> Gustavo Wallberg<br \/>\nEduardo Juarez<br \/>\nMarcelo Medina<br \/>\nCelina Mena<br \/>\nGraciela Tabernero<br \/>\nAriel Apichela<br \/>\nM\u00f3nica Delgado<br \/>\nMar\u00eda Cristina Leguizam\u00f3n<br \/>\n<strong>Correo:<\/strong> sistemaelectoral@face.unt.edu.ar<\/p>\n<p>&nbsp;<\/p>\n<p><strong>Formulario de Contacto:<\/strong><\/p>\n\n<div class=\"wpcf7 no-js\" id=\"wpcf7-f925-o1\" lang=\"es-ES\" dir=\"ltr\">\n<div class=\"screen-reader-response\"><p role=\"status\" aria-live=\"polite\" aria-atomic=\"true\"><\/p> <ul><\/ul><\/div>\n<form action=\"\/web\/wp-json\/wp\/v2\/pages\/915#wpcf7-f925-o1\" method=\"post\" class=\"wpcf7-form init\" aria-label=\"Formulario de contacto\" novalidate=\"novalidate\" data-status=\"init\">\n<div style=\"display: none;\">\n<input type=\"hidden\" name=\"_wpcf7\" value=\"925\" \/>\n<input type=\"hidden\" name=\"_wpcf7_version\" value=\"5.9.3\" \/>\n<input type=\"hidden\" name=\"_wpcf7_locale\" value=\"es_ES\" \/>\n<input type=\"hidden\" name=\"_wpcf7_unit_tag\" value=\"wpcf7-f925-o1\" \/>\n<input type=\"hidden\" name=\"_wpcf7_container_post\" value=\"0\" \/>\n<input type=\"hidden\" name=\"_wpcf7_posted_data_hash\" value=\"\" \/>\n<\/div>\n<p>Su nombre (requerido)\n<\/p>\n<p><span class=\"wpcf7-form-control-wrap\" data-name=\"your-name\"><input size=\"40\" class=\"wpcf7-form-control wpcf7-text wpcf7-validates-as-required\" aria-required=\"true\" aria-invalid=\"false\" value=\"\" type=\"text\" name=\"your-name\" \/><\/span>\n<\/p>\n<p>Su e-mail (requerido)\n<\/p>\n<p><span class=\"wpcf7-form-control-wrap\" data-name=\"your-email\"><input size=\"40\" class=\"wpcf7-form-control wpcf7-email wpcf7-validates-as-required wpcf7-text wpcf7-validates-as-email\" aria-required=\"true\" aria-invalid=\"false\" value=\"\" type=\"email\" name=\"your-email\" \/><\/span>\n<\/p>\n<p>Asunto\n<\/p>\n<p><span class=\"wpcf7-form-control-wrap\" data-name=\"your-subject\"><input size=\"40\" class=\"wpcf7-form-control wpcf7-text\" aria-invalid=\"false\" value=\"\" type=\"text\" name=\"your-subject\" \/><\/span>\n<\/p>\n<p>Su mensaje\n<\/p>\n<p><span class=\"wpcf7-form-control-wrap\" data-name=\"your-message\"><textarea cols=\"40\" rows=\"10\" class=\"wpcf7-form-control wpcf7-textarea\" aria-invalid=\"false\" name=\"your-message\"><\/textarea><\/span>\n<\/p>\n<p><input class=\"wpcf7-form-control wpcf7-submit has-spinner\" type=\"submit\" value=\"Enviar\" \/>\n<\/p><div class=\"wpcf7-response-output\" aria-hidden=\"true\"><\/div>\n<\/form>\n<\/div>\n\n","protected":false},"excerpt":{"rendered":"<p>Coordinador: Gustavo Wallberg Eduardo Juarez Marcelo Medina Celina Mena Graciela Tabernero Ariel Apichela M\u00f3nica Delgado Mar\u00eda Cristina Leguizam\u00f3n Correo: sistemaelectoral@face.unt.edu.ar &nbsp; Formulario de Contacto:<\/p>\n","protected":false},"author":1,"featured_media":0,"parent":909,"menu_order":0,"comment_status":"open","ping_status":"open","template":"","meta":{"_et_pb_use_builder":"","_et_pb_old_content":"","_et_gb_content_width":"","footnotes":""},"_links":{"self":[{"href":"https:\/\/face.unt.edu.ar\/web\/wp-json\/wp\/v2\/pages\/915"}],"collection":[{"href":"https:\/\/face.unt.edu.ar\/web\/wp-json\/wp\/v2\/pages"}],"about":[{"href":"https:\/\/face.unt.edu.ar\/web\/wp-json\/wp\/v2\/types\/page"}],"author":[{"embeddable":true,"href":"https:\/\/face.unt.edu.ar\/web\/wp-json\/wp\/v2\/users\/1"}],"replies":[{"embeddable":true,"href":"https:\/\/face.unt.edu.ar\/web\/wp-json\/wp\/v2\/comments?post=915"}],"version-history":[{"count":3,"href":"https:\/\/face.unt.edu.ar\/web\/wp-json\/wp\/v2\/pages\/915\/revisions"}],"predecessor-version":[{"id":926,"href":"https:\/\/face.unt.edu.ar\/web\/wp-json\/wp\/v2\/pages\/915\/revisions\/926"}],"up":[{"embeddable":true,"href":"https:\/\/face.unt.edu.ar\/web\/wp-json\/wp\/v2\/pages\/909"}],"wp:attachment":[{"href":"https:\/\/face.unt.edu.ar\/web\/wp-json\/wp\/v2\/media?parent=915"}],"curies":[{"name":"wp","href":"https:\/\/api.w.org\/{rel}","templated":true}]}}