{"id":950,"date":"2014-10-08T02:55:11","date_gmt":"2014-10-08T02:55:11","guid":{"rendered":"http:\/\/face.unt.edu.ar\/web\/?page_id=950"},"modified":"2018-10-31T12:28:10","modified_gmt":"2018-10-31T12:28:10","slug":"bibliotecaface","status":"publish","type":"page","link":"https:\/\/face.unt.edu.ar\/web\/bibliotecaface\/","title":{"rendered":"Biblioteca Prof. Jos\u00e9 Alonso"},"content":{"rendered":"<p style=\"text-align: justify;\">Nuestra <strong>Biblioteca Prof. Jos\u00e9 Alonso<\/strong> fue creada casi junto con la Facultad de Ciencias Econ\u00f3micas.<\/p>\n<p><a href=\"http:\/\/face.unt.edu.ar\/web\/wp-content\/uploads\/2014\/10\/biblioteca-12.jpg\"><img decoding=\"async\" loading=\"lazy\" class=\"alignnone size-medium wp-image-3088 aligncenter\" src=\"http:\/\/face.unt.edu.ar\/web\/wp-content\/uploads\/2014\/10\/biblioteca-12-300x225.jpg\" alt=\"biblioteca 12\" width=\"300\" height=\"225\" srcset=\"https:\/\/face.unt.edu.ar\/web\/wp-content\/uploads\/2014\/10\/biblioteca-12-300x225.jpg 300w, https:\/\/face.unt.edu.ar\/web\/wp-content\/uploads\/2014\/10\/biblioteca-12-230x172.jpg 230w, https:\/\/face.unt.edu.ar\/web\/wp-content\/uploads\/2014\/10\/biblioteca-12.jpg 500w\" sizes=\"(max-width: 300px) 100vw, 300px\" \/><\/a><\/p>\n<p style=\"text-align: justify;\">En Enero de 1948, la U.N.T. adopta una nueva estructura departamental y pasa a denominarse Departamento de Estudios Econ\u00f3micos. Ya en esa \u00e9poca y con fondos enviados por la Naci\u00f3n se comienza a comprar libros para la formaci\u00f3n de esta Biblioteca, con temas espec\u00edficos relacionados con la carrera.<\/p>\n<p style=\"text-align: justify;\">En 1949 nos trasladamos a calle 25 de Mayo 456, ya con el nombre de Facultad de Ciencias Econ\u00f3micas, all\u00ed la Biblioteca Prof. Jos\u00e9 Alonso, experimenta un crecimiento en forma acelerada, con la compra de libros de Contabilidad, Econom\u00eda, Administraci\u00f3n, etc.<\/p>\n<p style=\"text-align: justify;\"><a href=\"http:\/\/face.unt.edu.ar\/web\/wp-content\/uploads\/2014\/10\/biblioteca-face2.jpg\"><img decoding=\"async\" loading=\"lazy\" class=\" size-full wp-image-1514 aligncenter\" src=\"http:\/\/face.unt.edu.ar\/web\/wp-content\/uploads\/2014\/10\/biblioteca-face2.jpg\" alt=\"biblioteca-face2\" width=\"775\" height=\"414\" srcset=\"https:\/\/face.unt.edu.ar\/web\/wp-content\/uploads\/2014\/10\/biblioteca-face2.jpg 775w, https:\/\/face.unt.edu.ar\/web\/wp-content\/uploads\/2014\/10\/biblioteca-face2-300x160.jpg 300w\" sizes=\"(max-width: 775px) 100vw, 775px\" \/><\/a><\/p>\n<p style=\"text-align: center;\"><a href=\"http:\/\/face.unt.edu.ar\/web\/wp-content\/uploads\/2014\/10\/biblioteca-face3.jpg\"><img decoding=\"async\" loading=\"lazy\" class=\"alignleft wp-image-1516\" src=\"http:\/\/face.unt.edu.ar\/web\/wp-content\/uploads\/2014\/10\/biblioteca-face3-300x160.jpg\" alt=\"biblioteca-face3\" width=\"367\" height=\"196\" srcset=\"https:\/\/face.unt.edu.ar\/web\/wp-content\/uploads\/2014\/10\/biblioteca-face3-300x160.jpg 300w, https:\/\/face.unt.edu.ar\/web\/wp-content\/uploads\/2014\/10\/biblioteca-face3.jpg 775w\" sizes=\"(max-width: 367px) 100vw, 367px\" \/><\/a>\u00a0 Durante la d\u00e9cada de los &#8217;60, llamada \u00e9poca de plata, se acrecent\u00f3 a\u00fan m\u00e1s, con la compra de libros de cultura general, de filosof\u00eda, diccionarios, etc. Nuestra hemeroteca, que naci\u00f3 casi junto con la biblioteca, dispone hoy de publicaciones a nivel nacional e internacional.<\/p>\n<p style=\"text-align: center;\">Hoy contamos con un acervo bibliogr\u00e1fico de aproximadamente 40.000 vol\u00famenes.<\/p>\n<p style=\"text-align: center;\"><strong>Director<\/strong><\/p>\n<p style=\"text-align: center;\">Lic. Guillermo Noguera<\/p>\n<p style=\"text-align: center;\"><strong>Encargado de Pr\u00e9stamos y Circulaci\u00f3n turno ma\u00f1ana<\/strong><\/p>\n<p style=\"text-align: center;\">Sr. Ram\u00f3n Acevedo<\/p>\n<p style=\"text-align: center;\"><strong>Encargado de Pr\u00e9stamos y Circulaci\u00f3n turno tarde<\/strong><\/p>\n<p style=\"text-align: center;\">Sr. Mariano Flores<\/p>\n<p style=\"text-align: center;\"><strong>Procesos T\u00e9cnicos<\/strong><\/p>\n<p style=\"text-align: center;\">Sr. Pablo Gutierrez &#8211; Sra. Alicia Gutierrez<\/p>\n<p style=\"text-align: center;\"><strong>Encargado de Hemeroteca y emisi\u00f3n de Carnets<\/strong><\/p>\n<p style=\"text-align: center;\">Sr. Sebasti\u00e1n Carrizo<\/p>\n<p>&nbsp;<\/p>\n<p><a href=\"http:\/\/biblio.unt.edu.ar\/economicas\/opac\/buscar.html\"><img decoding=\"async\" loading=\"lazy\" class=\" size-medium wp-image-1519 aligncenter\" src=\"http:\/\/face.unt.edu.ar\/web\/wp-content\/uploads\/2014\/10\/boton-biblioteca-300x101.jpg\" alt=\"boton-biblioteca\" width=\"300\" height=\"101\" srcset=\"https:\/\/face.unt.edu.ar\/web\/wp-content\/uploads\/2014\/10\/boton-biblioteca-300x101.jpg 300w, https:\/\/face.unt.edu.ar\/web\/wp-content\/uploads\/2014\/10\/boton-biblioteca.jpg 327w\" sizes=\"(max-width: 300px) 100vw, 300px\" \/><\/a><\/p>\n<p><strong>Formulario de Contacto:<\/strong><br \/>\n\n<div class=\"wpcf7 no-js\" id=\"wpcf7-f957-o1\" lang=\"es-ES\" dir=\"ltr\">\n<div class=\"screen-reader-response\"><p role=\"status\" aria-live=\"polite\" aria-atomic=\"true\"><\/p> <ul><\/ul><\/div>\n<form action=\"\/web\/wp-json\/wp\/v2\/pages\/950#wpcf7-f957-o1\" method=\"post\" class=\"wpcf7-form init\" aria-label=\"Formulario de contacto\" novalidate=\"novalidate\" data-status=\"init\">\n<div style=\"display: none;\">\n<input type=\"hidden\" name=\"_wpcf7\" value=\"957\" \/>\n<input type=\"hidden\" name=\"_wpcf7_version\" value=\"5.9.3\" \/>\n<input type=\"hidden\" name=\"_wpcf7_locale\" value=\"es_ES\" \/>\n<input type=\"hidden\" name=\"_wpcf7_unit_tag\" value=\"wpcf7-f957-o1\" \/>\n<input type=\"hidden\" name=\"_wpcf7_container_post\" value=\"0\" \/>\n<input type=\"hidden\" name=\"_wpcf7_posted_data_hash\" value=\"\" \/>\n<\/div>\n<p>Su nombre (requerido)\n<\/p>\n<p><span class=\"wpcf7-form-control-wrap\" data-name=\"your-name\"><input size=\"40\" class=\"wpcf7-form-control wpcf7-text wpcf7-validates-as-required\" aria-required=\"true\" aria-invalid=\"false\" value=\"\" type=\"text\" name=\"your-name\" \/><\/span>\n<\/p>\n<p>Su e-mail (requerido)\n<\/p>\n<p><span class=\"wpcf7-form-control-wrap\" data-name=\"your-email\"><input size=\"40\" class=\"wpcf7-form-control wpcf7-email wpcf7-validates-as-required wpcf7-text wpcf7-validates-as-email\" aria-required=\"true\" aria-invalid=\"false\" value=\"\" type=\"email\" name=\"your-email\" \/><\/span>\n<\/p>\n<p>Asunto\n<\/p>\n<p><span class=\"wpcf7-form-control-wrap\" data-name=\"your-subject\"><input size=\"40\" class=\"wpcf7-form-control wpcf7-text\" aria-invalid=\"false\" value=\"\" type=\"text\" name=\"your-subject\" \/><\/span>\n<\/p>\n<p>Su mensaje\n<\/p>\n<p><span class=\"wpcf7-form-control-wrap\" data-name=\"your-message\"><textarea cols=\"40\" rows=\"10\" class=\"wpcf7-form-control wpcf7-textarea\" aria-invalid=\"false\" name=\"your-message\"><\/textarea><\/span>\n<\/p>\n<p><input class=\"wpcf7-form-control wpcf7-submit has-spinner\" type=\"submit\" value=\"Enviar\" \/>\n<\/p><div class=\"wpcf7-response-output\" aria-hidden=\"true\"><\/div>\n<\/form>\n<\/div>\n<\/p>\n<p>&nbsp;<\/p>\n<p style=\"text-align: center;\">Av. Independencia 1900 &#8211; (4000) Tucum\u00e1n, Argentina<br \/>\nTel\u00e9fono: +54 &#8211; 381 410-7546<br \/>\nCorreo electr\u00f3nico:\u00a0biblioteca@face.unt.edu.ar<br \/>\nAtenci\u00f3n al p\u00fablico: Lunes a Viernes de 7:00 a 20:00 Hs.<br \/>\nCarnets: Lunes a Viernes de 8:00 a 13:00 Hs.<\/p>\n","protected":false},"excerpt":{"rendered":"<p>Nuestra Biblioteca Prof. Jos\u00e9 Alonso fue creada casi junto con la Facultad de Ciencias Econ\u00f3micas. En Enero de 1948, la U.N.T. adopta una nueva estructura departamental y pasa a denominarse Departamento de Estudios Econ\u00f3micos. Ya en esa \u00e9poca y con fondos enviados por la Naci\u00f3n se comienza a comprar libros para la formaci\u00f3n de esta [&hellip;]<\/p>\n","protected":false},"author":1,"featured_media":0,"parent":0,"menu_order":0,"comment_status":"open","ping_status":"open","template":"","meta":{"_et_pb_use_builder":"","_et_pb_old_content":"","_et_gb_content_width":"","footnotes":""},"_links":{"self":[{"href":"https:\/\/face.unt.edu.ar\/web\/wp-json\/wp\/v2\/pages\/950"}],"collection":[{"href":"https:\/\/face.unt.edu.ar\/web\/wp-json\/wp\/v2\/pages"}],"about":[{"href":"https:\/\/face.unt.edu.ar\/web\/wp-json\/wp\/v2\/types\/page"}],"author":[{"embeddable":true,"href":"https:\/\/face.unt.edu.ar\/web\/wp-json\/wp\/v2\/users\/1"}],"replies":[{"embeddable":true,"href":"https:\/\/face.unt.edu.ar\/web\/wp-json\/wp\/v2\/comments?post=950"}],"version-history":[{"count":33,"href":"https:\/\/face.unt.edu.ar\/web\/wp-json\/wp\/v2\/pages\/950\/revisions"}],"predecessor-version":[{"id":7555,"href":"https:\/\/face.unt.edu.ar\/web\/wp-json\/wp\/v2\/pages\/950\/revisions\/7555"}],"wp:attachment":[{"href":"https:\/\/face.unt.edu.ar\/web\/wp-json\/wp\/v2\/media?parent=950"}],"curies":[{"name":"wp","href":"https:\/\/api.w.org\/{rel}","templated":true}]}}