{"id":9709,"date":"2019-11-01T22:14:03","date_gmt":"2019-11-01T22:14:03","guid":{"rendered":"http:\/\/face.unt.edu.ar\/web\/?page_id=9709"},"modified":"2019-12-11T18:09:28","modified_gmt":"2019-12-11T18:09:28","slug":"theory-and-evidence-es","status":"publish","type":"page","link":"https:\/\/face.unt.edu.ar\/web\/theory-and-evidence-es\/","title":{"rendered":"Workshop | Avances Recientes en Crecimiento Schumpeteriano: Teor\u00eda y Evidencias"},"content":{"rendered":"<p>[vc_row][vc_column][vc_column_text]<\/p>\n<p style=\"text-align: center\"><a href=\"https:\/\/face.unt.edu.ar\/web\/theory-and-evidence\/\">English version<\/a><\/p>\n<p>[\/vc_column_text][vc_column_text]<img decoding=\"async\" src=\"http:\/\/face.unt.edu.ar\/web\/wp-content\/uploads\/2019\/03\/workshop-doctor-elias.jpg\" alt=\"\" width=\"100%\" \/>[\/vc_column_text][vc_btn title=\u00bbPrograma de Actividades\u00bb color=\u00bbblue\u00bb size=\u00bblg\u00bb align=\u00bbcenter\u00bb i_icon_fontawesome=\u00bbfa fa-check\u00bb link=\u00bburl:https%3A%2F%2Fdrive.google.com%2Ffile%2Fd%2F122RTkNiL8-px8k9JBRdN9c1l9WQ3huCG%2Fview%3Fusp%3Dsharing||target:%20_blank\u00bb add_icon=\u00bbtrue\u00bb][vc_column_text]<\/p>\n<h1 style=\"text-align: center\"><strong>Workshop<\/strong><\/h1>\n<h1 style=\"text-align: center\"><strong>Avances Recientes en Crecimiento Schumpeteriano: Teor\u00eda y Evidencias<\/strong><\/h1>\n<h1 style=\"text-align: center\"><strong>Deciembre 12 &#8211; 13, 2019, Tucum\u00e1n Argentina<\/strong><\/h1>\n<p>El Workshop \u201cAvances Recientes en Crecimiento Schumpeteriano: Teor\u00eda y Evidencias\u201d tendr\u00e1 lugar los d\u00edas 12 y 13 de Diciembre de 2019, en Tucum\u00e1n, Argentina. Esta es una oportunidad especial para participar y compartir la discusi\u00f3n de los avances recientes en el enfoque Schumpeteriano del crecimiento econ\u00f3mico, con presentaciones de investigadores l\u00edderes en esta \u00e1rea de todo el mundo. Acomp\u00e1\u00f1anos en estas conferencias magistrales en la frontera del conocimiento de este campo del crecimiento econ\u00f3mico.<\/p>\n<p>Durante el Workshop, el Profesor Aghion ser\u00e1 distinguido con el Doctorado Honoris Causa de la Universidad Nacional de Tucum\u00e1n.[\/vc_column_text][vc_column_text]<strong>Enfoque del Workshop<br \/>\n<\/strong>El Workshop est\u00e1 dedicado a los avances recientes en Crecimiento Schumpeteriano: Teor\u00eda y Evidencias Emp\u00edricas. El Workshop ofrecer\u00e1 conferencias y discusiones de \u201cpapers\u201d sobre avances recientes en innovaci\u00f3n y crecimiento, la interacci\u00f3n entre crecimiento liderado por innovaciones, desigualdad y movilidad social, la interrelaci\u00f3n entre pol\u00edtica macroecon\u00f3mica y reformas estructurales, el rol del Estado en el proceso de crecimiento, la relaci\u00f3n entre inteligencia artificial y crecimiento econ\u00f3mico, la conexi\u00f3n con el desempleo, ciclo econ\u00f3mico innovaci\u00f3n y adopci\u00f3n de tecnolog\u00eda, pol\u00edticas econ\u00f3micas, regulaciones, origen social de los inventores, y otros t\u00f3picos. Habr\u00e1 presentaciones de investigaciones avanzadas en la frontera mundial del saber de este campo.<\/p>\n<p><strong>Academic Chairman:<\/strong> Dr. Philippe Aghion (College de France, London School of Economics, and Harvard University)<\/p>\n<p><strong>Academic Co-Chairman<\/strong>: Dr. Ufuk Akcigit (University of Chicago)<\/p>\n<p><strong>Local Organizer:<\/strong> Dr. Victor J. Elias (National University of Tucuman)<\/p>\n<p><strong>Contacto e Informaci\u00f3n:<br \/>\n<\/strong>Dr. Victor J. Elias<br \/>\nE-mail: <a href=\"mailto:ieatuc@yahoo.com.ar\">ieatuc@yahoo.com.ar<\/a><br \/>\nTel\u00e9fono: +54 381 4220602<\/p>\n<p><strong>Venue<br \/>\n<\/strong>El Workshop se realizar\u00e1 en el Hotel Sheraton (Sal\u00f3n Calchaqu\u00ed), en Av. Soldati y Calle Haiti,\u00a0 aleda\u00f1o al Parque 9 de Julio, con una hermosa vista al parque y la ciudad.<\/p>\n<p><strong>Ceremonia de Doctor Honoris Causa<br \/>\n<\/strong>El 12 de Diciembre, 2019, a las 11:00 horas, el Dr. Philippe Aghion recibir\u00e1 la distinci\u00f3n de Doctor Honoris Causa de la Universidad Nacional de Tucum\u00e1n. Con la participaci\u00f3n de autoridades de la Universidad Nacional de Tucum\u00e1n, del Gobierno de Tucum\u00e1n, y de la Embajada de Francia en Argentina.<\/p>\n<p><strong>Eventos Sociales<br \/>\n<\/strong>Se ofrecer\u00e1 un almuerzo (por invitaci\u00f3n) el d\u00eda Jueves, 12 de Diciembre, 2019, a las 12:30 horas luego de la Ceremonia de Doctor Honris Causa.[\/vc_column_text][vc_column_text]<strong><br \/>\nParticipantes<br \/>\n<\/strong><\/p>\n<p>Muchos participantes de varios pa\u00edses e instituciones han mostrado inter\u00e9s en participar de este Workshop, tales como el IMF, Banco Mundial, IDB, CAF, Federal Reserve Bank of Dallas, Federal Reserve Bank of Minneapolis, Banco Central de Argentina, Banco Central de Chile, University of Chicago, Princeton University, University of San Diego, University of Wisconsin, University of Notre Dame, University of Massachusetts, Universidad Alcal\u00e1 de Henares, Universidad de Buenos Aires, Universidad del CEMA, Universidad de San Andr\u00e9s, Universidad Torcuato Di Tella, Universidad de La Plata, Universidad de Mar del Plata, Universidad Nacional de Tucum\u00e1n, Universidad de C\u00f3rdoba, Academia Nacional de Ciencias Econ\u00f3micas, FIEL, Gobierno Nacional y Provincial.<\/p>\n<p><strong>Sponsors<\/strong><br \/>\nBanco Ciudad, National University of Tucuman (UNT), Department of Economics (FACE-UNT), Inter-American Development Bank (IADB), Government of Tucuman, French Embassy in Argentina, Central Bank of Argentina, Secretary of Foreign Affairs of Tucuman, Consejo Federal de Inversiones.<\/p>\n<p><strong>Local Organizing Committee<\/strong><br \/>\nChairman: Victor J. Elias (UNT)<br \/>\nAlejandro Danon (UNT)<br \/>\nAna M. Cerro (UNT)<br \/>\nOscar Bercovich (UNT)<br \/>\nValentina Perelmut (UNT)<\/p>\n<p>&nbsp;<\/p>\n<p><strong>Preliminary Program<\/strong><\/p>\n<table>\n<tbody>\n<tr>\n<td width=\"131\"><\/td>\n<td width=\"674\"><strong>Thursday, December 12, 2019<\/strong><\/td>\n<\/tr>\n<tr>\n<td width=\"131\">8:30<\/td>\n<td width=\"674\">Registration<\/p>\n<p>&nbsp;<\/td>\n<\/tr>\n<tr>\n<td width=\"131\">9:00 \u2013 9:15<\/td>\n<td width=\"674\">Welcome Speech<\/p>\n<p>Jose L. Jimenez (Dean), Victor Elias and Philippe Aghion<\/p>\n<p>&nbsp;<\/td>\n<\/tr>\n<tr>\n<td width=\"131\">9:15 \u2013 10:30<\/td>\n<td width=\"674\">Keynote Lecture: Philippe Aghion (College de France, London School of Economics, Harvard University)<\/p>\n<p>&nbsp;<\/p>\n<p>\u00abGrowth enigmas through the lens of Schumpeterian growth theory\u00bb<\/p>\n<p>&nbsp;<\/p>\n<p>Chairperson: Alejandro Izquierdo (Principal Technical Leader, Inter-American Development Bank, Washington DC)<\/p>\n<p>&nbsp;<\/td>\n<\/tr>\n<tr>\n<td width=\"131\">10:30 \u2013 11:00<\/td>\n<td width=\"674\">Coffee break<\/td>\n<\/tr>\n<tr>\n<td width=\"131\">11:00 \u2013 12:30<\/td>\n<td width=\"674\">Doctor Honoris Causa (DHC) Ceremony:<\/p>\n<p>Musical performance.<\/p>\n<p>National Hymns of Argentina and France.<\/p>\n<p>Reading of the DHC Resolution for Professor Philippe Aghion of the University of Tucuman.<\/p>\n<p>Semblance of Professor Philippe Aghion by Victor Elias.<\/p>\n<p>Awarding of the DHC and University Resolution by the University Rector Ing. Agr. Jose Ramon Garcia and the Dean of the Department of Economics Mg. Jose L. Jimenez.<\/p>\n<p>Writing of a short paragraph by Philippe Aghion in the Golden Book of the University.<\/p>\n<p>Speech by Philippe Aghion.<\/p>\n<p>&nbsp;<\/p>\n<p>Place: Aconquija Salon<\/p>\n<p>&nbsp;<\/td>\n<\/tr>\n<tr>\n<td width=\"131\">12:30 \u2013 14:00<\/td>\n<td width=\"674\">Lunch in celebration of the Doctor Honoris Causa distinction to Professor Philippe Aghion<\/p>\n<p>&nbsp;<\/td>\n<\/tr>\n<tr>\n<td width=\"131\">15:00 \u2013 15:30<\/td>\n<td width=\"674\">Coffee interval<\/td>\n<\/tr>\n<tr>\n<td width=\"131\">15:30 \u2013 16:45<\/td>\n<td width=\"674\">Keynote Lecture: Hugo Hopenhayn (UCLA)<\/p>\n<p>&nbsp;<\/p>\n<p>\u201cFrom Population Growth to Firm Demographics: Implications for Concentration, Entrepreneurship and the Labor Share\u201d<\/p>\n<p>(based on a paper with Julian Neira, University of Exeter, and Rish Singhania, University of Exeter)<\/p>\n<p>&nbsp;<\/p>\n<p>Chairperson: Adolfo Sturzenegger (UNLP)<\/p>\n<p>&nbsp;<\/td>\n<\/tr>\n<tr>\n<td width=\"131\">16:45 \u2013 18:00<\/td>\n<td width=\"674\">Papers Session<\/p>\n<p>* Mariana Colacelli (IMF, Washington DC)<\/p>\n<p>\u201cMacroeconomic Effects of Japan\u2019s Demographics: Can Structural Reforms Reverse Them?\u201d<\/p>\n<p>(based on a paper written with Emilio Fernandez Corugedo, IMF)<\/p>\n<p>&nbsp;<\/p>\n<p>* Nelson Lind (Emory University &amp; NYU)<\/p>\n<p>\u201cGlobal Innovation and Knowledge Diffusion\u201d<\/p>\n<p>(based on a paper written with Natalia Ramondo (UC San Diego)<\/p>\n<p>&nbsp;<\/p>\n<p>Chairperson: Karina S. Casellas (CIEP, INTA, Buenos Aires)<\/p>\n<p>&nbsp;<\/td>\n<\/tr>\n<tr>\n<td width=\"131\">20:00 &#8211;<\/td>\n<td width=\"674\">Dinner<\/td>\n<\/tr>\n<tr>\n<td width=\"131\"><\/td>\n<td width=\"674\"><\/td>\n<\/tr>\n<tr>\n<td width=\"131\"><\/td>\n<td width=\"674\"><strong>Friday, December 13, 2019<\/strong><\/td>\n<\/tr>\n<tr>\n<td width=\"131\">9:00 \u2013 10:15<\/td>\n<td width=\"674\">Keynote Lecture: Ufuk Akcigit (University of Chicago)<\/p>\n<p>\u00abEconomics of Creative Destruction and Public Policy\u00bb<\/p>\n<p>&nbsp;<\/p>\n<p>Chairperson: Julio J. Elias (UCEMA, JILAEE-Joint Initiative for Latin American Experimental Economics)<\/p>\n<p>&nbsp;<\/td>\n<\/tr>\n<tr>\n<td width=\"131\">10:15 \u2013 10:45<\/td>\n<td width=\"674\">Coffee break<\/td>\n<\/tr>\n<tr>\n<td width=\"131\">10:45 \u2013 12:00<\/td>\n<td width=\"674\">Papers Session<\/p>\n<p>*Hildegart Ahumada (UTDT) and Fernando Navajas (FIEL)<\/p>\n<p>\u201cProductivity Growth and Infrastructure Related Sectors\u201d<\/p>\n<p>&nbsp;<\/p>\n<p>Chairperson: Daniel Lema (INTA, UCEMA)<\/p>\n<p>&nbsp;<\/td>\n<\/tr>\n<tr>\n<td width=\"131\">12:30 &#8211;<\/td>\n<td width=\"674\">Lunch<\/td>\n<\/tr>\n<tr>\n<td width=\"131\">15:00 \u2013 15:30<\/td>\n<td width=\"674\">Coffee interval<\/td>\n<\/tr>\n<tr>\n<td width=\"131\">15:30 \u2013 16:45<\/td>\n<td width=\"674\">Paper Session: Pablo Sanguinetti (CAF, Development Bank of Latin America)<\/p>\n<p>\u201cCAF RED Report on Institutions for Productivity\u201d<\/p>\n<p>&nbsp;<\/p>\n<p>Chairperson: Osvado Meloni (UNT)<\/p>\n<p>&nbsp;<\/td>\n<\/tr>\n<tr>\n<td width=\"131\">16-45 \u2013 17:15<\/td>\n<td width=\"674\">Closing remarks: Philippe Aghion<\/td>\n<\/tr>\n<\/tbody>\n<\/table>\n<p>[\/vc_column_text][vc_column_text]<a href=\"http:\/\/face.unt.edu.ar\/web\/wp-content\/uploads\/2019\/10\/Logos-IFA-EMB-dialogo-en-baja.png\"><img decoding=\"async\" loading=\"lazy\" class=\"size-full wp-image-9521 aligncenter\" src=\"http:\/\/face.unt.edu.ar\/web\/wp-content\/uploads\/2019\/10\/Logos-IFA-EMB-dialogo-en-baja.png\" alt=\"\" width=\"1087\" height=\"172\" srcset=\"https:\/\/face.unt.edu.ar\/web\/wp-content\/uploads\/2019\/10\/Logos-IFA-EMB-dialogo-en-baja.png 1087w, https:\/\/face.unt.edu.ar\/web\/wp-content\/uploads\/2019\/10\/Logos-IFA-EMB-dialogo-en-baja-300x47.png 300w, https:\/\/face.unt.edu.ar\/web\/wp-content\/uploads\/2019\/10\/Logos-IFA-EMB-dialogo-en-baja-768x122.png 768w, https:\/\/face.unt.edu.ar\/web\/wp-content\/uploads\/2019\/10\/Logos-IFA-EMB-dialogo-en-baja-1024x162.png 1024w, https:\/\/face.unt.edu.ar\/web\/wp-content\/uploads\/2019\/10\/Logos-IFA-EMB-dialogo-en-baja-696x110.png 696w, https:\/\/face.unt.edu.ar\/web\/wp-content\/uploads\/2019\/10\/Logos-IFA-EMB-dialogo-en-baja-1068x169.png 1068w\" sizes=\"(max-width: 1087px) 100vw, 1087px\" \/><\/a><\/p>\n<p><a href=\"http:\/\/face.unt.edu.ar\/web\/wp-content\/uploads\/2019\/10\/logo-banco-ciudad.jpg\"><img decoding=\"async\" loading=\"lazy\" class=\"alignleft size-full wp-image-9522\" src=\"http:\/\/face.unt.edu.ar\/web\/wp-content\/uploads\/2019\/10\/logo-banco-ciudad.jpg\" alt=\"\" width=\"865\" height=\"141\" srcset=\"https:\/\/face.unt.edu.ar\/web\/wp-content\/uploads\/2019\/10\/logo-banco-ciudad.jpg 865w, https:\/\/face.unt.edu.ar\/web\/wp-content\/uploads\/2019\/10\/logo-banco-ciudad-300x49.jpg 300w, https:\/\/face.unt.edu.ar\/web\/wp-content\/uploads\/2019\/10\/logo-banco-ciudad-768x125.jpg 768w, https:\/\/face.unt.edu.ar\/web\/wp-content\/uploads\/2019\/10\/logo-banco-ciudad-696x113.jpg 696w\" sizes=\"(max-width: 865px) 100vw, 865px\" \/><\/a><\/p>\n<div align=\"center\"><img decoding=\"async\" loading=\"lazy\" class=\"\" src=\"http:\/\/face.unt.edu.ar\/web\/wp-content\/uploads\/2019\/11\/bid_english_HR_300dpi_RGB.jpg\" alt=\"\" width=\"314\" height=\"157\" \/><\/div>\n<div align=\"center\">\n<hr \/>\n<\/div>\n<div align=\"center\"><\/div>\n<div align=\"center\"><img decoding=\"async\" loading=\"lazy\" class=\"aligncenter\" src=\"http:\/\/face.unt.edu.ar\/web\/wp-content\/uploads\/2019\/11\/A1_Marca-CFI-cymk.jpg\" alt=\"\" width=\"267\" height=\"237\" \/><\/div>\n<div align=\"center\">\n<hr \/>\n<\/div>\n<div align=\"center\"><\/div>\n<div align=\"center\"><\/div>\n<div align=\"center\"><\/div>\n<div align=\"center\"><\/div>\n<div align=\"center\"><img decoding=\"async\" loading=\"lazy\" class=\"aligncenter\" src=\"http:\/\/face.unt.edu.ar\/web\/wp-content\/uploads\/2019\/11\/face-logo-tucuman.jpg\" alt=\"\" width=\"359\" height=\"122\" \/><\/div>\n<div align=\"center\">\n<hr \/>\n<\/div>\n<div align=\"center\"><\/div>\n<div align=\"center\"><a href=\"http:\/\/face.unt.edu.ar\/web\/wp-content\/uploads\/2019\/12\/relaciones-internacionales.jpg\"><img decoding=\"async\" loading=\"lazy\" class=\"wp-image-9910 alignnone\" src=\"http:\/\/face.unt.edu.ar\/web\/wp-content\/uploads\/2019\/12\/relaciones-internacionales.jpg\" alt=\"\" width=\"643\" height=\"97\" srcset=\"https:\/\/face.unt.edu.ar\/web\/wp-content\/uploads\/2019\/12\/relaciones-internacionales.jpg 635w, https:\/\/face.unt.edu.ar\/web\/wp-content\/uploads\/2019\/12\/relaciones-internacionales-300x45.jpg 300w\" sizes=\"(max-width: 643px) 100vw, 643px\" \/><\/a><\/div>\n<div align=\"center\">\n<hr \/>\n<\/div>\n<div align=\"center\"><\/div>\n<div align=\"center\"><a href=\"http:\/\/face.unt.edu.ar\/web\/wp-content\/uploads\/2019\/12\/banco-central-de-la-nacion.jpg\"><img decoding=\"async\" loading=\"lazy\" class=\"wp-image-9871 alignnone\" src=\"http:\/\/face.unt.edu.ar\/web\/wp-content\/uploads\/2019\/12\/banco-central-de-la-nacion.jpg\" alt=\"\" width=\"236\" height=\"238\" \/><\/a><\/div>\n<div align=\"center\"><\/div>\n<div align=\"center\"><a href=\"http:\/\/face.unt.edu.ar\/web\/wp-content\/uploads\/2019\/12\/me-logo-maestria-en-economia.png\"><img decoding=\"async\" loading=\"lazy\" class=\"wp-image-9920 aligncenter\" src=\"http:\/\/face.unt.edu.ar\/web\/wp-content\/uploads\/2019\/12\/me-logo-maestria-en-economia-300x89.png\" alt=\"\" width=\"614\" height=\"182\" srcset=\"https:\/\/face.unt.edu.ar\/web\/wp-content\/uploads\/2019\/12\/me-logo-maestria-en-economia-300x89.png 300w, https:\/\/face.unt.edu.ar\/web\/wp-content\/uploads\/2019\/12\/me-logo-maestria-en-economia-768x227.png 768w, https:\/\/face.unt.edu.ar\/web\/wp-content\/uploads\/2019\/12\/me-logo-maestria-en-economia-1024x303.png 1024w, https:\/\/face.unt.edu.ar\/web\/wp-content\/uploads\/2019\/12\/me-logo-maestria-en-economia-696x206.png 696w, https:\/\/face.unt.edu.ar\/web\/wp-content\/uploads\/2019\/12\/me-logo-maestria-en-economia-1392x412.png 1392w, https:\/\/face.unt.edu.ar\/web\/wp-content\/uploads\/2019\/12\/me-logo-maestria-en-economia-1068x316.png 1068w, https:\/\/face.unt.edu.ar\/web\/wp-content\/uploads\/2019\/12\/me-logo-maestria-en-economia-1418x420.png 1418w, https:\/\/face.unt.edu.ar\/web\/wp-content\/uploads\/2019\/12\/me-logo-maestria-en-economia-1920x569.png 1920w\" sizes=\"(max-width: 614px) 100vw, 614px\" \/><\/a><\/div>\n<p>[\/vc_column_text][vc_column_text]<a href=\"https:\/\/www.tucumanturismo.gob.ar\/\" target=\"_blank\" rel=\"noopener noreferrer\"><img decoding=\"async\" src=\"http:\/\/face.unt.edu.ar\/web\/wp-content\/uploads\/2019\/03\/visita-tucuman.jpg\" alt=\"\" width=\"100%\" \/><\/a>[\/vc_column_text][\/vc_column][\/vc_row]<\/p>\n","protected":false},"excerpt":{"rendered":"<p>[vc_row][vc_column][vc_column_text] English version [\/vc_column_text][vc_column_text][\/vc_column_text][vc_btn title=\u00bbPrograma de Actividades\u00bb color=\u00bbblue\u00bb size=\u00bblg\u00bb align=\u00bbcenter\u00bb i_icon_fontawesome=\u00bbfa fa-check\u00bb link=\u00bburl:https%3A%2F%2Fdrive.google.com%2Ffile%2Fd%2F122RTkNiL8-px8k9JBRdN9c1l9WQ3huCG%2Fview%3Fusp%3Dsharing||target:%20_blank\u00bb add_icon=\u00bbtrue\u00bb][vc_column_text] Workshop Avances Recientes en Crecimiento Schumpeteriano: Teor\u00eda y Evidencias Deciembre 12 &#8211; 13, 2019, Tucum\u00e1n Argentina El Workshop \u201cAvances Recientes en Crecimiento Schumpeteriano: Teor\u00eda y Evidencias\u201d tendr\u00e1 lugar los d\u00edas 12 y 13 de Diciembre de 2019, en Tucum\u00e1n, Argentina. Esta [&hellip;]<\/p>\n","protected":false},"author":1,"featured_media":0,"parent":0,"menu_order":0,"comment_status":"closed","ping_status":"closed","template":"","meta":{"_et_pb_use_builder":"","_et_pb_old_content":"","_et_gb_content_width":"","footnotes":""},"_links":{"self":[{"href":"https:\/\/face.unt.edu.ar\/web\/wp-json\/wp\/v2\/pages\/9709"}],"collection":[{"href":"https:\/\/face.unt.edu.ar\/web\/wp-json\/wp\/v2\/pages"}],"about":[{"href":"https:\/\/face.unt.edu.ar\/web\/wp-json\/wp\/v2\/types\/page"}],"author":[{"embeddable":true,"href":"https:\/\/face.unt.edu.ar\/web\/wp-json\/wp\/v2\/users\/1"}],"replies":[{"embeddable":true,"href":"https:\/\/face.unt.edu.ar\/web\/wp-json\/wp\/v2\/comments?post=9709"}],"version-history":[{"count":21,"href":"https:\/\/face.unt.edu.ar\/web\/wp-json\/wp\/v2\/pages\/9709\/revisions"}],"predecessor-version":[{"id":9924,"href":"https:\/\/face.unt.edu.ar\/web\/wp-json\/wp\/v2\/pages\/9709\/revisions\/9924"}],"wp:attachment":[{"href":"https:\/\/face.unt.edu.ar\/web\/wp-json\/wp\/v2\/media?parent=9709"}],"curies":[{"name":"wp","href":"https:\/\/api.w.org\/{rel}","templated":true}]}}