{"id":134,"date":"2018-08-28T15:47:51","date_gmt":"2018-08-28T15:47:51","guid":{"rendered":"http:\/\/face.unt.edu.ar\/web\/xxxiiijnm\/?page_id=134"},"modified":"2018-09-26T16:32:01","modified_gmt":"2018-09-26T16:32:01","slug":"conferencias","status":"publish","type":"page","link":"https:\/\/face.unt.edu.ar\/web\/xxxiiijnm\/conferencias\/","title":{"rendered":"Conferencias"},"content":{"rendered":"<p><a href=\"https:\/\/drive.google.com\/file\/d\/0BwZE7DzLP04YcjQ2UG1adUNqNHBnOWg1UlVHd2swdGxmR1Zn\/view?usp=sharing\" target=\"_blank\" rel=\"noopener\">-CONFERENCIA INAGURAL: \u00bfC\u00d3MO LOGRAMOS QUE APRENDAN MATEM\u00c1TICA EN LA UNIVERSIDADDE NUESTROS D\u00cdAS? \u00a1QU\u00c9 PREGUNTA! \u2013 Prof.\u00a0 Adriana Engler<\/a><\/p>\n<p><a href=\"https:\/\/drive.google.com\/file\/d\/0BwZE7DzLP04YV1dIWFhVdVBXX1FIVDRxMEsxOWJUa0V4dnlv\/view?usp=sharing\" target=\"_blank\" rel=\"noopener\">-EL BIENESTAR DESDE UNA PERSPECTIVA MULTIDIMENSIONAL &#8211; Prof. Panico Adriana F\u00e1tima &#8211; Facultad de Ciencias Econ\u00f3micas \u2013 UNT<\/a><\/p>\n<p><a href=\"https:\/\/drive.google.com\/file\/d\/0BwZE7DzLP04YS1RfenA3WmxPZFZEZWFmeVdKWXczMEt6dVlV\/view?usp=sharing\" target=\"_blank\" rel=\"noopener\">-CONFERENCIA: \u00a0MATEM\u00c1TICA PARA ECONOMISTAS Y\/O ECONOM\u00cdA MATEM\u00c1TICA &#8211; Mg. Santiago Agust\u00edn Miraglia &#8211; Facultad de Ciencias Econ\u00f3micas \u2013 UNT<\/a><\/p>\n<p><a href=\"https:\/\/drive.google.com\/file\/d\/0BwZE7DzLP04YUEhpWTQwVkNDWFltYVhkVWhaUmtiVWI0ZGtZ\/view?usp=sharing\" target=\"_blank\" rel=\"noopener\">-CONFERENCIA: EL APORTE DE LA MATEMATICA AL MUNDO DE LAS FINANZAS &#8211; Francisco Gabino Fourmant\u00edn &#8211; Alberto Sfer &#8211; Facultad de Ciencias Econ\u00f3micas.- UNT<\/a><\/p>\n","protected":false},"excerpt":{"rendered":"<p>-CONFERENCIA INAGURAL: \u00bfC\u00d3MO LOGRAMOS QUE APRENDAN MATEM\u00c1TICA EN LA UNIVERSIDADDE NUESTROS D\u00cdAS? \u00a1QU\u00c9 PREGUNTA! \u2013 Prof.\u00a0 Adriana Engler -EL BIENESTAR DESDE UNA PERSPECTIVA MULTIDIMENSIONAL &#8211; Prof. Panico Adriana F\u00e1tima &#8211; Facultad de Ciencias Econ\u00f3micas \u2013 UNT -CONFERENCIA: \u00a0MATEM\u00c1TICA PARA ECONOMISTAS Y\/O ECONOM\u00cdA MATEM\u00c1TICA &#8211; Mg. Santiago Agust\u00edn Miraglia &#8211; Facultad de Ciencias Econ\u00f3micas \u2013 UNT [&hellip;]<\/p>\n","protected":false},"author":1,"featured_media":0,"parent":0,"menu_order":0,"comment_status":"closed","ping_status":"closed","template":"","meta":{"footnotes":""},"_links":{"self":[{"href":"https:\/\/face.unt.edu.ar\/web\/xxxiiijnm\/wp-json\/wp\/v2\/pages\/134"}],"collection":[{"href":"https:\/\/face.unt.edu.ar\/web\/xxxiiijnm\/wp-json\/wp\/v2\/pages"}],"about":[{"href":"https:\/\/face.unt.edu.ar\/web\/xxxiiijnm\/wp-json\/wp\/v2\/types\/page"}],"author":[{"embeddable":true,"href":"https:\/\/face.unt.edu.ar\/web\/xxxiiijnm\/wp-json\/wp\/v2\/users\/1"}],"replies":[{"embeddable":true,"href":"https:\/\/face.unt.edu.ar\/web\/xxxiiijnm\/wp-json\/wp\/v2\/comments?post=134"}],"version-history":[{"count":4,"href":"https:\/\/face.unt.edu.ar\/web\/xxxiiijnm\/wp-json\/wp\/v2\/pages\/134\/revisions"}],"predecessor-version":[{"id":169,"href":"https:\/\/face.unt.edu.ar\/web\/xxxiiijnm\/wp-json\/wp\/v2\/pages\/134\/revisions\/169"}],"wp:attachment":[{"href":"https:\/\/face.unt.edu.ar\/web\/xxxiiijnm\/wp-json\/wp\/v2\/media?parent=134"}],"curies":[{"name":"wp","href":"https:\/\/api.w.org\/{rel}","templated":true}]}}