{"id":21,"date":"2018-05-14T14:28:19","date_gmt":"2018-05-14T14:28:19","guid":{"rendered":"http:\/\/face.unt.edu.ar\/web\/xxxiiijnm\/?page_id=21"},"modified":"2018-05-29T03:06:10","modified_gmt":"2018-05-29T03:06:10","slug":"autoridades-asociacion","status":"publish","type":"page","link":"https:\/\/face.unt.edu.ar\/web\/xxxiiijnm\/autoridades-asociacion\/","title":{"rendered":"Autoridades de la Asociaci\u00f3n de Docentes de Matem\u00e1tica de Facultades de Ciencias Econ\u00f3micas y Afines"},"content":{"rendered":"<p style=\"text-align: center;line-height: 18.0pt;background: white\" align=\"center\"><span style=\"font-size: 10.5pt;font-family: 'Verdana','sans-serif';color: #222222\"><strong>Presidente<\/strong><br \/>\nSilvia In\u00e9s Padr\u00f3<br \/>\n(Universidad Nacional de Entre R\u00edos)<\/span><\/p>\n<p style=\"text-align: center;line-height: 18.0pt;background: white\" align=\"center\"><span style=\"font-size: 10.5pt;font-family: 'Verdana','sans-serif';color: #222222\"><strong>Vicepresidente<\/strong><br \/>\nDiana Raquel Kohan<br \/>\n(Universidad Nacional de Entre R\u00edos)<\/span><\/p>\n<p style=\"text-align: center;line-height: 18.0pt;background: white\" align=\"center\"><span style=\"font-size: 10.5pt;font-family: 'Verdana','sans-serif';color: #222222\"><strong>Secretaria<\/strong><br \/>\nTeresita Ter\u00e1n<br \/>\n(Universidad Nacional de Rosario)<\/span><\/p>\n<p style=\"text-align: center;line-height: 18.0pt;background: white\" align=\"center\"><span style=\"font-size: 10.5pt;font-family: 'Verdana','sans-serif';color: #222222\"><strong>Tesorero<\/strong><br \/>\nLaura C. Aguado<br \/>\n(Universidad Nacional de Entre R\u00edos)<\/span><\/p>\n<p style=\"text-align: center;line-height: 18.0pt;background: white\" align=\"center\"><span style=\"font-size: 10.5pt;font-family: 'Verdana','sans-serif';color: #222222\"><strong>Pro secretario<\/strong><br \/>\nMario E. Pino<br \/>\n(Universidad Nacional de La Pampa)<\/span><\/p>\n<p style=\"text-align: center;line-height: 18.0pt;background: white\" align=\"center\"><span style=\"font-size: 10.5pt;font-family: 'Verdana','sans-serif';color: #222222\"><strong>Pro tesorero<\/strong><br \/>\nJuan Antonio Renaudo<br \/>\n(Universidad Nacional de San Luis)<\/span><\/p>\n<p style=\"text-align: center;line-height: 18.0pt;background: white\" align=\"center\"><span style=\"font-size: 10.5pt;font-family: 'Verdana','sans-serif';color: #222222\"><strong>Primer Vocal Titular<\/strong><br \/>\nEsteban Imwinkelried<br \/>\n(Universidad Nacional de Formosa)<\/span><\/p>\n<p style=\"text-align: center;line-height: 18.0pt;background: white\" align=\"center\"><span style=\"font-size: 10.5pt;font-family: 'Verdana','sans-serif';color: #222222\"><strong>Segunda Vocal Titular<\/strong><br \/>\nAdriana Negri<br \/>\n(Universidad Cat\u00f3lica de Santa Fe)<\/span><\/p>\n<p style=\"text-align: center;line-height: 18.0pt;background: white\" align=\"center\"><span style=\"font-size: 10.5pt;font-family: 'Verdana','sans-serif';color: #222222\"><strong>Tercer Vocal Titular<\/strong><br \/>\nPablo Caviezel<br \/>\n(Universidad de Buenos Aires)<\/span><\/p>\n<p style=\"text-align: center;line-height: 18.0pt;background: white\" align=\"center\"><span style=\"font-size: 10.5pt;font-family: 'Verdana','sans-serif';color: #222222\"><strong>Primera Vocal Suplente<\/strong><br \/>\nNora Mabel Sosa<br \/>\n(Universidad Nacional de Misiones)<\/span><\/p>\n<p style=\"text-align: center;line-height: 18.0pt;background: white\" align=\"center\"><span style=\"font-size: 10.5pt;font-family: 'Verdana','sans-serif';color: #222222\"><strong>Segunda Vocal Suplente<\/strong><br \/>\nMarta Golbach<br \/>\n(Universidad Nacional de Tucum\u00e1n)<\/span><\/p>\n<p style=\"margin: 0cm;margin-bottom: .0001pt;text-align: center;line-height: 18.0pt;background: white\" align=\"center\"><strong><span style=\"font-size: 10.5pt;font-family: 'Verdana','sans-serif';color: #222222\">Tercer Vocal Suplente<\/span><\/strong><\/p>\n<p style=\"margin: 0cm;margin-bottom: .0001pt;text-align: center;line-height: 18.0pt;background: white\" align=\"center\"><span style=\"font-size: 10.5pt;font-family: 'Verdana','sans-serif';color: #222222\">Gladys Carmen May<\/span><\/p>\n<p style=\"margin: 0cm;margin-bottom: .0001pt;text-align: center;line-height: 18.0pt;background: white\" align=\"center\"><span style=\"font-size: 10.5pt;font-family: 'Verdana','sans-serif';color: #222222\">(Universidad Nacional de San Luis)<\/span><\/p>\n","protected":false},"excerpt":{"rendered":"<p>Presidente Silvia In\u00e9s Padr\u00f3 (Universidad Nacional de Entre R\u00edos) Vicepresidente Diana Raquel Kohan (Universidad Nacional de Entre R\u00edos) Secretaria Teresita Ter\u00e1n (Universidad Nacional de Rosario) Tesorero Laura C. Aguado (Universidad Nacional de Entre R\u00edos) Pro secretario Mario E. Pino (Universidad Nacional de La Pampa) Pro tesorero Juan Antonio Renaudo (Universidad Nacional de San Luis) Primer [&hellip;]<\/p>\n","protected":false},"author":1,"featured_media":0,"parent":0,"menu_order":0,"comment_status":"closed","ping_status":"closed","template":"","meta":{"footnotes":""},"_links":{"self":[{"href":"https:\/\/face.unt.edu.ar\/web\/xxxiiijnm\/wp-json\/wp\/v2\/pages\/21"}],"collection":[{"href":"https:\/\/face.unt.edu.ar\/web\/xxxiiijnm\/wp-json\/wp\/v2\/pages"}],"about":[{"href":"https:\/\/face.unt.edu.ar\/web\/xxxiiijnm\/wp-json\/wp\/v2\/types\/page"}],"author":[{"embeddable":true,"href":"https:\/\/face.unt.edu.ar\/web\/xxxiiijnm\/wp-json\/wp\/v2\/users\/1"}],"replies":[{"embeddable":true,"href":"https:\/\/face.unt.edu.ar\/web\/xxxiiijnm\/wp-json\/wp\/v2\/comments?post=21"}],"version-history":[{"count":4,"href":"https:\/\/face.unt.edu.ar\/web\/xxxiiijnm\/wp-json\/wp\/v2\/pages\/21\/revisions"}],"predecessor-version":[{"id":76,"href":"https:\/\/face.unt.edu.ar\/web\/xxxiiijnm\/wp-json\/wp\/v2\/pages\/21\/revisions\/76"}],"wp:attachment":[{"href":"https:\/\/face.unt.edu.ar\/web\/xxxiiijnm\/wp-json\/wp\/v2\/media?parent=21"}],"curies":[{"name":"wp","href":"https:\/\/api.w.org\/{rel}","templated":true}]}}