{"id":24,"date":"2018-05-14T14:45:05","date_gmt":"2018-05-14T14:45:05","guid":{"rendered":"http:\/\/face.unt.edu.ar\/web\/xxxiiijnm\/?page_id=24"},"modified":"2018-05-29T02:37:14","modified_gmt":"2018-05-29T02:37:14","slug":"autoridades-face","status":"publish","type":"page","link":"https:\/\/face.unt.edu.ar\/web\/xxxiiijnm\/autoridades-face\/","title":{"rendered":"Autoridades de la Facultad de Ciencias Econ\u00f3micas"},"content":{"rendered":"<p style=\"text-align: center\"><strong>Decano<\/strong><br \/>\nCPN Jos\u00e9 Luis Antonio Jim\u00e9nez<\/p>\n<p style=\"text-align: center\"><strong>Vicedecana<\/strong><br \/>\nCPN Liliana Pacheco<\/p>\n<p style=\"text-align: center\"><strong>Secretaria de Asuntos Acad\u00e9micos<\/strong><br \/>\nMg. Lic. Margarita Veliz de Assaf<\/p>\n<p style=\"text-align: center\"><strong>Secretaria de Asuntos Administrativos<\/strong><br \/>\nCPN M\u00f3nica Delgado<\/p>\n<p style=\"text-align: center\"><strong>Secretario de Extensi\u00f3n y Relaciones Institucionales<\/strong><br \/>\nCPN Ariel Apichela<\/p>\n<p style=\"text-align: center\"><strong>Secretar\u00eda de Postgrado e Investigaci\u00f3n<\/strong><br \/>\nCPN Jos\u00e9 Humberto D\u2019 Arterio<\/p>\n<p style=\"text-align: center\"><strong>Secretario de Bienestar Estudiantil<\/strong><br \/>\nLic. Luis Fernando P\u00e9rez Vides<\/p>\n","protected":false},"excerpt":{"rendered":"<p>Decano CPN Jos\u00e9 Luis Antonio Jim\u00e9nez Vicedecana CPN Liliana Pacheco Secretaria de Asuntos Acad\u00e9micos Mg. Lic. Margarita Veliz de Assaf Secretaria de Asuntos Administrativos CPN M\u00f3nica Delgado Secretario de Extensi\u00f3n y Relaciones Institucionales CPN Ariel Apichela Secretar\u00eda de Postgrado e Investigaci\u00f3n CPN Jos\u00e9 Humberto D\u2019 Arterio Secretario de Bienestar Estudiantil Lic. Luis Fernando P\u00e9rez Vides<\/p>\n","protected":false},"author":1,"featured_media":0,"parent":0,"menu_order":0,"comment_status":"closed","ping_status":"closed","template":"","meta":{"footnotes":""},"_links":{"self":[{"href":"https:\/\/face.unt.edu.ar\/web\/xxxiiijnm\/wp-json\/wp\/v2\/pages\/24"}],"collection":[{"href":"https:\/\/face.unt.edu.ar\/web\/xxxiiijnm\/wp-json\/wp\/v2\/pages"}],"about":[{"href":"https:\/\/face.unt.edu.ar\/web\/xxxiiijnm\/wp-json\/wp\/v2\/types\/page"}],"author":[{"embeddable":true,"href":"https:\/\/face.unt.edu.ar\/web\/xxxiiijnm\/wp-json\/wp\/v2\/users\/1"}],"replies":[{"embeddable":true,"href":"https:\/\/face.unt.edu.ar\/web\/xxxiiijnm\/wp-json\/wp\/v2\/comments?post=24"}],"version-history":[{"count":3,"href":"https:\/\/face.unt.edu.ar\/web\/xxxiiijnm\/wp-json\/wp\/v2\/pages\/24\/revisions"}],"predecessor-version":[{"id":70,"href":"https:\/\/face.unt.edu.ar\/web\/xxxiiijnm\/wp-json\/wp\/v2\/pages\/24\/revisions\/70"}],"wp:attachment":[{"href":"https:\/\/face.unt.edu.ar\/web\/xxxiiijnm\/wp-json\/wp\/v2\/media?parent=24"}],"curies":[{"name":"wp","href":"https:\/\/api.w.org\/{rel}","templated":true}]}}