{"id":32,"date":"2018-05-14T14:53:47","date_gmt":"2018-05-14T14:53:47","guid":{"rendered":"http:\/\/face.unt.edu.ar\/web\/xxxiiijnm\/?page_id=32"},"modified":"2018-05-22T14:28:34","modified_gmt":"2018-05-22T14:28:34","slug":"comite-orgnanizador","status":"publish","type":"page","link":"https:\/\/face.unt.edu.ar\/web\/xxxiiijnm\/comite-orgnanizador\/","title":{"rendered":"Comit\u00e9 Organizador"},"content":{"rendered":"<p style=\"text-align: center;\"><strong>Presidente<br \/>\n<\/strong>Mg. Lic. Mar\u00eda Ang\u00e9lica P\u00e9rez de del Negro<\/p>\n<p style=\"text-align: center;\"><strong>Secretaria General<br \/>\n<\/strong>Mg. Lic. Elsa Rodriguez Areal de Torino<\/p>\n<p style=\"text-align: center;\"><strong>Tesorera<\/strong><br \/>\nCPN Elisa De Rosa<\/p>\n<p style=\"text-align: center;\"><strong>Protesorera<\/strong><br \/>\nEsp. Lic. Marta In\u00e9s Marcilla<\/p>\n<p style=\"text-align: center;\"><strong>COMISI\u00d3N ACAD\u00c9MICA<\/strong><br \/>\nMg. Lic. Mar\u00eda Ang\u00e9lica P\u00e9rez de del Negro<br \/>\nMg. Lic. Margarita Veliz de Assaf<br \/>\nLic. F\u00e1tima Gatti<br \/>\nMg. Lic. Elsa Rodriguez Areal de Torino<br \/>\nMg. Lic. Anal\u00eda Mena de Pappalardo<\/p>\n<p style=\"text-align: center;\"><strong>COMISI\u00d3N EVALUADORA DE TRABAJOS<br \/>\n<\/strong>Lic. F\u00e1tima Gatti<br \/>\nMg. Lic. Elsa Rodriguez Areal de Torino<br \/>\nMg. Silvia In\u00e9s Padro<br \/>\nEsp. Diana Raquel Kohan<br \/>\nMg. Lic. Susana Beatriz Mercau<br \/>\nMg. Lic. Mar\u00eda de los \u00c1ngeles Ju\u00e1rez<br \/>\nMg. Lic. Adriana In\u00e9s P\u00e9rez de Villafa\u00f1e<br \/>\nMg. Lic. Christine Adriane Isgro de Fourmantin<br \/>\nMg. Lic. Luciana P\u00e9rez Zamora de Nahas<br \/>\nMg. Lic. Marta Susana Golbach<br \/>\nIng. Juan Antonio Renaudo<br \/>\nEsp. Lic. Graciela Abraham de Ju\u00e1rez<\/p>\n","protected":false},"excerpt":{"rendered":"<p>Presidente Mg. Lic. Mar\u00eda Ang\u00e9lica P\u00e9rez de del Negro Secretaria General Mg. Lic. Elsa Rodriguez Areal de Torino Tesorera CPN Elisa De Rosa Protesorera Esp. Lic. Marta In\u00e9s Marcilla COMISI\u00d3N ACAD\u00c9MICA Mg. Lic. Mar\u00eda Ang\u00e9lica P\u00e9rez de del Negro Mg. Lic. Margarita Veliz de Assaf Lic. F\u00e1tima Gatti Mg. Lic. Elsa Rodriguez Areal de Torino [&hellip;]<\/p>\n","protected":false},"author":1,"featured_media":0,"parent":0,"menu_order":0,"comment_status":"closed","ping_status":"closed","template":"","meta":{"footnotes":""},"_links":{"self":[{"href":"https:\/\/face.unt.edu.ar\/web\/xxxiiijnm\/wp-json\/wp\/v2\/pages\/32"}],"collection":[{"href":"https:\/\/face.unt.edu.ar\/web\/xxxiiijnm\/wp-json\/wp\/v2\/pages"}],"about":[{"href":"https:\/\/face.unt.edu.ar\/web\/xxxiiijnm\/wp-json\/wp\/v2\/types\/page"}],"author":[{"embeddable":true,"href":"https:\/\/face.unt.edu.ar\/web\/xxxiiijnm\/wp-json\/wp\/v2\/users\/1"}],"replies":[{"embeddable":true,"href":"https:\/\/face.unt.edu.ar\/web\/xxxiiijnm\/wp-json\/wp\/v2\/comments?post=32"}],"version-history":[{"count":7,"href":"https:\/\/face.unt.edu.ar\/web\/xxxiiijnm\/wp-json\/wp\/v2\/pages\/32\/revisions"}],"predecessor-version":[{"id":56,"href":"https:\/\/face.unt.edu.ar\/web\/xxxiiijnm\/wp-json\/wp\/v2\/pages\/32\/revisions\/56"}],"wp:attachment":[{"href":"https:\/\/face.unt.edu.ar\/web\/xxxiiijnm\/wp-json\/wp\/v2\/media?parent=32"}],"curies":[{"name":"wp","href":"https:\/\/api.w.org\/{rel}","templated":true}]}}