{"id":4,"date":"2018-05-11T18:46:13","date_gmt":"2018-05-11T18:46:13","guid":{"rendered":"http:\/\/face.unt.edu.ar\/web\/xxxiiijnm\/?page_id=4"},"modified":"2019-03-05T21:39:10","modified_gmt":"2019-03-05T21:39:10","slug":"pagina-principal","status":"publish","type":"page","link":"https:\/\/face.unt.edu.ar\/web\/xxxiiijnm\/","title":{"rendered":"Pagina Principal"},"content":{"rendered":"<p>[vc_row css=\u00bb.vc_custom_1526925562387{margin-top: -60px !important;}\u00bb][vc_column][rev_slider_vc alias=\u00bbinicio\u00bb][\/vc_column][\/vc_row][vc_row][vc_column width=\u00bb2\/3&#8243;]<div class=\"td_block_wrap td_block_big_grid_5 td_uid_1_69d4d44ad867d_rand td-grid-style-1 td-hover-1 td-pb-border-top\"  data-td-block-uid=\"td_uid_1_69d4d44ad867d\" ><div id=td_uid_1_69d4d44ad867d class=\"td_block_inner\"><div class=\"td-big-grid-wrapper\">\r\n        <div class=\"td_module_mx12 td-animation-stack td-big-grid-post-0 td-big-grid-post td-small-thumb\">\r\n            <div class=\"td-module-thumb\"><a href=\"https:\/\/face.unt.edu.ar\/web\/xxxiiijnm\/188-2\/\" rel=\"bookmark\" title=\"Libro de Actas XXXIII JNM\"><img width=\"184\" height=\"207\" class=\"entry-thumb\" src=\"https:\/\/face.unt.edu.ar\/web\/xxxiiijnm\/wp-content\/uploads\/sites\/18\/2018\/05\/logo.png\" alt=\"\" title=\"Libro de Actas XXXIII JNM\"\/><\/a><\/div>            <div class=\"td-meta-info-container\">\r\n                <div class=\"td-meta-align\">\r\n                    <div class=\"td-big-grid-meta\">\r\n                                                <h3 class=\"entry-title td-module-title\"><a href=\"https:\/\/face.unt.edu.ar\/web\/xxxiiijnm\/188-2\/\" rel=\"bookmark\" title=\"Libro de Actas XXXIII JNM\">Libro de Actas XXXIII JNM<\/a><\/h3>                    <\/div>\r\n                    <div class=\"td-module-meta-info\">\r\n                                                                    <\/div>\r\n                <\/div>\r\n            <\/div>\r\n\r\n        <\/div>\r\n\r\n        \r\n        <div class=\"td_module_mx12 td-animation-stack td-big-grid-post-1 td-big-grid-post td-small-thumb\">\r\n            <div class=\"td-module-thumb\"><a href=\"https:\/\/face.unt.edu.ar\/web\/xxxiiijnm\/sobre-certificados-de-asistencia-y-exposicion-de-trabajos\/\" rel=\"bookmark\" title=\"Sobre Certificados de asistencia y exposici\u00f3n de trabajos\"><img width=\"356\" height=\"220\" class=\"entry-thumb\" src=\"https:\/\/face.unt.edu.ar\/web\/xxxiiijnm\/wp-content\/uploads\/sites\/18\/2018\/09\/TUCUMAN-356x220.jpg\" alt=\"\" title=\"Sobre Certificados de asistencia y exposici\u00f3n de trabajos\"\/><\/a><\/div>            <div class=\"td-meta-info-container\">\r\n                <div class=\"td-meta-align\">\r\n                    <div class=\"td-big-grid-meta\">\r\n                                                <h3 class=\"entry-title td-module-title\"><a href=\"https:\/\/face.unt.edu.ar\/web\/xxxiiijnm\/sobre-certificados-de-asistencia-y-exposicion-de-trabajos\/\" rel=\"bookmark\" title=\"Sobre Certificados de asistencia y exposici\u00f3n de trabajos\">Sobre Certificados de asistencia y exposici\u00f3n de trabajos<\/a><\/h3>                    <\/div>\r\n                    <div class=\"td-module-meta-info\">\r\n                                                                    <\/div>\r\n                <\/div>\r\n            <\/div>\r\n\r\n        <\/div>\r\n\r\n        \r\n        <div class=\"td_module_mx12 td-animation-stack td-big-grid-post-2 td-big-grid-post td-small-thumb\">\r\n            <div class=\"td-module-thumb\"><a href=\"https:\/\/face.unt.edu.ar\/web\/xxxiiijnm\/publicacion-de-trabajos\/\" rel=\"bookmark\" title=\"Publicaci\u00f3n de Trabajos\"><img width=\"356\" height=\"220\" class=\"entry-thumb\" src=\"https:\/\/face.unt.edu.ar\/web\/xxxiiijnm\/wp-content\/uploads\/sites\/18\/2018\/09\/CIUDAD-DE-QUILMES-TUCUMAN-356x220.jpg\" alt=\"\" title=\"Publicaci\u00f3n de Trabajos\"\/><\/a><\/div>            <div class=\"td-meta-info-container\">\r\n                <div class=\"td-meta-align\">\r\n                    <div class=\"td-big-grid-meta\">\r\n                                                <h3 class=\"entry-title td-module-title\"><a href=\"https:\/\/face.unt.edu.ar\/web\/xxxiiijnm\/publicacion-de-trabajos\/\" rel=\"bookmark\" title=\"Publicaci\u00f3n de Trabajos\">Publicaci\u00f3n de Trabajos<\/a><\/h3>                    <\/div>\r\n                    <div class=\"td-module-meta-info\">\r\n                                                                    <\/div>\r\n                <\/div>\r\n            <\/div>\r\n\r\n        <\/div>\r\n\r\n        <\/div><div class=\"clearfix\"><\/div><\/div><\/div> <!-- .\/block -->[vc_column_text]<\/p>\n<p style=\"text-align: center\">La\u00a0 \u00a0<strong>Asociaci\u00f3n\u00a0 \u00a0Civil\u00a0 de\u00a0 \u00a0Docentes\u00a0 \u00a0de\u00a0 Matem\u00e1tica\u00a0 \u00a0de\u00a0 Facultades\u00a0 de\u00a0 Ciencias Econ\u00f3micas y Afines<\/strong>\u00a0surgi\u00f3 hace ya 33 a\u00f1os como materializaci\u00f3n del sue\u00f1o de un grupo de docentes\u00a0 de la\u00a0 Universidad\u00a0 Nacional de Rosario,\u00a0 quienes\u00a0 sintieron la necesidad de un espacio para tomar contacto, intercambiar ideas y metodolog\u00edas, actualizarse en contenidos y capacitarse,\u00a0 todo esto\u00a0 en lo relativo a las aplicaciones espec\u00edficas de la matem\u00e1tica en el \u00e1rea econ\u00f3mica y administrativa.<\/p>\n<p style=\"text-align: center\">En esa oportunidad\u00a0 se\u00a0 realizaron en Rosario las <strong>I Jornadas Nacionales de Docentes de Matem\u00e1tica\u00a0 de\u00a0 Facultades\u00a0 de\u00a0 Ciencias\u00a0 Econ\u00f3micas\u00a0 y\u00a0 Afines<\/strong>.\u00a0 El\u00a0 sue\u00f1o se estaba convirtiendo en realidad, y cada a\u00f1o se segu\u00edan sumando m\u00e1s universidades a aquel primer grupo\u00a0 que\u00a0 en\u00a0 el\u00a0 a\u00f1o 1986\u00a0 dio\u00a0 el puntapi\u00e9\u00a0 inicial\u00a0 para\u00a0 estos\u00a0 eventos\u00a0 que\u00a0 al pasar de los\u00a0 a\u00f1os\u00a0 se han ido enriqueciendo\u00a0 con la\u00a0 incorporaci\u00f3n\u00a0 de nuevos\u00a0 miembros, incluso de fuera\u00a0 de\u00a0 nuestro pa\u00eds,\u00a0 como\u00a0 as\u00ed\u00a0 tambi\u00e9n\u00a0 en\u00a0 el\u00a0 aspecto\u00a0 acad\u00e9mico,\u00a0 permitiendo\u00a0 a los asistentes capacitarse en diferentes \u00e1reas de la matem\u00e1tica, en la metodolog\u00eda de la misma y tambi\u00e9n\u00a0 en\u00a0 los\u00a0 avances\u00a0 tecnol\u00f3gicos\u00a0 que\u00a0 pueden ser utilizados en la ense\u00f1anza. Es la oportunidad\u00a0 \u00a0en\u00a0 que\u00a0 podemos\u00a0 compartir\u00a0 tambi\u00e9n\u00a0 nuestros\u00a0 avances\u00a0 en\u00a0 el\u00a0 \u00e1rea\u00a0 de\u00a0 la investigaci\u00f3n,\u00a0 los resultados\u00a0 de\u00a0 las\u00a0 innovaciones\u00a0 pedag\u00f3gicas aplicadas durante el a\u00f1o y diferentes\u00a0 \u00a0experiencias\u00a0 de\u00a0 c\u00e1tedra,\u00a0 todo\u00a0 en\u00a0 las\u00a0 tem\u00e1ticas\u00a0 de\u00a0 Educaci\u00f3n\u00a0 Matem\u00e1tica, Estad\u00edstica y Matem\u00e1tica aplicada.<\/p>\n<p style=\"text-align: center\">Este a\u00f1o es la<strong> Universidad Nacional de Tucum\u00e1n<\/strong> quien asumi\u00f3 el reto y los docentes de esta\u00a0 casa\u00a0 con\u00a0 gran\u00a0 dedicaci\u00f3n\u00a0 preparan\u00a0 todo\u00a0 para\u00a0 recibir\u00a0 a\u00a0 los\u00a0 participantes que, en octubre,\u00a0 \u00a0estaremos\u00a0 llegando\u00a0 a\u00a0 San\u00a0 Miguel\u00a0 para\u00a0 revivir\u00a0 ese\u00a0 primer\u00a0 sue\u00f1o.\u00a0 Desde\u00a0 la Asociaci\u00f3n\u00a0 extendemos\u00a0 una\u00a0 cordial invitaci\u00f3n a todos los miembros y colegas que deseen sumarse. Nos vemos en octubre!!!!!<\/p>\n<p style=\"text-align: center\"><strong>Mag. Silvia In\u00e9s Padr\u00f3<\/strong><br \/>\n<strong>Presidente<\/strong><\/p>\n<p style=\"text-align: center\"><strong>Asociaci\u00f3n Civil de Docentes de <\/strong><br \/>\n<strong>Matem\u00e1tica de Facultades de Ciencias Econ\u00f3micas y Afines<\/strong><\/p>\n<p>[\/vc_column_text][\/vc_column][vc_column width=\u00bb1\/3&#8243;][vc_column_text]<\/p>\n<h2>Comunicaciones<\/h2>\n<ul>\n<li><a href=\"https:\/\/drive.google.com\/open?id=0BwZE7DzLP04YSHg5d29WbTkwNE5jaGZuSW1FNWZOcXJ0VTI4\"><strong>Libro de Actas XXXIII Jornadas Nacionales de Docentes de Matem\u00e1tica de Facultades de Ciencias Econ\u00f3micas y Afines\u00a0\u00a0<\/strong><\/a><\/li>\n<\/ul>\n<p>&nbsp;<\/p>\n<ul>\n<li><a href=\"http:\/\/face.unt.edu.ar\/web\/xxxiiijnm\/wp-content\/uploads\/sites\/18\/2018\/08\/5\u00ba-Comunicaci\u00f3n-2018.pdf\">5\u00ba Comunicaci\u00f3n 2018<\/a><\/li>\n<li><a href=\"http:\/\/face.unt.edu.ar\/web\/xxxiiijnm\/wp-content\/uploads\/sites\/18\/2018\/08\/4\u00ba-Comunicaci\u00f3n-2018.pdf\">4\u00ba Comunicaci\u00f3n 2018<\/a><\/li>\n<li><a href=\"http:\/\/face.unt.edu.ar\/web\/xxxiiijnm\/wp-content\/uploads\/sites\/18\/2018\/07\/3\u00ba-Comunicacio\u0301n-2018.pdf\">3\u00ba Comunicacio\u0301n 2018<\/a><\/li>\n<li><a href=\"http:\/\/face.unt.edu.ar\/web\/xxxiiijnm\/wp-content\/uploads\/sites\/18\/2018\/06\/2\u00ba-Comunicaci\u00f3n-2018.pdf\">2\u00ba Comunicaci\u00f3n 2018<\/a><\/li>\n<li><a href=\"http:\/\/face.unt.edu.ar\/web\/xxxiiijnm\/comunicacion-n1\/\">1\u00ba Comunicaci\u00f3n 2018<\/a><\/li>\n<\/ul>\n<p>[\/vc_column_text][\/vc_column][\/vc_row]<\/p>\n","protected":false},"excerpt":{"rendered":"<p>[vc_row css=\u00bb.vc_custom_1526925562387{margin-top: -60px !important;}\u00bb][vc_column][rev_slider_vc alias=\u00bbinicio\u00bb][\/vc_column][\/vc_row][vc_row][vc_column width=\u00bb2\/3&#8243;][vc_column_text] La\u00a0 \u00a0Asociaci\u00f3n\u00a0 \u00a0Civil\u00a0 de\u00a0 \u00a0Docentes\u00a0 \u00a0de\u00a0 Matem\u00e1tica\u00a0 \u00a0de\u00a0 Facultades\u00a0 de\u00a0 Ciencias Econ\u00f3micas y Afines\u00a0surgi\u00f3 hace ya 33 a\u00f1os como materializaci\u00f3n del sue\u00f1o de un grupo de docentes\u00a0 de la\u00a0 Universidad\u00a0 Nacional de Rosario,\u00a0 quienes\u00a0 sintieron la necesidad de un espacio para tomar contacto, intercambiar ideas y metodolog\u00edas, actualizarse en [&hellip;]<\/p>\n","protected":false},"author":1,"featured_media":0,"parent":0,"menu_order":0,"comment_status":"closed","ping_status":"closed","template":"","meta":{"footnotes":""},"_links":{"self":[{"href":"https:\/\/face.unt.edu.ar\/web\/xxxiiijnm\/wp-json\/wp\/v2\/pages\/4"}],"collection":[{"href":"https:\/\/face.unt.edu.ar\/web\/xxxiiijnm\/wp-json\/wp\/v2\/pages"}],"about":[{"href":"https:\/\/face.unt.edu.ar\/web\/xxxiiijnm\/wp-json\/wp\/v2\/types\/page"}],"author":[{"embeddable":true,"href":"https:\/\/face.unt.edu.ar\/web\/xxxiiijnm\/wp-json\/wp\/v2\/users\/1"}],"replies":[{"embeddable":true,"href":"https:\/\/face.unt.edu.ar\/web\/xxxiiijnm\/wp-json\/wp\/v2\/comments?post=4"}],"version-history":[{"count":23,"href":"https:\/\/face.unt.edu.ar\/web\/xxxiiijnm\/wp-json\/wp\/v2\/pages\/4\/revisions"}],"predecessor-version":[{"id":191,"href":"https:\/\/face.unt.edu.ar\/web\/xxxiiijnm\/wp-json\/wp\/v2\/pages\/4\/revisions\/191"}],"wp:attachment":[{"href":"https:\/\/face.unt.edu.ar\/web\/xxxiiijnm\/wp-json\/wp\/v2\/media?parent=4"}],"curies":[{"name":"wp","href":"https:\/\/api.w.org\/{rel}","templated":true}]}}